{"id":50232,"date":"2019-10-30T18:34:46","date_gmt":"2019-10-30T18:34:46","guid":{"rendered":"http:\/\/phil.ca\/?page_id=50232"},"modified":"2025-10-06T18:37:07","modified_gmt":"2025-10-06T18:37:07","slug":"kim-fuller","status":"publish","type":"page","link":"https:\/\/phil.ca\/fr\/equipe-old\/kim-fuller\/","title":{"rendered":"Kim Fuller"},"content":{"rendered":"<p>[et_pb_section fb_built=\u00a0\u00bb1&Prime; _builder_version=\u00a0\u00bb4.16&Prime; custom_margin=\u00a0\u00bb80px||80px||false|false\u00a0\u00bb custom_margin_tablet=\u00a0\u00bb20px||20px||true|false\u00a0\u00bb custom_margin_phone=\u00a0\u00bb0px||0px||true|false\u00a0\u00bb custom_margin_last_edited=\u00a0\u00bbon|phone\u00a0\u00bb da_disable_devices=\u00a0\u00bboff|off|off\u00a0\u00bb locked=\u00a0\u00bboff\u00a0\u00bb global_colors_info=\u00a0\u00bb{}\u00a0\u00bb da_is_popup=\u00a0\u00bboff\u00a0\u00bb da_exit_intent=\u00a0\u00bboff\u00a0\u00bb da_has_close=\u00a0\u00bbon\u00a0\u00bb da_alt_close=\u00a0\u00bboff\u00a0\u00bb da_dark_close=\u00a0\u00bboff\u00a0\u00bb da_not_modal=\u00a0\u00bbon\u00a0\u00bb da_is_singular=\u00a0\u00bboff\u00a0\u00bb da_with_loader=\u00a0\u00bboff\u00a0\u00bb da_has_shadow=\u00a0\u00bbon\u00a0\u00bb][et_pb_row column_structure=\u00a0\u00bb1_4,1_2,1_4&Prime; _builder_version=\u00a0\u00bb4.18.0&Prime; max_width=\u00a0\u00bb100%\u00a0\u00bb global_colors_info=\u00a0\u00bb{}\u00a0\u00bb][et_pb_column type=\u00a0\u00bb1_4&Prime; _builder_version=\u00a0\u00bb4.16&Prime; global_colors_info=\u00a0\u00bb{}\u00a0\u00bb][et_pb_image src=\u00a0\u00bbhttps:\/\/phil.ca\/wp-content\/uploads\/Kims-headshot-SS-1.jpg\u00a0\u00bb _builder_version=\u00a0\u00bb4.16&Prime; width=\u00a0\u00bb100%\u00a0\u00bb width_tablet=\u00a0\u00bb40%\u00a0\u00bb width_phone=\u00a0\u00bb100%\u00a0\u00bb width_last_edited=\u00a0\u00bbon|phone\u00a0\u00bb max_width=\u00a0\u00bb350px\u00a0\u00bb module_alignment=\u00a0\u00bbleft\u00a0\u00bb global_colors_info=\u00a0\u00bb{}\u00a0\u00bb][\/et_pb_image][et_pb_text disabled_on=\u00a0\u00bboff|off|off\u00a0\u00bb _builder_version=\u00a0\u00bb4.16&Prime; text_font=\u00a0\u00bb||||||||\u00a0\u00bb text_line_height=\u00a0\u00bb2em\u00a0\u00bb header_font=\u00a0\u00bbNunito Sans|800|||||||\u00a0\u00bb header_text_color=\u00a0\u00bb#212121&Prime; header_line_height=\u00a0\u00bb1.3em\u00a0\u00bb custom_margin=\u00a0\u00bb0px||17px|||\u00a0\u00bb header_font_size_tablet=\u00a0\u00bb30px\u00a0\u00bb header_font_size_phone=\u00a0\u00bb24px\u00a0\u00bb header_font_size_last_edited=\u00a0\u00bbon|desktop\u00a0\u00bb global_colors_info=\u00a0\u00bb{}\u00a0\u00bb]<\/p>\n<h1>Kim Fuller<\/h1>\n<h4>Fondatrice et chef de la direction, elle<\/h4>\n<p>[\/et_pb_text][et_pb_button button_url=\u00a0\u00bbmailto:kim@phil.ca\u00a0\u00bb button_text=\u00a0\u00bbContact Kim\u00a0\u00bb button_alignment=\u00a0\u00bbleft\u00a0\u00bb _builder_version=\u00a0\u00bb4.16&Prime; custom_button=\u00a0\u00bbon\u00a0\u00bb button_text_size=\u00a0\u00bb10px\u00a0\u00bb button_text_color=\u00a0\u00bb#ffffff\u00a0\u00bb button_bg_color=\u00a0\u00bb#007934&Prime; button_border_width=\u00a0\u00bb0px\u00a0\u00bb button_border_radius=\u00a0\u00bb100px\u00a0\u00bb button_letter_spacing=\u00a0\u00bb1px\u00a0\u00bb button_font=\u00a0\u00bbNunito Sans|700||on|||||\u00a0\u00bb button_icon=\u00a0\u00bb&#xe046;||divi||400&Prime; button_on_hover=\u00a0\u00bboff\u00a0\u00bb custom_padding=\u00a0\u00bb14px|58px|14px|40px|true|false\u00a0\u00bb box_shadow_style=\u00a0\u00bbpreset3&Prime; box_shadow_vertical=\u00a0\u00bb30px\u00a0\u00bb box_shadow_blur=\u00a0\u00bb40px\u00a0\u00bb box_shadow_spread=\u00a0\u00bb-16px\u00a0\u00bb box_shadow_color=\u00a0\u00bbrgba(28,165,255,0.24)\u00a0\u00bb locked=\u00a0\u00bboff\u00a0\u00bb global_colors_info=\u00a0\u00bb{}\u00a0\u00bb]<br \/>\n[\/et_pb_button][et_pb_button button_url=\u00a0\u00bb\/fr\/equipe\/\u00a0\u00bb button_text=\u00a0\u00bbRencontrer l&rsquo;\u00e9quipe\u00a0\u00bb button_alignment=\u00a0\u00bbleft\u00a0\u00bb admin_label=\u00a0\u00bbRencontrer l&rsquo;\u00e9quipe\u00a0\u00bb _builder_version=\u00a0\u00bb4.19.4&Prime; custom_button=\u00a0\u00bbon\u00a0\u00bb button_text_size=\u00a0\u00bb10px\u00a0\u00bb button_text_color=\u00a0\u00bb#FFFFFF\u00a0\u00bb button_bg_color=\u00a0\u00bb#007934&Prime; button_border_width=\u00a0\u00bb0px\u00a0\u00bb button_border_radius=\u00a0\u00bb100px\u00a0\u00bb button_letter_spacing=\u00a0\u00bb1px\u00a0\u00bb button_font=\u00a0\u00bbNunito Sans|700||on|||||\u00a0\u00bb button_icon=\u00a0\u00bb&#xe046;||divi||400&Prime; button_on_hover=\u00a0\u00bboff\u00a0\u00bb custom_padding=\u00a0\u00bb14px|58px|14px|40px|true|false\u00a0\u00bb z_index_tablet=\u00a0\u00bb500&Prime; button_text_shadow_horizontal_length_tablet=\u00a0\u00bb0px\u00a0\u00bb button_text_shadow_vertical_length_tablet=\u00a0\u00bb0px\u00a0\u00bb button_text_shadow_blur_strength_tablet=\u00a0\u00bb1px\u00a0\u00bb box_shadow_style=\u00a0\u00bbpreset3&Prime; box_shadow_vertical=\u00a0\u00bb30px\u00a0\u00bb box_shadow_blur=\u00a0\u00bb40px\u00a0\u00bb box_shadow_spread=\u00a0\u00bb-16px\u00a0\u00bb box_shadow_color=\u00a0\u00bbrgba(28,165,255,0.24)\u00a0\u00bb global_module=\u00a0\u00bb50193&Prime; saved_tabs=\u00a0\u00bball\u00a0\u00bb locked=\u00a0\u00bboff\u00a0\u00bb global_colors_info=\u00a0\u00bb{}\u00a0\u00bb][\/et_pb_button][\/et_pb_column][et_pb_column type=\u00a0\u00bb1_2&Prime; _builder_version=\u00a0\u00bb4.16&Prime; global_colors_info=\u00a0\u00bb{}\u00a0\u00bb][et_pb_text admin_label=\u00a0\u00bbText\u00a0\u00bb _builder_version=\u00a0\u00bb4.16&Prime; text_font=\u00a0\u00bb||||||||\u00a0\u00bb text_line_height=\u00a0\u00bb2em\u00a0\u00bb header_font=\u00a0\u00bbNunito Sans|900|||||||\u00a0\u00bb header_text_color=\u00a0\u00bb#007934&Prime; header_font_size=\u00a0\u00bb36px\u00a0\u00bb header_line_height=\u00a0\u00bb0.9em\u00a0\u00bb header_3_font=\u00a0\u00bbNunito Sans|800|||||||\u00a0\u00bb header_3_text_color=\u00a0\u00bb#212121&Prime; custom_margin=\u00a0\u00bb||28px|||\u00a0\u00bb header_font_size_tablet=\u00a0\u00bb36px\u00a0\u00bb header_font_size_phone=\u00a0\u00bb28px\u00a0\u00bb header_font_size_last_edited=\u00a0\u00bbon|phone\u00a0\u00bb locked=\u00a0\u00bboff\u00a0\u00bb global_colors_info=\u00a0\u00bb{}\u00a0\u00bb]<\/p>\n<h1>Avec son expertise en marketing social et en collecte de fonds, Kim joue depuis plus de 25 ans un r\u00f4le pr\u00e9pond\u00e9rant dans la valorisation des causes d\u2019organismes locaux, nationaux et internationaux.<\/h1>\n<p>[\/et_pb_text][et_pb_text _builder_version=\u00a0\u00bb4.16&Prime; text_font=\u00a0\u00bb|300|||||||\u00a0\u00bb text_font_size=\u00a0\u00bb18px\u00a0\u00bb header_font=\u00a0\u00bbPoppins|600|||||||\u00a0\u00bb header_font_size=\u00a0\u00bb40px\u00a0\u00bb header_line_height=\u00a0\u00bb1.3em\u00a0\u00bb text_font_size_tablet=\u00a0\u00bb16px\u00a0\u00bb text_font_size_phone=\u00a0\u00bb16px\u00a0\u00bb text_font_size_last_edited=\u00a0\u00bbon|phone\u00a0\u00bb locked=\u00a0\u00bboff\u00a0\u00bb global_colors_info=\u00a0\u00bb{}\u00a0\u00bb]<\/p>\n<p>Elle a l\u2019art de r\u00e9duire \u00e0 l\u2019essentiel les probl\u00e8mes les plus complexes et de proposer des strat\u00e9gies limpides pour simplifier chaque \u00e9tape menant \u00e0 la r\u00e9ussite. Tout en assurant la croissance de son entreprise certifi\u00e9e B Corp, elle transmet r\u00e9solument ses valeurs profondes d\u2019\u00e9quit\u00e9 et de collaboration. D\u00e9termin\u00e9e \u00e0 d\u00e9passer nos objectifs collectifs, Kim mobilise sa cr\u00e9ativit\u00e9 et sa vivacit\u00e9 d\u2019esprit pour atteindre les plus hauts standards d\u2019excellence.<\/p>\n<p>\u00c9lev\u00e9e par deux entrepreneurs ayant fait carri\u00e8re en publicit\u00e9, Kim a su d\u00e8s son plus jeune \u00e2ge qu\u2019elle voulait suivre la trace de ses parents. Mais c\u2019est en travaillant comme graphiste ind\u00e9pendante pour des organismes de bienfaisance qu\u2019elle a entendu l\u2019appel du secteur social et d\u00e9cid\u00e9 d\u2019agir pour am\u00e9liorer l\u2019impact de ces organisations. Quand elle a fond\u00e9 Phil, elle utilisait toutes les occasions d\u2019apprendre de nouvelles connaissances. Sa curiosit\u00e9 insatiable a aliment\u00e9 son d\u00e9sir de b\u00e2tir une entreprise qui change la vie des gens et lui a permis de faire face aux difficult\u00e9s qui viennent avec le d\u00e9marrage d\u2019une organisation. Elle dit d\u2019ailleurs souvent que sa plus grande source d\u2019inspiration sont les clients qui pers\u00e9v\u00e8rent malgr\u00e9 des obstacles qui semblent insurmontables, motiv\u00e9s par la force de leur mission sociale. Aujourd\u2019hui, Kim dirige une \u00e9quipe de professionnels d\u00e9vou\u00e9s offrant un ensemble complet de services qui r\u00e9pondent \u00e0 tous les besoins des organisations \u0153uvrant dans le secteur philanthropique.<\/p>\n<p>Kim profite de longues promenades dans la nature avec Cayenne, le chien Mira dont elle prend soin avec sa famille, pour maintenir l\u2019\u00e9quilibre parfait qu\u2019il lui faut pour diriger avec d\u00e9termination les activit\u00e9s de Phil.<\/p>\n<p>Kim a gagn\u00e9 le prix\u00a0<a href=\"https:\/\/www.phil.ca\/fr\/kim-gagne-le-prix-entrepreneure-sociale-de-lannee\/\">Artistri Sud Entrepreneure sociale de l\u2019ann\u00e9e 2018<\/a>\u00a0et la\u00a0<a href=\"https:\/\/www.gg.ca\/fr\/distinctions\/distinctions-canadiennes\/medaille-du-souverain-pour-les-benevoles\" target=\"_blank\" rel=\"noopener noreferrer\">M\u00e9daille du Souverain pour les b\u00e9n\u00e9voles<\/a>.<\/p>\n<p>Son action b\u00e9n\u00e9vole comprend :<\/p>\n<ul>\n<li>Ancienne pr\u00e9sidente du CA de\u00a0<a href=\"http:\/\/www.concordia.ca\/alumni-giving\/\" target=\"_blank\" rel=\"noopener noreferrer\">l\u2019association des dipl\u00f4m\u00e9s de Concordia<\/a><\/li>\n<li>Fondatrice du groupe civique pour <a href=\"http:\/\/iciondonne.ca\/\" target=\"_blank\" rel=\"noopener noreferrer\">Mardi je Donne Qu\u00e9bec (#iciondonne)<\/a><\/li>\n<li>Leader du groupe d\u2019action\u00a0<a href=\"https:\/\/wethechange.net\/\" target=\"_blank\" rel=\"noopener noreferrer\">#WeTheChange<\/a>\u00a0Canada (communaut\u00e9 de femmes PDG B-Corp)<\/li>\n<li>Activatrice <a href=\"https:\/\/sheeo.world\/\" target=\"_blank\" rel=\"noopener noreferrer\">Coralus (She-EO)<\/a><\/li>\n<li>Mod\u00e9ratrice pour le <a href=\"https:\/\/www.canada.ca\/fr\/agence-revenu\/programmes\/a-propos-agence-revenu-canada-arc\/rapports-information-entreprise\/comite-consultatif-secteur-bienfaisance.html\">Comit\u00e9 consultatif sur le secteur de la bienfaisance<\/a><\/li>\n<li>Judge au JMSB International Case Competition, Universit\u00e9 de Concordia<\/li>\n<li>Auteure d\u2019articles pour\u00a0<a href=\"http:\/\/charityinfo.ca\/\" target=\"_blank\" rel=\"noopener noreferrer\">Gift Planners In Canada (Hillborn)<\/a>\u00a0et\u00a0<a href=\"http:\/\/www.afpnet.org\/\" target=\"_blank\" rel=\"noopener noreferrer\">AFP Canada<\/a><\/li>\n<li>Conf\u00e9renci\u00e8re pour\u00a0<a href=\"http:\/\/www.imaginecanada.ca\/\" target=\"_blank\" rel=\"noopener noreferrer\">Imagine Canada<\/a>, l\u2019universit\u00e9\u00a0<a href=\"http:\/\/mcgill.ca\/\" target=\"_blank\" rel=\"noopener noreferrer\">McGill<\/a>, l\u2019universit\u00e9\u00a0<a href=\"http:\/\/concordia.ca\/\" target=\"_blank\" rel=\"noopener noreferrer\">Concordia<\/a>,\u00a0<a href=\"http:\/\/www.umontreal.ca\/\" target=\"_blank\" rel=\"noopener noreferrer\">l\u2019universit\u00e9 de Montr\u00e9al<\/a>,\u00a0<a href=\"http:\/\/www.hec.ca\/\" target=\"_blank\" rel=\"noopener noreferrer\">HEC<\/a>,\u00a0<a href=\"http:\/\/marcom.ca\/\" target=\"_blank\" rel=\"noopener noreferrer\">MARCOM<\/a>, l&rsquo;APGP,\u00a0<a href=\"https:\/\/www.cagp-acpdp.org\/fr\" target=\"_blank\" rel=\"noopener noreferrer\">ACPDP<\/a>,\u00a0<a href=\"http:\/\/www.afpnet.org\/\" target=\"_blank\" rel=\"noopener noreferrer\">AFP<\/a>\u00a0et ateliers en collaboration avec\u00a0<a href=\"https:\/\/www.canadahelps.org\/fr\/\" target=\"_blank\" rel=\"noopener noreferrer\">CanaDon<\/a>.<\/li>\n<li>B\u00e9n\u00e9vole pour la\u00a0<a href=\"http:\/\/www.mira.ca\/\" target=\"_blank\" rel=\"noopener noreferrer\">Fondation Mira<\/a>\u00a0et\u00a0<a href=\"https:\/\/www.facebook.com\/civitasX\/\" target=\"_blank\" rel=\"noopener noreferrer\">CivitasX<\/a><\/li>\n<\/ul>\n<ul><\/ul>\n<p>[\/et_pb_text][et_pb_text _builder_version=\u00a0\u00bb4.16&Prime; _module_preset=\u00a0\u00bbdefault\u00a0\u00bb global_colors_info=\u00a0\u00bb{}\u00a0\u00bb]<\/p>\n<h3>M\u00e9dia<\/h3>\n<p><a href=\"https:\/\/novae.ca\/phil-accompagner-les-obnl-dans-leurs-orientations-a-impact\/\" target=\"_blank\" rel=\"noopener\">Article: Accompagner les OBNL dans leurs orientations \u00e0 impact \u2013 Novae<\/a><\/p>\n<p><a href=\"https:\/\/www.lapresse.ca\/affaires\/2021-03-22\/les-bons-changements-ne-tombent-pas-du-ciel.php\">Article: Les bons changements ne tombent pas du ciel \u2013 La Presse<\/a><\/p>\n<p><a href=\"https:\/\/www.lapresse.ca\/debats\/opinions\/2019-11-24\/le-systeme-philanthropique-est-a-revoir\">Article: Le syst\u00e8me philanthropique est \u00e0 revoir \u2013 La Presse<\/a><\/p>\n<p><a href=\"https:\/\/plus.lapresse.ca\/screens\/5f7cb325-d9e7-4cd7-a04b-9cac7aad6b41__7C___0.html\">Article: Portfolio philanthropie: l\u2019art de rendre des comptes \u2013 La Presse Plus<\/a><\/p>\n<p>\ud83d\udd0a <a href=\"https:\/\/open.spotify.com\/episode\/6syaRriC9PY3jodeMZxomZ?si=X3rCJH_gTdusAu0_OoRF8g\">Entrevue: Le Vertdict<\/a>\u00a0 \u2013 Entrevues informelles avec des experts\/entrepreneurs qu\u00e9b\u00e9cois.es sur les sujets li\u00e9s au ESG (Environnement, Social, Gouvernance) et D\u00e9veloppement Durable.<\/p>\n<p>&nbsp;<\/p>\n<p>\ud83d\udd0a Entrevue: Kim Fuller avec Charlie Rousseau de la radio CKVL 100.1 FM sur WeTheChange et le mouvement B Corp [ 06 avril 2021 ]<\/p>\n<audio class=\"wp-audio-shortcode\" id=\"audio-50232-1\" preload=\"none\" style=\"width: 100%;\" controls=\"controls\"><source type=\"audio\/mpeg\" src=\"https:\/\/phil.ca\/wp-content\/uploads\/Entrevue-kim-fuller-AUJOURDHUI.mp3?_=1\" \/><a href=\"https:\/\/phil.ca\/wp-content\/uploads\/Entrevue-kim-fuller-AUJOURDHUI.mp3\">https:\/\/phil.ca\/wp-content\/uploads\/Entrevue-kim-fuller-AUJOURDHUI.mp3<\/a><\/audio>\n<p>&nbsp;<\/p>\n<p>[\/et_pb_text][et_pb_code _builder_version=\u00a0\u00bb4.19.4&Prime; global_colors_info=\u00a0\u00bb{}\u00a0\u00bb]<script type=\"application\/ld+json\"><!-- [et_pb_line_break_holder] -->    {<!-- [et_pb_line_break_holder] -->      \"@context\": \"http:\/\/schema.org\",<!-- [et_pb_line_break_holder] -->      \"@type\": \"Person\",<!-- [et_pb_line_break_holder] -->      \"address\": {<!-- [et_pb_line_break_holder] -->        \"@type\": \"PostalAddress\",<!-- [et_pb_line_break_holder] -->        \"addressLocality\": \"Montreal\",<!-- [et_pb_line_break_holder] -->        \"addressRegion\": \"QC\",<!-- [et_pb_line_break_holder] -->      },<!-- [et_pb_line_break_holder] -->      \"colleague\": [<!-- [et_pb_line_break_holder] -->        \"https:\/\/phil.ca\/team\/kim-fuller\/\"<!-- [et_pb_line_break_holder] -->      ],<!-- [et_pb_line_break_holder] -->      \"email\": \"kim@phil.ca\",<!-- [et_pb_line_break_holder] -->      \"image\": \"https:\/\/phil.ca\/wp-content\/uploads\/Kim.jpg\",<!-- [et_pb_line_break_holder] -->      \"jobTitle\": \"Content Conjurer\",<!-- [et_pb_line_break_holder] -->      \"name\": \"Kim Fuller\",<!-- [et_pb_line_break_holder] -->      \"alumniOf\": \"Concordia University\",<!-- [et_pb_line_break_holder] -->      \"birthPlace\": \"Montreal, QC\",<!-- [et_pb_line_break_holder] -->      \"gender\": \"female\",<!-- [et_pb_line_break_holder] -->      \"nationality\": \"Canadian\",<!-- [et_pb_line_break_holder] -->      \"telephone\": \"514.932.0314 x21\",<!-- [et_pb_line_break_holder] -->      \"url\": \"https:\/\/phil.ca\/team\/kim-fuller\/\",<!-- [et_pb_line_break_holder] -->\t\"sameAs\" : [ \"https:\/\/www.linkedin.com\/in\/kimfuller\/\"]<!-- [et_pb_line_break_holder] -->    }<!-- [et_pb_line_break_holder] -->    <\/script>[\/et_pb_code][\/et_pb_column][et_pb_column type=\u00a0\u00bb1_4&Prime; _builder_version=\u00a0\u00bb4.16&Prime; global_colors_info=\u00a0\u00bb{}\u00a0\u00bb][et_pb_text _builder_version=\u00a0\u00bb4.19.4&Prime; _module_preset=\u00a0\u00bbdefault\u00a0\u00bb custom_margin=\u00a0\u00bb||12px|||\u00a0\u00bb global_colors_info=\u00a0\u00bb{}\u00a0\u00bb]<\/p>\n<h3 style=\"text-align: center;\">Un coup d&rsquo;\u0153il dans la vie de Kim<\/h3>\n<p>[\/et_pb_text][et_pb_divider color=\u00a0\u00bb#007934&Prime; divider_weight=\u00a0\u00bb2px\u00a0\u00bb disabled_on=\u00a0\u00bboff|off|off\u00a0\u00bb _builder_version=\u00a0\u00bb4.19.4&Prime; max_width=\u00a0\u00bb70%\u00a0\u00bb module_alignment=\u00a0\u00bbcenter\u00a0\u00bb custom_margin=\u00a0\u00bb||10px||false|false\u00a0\u00bb locked=\u00a0\u00bboff\u00a0\u00bb global_colors_info=\u00a0\u00bb{}\u00a0\u00bb][\/et_pb_divider][et_pb_text disabled_on=\u00a0\u00bboff|off|off\u00a0\u00bb _builder_version=\u00a0\u00bb4.19.4&Prime; text_font=\u00a0\u00bb||||||||\u00a0\u00bb text_line_height=\u00a0\u00bb2em\u00a0\u00bb header_font=\u00a0\u00bbNunito Sans|800|||||||\u00a0\u00bb header_text_color=\u00a0\u00bb#212121&Prime; header_line_height=\u00a0\u00bb1.3em\u00a0\u00bb header_5_text_color=\u00a0\u00bb#000000&Prime; header_5_line_height=\u00a0\u00bb1.4em\u00a0\u00bb custom_margin=\u00a0\u00bb0px||35px|||\u00a0\u00bb header_font_size_tablet=\u00a0\u00bb30px\u00a0\u00bb header_font_size_phone=\u00a0\u00bb24px\u00a0\u00bb header_font_size_last_edited=\u00a0\u00bbon|desktop\u00a0\u00bb global_colors_info=\u00a0\u00bb{}\u00a0\u00bb][\/et_pb_text][et_pb_image src=\u00a0\u00bbhttps:\/\/phil.ca\/wp-content\/uploads\/Kim-personal-images-1.jpg\u00a0\u00bb title_text=\u00a0\u00bbKim personal images-1&Prime; _builder_version=\u00a0\u00bb4.19.4&Prime; _module_preset=\u00a0\u00bbdefault\u00a0\u00bb global_colors_info=\u00a0\u00bb{}\u00a0\u00bb][\/et_pb_image][et_pb_image src=\u00a0\u00bbhttps:\/\/phil.ca\/wp-content\/uploads\/Kim-personal-images-2.jpg\u00a0\u00bb title_text=\u00a0\u00bbKim personal images-2&Prime; _builder_version=\u00a0\u00bb4.19.4&Prime; _module_preset=\u00a0\u00bbdefault\u00a0\u00bb global_colors_info=\u00a0\u00bb{}\u00a0\u00bb][\/et_pb_image][et_pb_image src=\u00a0\u00bbhttps:\/\/phil.ca\/wp-content\/uploads\/Kim-personal-images-3.jpg\u00a0\u00bb title_text=\u00a0\u00bbKim personal images-3&Prime; _builder_version=\u00a0\u00bb4.19.4&Prime; _module_preset=\u00a0\u00bbdefault\u00a0\u00bb global_colors_info=\u00a0\u00bb{}\u00a0\u00bb][\/et_pb_image][\/et_pb_column][\/et_pb_row][\/et_pb_section]<\/p>\n","protected":false},"excerpt":{"rendered":"<p>Kim Fuller Fondatrice et chef de la direction, elle Avec son expertise en marketing social et en collecte de fonds, Kim joue depuis plus de 25 ans un r\u00f4le pr\u00e9pond\u00e9rant dans la valorisation des causes d\u2019organismes locaux, nationaux et internationaux.Elle a l\u2019art de r\u00e9duire \u00e0 l\u2019essentiel les probl\u00e8mes les plus complexes et de proposer des strat\u00e9gies limpides pour simplifier chaque \u00e9tape menant \u00e0 la r\u00e9ussite. Tout en assurant la croissance de son entreprise certifi\u00e9e B Corp, elle transmet r\u00e9solument ses valeurs profondes d\u2019\u00e9quit\u00e9 et de collaboration. D\u00e9termin\u00e9e \u00e0 d\u00e9passer nos objectifs collectifs, Kim mobilise sa cr\u00e9ativit\u00e9 et sa vivacit\u00e9 d\u2019esprit pour atteindre les plus hauts standards d\u2019excellence. \u00c9lev\u00e9e par deux entrepreneurs ayant fait carri\u00e8re en publicit\u00e9, Kim a su d\u00e8s son plus jeune \u00e2ge qu\u2019elle voulait suivre la trace de ses parents. Mais c\u2019est en travaillant comme graphiste ind\u00e9pendante pour des organismes de bienfaisance qu\u2019elle a entendu l\u2019appel du secteur social et d\u00e9cid\u00e9 d\u2019agir pour am\u00e9liorer l\u2019impact de ces organisations. Quand elle a fond\u00e9 Phil, elle utilisait toutes les occasions d\u2019apprendre de nouvelles connaissances. Sa curiosit\u00e9 insatiable a aliment\u00e9 son d\u00e9sir de b\u00e2tir une entreprise qui change la vie des gens et lui a permis de faire face aux difficult\u00e9s qui viennent avec le d\u00e9marrage d\u2019une organisation. Elle dit d\u2019ailleurs souvent que sa plus grande source d\u2019inspiration sont les clients qui pers\u00e9v\u00e8rent malgr\u00e9 des obstacles qui semblent insurmontables, motiv\u00e9s par la force de leur mission sociale. Aujourd\u2019hui, Kim dirige une \u00e9quipe de professionnels d\u00e9vou\u00e9s offrant un ensemble complet de services qui r\u00e9pondent \u00e0 tous les besoins des organisations \u0153uvrant dans le secteur philanthropique. Kim profite de longues promenades dans la nature avec Cayenne, le chien Mira dont elle prend soin avec sa famille, pour maintenir l\u2019\u00e9quilibre parfait qu\u2019il lui faut pour diriger avec d\u00e9termination les activit\u00e9s de Phil. Kim a gagn\u00e9 le prix\u00a0Artistri Sud Entrepreneure sociale de l\u2019ann\u00e9e 2018\u00a0et la\u00a0M\u00e9daille du Souverain pour les b\u00e9n\u00e9voles. Son action b\u00e9n\u00e9vole comprend : Ancienne pr\u00e9sidente du CA de\u00a0l\u2019association des dipl\u00f4m\u00e9s de Concordia Fondatrice du groupe civique pour Mardi je Donne Qu\u00e9bec (#iciondonne) Leader du groupe d\u2019action\u00a0#WeTheChange\u00a0Canada (communaut\u00e9 de femmes PDG B-Corp) Activatrice Coralus (She-EO) Mod\u00e9ratrice pour le Comit\u00e9 consultatif sur le secteur de la bienfaisance Judge au JMSB International Case Competition, Universit\u00e9 de Concordia Auteure d\u2019articles pour\u00a0Gift Planners In Canada (Hillborn)\u00a0et\u00a0AFP Canada Conf\u00e9renci\u00e8re pour\u00a0Imagine Canada, l\u2019universit\u00e9\u00a0McGill, l\u2019universit\u00e9\u00a0Concordia,\u00a0l\u2019universit\u00e9 de Montr\u00e9al,\u00a0HEC,\u00a0MARCOM, l&rsquo;APGP,\u00a0ACPDP,\u00a0AFP\u00a0et ateliers en collaboration avec\u00a0CanaDon. B\u00e9n\u00e9vole pour la\u00a0Fondation Mira\u00a0et\u00a0CivitasX M\u00e9dia Article: Accompagner les OBNL dans leurs orientations \u00e0 impact \u2013 Novae Article: Les bons changements ne tombent pas du ciel \u2013 La Presse Article: Le syst\u00e8me philanthropique est \u00e0 revoir \u2013 La Presse Article: Portfolio philanthropie: l\u2019art de rendre des comptes \u2013 La Presse Plus \ud83d\udd0a Entrevue: Le Vertdict\u00a0 \u2013 Entrevues informelles avec des experts\/entrepreneurs qu\u00e9b\u00e9cois.es sur les sujets li\u00e9s au ESG (Environnement, Social, Gouvernance) et D\u00e9veloppement Durable. &nbsp; \ud83d\udd0a Entrevue: Kim Fuller avec Charlie Rousseau de la radio CKVL 100.1 FM sur WeTheChange et le mouvement B Corp [ 06 avril 2021 ] &nbsp;Un coup d&rsquo;\u0153il dans la vie de Kim<\/p>\n","protected":false},"author":5,"featured_media":0,"parent":50618,"menu_order":0,"comment_status":"closed","ping_status":"closed","template":"","meta":{"_et_pb_use_builder":"on","_et_pb_old_content":"","_et_gb_content_width":"","inline_featured_image":false,"footnotes":""},"class_list":["post-50232","page","type-page","status-publish","hentry"],"aioseo_notices":[],"_links":{"self":[{"href":"https:\/\/phil.ca\/fr\/wp-json\/wp\/v2\/pages\/50232","targetHints":{"allow":["GET"]}}],"collection":[{"href":"https:\/\/phil.ca\/fr\/wp-json\/wp\/v2\/pages"}],"about":[{"href":"https:\/\/phil.ca\/fr\/wp-json\/wp\/v2\/types\/page"}],"author":[{"embeddable":true,"href":"https:\/\/phil.ca\/fr\/wp-json\/wp\/v2\/users\/5"}],"replies":[{"embeddable":true,"href":"https:\/\/phil.ca\/fr\/wp-json\/wp\/v2\/comments?post=50232"}],"version-history":[{"count":33,"href":"https:\/\/phil.ca\/fr\/wp-json\/wp\/v2\/pages\/50232\/revisions"}],"predecessor-version":[{"id":63516,"href":"https:\/\/phil.ca\/fr\/wp-json\/wp\/v2\/pages\/50232\/revisions\/63516"}],"up":[{"embeddable":true,"href":"https:\/\/phil.ca\/fr\/wp-json\/wp\/v2\/pages\/50618"}],"wp:attachment":[{"href":"https:\/\/phil.ca\/fr\/wp-json\/wp\/v2\/media?parent=50232"}],"curies":[{"name":"wp","href":"https:\/\/api.w.org\/{rel}","templated":true}]}}