{"id":50245,"date":"2019-10-30T18:42:50","date_gmt":"2019-10-30T18:42:50","guid":{"rendered":"http:\/\/phil.ca\/?page_id=50245"},"modified":"2023-01-10T19:59:37","modified_gmt":"2023-01-10T19:59:37","slug":"rachel-renaud","status":"publish","type":"page","link":"https:\/\/phil.ca\/fr\/equipe-old\/rachel-renaud\/","title":{"rendered":"Rachel Renaud"},"content":{"rendered":"<p>[et_pb_section fb_built=\u00a0\u00bb1&Prime; _builder_version=\u00a0\u00bb4.16&Prime; custom_margin=\u00a0\u00bb80px||80px||false|false\u00a0\u00bb custom_margin_tablet=\u00a0\u00bb20px||20px||true|false\u00a0\u00bb custom_margin_phone=\u00a0\u00bb0px||0px||true|false\u00a0\u00bb custom_margin_last_edited=\u00a0\u00bbon|phone\u00a0\u00bb da_disable_devices=\u00a0\u00bboff|off|off\u00a0\u00bb locked=\u00a0\u00bboff\u00a0\u00bb global_colors_info=\u00a0\u00bb{}\u00a0\u00bb da_is_popup=\u00a0\u00bboff\u00a0\u00bb da_exit_intent=\u00a0\u00bboff\u00a0\u00bb da_has_close=\u00a0\u00bbon\u00a0\u00bb da_alt_close=\u00a0\u00bboff\u00a0\u00bb da_dark_close=\u00a0\u00bboff\u00a0\u00bb da_not_modal=\u00a0\u00bbon\u00a0\u00bb da_is_singular=\u00a0\u00bboff\u00a0\u00bb da_with_loader=\u00a0\u00bboff\u00a0\u00bb da_has_shadow=\u00a0\u00bbon\u00a0\u00bb][et_pb_row column_structure=\u00a0\u00bb1_4,1_2,1_4&Prime; _builder_version=\u00a0\u00bb4.18.0&Prime; max_width=\u00a0\u00bb100%\u00a0\u00bb global_colors_info=\u00a0\u00bb{}\u00a0\u00bb][et_pb_column type=\u00a0\u00bb1_4&Prime; _builder_version=\u00a0\u00bb4.16&Prime; global_colors_info=\u00a0\u00bb{}\u00a0\u00bb][et_pb_image src=\u00a0\u00bbhttps:\/\/phil.ca\/wp-content\/uploads\/Rachel-copy.jpg\u00a0\u00bb _builder_version=\u00a0\u00bb4.16&Prime; width=\u00a0\u00bb100%\u00a0\u00bb width_tablet=\u00a0\u00bb40%\u00a0\u00bb width_phone=\u00a0\u00bb100%\u00a0\u00bb width_last_edited=\u00a0\u00bbon|tablet\u00a0\u00bb max_width=\u00a0\u00bb350px\u00a0\u00bb module_alignment=\u00a0\u00bbleft\u00a0\u00bb global_colors_info=\u00a0\u00bb{}\u00a0\u00bb][\/et_pb_image][et_pb_text disabled_on=\u00a0\u00bboff|off|off\u00a0\u00bb _builder_version=\u00a0\u00bb4.19.4&Prime; text_font=\u00a0\u00bb||||||||\u00a0\u00bb text_line_height=\u00a0\u00bb2em\u00a0\u00bb header_font=\u00a0\u00bbNunito Sans|800|||||||\u00a0\u00bb header_text_color=\u00a0\u00bb#212121&Prime; header_line_height=\u00a0\u00bb1.3em\u00a0\u00bb custom_margin=\u00a0\u00bb0px|||||\u00a0\u00bb hover_enabled=\u00a0\u00bb0&Prime; header_font_size_tablet=\u00a0\u00bb30px\u00a0\u00bb header_font_size_phone=\u00a0\u00bb24px\u00a0\u00bb header_font_size_last_edited=\u00a0\u00bbon|desktop\u00a0\u00bb global_colors_info=\u00a0\u00bb{}\u00a0\u00bb sticky_enabled=\u00a0\u00bb0&Prime;]<\/p>\n<h1>Rachel Renaud<\/h1>\n<p><strong>Strat\u00e9gie et gouvernance, elle<\/strong><\/p>\n<p>[\/et_pb_text][et_pb_button button_url=\u00a0\u00bbmailto:rachel@phil.ca\u00a0\u00bb button_text=\u00a0\u00bbContactez Rachel\u00a0\u00bb button_alignment=\u00a0\u00bbleft\u00a0\u00bb _builder_version=\u00a0\u00bb4.19.4&Prime; custom_button=\u00a0\u00bbon\u00a0\u00bb button_text_size=\u00a0\u00bb10px\u00a0\u00bb button_text_color=\u00a0\u00bb#ffffff\u00a0\u00bb button_bg_color=\u00a0\u00bb#007934&Prime; button_border_width=\u00a0\u00bb0px\u00a0\u00bb button_border_radius=\u00a0\u00bb100px\u00a0\u00bb button_letter_spacing=\u00a0\u00bb1px\u00a0\u00bb button_font=\u00a0\u00bbNunito Sans|700||on|||||\u00a0\u00bb button_icon=\u00a0\u00bb&#xe046;||divi||400&Prime; button_on_hover=\u00a0\u00bboff\u00a0\u00bb custom_padding=\u00a0\u00bb14px|58px|14px|40px|true|false\u00a0\u00bb hover_enabled=\u00a0\u00bb0&Prime; box_shadow_style=\u00a0\u00bbpreset3&Prime; box_shadow_vertical=\u00a0\u00bb30px\u00a0\u00bb box_shadow_blur=\u00a0\u00bb40px\u00a0\u00bb box_shadow_spread=\u00a0\u00bb-16px\u00a0\u00bb box_shadow_color=\u00a0\u00bbrgba(28,165,255,0.24)\u00a0\u00bb locked=\u00a0\u00bboff\u00a0\u00bb global_colors_info=\u00a0\u00bb{}\u00a0\u00bb sticky_enabled=\u00a0\u00bb0&Prime;][\/et_pb_button][et_pb_button button_url=\u00a0\u00bb\/fr\/equipe\/\u00a0\u00bb button_text=\u00a0\u00bbRencontrer l&rsquo;\u00e9quipe\u00a0\u00bb button_alignment=\u00a0\u00bbleft\u00a0\u00bb admin_label=\u00a0\u00bbRencontrer l&rsquo;\u00e9quipe\u00a0\u00bb _builder_version=\u00a0\u00bb4.19.4&Prime; custom_button=\u00a0\u00bbon\u00a0\u00bb button_text_size=\u00a0\u00bb10px\u00a0\u00bb button_text_color=\u00a0\u00bb#FFFFFF\u00a0\u00bb button_bg_color=\u00a0\u00bb#007934&Prime; button_border_width=\u00a0\u00bb0px\u00a0\u00bb button_border_radius=\u00a0\u00bb100px\u00a0\u00bb button_letter_spacing=\u00a0\u00bb1px\u00a0\u00bb button_font=\u00a0\u00bbNunito Sans|700||on|||||\u00a0\u00bb button_icon=\u00a0\u00bb&#xe046;||divi||400&Prime; button_on_hover=\u00a0\u00bboff\u00a0\u00bb custom_padding=\u00a0\u00bb14px|58px|14px|40px|true|false\u00a0\u00bb z_index_tablet=\u00a0\u00bb500&Prime; button_text_shadow_horizontal_length_tablet=\u00a0\u00bb0px\u00a0\u00bb button_text_shadow_vertical_length_tablet=\u00a0\u00bb0px\u00a0\u00bb button_text_shadow_blur_strength_tablet=\u00a0\u00bb1px\u00a0\u00bb box_shadow_style=\u00a0\u00bbpreset3&Prime; box_shadow_vertical=\u00a0\u00bb30px\u00a0\u00bb box_shadow_blur=\u00a0\u00bb40px\u00a0\u00bb box_shadow_spread=\u00a0\u00bb-16px\u00a0\u00bb box_shadow_color=\u00a0\u00bbrgba(28,165,255,0.24)\u00a0\u00bb global_module=\u00a0\u00bb50193&Prime; saved_tabs=\u00a0\u00bball\u00a0\u00bb locked=\u00a0\u00bboff\u00a0\u00bb global_colors_info=\u00a0\u00bb{}\u00a0\u00bb][\/et_pb_button][\/et_pb_column][et_pb_column type=\u00a0\u00bb1_2&Prime; _builder_version=\u00a0\u00bb4.16&Prime; global_colors_info=\u00a0\u00bb{}\u00a0\u00bb][et_pb_text admin_label=\u00a0\u00bbText\u00a0\u00bb _builder_version=\u00a0\u00bb4.19.4&Prime; text_font=\u00a0\u00bb||||||||\u00a0\u00bb text_line_height=\u00a0\u00bb2em\u00a0\u00bb header_font=\u00a0\u00bbNunito Sans|900|||||||\u00a0\u00bb header_text_color=\u00a0\u00bb#007934&Prime; header_font_size=\u00a0\u00bb36px\u00a0\u00bb header_line_height=\u00a0\u00bb0.9em\u00a0\u00bb header_3_font=\u00a0\u00bbNunito Sans|800|||||||\u00a0\u00bb header_3_text_color=\u00a0\u00bb#212121&Prime; custom_margin=\u00a0\u00bb||28px|||\u00a0\u00bb hover_enabled=\u00a0\u00bb0&Prime; header_font_size_tablet=\u00a0\u00bb36px\u00a0\u00bb header_font_size_phone=\u00a0\u00bb28px\u00a0\u00bb header_font_size_last_edited=\u00a0\u00bbon|phone\u00a0\u00bb locked=\u00a0\u00bboff\u00a0\u00bb global_colors_info=\u00a0\u00bb{}\u00a0\u00bb sticky_enabled=\u00a0\u00bb0&Prime;]<\/p>\n<h1>Rachel est une actrice de changement dans les domaines de la justice sociale et des affaires.<\/h1>\n<p>[\/et_pb_text][et_pb_text _builder_version=\u00a0\u00bb4.19.4&Prime; text_font=\u00a0\u00bb|300|||||||\u00a0\u00bb text_font_size=\u00a0\u00bb18px\u00a0\u00bb header_font=\u00a0\u00bbPoppins|600|||||||\u00a0\u00bb header_font_size=\u00a0\u00bb40px\u00a0\u00bb header_line_height=\u00a0\u00bb1.3em\u00a0\u00bb custom_padding=\u00a0\u00bb||0px|||\u00a0\u00bb hover_enabled=\u00a0\u00bb0&Prime; text_font_size_tablet=\u00a0\u00bb16px\u00a0\u00bb text_font_size_phone=\u00a0\u00bb16px\u00a0\u00bb text_font_size_last_edited=\u00a0\u00bbon|phone\u00a0\u00bb locked=\u00a0\u00bboff\u00a0\u00bb global_colors_info=\u00a0\u00bb{}\u00a0\u00bb sticky_enabled=\u00a0\u00bb0&Prime;]<\/p>\n<p>Elle travaille sans rel\u00e2che \u00e0 responsabiliser les individus, les entreprises et les organismes gouvernementaux \u00e0 l\u2019\u00e9gard de leur responsabilit\u00e9 sociale en misant sur la collaboration et en menant par l\u2019exemple. Chez Phil, elle est l\u2019experte en strat\u00e9gie et gouvernance qui donne le courage aux OBNL de se d\u00e9faire de leurs craintes et de passer \u00e0 l\u2019action avec confiance. Rachel sait rendre les gens plus cr\u00e9atifs et les processus plus inclusifs. Sa devise, \u00ab Rassembler les gens pour partager, \u00e9changer et grandir \u00bb, en dit long sur son r\u00f4le de mentor et de coach pour les visionnaires du secteur social.<\/p>\n<p>Apr\u00e8s avoir fait sa marque dans le monde de la finance, elle a dirig\u00e9 la Fondation Roasters, un organisme public national \u00e0 but non lucratif qui adopte une approche entrepreneuriale de la philanthropie. Cette exp\u00e9rience personnelle, jumel\u00e9e aux r\u00f4les importants qu\u2019elle a jou\u00e9s au sein de conseils d\u2019administration et de comit\u00e9s dans les secteurs de l\u2019\u00e9ducation, de la sant\u00e9 et des services sociaux, explique pourquoi elle est une mentore et une consultante recherch\u00e9e. Rachel croit qu\u2019en transmettant un dynamisme entrepreneurial au secteur social, tout est possible.<\/p>\n<p>Rachel aime passer du temps avec sa famille et ses amis et partir \u00e0 l\u2019aventure pour nager, marcher et skier. La nature et la m\u00e9ditation l\u2019aident \u00e0 s\u2019ancrer dans ses rituels quotidiens de soins personnels.<\/p>\n<p>[\/et_pb_text][et_pb_code _builder_version=\u00a0\u00bb4.19.4&Prime; hover_enabled=\u00a0\u00bb0&Prime; global_colors_info=\u00a0\u00bb{}\u00a0\u00bb sticky_enabled=\u00a0\u00bb0&Prime;]<script type=\"application\/ld+json\"><!-- [et_pb_line_break_holder] -->    {<!-- [et_pb_line_break_holder] -->      \"@context\": \"http:\/\/schema.org\",<!-- [et_pb_line_break_holder] -->      \"@type\": \"Person\",<!-- [et_pb_line_break_holder] -->      \"address\": {<!-- [et_pb_line_break_holder] -->        \"@type\": \"PostalAddress\",<!-- [et_pb_line_break_holder] -->        \"addressLocality\": \"Montreal\",<!-- [et_pb_line_break_holder] -->        \"addressRegion\": \"QC\",<!-- [et_pb_line_break_holder] -->        \"postalCode\": \"H3J 1N4\",<!-- [et_pb_line_break_holder] -->        \"streetAddress\": \"2360 Notre-Dame St West, Suite 310\"<!-- [et_pb_line_break_holder] -->      },<!-- [et_pb_line_break_holder] -->      \"colleague\": [<!-- [et_pb_line_break_holder] -->        \"https:\/\/phil.ca\/team\/kim-fuller\/\"<!-- [et_pb_line_break_holder] -->      ],<!-- [et_pb_line_break_holder] -->      \"email\": \"deborah@phil.ca\",<!-- [et_pb_line_break_holder] -->      \"image\": \"https:\/\/phil.ca\/wp-content\/uploads\/Deborah.jpg\",<!-- [et_pb_line_break_holder] -->      \"jobTitle\": \"Strategy\",<!-- [et_pb_line_break_holder] -->      \"name\": \"Deborah Hinton\",<!-- [et_pb_line_break_holder] -->      \"alumniOf\": \"Concordia\",<!-- [et_pb_line_break_holder] -->      \"birthPlace\": \"Ottawa, Ontario\",<!-- [et_pb_line_break_holder] -->      \"gender\": \"female\",<!-- [et_pb_line_break_holder] -->      \"nationality\": \"Canadian\",<!-- [et_pb_line_break_holder] -->      \"telephone\": \"514.932.0314 x23\",<!-- [et_pb_line_break_holder] -->      \"url\": \"https:\/\/phil.ca\/team\/deborah-hinton\/\",<!-- [et_pb_line_break_holder] -->\t\"sameAs\" : [ \"https:\/\/www.linkedin.com\/in\/deborahhinton\/\"]<!-- [et_pb_line_break_holder] -->    }<!-- [et_pb_line_break_holder] -->    <\/script><!-- [et_pb_line_break_holder] --><!-- [et_pb_line_break_holder] --><!-- [et_pb_line_break_holder] --><!-- [et_pb_line_break_holder] --><!-- [et_pb_line_break_holder] --><!-- [et_pb_line_break_holder] --><!-- [et_pb_line_break_holder] --><!-- [et_pb_line_break_holder] --><!-- [et_pb_line_break_holder] --><!-- [et_pb_line_break_holder] --><!-- [et_pb_line_break_holder] --><!-- [et_pb_line_break_holder] --><!-- [et_pb_line_break_holder] -->[\/et_pb_code][\/et_pb_column][et_pb_column type=\u00a0\u00bb1_4&Prime; _builder_version=\u00a0\u00bb4.16&Prime; global_colors_info=\u00a0\u00bb{}\u00a0\u00bb][et_pb_text _builder_version=\u00a0\u00bb4.19.4&Prime; _module_preset=\u00a0\u00bbdefault\u00a0\u00bb custom_margin=\u00a0\u00bb||12px|||\u00a0\u00bb hover_enabled=\u00a0\u00bb0&Prime; global_colors_info=\u00a0\u00bb{}\u00a0\u00bb sticky_enabled=\u00a0\u00bb0&Prime;]<\/p>\n<h3 style=\"text-align: center;\">Un coup d\u2019\u0153il dans la vie de Rachel<\/h3>\n<p>[\/et_pb_text][et_pb_divider color=\u00a0\u00bb#007934&Prime; divider_weight=\u00a0\u00bb2px\u00a0\u00bb disabled_on=\u00a0\u00bboff|off|off\u00a0\u00bb _builder_version=\u00a0\u00bb4.19.4&Prime; max_width=\u00a0\u00bb70%\u00a0\u00bb module_alignment=\u00a0\u00bbcenter\u00a0\u00bb custom_margin=\u00a0\u00bb||10px||false|false\u00a0\u00bb hover_enabled=\u00a0\u00bb0&Prime; locked=\u00a0\u00bboff\u00a0\u00bb global_colors_info=\u00a0\u00bb{}\u00a0\u00bb sticky_enabled=\u00a0\u00bb0&Prime;][\/et_pb_divider][et_pb_text disabled_on=\u00a0\u00bboff|off|off\u00a0\u00bb _builder_version=\u00a0\u00bb4.19.4&Prime; text_font=\u00a0\u00bb||||||||\u00a0\u00bb text_line_height=\u00a0\u00bb2em\u00a0\u00bb header_font=\u00a0\u00bbNunito Sans|800|||||||\u00a0\u00bb header_text_color=\u00a0\u00bb#212121&Prime; header_line_height=\u00a0\u00bb1.3em\u00a0\u00bb header_5_text_color=\u00a0\u00bb#000000&Prime; header_5_line_height=\u00a0\u00bb1.4em\u00a0\u00bb custom_margin=\u00a0\u00bb0px||35px|||\u00a0\u00bb hover_enabled=\u00a0\u00bb0&Prime; header_font_size_tablet=\u00a0\u00bb30px\u00a0\u00bb header_font_size_phone=\u00a0\u00bb24px\u00a0\u00bb header_font_size_last_edited=\u00a0\u00bbon|desktop\u00a0\u00bb global_colors_info=\u00a0\u00bb{}\u00a0\u00bb sticky_enabled=\u00a0\u00bb0&Prime;]<\/p>\n<h5 style=\"text-align: center;\">\u00ab\u00a0Donnez un poisson \u00e0 un homme et vous le nourrirez pour la journ\u00e9e. Enseignez-lui \u00e0 p\u00eacher et il se nourrira pour la vie.\u00a0\u00bb -Lao Tzu<\/h5>\n<p>[\/et_pb_text][et_pb_image src=\u00a0\u00bbhttps:\/\/phil.ca\/wp-content\/uploads\/Rachel-personal-images-1.jpg\u00a0\u00bb title_text=\u00a0\u00bbRachel personal images-1&Prime; _builder_version=\u00a0\u00bb4.19.4&Prime; _module_preset=\u00a0\u00bbdefault\u00a0\u00bb hover_enabled=\u00a0\u00bb0&Prime; global_colors_info=\u00a0\u00bb{}\u00a0\u00bb sticky_enabled=\u00a0\u00bb0&Prime;][\/et_pb_image][et_pb_image src=\u00a0\u00bbhttps:\/\/phil.ca\/wp-content\/uploads\/Rachel-personal-images-2.jpg\u00a0\u00bb title_text=\u00a0\u00bbRachel personal images-2&Prime; _builder_version=\u00a0\u00bb4.19.4&Prime; _module_preset=\u00a0\u00bbdefault\u00a0\u00bb hover_enabled=\u00a0\u00bb0&Prime; global_colors_info=\u00a0\u00bb{}\u00a0\u00bb sticky_enabled=\u00a0\u00bb0&Prime;][\/et_pb_image][et_pb_image src=\u00a0\u00bbhttps:\/\/phil.ca\/wp-content\/uploads\/Rachel-personal-images-3.jpg\u00a0\u00bb title_text=\u00a0\u00bbRachel personal images-3&Prime; _builder_version=\u00a0\u00bb4.19.4&Prime; _module_preset=\u00a0\u00bbdefault\u00a0\u00bb hover_enabled=\u00a0\u00bb0&Prime; global_colors_info=\u00a0\u00bb{}\u00a0\u00bb sticky_enabled=\u00a0\u00bb0&Prime;][\/et_pb_image][\/et_pb_column][\/et_pb_row][\/et_pb_section]<\/p>\n","protected":false},"excerpt":{"rendered":"<p>Rachel Renaud Strat\u00e9gie et gouvernance, elleRachel est une actrice de changement dans les domaines de la justice sociale et des affaires.Elle travaille sans rel\u00e2che \u00e0 responsabiliser les individus, les entreprises et les organismes gouvernementaux \u00e0 l\u2019\u00e9gard de leur responsabilit\u00e9 sociale en misant sur la collaboration et en menant par l\u2019exemple. Chez Phil, elle est l\u2019experte en strat\u00e9gie et gouvernance qui donne le courage aux OBNL de se d\u00e9faire de leurs craintes et de passer \u00e0 l\u2019action avec confiance. Rachel sait rendre les gens plus cr\u00e9atifs et les processus plus inclusifs. Sa devise, \u00ab Rassembler les gens pour partager, \u00e9changer et grandir \u00bb, en dit long sur son r\u00f4le de mentor et de coach pour les visionnaires du secteur social. Apr\u00e8s avoir fait sa marque dans le monde de la finance, elle a dirig\u00e9 la Fondation Roasters, un organisme public national \u00e0 but non lucratif qui adopte une approche entrepreneuriale de la philanthropie. Cette exp\u00e9rience personnelle, jumel\u00e9e aux r\u00f4les importants qu\u2019elle a jou\u00e9s au sein de conseils d\u2019administration et de comit\u00e9s dans les secteurs de l\u2019\u00e9ducation, de la sant\u00e9 et des services sociaux, explique pourquoi elle est une mentore et une consultante recherch\u00e9e. Rachel croit qu\u2019en transmettant un dynamisme entrepreneurial au secteur social, tout est possible. Rachel aime passer du temps avec sa famille et ses amis et partir \u00e0 l\u2019aventure pour nager, marcher et skier. La nature et la m\u00e9ditation l\u2019aident \u00e0 s\u2019ancrer dans ses rituels quotidiens de soins personnels.Un coup d\u2019\u0153il dans la vie de Rachel\u00a0\u00bbDonnez un poisson \u00e0 un homme et vous le nourrirez pour la journ\u00e9e. Enseignez-lui \u00e0 p\u00eacher et il se nourrira pour la vie.\u00a0\u00bb -Lao Tzu<\/p>\n","protected":false},"author":5,"featured_media":0,"parent":50618,"menu_order":0,"comment_status":"closed","ping_status":"closed","template":"","meta":{"_et_pb_use_builder":"on","_et_pb_old_content":"","_et_gb_content_width":"","inline_featured_image":false,"footnotes":""},"class_list":["post-50245","page","type-page","status-publish","hentry"],"aioseo_notices":[],"_links":{"self":[{"href":"https:\/\/phil.ca\/fr\/wp-json\/wp\/v2\/pages\/50245","targetHints":{"allow":["GET"]}}],"collection":[{"href":"https:\/\/phil.ca\/fr\/wp-json\/wp\/v2\/pages"}],"about":[{"href":"https:\/\/phil.ca\/fr\/wp-json\/wp\/v2\/types\/page"}],"author":[{"embeddable":true,"href":"https:\/\/phil.ca\/fr\/wp-json\/wp\/v2\/users\/5"}],"replies":[{"embeddable":true,"href":"https:\/\/phil.ca\/fr\/wp-json\/wp\/v2\/comments?post=50245"}],"version-history":[{"count":6,"href":"https:\/\/phil.ca\/fr\/wp-json\/wp\/v2\/pages\/50245\/revisions"}],"predecessor-version":[{"id":57971,"href":"https:\/\/phil.ca\/fr\/wp-json\/wp\/v2\/pages\/50245\/revisions\/57971"}],"up":[{"embeddable":true,"href":"https:\/\/phil.ca\/fr\/wp-json\/wp\/v2\/pages\/50618"}],"wp:attachment":[{"href":"https:\/\/phil.ca\/fr\/wp-json\/wp\/v2\/media?parent=50245"}],"curies":[{"name":"wp","href":"https:\/\/api.w.org\/{rel}","templated":true}]}}