{"id":50249,"date":"2019-10-30T18:44:57","date_gmt":"2019-10-30T18:44:57","guid":{"rendered":"http:\/\/phil.ca\/?page_id=50249"},"modified":"2023-01-10T14:20:35","modified_gmt":"2023-01-10T14:20:35","slug":"rina-albala","status":"publish","type":"page","link":"https:\/\/phil.ca\/fr\/equipe-old\/rina-albala\/","title":{"rendered":"Rina Albala"},"content":{"rendered":"<p>[et_pb_section fb_built=\u00a0\u00bb1&Prime; _builder_version=\u00a0\u00bb4.16&Prime; custom_margin=\u00a0\u00bb80px||80px||false|false\u00a0\u00bb custom_margin_tablet=\u00a0\u00bb20px||20px||true|false\u00a0\u00bb custom_margin_phone=\u00a0\u00bb0px||0px||true|false\u00a0\u00bb custom_margin_last_edited=\u00a0\u00bbon|phone\u00a0\u00bb da_disable_devices=\u00a0\u00bboff|off|off\u00a0\u00bb locked=\u00a0\u00bboff\u00a0\u00bb global_colors_info=\u00a0\u00bb{}\u00a0\u00bb da_is_popup=\u00a0\u00bboff\u00a0\u00bb da_exit_intent=\u00a0\u00bboff\u00a0\u00bb da_has_close=\u00a0\u00bbon\u00a0\u00bb da_alt_close=\u00a0\u00bboff\u00a0\u00bb da_dark_close=\u00a0\u00bboff\u00a0\u00bb da_not_modal=\u00a0\u00bbon\u00a0\u00bb da_is_singular=\u00a0\u00bboff\u00a0\u00bb da_with_loader=\u00a0\u00bboff\u00a0\u00bb da_has_shadow=\u00a0\u00bbon\u00a0\u00bb][et_pb_row column_structure=\u00a0\u00bb1_4,1_2,1_4&Prime; _builder_version=\u00a0\u00bb4.18.0&Prime; max_width=\u00a0\u00bb100%\u00a0\u00bb global_colors_info=\u00a0\u00bb{}\u00a0\u00bb][et_pb_column type=\u00a0\u00bb1_4&Prime; _builder_version=\u00a0\u00bb4.16&Prime; global_colors_info=\u00a0\u00bb{}\u00a0\u00bb][et_pb_image src=\u00a0\u00bbhttps:\/\/phil.ca\/wp-content\/uploads\/Rina-1.jpg\u00a0\u00bb _builder_version=\u00a0\u00bb4.16&Prime; width=\u00a0\u00bb100%\u00a0\u00bb width_tablet=\u00a0\u00bb40%\u00a0\u00bb width_phone=\u00a0\u00bb100%\u00a0\u00bb width_last_edited=\u00a0\u00bbon|phone\u00a0\u00bb max_width=\u00a0\u00bb350px\u00a0\u00bb module_alignment=\u00a0\u00bbleft\u00a0\u00bb global_colors_info=\u00a0\u00bb{}\u00a0\u00bb][\/et_pb_image][et_pb_text disabled_on=\u00a0\u00bboff|off|off\u00a0\u00bb _builder_version=\u00a0\u00bb4.16&Prime; text_font=\u00a0\u00bb||||||||\u00a0\u00bb text_line_height=\u00a0\u00bb2em\u00a0\u00bb header_font=\u00a0\u00bbNunito Sans|800|||||||\u00a0\u00bb header_text_color=\u00a0\u00bb#212121&Prime; header_line_height=\u00a0\u00bb1.3em\u00a0\u00bb custom_margin=\u00a0\u00bb0px||17px|||\u00a0\u00bb header_font_size_tablet=\u00a0\u00bb30px\u00a0\u00bb header_font_size_phone=\u00a0\u00bb24px\u00a0\u00bb header_font_size_last_edited=\u00a0\u00bbon|desktop\u00a0\u00bb global_colors_info=\u00a0\u00bb{}\u00a0\u00bb]<\/p>\n<h1>Rina Albala<\/h1>\n<h4>Directrice du marketing, elle<\/h4>\n<p>[\/et_pb_text][et_pb_button button_url=\u00a0\u00bbmailto:rina@phil.ca\u00a0\u00bb button_text=\u00a0\u00bbContact Rina\u00a0\u00bb button_alignment=\u00a0\u00bbleft\u00a0\u00bb _builder_version=\u00a0\u00bb4.16&Prime; custom_button=\u00a0\u00bbon\u00a0\u00bb button_text_size=\u00a0\u00bb10px\u00a0\u00bb button_text_color=\u00a0\u00bb#ffffff\u00a0\u00bb button_bg_color=\u00a0\u00bb#cc9f53&Prime; button_border_width=\u00a0\u00bb0px\u00a0\u00bb button_border_radius=\u00a0\u00bb100px\u00a0\u00bb button_letter_spacing=\u00a0\u00bb1px\u00a0\u00bb button_font=\u00a0\u00bbNunito Sans|700||on|||||\u00a0\u00bb button_icon=\u00a0\u00bb&#xe046;||divi||400&Prime; button_on_hover=\u00a0\u00bboff\u00a0\u00bb custom_padding=\u00a0\u00bb14px|58px|14px|40px|true|false\u00a0\u00bb box_shadow_style=\u00a0\u00bbpreset3&Prime; box_shadow_vertical=\u00a0\u00bb30px\u00a0\u00bb box_shadow_blur=\u00a0\u00bb40px\u00a0\u00bb box_shadow_spread=\u00a0\u00bb-16px\u00a0\u00bb box_shadow_color=\u00a0\u00bbrgba(28,165,255,0.24)\u00a0\u00bb locked=\u00a0\u00bboff\u00a0\u00bb global_colors_info=\u00a0\u00bb{}\u00a0\u00bb][\/et_pb_button][et_pb_button button_url=\u00a0\u00bb\/fr\/equipe\/\u00a0\u00bb button_text=\u00a0\u00bbRencontrer l&rsquo;\u00e9quipe\u00a0\u00bb button_alignment=\u00a0\u00bbleft\u00a0\u00bb admin_label=\u00a0\u00bbRencontrer l&rsquo;\u00e9quipe\u00a0\u00bb _builder_version=\u00a0\u00bb4.19.4&Prime; custom_button=\u00a0\u00bbon\u00a0\u00bb button_text_size=\u00a0\u00bb10px\u00a0\u00bb button_text_color=\u00a0\u00bb#FFFFFF\u00a0\u00bb button_bg_color=\u00a0\u00bb#cc9f53&Prime; button_border_width=\u00a0\u00bb0px\u00a0\u00bb button_border_radius=\u00a0\u00bb100px\u00a0\u00bb button_letter_spacing=\u00a0\u00bb1px\u00a0\u00bb button_font=\u00a0\u00bbNunito Sans|700||on|||||\u00a0\u00bb button_icon=\u00a0\u00bb&#xe046;||divi||400&Prime; button_on_hover=\u00a0\u00bboff\u00a0\u00bb custom_padding=\u00a0\u00bb14px|58px|14px|40px|true|false\u00a0\u00bb z_index_tablet=\u00a0\u00bb500&Prime; button_text_shadow_horizontal_length_tablet=\u00a0\u00bb0px\u00a0\u00bb button_text_shadow_vertical_length_tablet=\u00a0\u00bb0px\u00a0\u00bb button_text_shadow_blur_strength_tablet=\u00a0\u00bb1px\u00a0\u00bb box_shadow_style=\u00a0\u00bbpreset3&Prime; box_shadow_vertical=\u00a0\u00bb30px\u00a0\u00bb box_shadow_blur=\u00a0\u00bb40px\u00a0\u00bb box_shadow_spread=\u00a0\u00bb-16px\u00a0\u00bb box_shadow_color=\u00a0\u00bbrgba(28,165,255,0.24)\u00a0\u00bb global_module=\u00a0\u00bb50193&Prime; saved_tabs=\u00a0\u00bball\u00a0\u00bb locked=\u00a0\u00bboff\u00a0\u00bb global_colors_info=\u00a0\u00bb{}\u00a0\u00bb][\/et_pb_button][\/et_pb_column][et_pb_column type=\u00a0\u00bb1_2&Prime; _builder_version=\u00a0\u00bb4.16&Prime; global_colors_info=\u00a0\u00bb{}\u00a0\u00bb][et_pb_text admin_label=\u00a0\u00bbText\u00a0\u00bb _builder_version=\u00a0\u00bb4.19.4&Prime; text_font=\u00a0\u00bb||||||||\u00a0\u00bb text_line_height=\u00a0\u00bb2em\u00a0\u00bb header_font=\u00a0\u00bbNunito Sans|900|||||||\u00a0\u00bb header_text_color=\u00a0\u00bb#CC9F53&Prime; header_font_size=\u00a0\u00bb36px\u00a0\u00bb header_line_height=\u00a0\u00bb0.9em\u00a0\u00bb header_3_font=\u00a0\u00bbNunito Sans|800|||||||\u00a0\u00bb header_3_text_color=\u00a0\u00bb#212121&Prime; custom_margin=\u00a0\u00bb||28px|||\u00a0\u00bb header_font_size_tablet=\u00a0\u00bb36px\u00a0\u00bb header_font_size_phone=\u00a0\u00bb28px\u00a0\u00bb header_font_size_last_edited=\u00a0\u00bbon|phone\u00a0\u00bb locked=\u00a0\u00bboff\u00a0\u00bb global_colors_info=\u00a0\u00bb{}\u00a0\u00bb]<\/p>\n<h1>Rina est une professionnelle cr\u00e9ative et pleine de ressources qui d\u00e9ploie des strat\u00e9gies de marketing et de m\u00e9dias sociaux avec un effort cibl\u00e9.<\/h1>\n<p>[\/et_pb_text][et_pb_text _builder_version=\u00a0\u00bb4.16&Prime; text_font=\u00a0\u00bb|300|||||||\u00a0\u00bb text_font_size=\u00a0\u00bb18px\u00a0\u00bb header_font=\u00a0\u00bbPoppins|600|||||||\u00a0\u00bb header_font_size=\u00a0\u00bb40px\u00a0\u00bb header_line_height=\u00a0\u00bb1.3em\u00a0\u00bb text_font_size_tablet=\u00a0\u00bb16px\u00a0\u00bb text_font_size_phone=\u00a0\u00bb16px\u00a0\u00bb text_font_size_last_edited=\u00a0\u00bbon|phone\u00a0\u00bb locked=\u00a0\u00bboff\u00a0\u00bb global_colors_info=\u00a0\u00bb{}\u00a0\u00bb]<\/p>\n<p>Ses succ\u00e8s pass\u00e9s en mati\u00e8re de conception et de r\u00e9alisation de campagnes int\u00e9gr\u00e9es de marketing multicanal sur des supports num\u00e9riques, sociaux et traditionnels font de cette titulaire d\u2019un MBA de l\u2019Universit\u00e9 Concordia l\u2019arme secr\u00e8te de Phil.<\/p>\n<p>Elle est une fantastique communicatrice bilingue capable de mener plusieurs projets de front. Qu\u2019il s\u2019agisse de soutenir les entrepreneurs et les organisations, d\u2019analyser les donn\u00e9es ou de pr\u00e9voir les tendances marketing, Rina apporte son expertise et sa vision positive \u00e0 chaque strat\u00e9gie et \u00e0 chaque plan qu\u2019elle \u00e9labore. Parce qu\u2019elle sait si bien r\u00e9soudre les probl\u00e8mes, les gens comptent sur elle pour trouver des solutions rapides et innovantes. Rina connait parfaitement l\u2019importance d\u2019utiliser un esprit entrepreneurial pour accro\u00eetre l\u2019impact des organismes \u00e0 but non lucratif.<\/p>\n<p>Ses parents \u00e9tant ses mod\u00e8les d\u2019entrepreneuriat, la carri\u00e8re de Rina dans le marketing et la vente a commenc\u00e9 dans la cour de l\u2019\u00e9cole o\u00f9 elle a trouv\u00e9 la client\u00e8le id\u00e9ale pour sa marque maison d\u2019accessoires pour les cheveux et de produits de papeterie. Il n\u2019a pas fallu longtemps pour que ses amis \u00e0 l\u2019universit\u00e9 se tournent constamment vers elle pour cr\u00e9er des \u00e9v\u00e9nements sur Facebook, et elle est ainsi devenue une ma\u00eetresse des r\u00e9seaux sociaux. Sa capacit\u00e9 \u00e0 saisir l\u2019essentiel d\u2019une histoire, \u00e0 \u00e9voquer une \u00e9motion et \u00e0 attirer l\u2019attention sur nos \u00e9crans donne vie \u00e0 la mission des organisations dans le monde virtuel.<\/p>\n<p>Un proverbe zen qui dit que \u00ab l\u2019obstacle est le chemin \u00bb la conforte et l\u2019aide \u00e0 produire des solutions en s\u00e9rie pour les projets qu\u2019elle m\u00e8ne chez Phil.<\/p>\n<p>&nbsp;<\/p>\n<p>[\/et_pb_text][et_pb_code _builder_version=\u00a0\u00bb4.19.4&Prime; locked=\u00a0\u00bboff\u00a0\u00bb global_colors_info=\u00a0\u00bb{}\u00a0\u00bb]<script type=\"application\/ld+json\"><!-- [et_pb_line_break_holder] -->    {<!-- [et_pb_line_break_holder] -->      \"@context\": \"http:\/\/schema.org\",<!-- [et_pb_line_break_holder] -->      \"@type\": \"Person\",<!-- [et_pb_line_break_holder] -->      \"address\": {<!-- [et_pb_line_break_holder] -->        \"@type\": \"PostalAddress\",<!-- [et_pb_line_break_holder] -->        \"addressLocality\": \"Montreal\",<!-- [et_pb_line_break_holder] -->        \"addressRegion\": \"QC\",<!-- [et_pb_line_break_holder] -->      },<!-- [et_pb_line_break_holder] -->      \"colleague\": [<!-- [et_pb_line_break_holder] -->        \"https:\/\/phil.ca\/team\/kim-fuller\/\"<!-- [et_pb_line_break_holder] -->      ],<!-- [et_pb_line_break_holder] -->      \"email\": \"alaina@phil.ca\",<!-- [et_pb_line_break_holder] -->      \"image\": \"https:\/\/phil.ca\/wp-content\/uploads\/Rina.jpg\",<!-- [et_pb_line_break_holder] -->      \"jobTitle\": \"Marketing Director\",<!-- [et_pb_line_break_holder] -->      \"name\": \"Rina Albala\",<!-- [et_pb_line_break_holder] -->      \"alumniOf\": \"Concordia University\",<!-- [et_pb_line_break_holder] -->      \"birthPlace\": \"Montreal, QC\",<!-- [et_pb_line_break_holder] -->      \"gender\": \"female\",<!-- [et_pb_line_break_holder] -->      \"nationality\": \"Canadian\",<!-- [et_pb_line_break_holder] -->      \"telephone\": \"514.932.0314 x27\",<!-- [et_pb_line_break_holder] -->      \"url\": \"https:\/\/phil.ca\/team\/rina-albala\/\",<!-- [et_pb_line_break_holder] -->\t\"sameAs\" : [ \"https:\/\/www.linkedin.com\/in\/rinaalbala\/\"]<!-- [et_pb_line_break_holder] -->    }<!-- [et_pb_line_break_holder] -->    <\/script>[\/et_pb_code][et_pb_code _builder_version=\u00a0\u00bb4.19.4&Prime; locked=\u00a0\u00bboff\u00a0\u00bb global_colors_info=\u00a0\u00bb{}\u00a0\u00bb]<script type=\"application\/ld+json\"><!-- [et_pb_line_break_holder] -->    {<!-- [et_pb_line_break_holder] -->      \"@context\": \"http:\/\/schema.org\",<!-- [et_pb_line_break_holder] -->      \"@type\": \"Person\",<!-- [et_pb_line_break_holder] -->      \"address\": {<!-- [et_pb_line_break_holder] -->        \"@type\": \"PostalAddress\",<!-- [et_pb_line_break_holder] -->        \"addressLocality\": \"Montreal\",<!-- [et_pb_line_break_holder] -->        \"addressRegion\": \"QC\",<!-- [et_pb_line_break_holder] -->      },<!-- [et_pb_line_break_holder] -->      \"colleague\": [<!-- [et_pb_line_break_holder] -->        \"https:\/\/phil.ca\/team\/kim-fuller\/\"<!-- [et_pb_line_break_holder] -->      ],<!-- [et_pb_line_break_holder] -->      \"email\": \"rina@phil.ca\",<!-- [et_pb_line_break_holder] -->      \"image\": \"https:\/\/phil.ca\/wp-content\/uploads\/Rina.jpg\",<!-- [et_pb_line_break_holder] -->      \"jobTitle\": \"Marketing Director\",<!-- [et_pb_line_break_holder] -->      \"name\": \"Rina Albala\",<!-- [et_pb_line_break_holder] -->      \"alumniOf\": \"Concordia University\",<!-- [et_pb_line_break_holder] -->      \"birthPlace\": \"Montreal, QC\",<!-- [et_pb_line_break_holder] -->      \"gender\": \"female\",<!-- [et_pb_line_break_holder] -->      \"nationality\": \"Canadian\",<!-- [et_pb_line_break_holder] -->      \"telephone\": \"514.932.0314 x27\",<!-- [et_pb_line_break_holder] -->      \"url\": \"https:\/\/phil.ca\/team\/rina-albala\/\",<!-- [et_pb_line_break_holder] -->\t\"sameAs\" : [ \"https:\/\/www.linkedin.com\/in\/rinaalbala\/\"]<!-- [et_pb_line_break_holder] -->    }<!-- [et_pb_line_break_holder] -->    <\/script>[\/et_pb_code][\/et_pb_column][et_pb_column type=\u00a0\u00bb1_4&Prime; _builder_version=\u00a0\u00bb4.16&Prime; global_colors_info=\u00a0\u00bb{}\u00a0\u00bb][et_pb_text _builder_version=\u00a0\u00bb4.19.4&Prime; _module_preset=\u00a0\u00bbdefault\u00a0\u00bb custom_margin=\u00a0\u00bb||12px|||\u00a0\u00bb global_colors_info=\u00a0\u00bb{}\u00a0\u00bb]<\/p>\n<h3 style=\"text-align: center;\">Un coup d\u2019\u0153il dans la vie de Rina<\/h3>\n<p>[\/et_pb_text][et_pb_divider color=\u00a0\u00bb#CC9F53&Prime; divider_weight=\u00a0\u00bb2px\u00a0\u00bb disabled_on=\u00a0\u00bboff|off|off\u00a0\u00bb _builder_version=\u00a0\u00bb4.19.4&Prime; max_width=\u00a0\u00bb70%\u00a0\u00bb module_alignment=\u00a0\u00bbcenter\u00a0\u00bb custom_margin=\u00a0\u00bb||10px||false|false\u00a0\u00bb locked=\u00a0\u00bboff\u00a0\u00bb global_colors_info=\u00a0\u00bb{}\u00a0\u00bb][\/et_pb_divider][et_pb_text disabled_on=\u00a0\u00bboff|off|off\u00a0\u00bb _builder_version=\u00a0\u00bb4.19.4&Prime; text_font=\u00a0\u00bb||||||||\u00a0\u00bb text_line_height=\u00a0\u00bb2em\u00a0\u00bb header_font=\u00a0\u00bbNunito Sans|800|||||||\u00a0\u00bb header_text_color=\u00a0\u00bb#212121&Prime; header_line_height=\u00a0\u00bb1.3em\u00a0\u00bb header_5_text_color=\u00a0\u00bb#000000&Prime; header_5_line_height=\u00a0\u00bb1.4em\u00a0\u00bb custom_margin=\u00a0\u00bb0px||35px|||\u00a0\u00bb header_font_size_tablet=\u00a0\u00bb30px\u00a0\u00bb header_font_size_phone=\u00a0\u00bb24px\u00a0\u00bb header_font_size_last_edited=\u00a0\u00bbon|desktop\u00a0\u00bb global_colors_info=\u00a0\u00bb{}\u00a0\u00bb]<\/p>\n<h5 style=\"text-align: center;\">En dehors de sa vie professionnelle, Rina mijote l\u2019id\u00e9e passionnante de publier \u00e0 compte d\u2019auteur un livre de recettes sans gluten, inspir\u00e9 de longues nuits pass\u00e9es \u00e0 cuisiner avec amour pour son mari et ses trois filles.<\/h5>\n<p>[\/et_pb_text][et_pb_image src=\u00a0\u00bbhttps:\/\/phil.ca\/wp-content\/uploads\/Rina-personal-images-1.jpg\u00a0\u00bb _builder_version=\u00a0\u00bb4.19.4&Prime; _module_preset=\u00a0\u00bbdefault\u00a0\u00bb title_text=\u00a0\u00bbRina personal images-1&Prime; hover_enabled=\u00a0\u00bb0&Prime; sticky_enabled=\u00a0\u00bb0&Prime;][\/et_pb_image][et_pb_image src=\u00a0\u00bbhttps:\/\/phil.ca\/wp-content\/uploads\/Rina-personal-images-2.jpg\u00a0\u00bb _builder_version=\u00a0\u00bb4.19.4&Prime; _module_preset=\u00a0\u00bbdefault\u00a0\u00bb title_text=\u00a0\u00bbRina personal images-2&Prime; hover_enabled=\u00a0\u00bb0&Prime; sticky_enabled=\u00a0\u00bb0&Prime;][\/et_pb_image][et_pb_image src=\u00a0\u00bbhttps:\/\/phil.ca\/wp-content\/uploads\/Rina-personal-images-3.jpg\u00a0\u00bb _builder_version=\u00a0\u00bb4.19.4&Prime; _module_preset=\u00a0\u00bbdefault\u00a0\u00bb title_text=\u00a0\u00bbRina personal images-3&Prime; hover_enabled=\u00a0\u00bb0&Prime; sticky_enabled=\u00a0\u00bb0&Prime;][\/et_pb_image][\/et_pb_column][\/et_pb_row][\/et_pb_section]<\/p>\n","protected":false},"excerpt":{"rendered":"<p>Rina Albala Directrice du marketing, elleRina est une professionnelle cr\u00e9ative et pleine de ressources qui d\u00e9ploie des strat\u00e9gies de marketing et de m\u00e9dias sociaux avec un effort cibl\u00e9.Ses succ\u00e8s pass\u00e9s en mati\u00e8re de conception et de r\u00e9alisation de campagnes int\u00e9gr\u00e9es de marketing multicanal sur des supports num\u00e9riques, sociaux et traditionnels font de cette titulaire d\u2019un MBA de l\u2019Universit\u00e9 Concordia l\u2019arme secr\u00e8te de Phil. Elle est une fantastique communicatrice bilingue capable de mener plusieurs projets de front. Qu\u2019il s\u2019agisse de soutenir les entrepreneurs et les organisations, d\u2019analyser les donn\u00e9es ou de pr\u00e9voir les tendances marketing, Rina apporte son expertise et sa vision positive \u00e0 chaque strat\u00e9gie et \u00e0 chaque plan qu\u2019elle \u00e9labore. Parce qu\u2019elle sait si bien r\u00e9soudre les probl\u00e8mes, les gens comptent sur elle pour trouver des solutions rapides et innovantes. Rina connait parfaitement l\u2019importance d\u2019utiliser un esprit entrepreneurial pour accro\u00eetre l\u2019impact des organismes \u00e0 but non lucratif. Ses parents \u00e9tant ses mod\u00e8les d\u2019entrepreneuriat, la carri\u00e8re de Rina dans le marketing et la vente a commenc\u00e9 dans la cour de l\u2019\u00e9cole o\u00f9 elle a trouv\u00e9 la client\u00e8le id\u00e9ale pour sa marque maison d\u2019accessoires pour les cheveux et de produits de papeterie. Il n\u2019a pas fallu longtemps pour que ses amis \u00e0 l\u2019universit\u00e9 se tournent constamment vers elle pour cr\u00e9er des \u00e9v\u00e9nements sur Facebook, et elle est ainsi devenue une ma\u00eetresse des r\u00e9seaux sociaux. Sa capacit\u00e9 \u00e0 saisir l\u2019essentiel d\u2019une histoire, \u00e0 \u00e9voquer une \u00e9motion et \u00e0 attirer l\u2019attention sur nos \u00e9crans donne vie \u00e0 la mission des organisations dans le monde virtuel. Un proverbe zen qui dit que \u00ab l\u2019obstacle est le chemin \u00bb la conforte et l\u2019aide \u00e0 produire des solutions en s\u00e9rie pour les projets qu\u2019elle m\u00e8ne chez Phil. &nbsp;Un coup d\u2019\u0153il dans la vie de RinaEn dehors de sa vie professionnelle, Rina mijote l\u2019id\u00e9e passionnante de publier \u00e0 compte d\u2019auteur un livre de recettes sans gluten, inspir\u00e9 de longues nuits pass\u00e9es \u00e0 cuisiner avec amour pour son mari et ses trois filles.<\/p>\n","protected":false},"author":5,"featured_media":0,"parent":50618,"menu_order":0,"comment_status":"closed","ping_status":"closed","template":"","meta":{"_et_pb_use_builder":"on","_et_pb_old_content":"","_et_gb_content_width":"","inline_featured_image":false,"footnotes":""},"class_list":["post-50249","page","type-page","status-publish","hentry"],"aioseo_notices":[],"_links":{"self":[{"href":"https:\/\/phil.ca\/fr\/wp-json\/wp\/v2\/pages\/50249","targetHints":{"allow":["GET"]}}],"collection":[{"href":"https:\/\/phil.ca\/fr\/wp-json\/wp\/v2\/pages"}],"about":[{"href":"https:\/\/phil.ca\/fr\/wp-json\/wp\/v2\/types\/page"}],"author":[{"embeddable":true,"href":"https:\/\/phil.ca\/fr\/wp-json\/wp\/v2\/users\/5"}],"replies":[{"embeddable":true,"href":"https:\/\/phil.ca\/fr\/wp-json\/wp\/v2\/comments?post=50249"}],"version-history":[{"count":12,"href":"https:\/\/phil.ca\/fr\/wp-json\/wp\/v2\/pages\/50249\/revisions"}],"predecessor-version":[{"id":57897,"href":"https:\/\/phil.ca\/fr\/wp-json\/wp\/v2\/pages\/50249\/revisions\/57897"}],"up":[{"embeddable":true,"href":"https:\/\/phil.ca\/fr\/wp-json\/wp\/v2\/pages\/50618"}],"wp:attachment":[{"href":"https:\/\/phil.ca\/fr\/wp-json\/wp\/v2\/media?parent=50249"}],"curies":[{"name":"wp","href":"https:\/\/api.w.org\/{rel}","templated":true}]}}