{"id":50254,"date":"2019-10-30T18:52:55","date_gmt":"2019-10-30T18:52:55","guid":{"rendered":"http:\/\/phil.ca\/?page_id=50254"},"modified":"2023-09-13T17:18:47","modified_gmt":"2023-09-13T17:18:47","slug":"sophie-martin","status":"publish","type":"page","link":"https:\/\/phil.ca\/fr\/equipe-old\/sophie-martin\/","title":{"rendered":"Sophie Martin"},"content":{"rendered":"<p>[et_pb_section fb_built=\u00a0\u00bb1&Prime; _builder_version=\u00a0\u00bb4.16&Prime; custom_margin=\u00a0\u00bb80px||80px||false|false\u00a0\u00bb custom_margin_tablet=\u00a0\u00bb20px||20px||true|false\u00a0\u00bb custom_margin_phone=\u00a0\u00bb0px||0px||true|false\u00a0\u00bb custom_margin_last_edited=\u00a0\u00bbon|phone\u00a0\u00bb da_disable_devices=\u00a0\u00bboff|off|off\u00a0\u00bb locked=\u00a0\u00bboff\u00a0\u00bb global_colors_info=\u00a0\u00bb{}\u00a0\u00bb da_is_popup=\u00a0\u00bboff\u00a0\u00bb da_exit_intent=\u00a0\u00bboff\u00a0\u00bb da_has_close=\u00a0\u00bbon\u00a0\u00bb da_alt_close=\u00a0\u00bboff\u00a0\u00bb da_dark_close=\u00a0\u00bboff\u00a0\u00bb da_not_modal=\u00a0\u00bbon\u00a0\u00bb da_is_singular=\u00a0\u00bboff\u00a0\u00bb da_with_loader=\u00a0\u00bboff\u00a0\u00bb da_has_shadow=\u00a0\u00bbon\u00a0\u00bb][et_pb_row column_structure=\u00a0\u00bb1_4,1_2,1_4&Prime; _builder_version=\u00a0\u00bb4.18.0&Prime; max_width=\u00a0\u00bb100%\u00a0\u00bb global_colors_info=\u00a0\u00bb{}\u00a0\u00bb][et_pb_column type=\u00a0\u00bb1_4&Prime; _builder_version=\u00a0\u00bb4.16&Prime; global_colors_info=\u00a0\u00bb{}\u00a0\u00bb][et_pb_image src=\u00a0\u00bbhttps:\/\/phil.ca\/wp-content\/uploads\/Sophie.jpg\u00a0\u00bb _builder_version=\u00a0\u00bb4.16&Prime; width=\u00a0\u00bb100%\u00a0\u00bb width_tablet=\u00a0\u00bb40%\u00a0\u00bb width_phone=\u00a0\u00bb100%\u00a0\u00bb width_last_edited=\u00a0\u00bbon|tablet\u00a0\u00bb max_width=\u00a0\u00bb350px\u00a0\u00bb module_alignment=\u00a0\u00bbleft\u00a0\u00bb global_colors_info=\u00a0\u00bb{}\u00a0\u00bb][\/et_pb_image][et_pb_text disabled_on=\u00a0\u00bboff|off|off\u00a0\u00bb _builder_version=\u00a0\u00bb4.19.4&Prime; text_font=\u00a0\u00bb||||||||\u00a0\u00bb text_line_height=\u00a0\u00bb2em\u00a0\u00bb header_font=\u00a0\u00bbNunito Sans|800|||||||\u00a0\u00bb header_text_color=\u00a0\u00bb#212121&Prime; header_line_height=\u00a0\u00bb1.3em\u00a0\u00bb custom_margin=\u00a0\u00bb0px|||||\u00a0\u00bb header_font_size_tablet=\u00a0\u00bb30px\u00a0\u00bb header_font_size_phone=\u00a0\u00bb24px\u00a0\u00bb header_font_size_last_edited=\u00a0\u00bbon|desktop\u00a0\u00bb global_colors_info=\u00a0\u00bb{}\u00a0\u00bb]<\/p>\n<h1>Sophie Martin<\/h1>\n<p><strong>Gestionnaire de compte, elle<\/strong><\/p>\n<p>[\/et_pb_text][et_pb_button button_url=\u00a0\u00bbmailto:sophie@phil.ca\u00a0\u00bb button_text=\u00a0\u00bbContactez Sophie\u00a0\u00bb button_alignment=\u00a0\u00bbleft\u00a0\u00bb _builder_version=\u00a0\u00bb4.19.4&Prime; custom_button=\u00a0\u00bbon\u00a0\u00bb button_text_size=\u00a0\u00bb10px\u00a0\u00bb button_text_color=\u00a0\u00bb#ffffff\u00a0\u00bb button_bg_color=\u00a0\u00bb#8d1b60&Prime; button_border_width=\u00a0\u00bb0px\u00a0\u00bb button_border_radius=\u00a0\u00bb100px\u00a0\u00bb button_letter_spacing=\u00a0\u00bb1px\u00a0\u00bb button_font=\u00a0\u00bbNunito Sans|700||on|||||\u00a0\u00bb button_icon=\u00a0\u00bb&#xe046;||divi||400&Prime; button_on_hover=\u00a0\u00bboff\u00a0\u00bb custom_padding=\u00a0\u00bb14px|58px|14px|40px|true|false\u00a0\u00bb box_shadow_style=\u00a0\u00bbpreset3&Prime; box_shadow_vertical=\u00a0\u00bb30px\u00a0\u00bb box_shadow_blur=\u00a0\u00bb40px\u00a0\u00bb box_shadow_spread=\u00a0\u00bb-16px\u00a0\u00bb box_shadow_color=\u00a0\u00bbrgba(28,165,255,0.24)\u00a0\u00bb locked=\u00a0\u00bboff\u00a0\u00bb global_colors_info=\u00a0\u00bb{}\u00a0\u00bb][\/et_pb_button][et_pb_button button_url=\u00a0\u00bb\/fr\/equipe\/\u00a0\u00bb button_text=\u00a0\u00bbRencontrer l&rsquo;\u00e9quipe\u00a0\u00bb button_alignment=\u00a0\u00bbleft\u00a0\u00bb admin_label=\u00a0\u00bbRencontrer l&rsquo;\u00e9quipe\u00a0\u00bb _builder_version=\u00a0\u00bb4.19.4&Prime; custom_button=\u00a0\u00bbon\u00a0\u00bb button_text_size=\u00a0\u00bb10px\u00a0\u00bb button_text_color=\u00a0\u00bb#FFFFFF\u00a0\u00bb button_bg_color=\u00a0\u00bb#8d1b60&Prime; button_border_width=\u00a0\u00bb0px\u00a0\u00bb button_border_radius=\u00a0\u00bb100px\u00a0\u00bb button_letter_spacing=\u00a0\u00bb1px\u00a0\u00bb button_font=\u00a0\u00bbNunito Sans|700||on|||||\u00a0\u00bb button_icon=\u00a0\u00bb&#xe046;||divi||400&Prime; button_on_hover=\u00a0\u00bboff\u00a0\u00bb custom_padding=\u00a0\u00bb14px|58px|14px|40px|true|false\u00a0\u00bb z_index_tablet=\u00a0\u00bb500&Prime; button_text_shadow_horizontal_length_tablet=\u00a0\u00bb0px\u00a0\u00bb button_text_shadow_vertical_length_tablet=\u00a0\u00bb0px\u00a0\u00bb button_text_shadow_blur_strength_tablet=\u00a0\u00bb1px\u00a0\u00bb box_shadow_style=\u00a0\u00bbpreset3&Prime; box_shadow_vertical=\u00a0\u00bb30px\u00a0\u00bb box_shadow_blur=\u00a0\u00bb40px\u00a0\u00bb box_shadow_spread=\u00a0\u00bb-16px\u00a0\u00bb box_shadow_color=\u00a0\u00bbrgba(28,165,255,0.24)\u00a0\u00bb global_module=\u00a0\u00bb50193&Prime; saved_tabs=\u00a0\u00bball\u00a0\u00bb locked=\u00a0\u00bboff\u00a0\u00bb global_colors_info=\u00a0\u00bb{}\u00a0\u00bb][\/et_pb_button][\/et_pb_column][et_pb_column type=\u00a0\u00bb1_2&Prime; _builder_version=\u00a0\u00bb4.16&Prime; global_colors_info=\u00a0\u00bb{}\u00a0\u00bb][et_pb_text admin_label=\u00a0\u00bbText\u00a0\u00bb _builder_version=\u00a0\u00bb4.19.4&Prime; text_font=\u00a0\u00bb||||||||\u00a0\u00bb text_line_height=\u00a0\u00bb2em\u00a0\u00bb header_font=\u00a0\u00bbNunito Sans|900|||||||\u00a0\u00bb header_text_color=\u00a0\u00bb#8D1B60&Prime; header_font_size=\u00a0\u00bb36px\u00a0\u00bb header_line_height=\u00a0\u00bb0.9em\u00a0\u00bb header_3_font=\u00a0\u00bbNunito Sans|800|||||||\u00a0\u00bb header_3_text_color=\u00a0\u00bb#212121&Prime; custom_margin=\u00a0\u00bb||28px|||\u00a0\u00bb header_font_size_tablet=\u00a0\u00bb36px\u00a0\u00bb header_font_size_phone=\u00a0\u00bb28px\u00a0\u00bb header_font_size_last_edited=\u00a0\u00bbon|phone\u00a0\u00bb locked=\u00a0\u00bboff\u00a0\u00bb global_colors_info=\u00a0\u00bb{}\u00a0\u00bb]<\/p>\n<h1>Cette b\u00e2tisseuse de communaut\u00e9 bilingue incarne la confiance et la transparence requises pour rassembler les gens, s\u2019identifier \u00e0 eux et les amener au d\u00e9passement de soi.<\/h1>\n<p>[\/et_pb_text][et_pb_text _builder_version=\u00a0\u00bb4.19.4&Prime; text_font=\u00a0\u00bb|300|||||||\u00a0\u00bb text_font_size=\u00a0\u00bb18px\u00a0\u00bb header_font=\u00a0\u00bbPoppins|600|||||||\u00a0\u00bb header_font_size=\u00a0\u00bb40px\u00a0\u00bb header_line_height=\u00a0\u00bb1.3em\u00a0\u00bb custom_padding=\u00a0\u00bb||0px|||\u00a0\u00bb text_font_size_tablet=\u00a0\u00bb16px\u00a0\u00bb text_font_size_phone=\u00a0\u00bb16px\u00a0\u00bb text_font_size_last_edited=\u00a0\u00bbon|phone\u00a0\u00bb locked=\u00a0\u00bboff\u00a0\u00bb global_colors_info=\u00a0\u00bb{}\u00a0\u00bb]<\/p>\n<p>Sophie aime s\u2019impr\u00e9gner patiemment des d\u00e9tails lui permettant de mieux guider chaque projet. Fermement convaincue du pouvoir de l\u2019\u00e9coute, elle consacre \u00e9norm\u00e9ment d\u2019\u00e9nergie \u00e0 la compr\u00e9hension des besoins particuliers des clients. En adoptant une perspective globale des \u00e9tapes d\u00e9taill\u00e9es que chaque projet n\u00e9cessite, elle analyse les enjeux de mani\u00e8re critique en valorisant la qualit\u00e9 par rapport \u00e0 la quantit\u00e9.<\/p>\n<p>Sophie a obtenu son dipl\u00f4me d\u2019\u00e9tudes sup\u00e9rieures en gestion des communications et des relations publiques de l\u2019Universit\u00e9 McGill : tout en \u00e9tudiant, elle a travaill\u00e9 \u00e0 temps plein dans une agence de communications, exp\u00e9rimentant de premi\u00e8re main les th\u00e9ories et les concepts dont elle discutait avec ses pairs en classe. Elle cumule plus de 15 ans d\u2019exp\u00e9rience dans les secteurs philanthropique, public et priv\u00e9, \u00e0 la fois dans des r\u00f4les de communication interne et d\u2019entreprise. Lorsqu\u2019elle travaillait dans l\u2019industrie de l\u2019\u00e9nergie g\u00e9othermique, Sophie a \u00e9labor\u00e9 la feuille de route de l\u2019industrie canadienne, \u00e9tablissant le cadre de la strat\u00e9gie de communication d\u00e9cennale et d\u00e9montrant son talent pour la planification et la pr\u00e9paration de strat\u00e9gies robustes.<\/p>\n<p>Professionnelle de la communication hautement organis\u00e9e et polyvalente, elle cherche constamment \u00e0 assouvir sa curiosit\u00e9. En 2021, Sophie a termin\u00e9 le cours d\u2019\u00e9tudes autochtones en ligne de l\u2019Universit\u00e9 de l\u2019Alberta, et elle estime qu\u2019il est essentiel de conna\u00eetre une multitude d\u2019exp\u00e9riences pour favoriser la croissance de communaut\u00e9s diversifi\u00e9es et solidaires.<\/p>\n<p>Sophie croit que chaque action qu\u2019on entreprend a la capacit\u00e9 de faire une diff\u00e9rence. Elle fait actuellement du b\u00e9n\u00e9volat \u00e0 l\u2019\u00e9cole primaire de ses fils, donnant de son temps \u00e0 l\u2019association de parents et \u00e0 la biblioth\u00e8que de l\u2019\u00e9cole. Quand elle a un moment libre, Sophie aime jouer dehors avec ses enfants, jardiner dans la cour ou faire du plein air \u00e0 Montr\u00e9al et dans les environs.<\/p>\n<p>[\/et_pb_text][et_pb_code _builder_version=\u00a0\u00bb4.19.4&Prime; global_colors_info=\u00a0\u00bb{}\u00a0\u00bb]<script type=\"application\/ld+json\"><!-- [et_pb_line_break_holder] -->    {<!-- [et_pb_line_break_holder] -->      \"@context\": \"http:\/\/schema.org\",<!-- [et_pb_line_break_holder] -->      \"@type\": \"Person\",<!-- [et_pb_line_break_holder] -->      \"address\": {<!-- [et_pb_line_break_holder] -->        \"@type\": \"PostalAddress\",<!-- [et_pb_line_break_holder] -->        \"addressLocality\": \"Montreal\",<!-- [et_pb_line_break_holder] -->        \"addressRegion\": \"QC\",<!-- [et_pb_line_break_holder] -->        \"postalCode\": \"H3J 1N4\",<!-- [et_pb_line_break_holder] -->        \"streetAddress\": \"2360 Notre-Dame St West, Suite 310\"<!-- [et_pb_line_break_holder] -->      },<!-- [et_pb_line_break_holder] -->      \"colleague\": [<!-- [et_pb_line_break_holder] -->        \"https:\/\/phil.ca\/team\/kim-fuller\/\"<!-- [et_pb_line_break_holder] -->      ],<!-- [et_pb_line_break_holder] -->      \"email\": \"deborah@phil.ca\",<!-- [et_pb_line_break_holder] -->      \"image\": \"https:\/\/phil.ca\/wp-content\/uploads\/Deborah.jpg\",<!-- [et_pb_line_break_holder] -->      \"jobTitle\": \"Strategy\",<!-- [et_pb_line_break_holder] -->      \"name\": \"Deborah Hinton\",<!-- [et_pb_line_break_holder] -->      \"alumniOf\": \"Concordia\",<!-- [et_pb_line_break_holder] -->      \"birthPlace\": \"Ottawa, Ontario\",<!-- [et_pb_line_break_holder] -->      \"gender\": \"female\",<!-- [et_pb_line_break_holder] -->      \"nationality\": \"Canadian\",<!-- [et_pb_line_break_holder] -->      \"telephone\": \"514.932.0314 x23\",<!-- [et_pb_line_break_holder] -->      \"url\": \"https:\/\/phil.ca\/team\/deborah-hinton\/\",<!-- [et_pb_line_break_holder] -->\t\"sameAs\" : [ \"https:\/\/www.linkedin.com\/in\/deborahhinton\/\"]<!-- [et_pb_line_break_holder] -->    }<!-- [et_pb_line_break_holder] -->    <\/script><!-- [et_pb_line_break_holder] --><!-- [et_pb_line_break_holder] --><!-- [et_pb_line_break_holder] --><!-- [et_pb_line_break_holder] --><!-- [et_pb_line_break_holder] --><!-- [et_pb_line_break_holder] --><!-- [et_pb_line_break_holder] --><!-- [et_pb_line_break_holder] --><!-- [et_pb_line_break_holder] --><!-- [et_pb_line_break_holder] --><!-- [et_pb_line_break_holder] --><!-- [et_pb_line_break_holder] --><!-- [et_pb_line_break_holder] -->[\/et_pb_code][\/et_pb_column][et_pb_column type=\u00a0\u00bb1_4&Prime; _builder_version=\u00a0\u00bb4.16&Prime; global_colors_info=\u00a0\u00bb{}\u00a0\u00bb][et_pb_text _builder_version=\u00a0\u00bb4.19.4&Prime; _module_preset=\u00a0\u00bbdefault\u00a0\u00bb custom_margin=\u00a0\u00bb||12px|||\u00a0\u00bb global_colors_info=\u00a0\u00bb{}\u00a0\u00bb]<\/p>\n<h3 style=\"text-align: center;\">Un coup d\u2019\u0153il dans la vie de Sophie<\/h3>\n<p>[\/et_pb_text][et_pb_divider color=\u00a0\u00bb#8D1B60&Prime; divider_weight=\u00a0\u00bb2px\u00a0\u00bb disabled_on=\u00a0\u00bboff|off|off\u00a0\u00bb _builder_version=\u00a0\u00bb4.19.4&Prime; max_width=\u00a0\u00bb70%\u00a0\u00bb module_alignment=\u00a0\u00bbcenter\u00a0\u00bb custom_margin=\u00a0\u00bb||10px||false|false\u00a0\u00bb locked=\u00a0\u00bboff\u00a0\u00bb global_colors_info=\u00a0\u00bb{}\u00a0\u00bb][\/et_pb_divider][et_pb_text disabled_on=\u00a0\u00bboff|off|off\u00a0\u00bb _builder_version=\u00a0\u00bb4.19.4&Prime; text_font=\u00a0\u00bb||||||||\u00a0\u00bb text_line_height=\u00a0\u00bb2em\u00a0\u00bb header_font=\u00a0\u00bbNunito Sans|800|||||||\u00a0\u00bb header_text_color=\u00a0\u00bb#212121&Prime; header_line_height=\u00a0\u00bb1.3em\u00a0\u00bb header_5_text_color=\u00a0\u00bb#000000&Prime; header_5_line_height=\u00a0\u00bb1.4em\u00a0\u00bb custom_margin=\u00a0\u00bb0px||35px|||\u00a0\u00bb header_font_size_tablet=\u00a0\u00bb30px\u00a0\u00bb header_font_size_phone=\u00a0\u00bb24px\u00a0\u00bb header_font_size_last_edited=\u00a0\u00bbon|desktop\u00a0\u00bb global_colors_info=\u00a0\u00bb{}\u00a0\u00bb]<\/p>\n<h5 style=\"text-align: center;\">Elle souhaite enseigner \u00e0 ses enfants que la nature est une force pour la communaut\u00e9, la paix et la r\u00e9silience. Selon sa citation pr\u00e9f\u00e9r\u00e9e, \u00ab le plus grand risque de tous est de n\u2019en prendre aucun. \u00bb<\/h5>\n<p>[\/et_pb_text][et_pb_image src=\u00a0\u00bbhttps:\/\/phil.ca\/wp-content\/uploads\/Sophie-personal-images-1.jpg\u00a0\u00bb title_text=\u00a0\u00bbSophie personal images-1&Prime; _builder_version=\u00a0\u00bb4.19.4&Prime; _module_preset=\u00a0\u00bbdefault\u00a0\u00bb global_colors_info=\u00a0\u00bb{}\u00a0\u00bb][\/et_pb_image][et_pb_image src=\u00a0\u00bbhttps:\/\/phil.ca\/wp-content\/uploads\/Sophie-personal-images-2.jpg\u00a0\u00bb title_text=\u00a0\u00bbSophie personal images-2&Prime; _builder_version=\u00a0\u00bb4.19.4&Prime; _module_preset=\u00a0\u00bbdefault\u00a0\u00bb global_colors_info=\u00a0\u00bb{}\u00a0\u00bb][\/et_pb_image][et_pb_image src=\u00a0\u00bbhttps:\/\/phil.ca\/wp-content\/uploads\/Sophie-personal-images-3.jpg\u00a0\u00bb title_text=\u00a0\u00bbSophie personal images-3&Prime; _builder_version=\u00a0\u00bb4.19.4&Prime; _module_preset=\u00a0\u00bbdefault\u00a0\u00bb global_colors_info=\u00a0\u00bb{}\u00a0\u00bb][\/et_pb_image][\/et_pb_column][\/et_pb_row][\/et_pb_section]<\/p>\n","protected":false},"excerpt":{"rendered":"<p>Sophie Martin Gestionnaire de compte, elleCette b\u00e2tisseuse de communaut\u00e9 bilingue incarne la confiance et la transparence requises pour rassembler les gens, s\u2019identifier \u00e0 eux et les amener au d\u00e9passement de soi.Sophie aime s\u2019impr\u00e9gner patiemment des d\u00e9tails lui permettant de mieux guider chaque projet. Fermement convaincue du pouvoir de l\u2019\u00e9coute, elle consacre \u00e9norm\u00e9ment d\u2019\u00e9nergie \u00e0 la compr\u00e9hension des besoins particuliers des clients. En adoptant une perspective globale des \u00e9tapes d\u00e9taill\u00e9es que chaque projet n\u00e9cessite, elle analyse les enjeux de mani\u00e8re critique en valorisant la qualit\u00e9 par rapport \u00e0 la quantit\u00e9. Sophie a obtenu son dipl\u00f4me d\u2019\u00e9tudes sup\u00e9rieures en gestion des communications et des relations publiques de l\u2019Universit\u00e9 McGill : tout en \u00e9tudiant, elle a travaill\u00e9 \u00e0 temps plein dans une agence de communications, exp\u00e9rimentant de premi\u00e8re main les th\u00e9ories et les concepts dont elle discutait avec ses pairs en classe. Elle cumule plus de 15 ans d\u2019exp\u00e9rience dans les secteurs philanthropique, public et priv\u00e9, \u00e0 la fois dans des r\u00f4les de communication interne et d\u2019entreprise. Lorsqu\u2019elle travaillait dans l\u2019industrie de l\u2019\u00e9nergie g\u00e9othermique, Sophie a \u00e9labor\u00e9 la feuille de route de l\u2019industrie canadienne, \u00e9tablissant le cadre de la strat\u00e9gie de communication d\u00e9cennale et d\u00e9montrant son talent pour la planification et la pr\u00e9paration de strat\u00e9gies robustes. Professionnelle de la communication hautement organis\u00e9e et polyvalente, elle cherche constamment \u00e0 assouvir sa curiosit\u00e9. En 2021, Sophie a termin\u00e9 le cours d\u2019\u00e9tudes autochtones en ligne de l\u2019Universit\u00e9 de l\u2019Alberta, et elle estime qu\u2019il est essentiel de conna\u00eetre une multitude d\u2019exp\u00e9riences pour favoriser la croissance de communaut\u00e9s diversifi\u00e9es et solidaires. Sophie croit que chaque action qu\u2019on entreprend a la capacit\u00e9 de faire une diff\u00e9rence. Elle fait actuellement du b\u00e9n\u00e9volat \u00e0 l\u2019\u00e9cole primaire de ses fils, donnant de son temps \u00e0 l\u2019association de parents et \u00e0 la biblioth\u00e8que de l\u2019\u00e9cole. Quand elle a un moment libre, Sophie aime jouer dehors avec ses enfants, jardiner dans la cour ou faire du plein air \u00e0 Montr\u00e9al et dans les environs.Un coup d\u2019\u0153il dans la vie de SophieElle souhaite enseigner \u00e0 ses enfants que la nature est une force pour la communaut\u00e9, la paix et la r\u00e9silience. Selon sa citation pr\u00e9f\u00e9r\u00e9e, \u00ab le plus grand risque de tous est de n\u2019en prendre aucun. \u00bb<\/p>\n","protected":false},"author":5,"featured_media":0,"parent":50618,"menu_order":0,"comment_status":"closed","ping_status":"closed","template":"","meta":{"_et_pb_use_builder":"on","_et_pb_old_content":"","_et_gb_content_width":"","inline_featured_image":false,"footnotes":""},"class_list":["post-50254","page","type-page","status-publish","hentry"],"aioseo_notices":[],"_links":{"self":[{"href":"https:\/\/phil.ca\/fr\/wp-json\/wp\/v2\/pages\/50254","targetHints":{"allow":["GET"]}}],"collection":[{"href":"https:\/\/phil.ca\/fr\/wp-json\/wp\/v2\/pages"}],"about":[{"href":"https:\/\/phil.ca\/fr\/wp-json\/wp\/v2\/types\/page"}],"author":[{"embeddable":true,"href":"https:\/\/phil.ca\/fr\/wp-json\/wp\/v2\/users\/5"}],"replies":[{"embeddable":true,"href":"https:\/\/phil.ca\/fr\/wp-json\/wp\/v2\/comments?post=50254"}],"version-history":[{"count":11,"href":"https:\/\/phil.ca\/fr\/wp-json\/wp\/v2\/pages\/50254\/revisions"}],"predecessor-version":[{"id":59040,"href":"https:\/\/phil.ca\/fr\/wp-json\/wp\/v2\/pages\/50254\/revisions\/59040"}],"up":[{"embeddable":true,"href":"https:\/\/phil.ca\/fr\/wp-json\/wp\/v2\/pages\/50618"}],"wp:attachment":[{"href":"https:\/\/phil.ca\/fr\/wp-json\/wp\/v2\/media?parent=50254"}],"curies":[{"name":"wp","href":"https:\/\/api.w.org\/{rel}","templated":true}]}}