{"id":50299,"date":"2019-10-30T20:16:47","date_gmt":"2019-10-30T20:16:47","guid":{"rendered":"http:\/\/phil.ca\/?page_id=50299"},"modified":"2021-08-25T18:37:57","modified_gmt":"2021-08-25T18:37:57","slug":"notre-impact","status":"publish","type":"page","link":"https:\/\/phil.ca\/fr\/notre-impact\/","title":{"rendered":"Notre impact"},"content":{"rendered":"<p>[et_pb_section fb_built=\u00a0\u00bb1&Prime; _builder_version=\u00a0\u00bb4.9.4&Prime; background_enable_image=\u00a0\u00bboff\u00a0\u00bb custom_margin=\u00a0\u00bb50px||||false|false\u00a0\u00bb custom_margin_tablet=\u00a0\u00bb30px||||false|false\u00a0\u00bb custom_margin_phone=\u00a0\u00bb10px||||false|false\u00a0\u00bb custom_margin_last_edited=\u00a0\u00bbon|phone\u00a0\u00bb da_disable_devices=\u00a0\u00bboff|off|off\u00a0\u00bb locked=\u00a0\u00bboff\u00a0\u00bb da_is_popup=\u00a0\u00bboff\u00a0\u00bb da_exit_intent=\u00a0\u00bboff\u00a0\u00bb da_has_close=\u00a0\u00bbon\u00a0\u00bb da_alt_close=\u00a0\u00bboff\u00a0\u00bb da_dark_close=\u00a0\u00bboff\u00a0\u00bb da_not_modal=\u00a0\u00bbon\u00a0\u00bb da_is_singular=\u00a0\u00bboff\u00a0\u00bb da_with_loader=\u00a0\u00bboff\u00a0\u00bb da_has_shadow=\u00a0\u00bbon\u00a0\u00bb][et_pb_row column_structure=\u00a0\u00bb1_3,2_3&Prime; custom_padding_last_edited=\u00a0\u00bbon|phone\u00a0\u00bb _builder_version=\u00a0\u00bb3.27.4&Prime; width=\u00a0\u00bb100%\u00a0\u00bb max_width=\u00a0\u00bb80%\u00a0\u00bb custom_padding=\u00a0\u00bb30px||75px||false|false\u00a0\u00bb custom_padding_tablet=\u00a0\u00bb0px||||false|false\u00a0\u00bb custom_padding_phone=\u00a0\u00bb\u00a0\u00bb][et_pb_column type=\u00a0\u00bb1_3&Prime; _builder_version=\u00a0\u00bb3.27.4&Prime;][et_pb_text _builder_version=\u00a0\u00bb4.9.4&Prime; text_font=\u00a0\u00bb||||||||\u00a0\u00bb text_line_height=\u00a0\u00bb2em\u00a0\u00bb header_font=\u00a0\u00bbNunito Sans|900|||||||\u00a0\u00bb header_text_color=\u00a0\u00bb#007934&Prime; header_font_size=\u00a0\u00bb65px\u00a0\u00bb header_line_height=\u00a0\u00bb0.9em\u00a0\u00bb header_3_font=\u00a0\u00bbNunito Sans|800|||||||\u00a0\u00bb header_3_text_color=\u00a0\u00bb#212121&Prime; custom_margin=\u00a0\u00bb||-1px|||\u00a0\u00bb header_font_size_tablet=\u00a0\u00bb60px\u00a0\u00bb header_font_size_phone=\u00a0\u00bb36px\u00a0\u00bb header_font_size_last_edited=\u00a0\u00bbon|tablet\u00a0\u00bb locked=\u00a0\u00bboff\u00a0\u00bb]<\/p>\n<h1>L\u2019abc de Phil sur l\u2019audace<\/h1>\n<p>[\/et_pb_text][\/et_pb_column][et_pb_column type=\u00a0\u00bb2_3&Prime; _builder_version=\u00a0\u00bb3.27.4&Prime;][et_pb_text module_id=\u00a0\u00bbaudace\u00a0\u00bb _builder_version=\u00a0\u00bb4.9.4&Prime; text_font=\u00a0\u00bb|300|||||||\u00a0\u00bb text_font_size=\u00a0\u00bb18px\u00a0\u00bb header_font=\u00a0\u00bbPoppins|600|||||||\u00a0\u00bb header_font_size=\u00a0\u00bb40px\u00a0\u00bb header_line_height=\u00a0\u00bb1.3em\u00a0\u00bb text_font_size_tablet=\u00a0\u00bb16px\u00a0\u00bb text_font_size_phone=\u00a0\u00bb16px\u00a0\u00bb text_font_size_last_edited=\u00a0\u00bbon|phone\u00a0\u00bb locked=\u00a0\u00bboff\u00a0\u00bb]<\/p>\n<p><strong>Terriens et tous ceux qui travaillez pour des causes sociales, \u00e9coutez bien ceci :<\/strong> depuis trop longtemps, nous avons \u00e9t\u00e9 divis\u00e9s par divers int\u00e9r\u00eats personnels et priorit\u00e9s, faisant de petits pas dans diff\u00e9rentes directions et essayant d&rsquo;atteindre seuls nos modestes objectifs.<\/p>\n<p>La strat\u00e9gie des petits pas n\u2019est plus viable. Le temps est venu pour plus d\u2019audace.<\/p>\n<p>Les d\u00e9fis communs exigent des solutions communes et nous avons besoin d&rsquo;approches partag\u00e9es pour les aborder. Avec moins de dix ans pour atteindre les Objectifs de d\u00e9veloppement durables (ODD) mondiaux, les r\u00e9volutionnaires de Phil prennent position contre la d\u00e9sillusion et l\u2019inaction. Nous crions haut et fort nos espoirs, sachant tr\u00e8s bien que tout joue contre nous. Mais nous croyons au pouvoir des vraies synergies.<\/p>\n<p>Nous savons que les ODD sont universels. Ils invitent chaque nation, chaque secteur, chaque profession, chaque entreprise et chaque personne sur cette plan\u00e8te \u00e0 \u00e9voluer et \u00e0 repenser ses modes de vie. Les ODD exigent de nous de reconstruire les syst\u00e8mes qui d\u00e9truisent notre sant\u00e9 et les \u00e9cosyst\u00e8mes.<\/p>\n<p>Cette n\u00e9cessaire transformation ne peut \u00eatre laiss\u00e9e entre les mains des gouvernements, des lobbyistes, des n\u00e9gociateurs, des l\u00e9gislateurs et des experts qui voient les choses de loin. Il n&rsquo;en tient qu&rsquo;\u00e0 nous et aux organismes de terrain, aux entreprises progressistes, aux initiatives communautaires et aux financiers innovateurs de briser le statu quo.<\/p>\n<p>Si vous vous levez le matin pour aller travailler pour le changement, vous devez promouvoir les ODD. Nous vous invitons aujourd\u2019hui \u00e0 vous joindre \u00e0 nous dans un effort collectif, une v\u00e9ritable synergie pour le bien. Atteindre les ODD est l&rsquo;objectif que nous partageons tous. Agissons avant qu&rsquo;il ne soit trop tard.<\/p>\n<p>Voici notre ABC sur l\u2019audace :<\/p>\n<p>A. Traduisez les ODD dans un langage clair pour votre public cible et inspirant pour votre communaut\u00e9 d\u2019acteurs du changement.<\/p>\n<p>B. D\u00e9montrez la pertinence des ODD \u00e0 votre organisme. Personne sur Terre ne peut faire ce que vous faites de la mani\u00e8re dont vous le faites. Partagez vos fa\u00e7ons uniques de rendre le monde meilleur. N&rsquo;en faites pas un secret. Faites-en un message haut et fort!<\/p>\n<p>C. Cr\u00e9ez une r\u00e9action en cha\u00eene pour le changement. Diffuser votre message et faites appel \u00e0 vos commanditaires, bailleurs de fonds, donateurs et clients sur l&rsquo;urgence d\u2019agir ensemble au niveau de la communaut\u00e9, voire m\u00eame au niveau r\u00e9gional ou provincial. Changeons le cadre qui nous limite pour r\u00e9aliser les ODD.<\/p>\n<p>Nos buts sont simples et transparents. Ils correspondent aux valeurs des personnes qui \u0153uvrent dans le secteur social et bien au-del\u00e0. Il n&rsquo;y a plus de temps pour la complaisance. L&rsquo;enjeu est trop s\u00e9rieux pour que la m\u00e9diocratie continue. Il y a urgence d\u2019agir. C&rsquo;est le temps de l\u2019audace. <strong><a href=\"\/fr\/contact\/\">Joignez-vous \u00e0 nous d\u00e8s aujourd&rsquo;hui !<\/a><\/strong><\/p>\n<p>[\/et_pb_text][et_pb_button button_url=\u00a0\u00bbhttps:\/\/drive.google.com\/file\/d\/10DU9cOT9NQiYQmMcX58ZsOCggXjaCqJR\/view\u00a0\u00bb button_text=\u00a0\u00bbLisez notre strat\u00e9gie d&rsquo;impact ici\u00a0\u00bb button_alignment=\u00a0\u00bbcenter\u00a0\u00bb _builder_version=\u00a0\u00bb4.9.4&Prime; custom_button=\u00a0\u00bbon\u00a0\u00bb button_text_size=\u00a0\u00bb12px\u00a0\u00bb button_text_color=\u00a0\u00bb#ffffff\u00a0\u00bb button_bg_color=\u00a0\u00bb#007934&Prime; button_border_width=\u00a0\u00bb0px\u00a0\u00bb button_border_radius=\u00a0\u00bb100px\u00a0\u00bb button_letter_spacing=\u00a0\u00bb1px\u00a0\u00bb button_font=\u00a0\u00bbNunito Sans|700||on|||||\u00a0\u00bb button_icon=\u00a0\u00bb%%190%%\u00a0\u00bb button_on_hover=\u00a0\u00bboff\u00a0\u00bb custom_padding=\u00a0\u00bb14px|58px|14px|40px|true|false\u00a0\u00bb locked=\u00a0\u00bboff\u00a0\u00bb]<\/p>\n<p>[\/et_pb_button][\/et_pb_column][\/et_pb_row][\/et_pb_section]<\/p>\n","protected":false},"excerpt":{"rendered":"<p>L\u2019abc de Phil sur l\u2019audaceTerriens et tous ceux qui travaillez pour des causes sociales, \u00e9coutez bien ceci : depuis trop longtemps, nous avons \u00e9t\u00e9 divis\u00e9s par divers int\u00e9r\u00eats personnels et priorit\u00e9s, faisant de petits pas dans diff\u00e9rentes directions et essayant d&rsquo;atteindre seuls nos modestes objectifs. La strat\u00e9gie des petits pas n\u2019est plus viable. Le temps est venu pour plus d\u2019audace. Les d\u00e9fis communs exigent des solutions communes et nous avons besoin d&rsquo;approches partag\u00e9es pour les aborder. Avec moins de dix ans pour atteindre les Objectifs de d\u00e9veloppement durables (ODD) mondiaux, les r\u00e9volutionnaires de Phil prennent position contre la d\u00e9sillusion et l\u2019inaction. Nous crions haut et fort nos espoirs, sachant tr\u00e8s bien que tout joue contre nous. Mais nous croyons au pouvoir des vraies synergies. Nous savons que les ODD sont universels. Ils invitent chaque nation, chaque secteur, chaque profession, chaque entreprise et chaque personne sur cette plan\u00e8te \u00e0 \u00e9voluer et \u00e0 repenser ses modes de vie. Les ODD exigent de nous de reconstruire les syst\u00e8mes qui d\u00e9truisent notre sant\u00e9 et les \u00e9cosyst\u00e8mes. Cette n\u00e9cessaire transformation ne peut \u00eatre laiss\u00e9e entre les mains des gouvernements, des lobbyistes, des n\u00e9gociateurs, des l\u00e9gislateurs et des experts qui voient les choses de loin. Il n&rsquo;en tient qu&rsquo;\u00e0 nous et aux organismes de terrain, aux entreprises progressistes, aux initiatives communautaires et aux financiers innovateurs de briser le statu quo. Si vous vous levez le matin pour aller travailler pour le changement, vous devez promouvoir les ODD. Nous vous invitons aujourd\u2019hui \u00e0 vous joindre \u00e0 nous dans un effort collectif, une v\u00e9ritable synergie pour le bien. Atteindre les ODD est l&rsquo;objectif que nous partageons tous. Agissons avant qu&rsquo;il ne soit trop tard. Voici notre ABC sur l\u2019audace : A. Traduisez les ODD dans un langage clair pour votre public cible et inspirant pour votre communaut\u00e9 d\u2019acteurs du changement. B. D\u00e9montrez la pertinence des ODD \u00e0 votre organisme. Personne sur Terre ne peut faire ce que vous faites de la mani\u00e8re dont vous le faites. Partagez vos fa\u00e7ons uniques de rendre le monde meilleur. N&rsquo;en faites pas un secret. Faites-en un message haut et fort! C. Cr\u00e9ez une r\u00e9action en cha\u00eene pour le changement. Diffuser votre message et faites appel \u00e0 vos commanditaires, bailleurs de fonds, donateurs et clients sur l&rsquo;urgence d\u2019agir ensemble au niveau de la communaut\u00e9, voire m\u00eame au niveau r\u00e9gional ou provincial. Changeons le cadre qui nous limite pour r\u00e9aliser les ODD. Nos buts sont simples et transparents. Ils correspondent aux valeurs des personnes qui \u0153uvrent dans le secteur social et bien au-del\u00e0. Il n&rsquo;y a plus de temps pour la complaisance. L&rsquo;enjeu est trop s\u00e9rieux pour que la m\u00e9diocratie continue. Il y a urgence d\u2019agir. C&rsquo;est le temps de l\u2019audace. Joignez-vous \u00e0 nous d\u00e8s aujourd&rsquo;hui !<\/p>\n","protected":false},"author":5,"featured_media":0,"parent":0,"menu_order":0,"comment_status":"closed","ping_status":"closed","template":"","meta":{"_et_pb_use_builder":"on","_et_pb_old_content":"","_et_gb_content_width":"","inline_featured_image":false,"footnotes":""},"class_list":["post-50299","page","type-page","status-publish","hentry"],"aioseo_notices":[],"_links":{"self":[{"href":"https:\/\/phil.ca\/fr\/wp-json\/wp\/v2\/pages\/50299","targetHints":{"allow":["GET"]}}],"collection":[{"href":"https:\/\/phil.ca\/fr\/wp-json\/wp\/v2\/pages"}],"about":[{"href":"https:\/\/phil.ca\/fr\/wp-json\/wp\/v2\/types\/page"}],"author":[{"embeddable":true,"href":"https:\/\/phil.ca\/fr\/wp-json\/wp\/v2\/users\/5"}],"replies":[{"embeddable":true,"href":"https:\/\/phil.ca\/fr\/wp-json\/wp\/v2\/comments?post=50299"}],"version-history":[{"count":29,"href":"https:\/\/phil.ca\/fr\/wp-json\/wp\/v2\/pages\/50299\/revisions"}],"predecessor-version":[{"id":55303,"href":"https:\/\/phil.ca\/fr\/wp-json\/wp\/v2\/pages\/50299\/revisions\/55303"}],"wp:attachment":[{"href":"https:\/\/phil.ca\/fr\/wp-json\/wp\/v2\/media?parent=50299"}],"curies":[{"name":"wp","href":"https:\/\/api.w.org\/{rel}","templated":true}]}}