{"id":50340,"date":"2019-10-31T16:05:14","date_gmt":"2019-10-31T16:05:14","guid":{"rendered":"http:\/\/phil.ca\/?page_id=50340"},"modified":"2023-07-04T14:27:40","modified_gmt":"2023-07-04T14:27:40","slug":"hebergement-wordpress","status":"publish","type":"page","link":"https:\/\/phil.ca\/fr\/hebergement-wordpress\/","title":{"rendered":"H\u00e9bergement WordPress"},"content":{"rendered":"<p>[et_pb_section fb_built=\u00a0\u00bb1&Prime; specialty=\u00a0\u00bbon\u00a0\u00bb _builder_version=\u00a0\u00bb4.16&Prime; inner_max_width=\u00a0\u00bb100%\u00a0\u00bb custom_margin=\u00a0\u00bb75px||75px||true|false\u00a0\u00bb custom_margin_tablet=\u00a0\u00bb30px||30px||true|false\u00a0\u00bb custom_margin_phone=\u00a0\u00bb0px||0px||true|false\u00a0\u00bb custom_margin_last_edited=\u00a0\u00bbon|phone\u00a0\u00bb da_disable_devices=\u00a0\u00bboff|off|off\u00a0\u00bb locked=\u00a0\u00bboff\u00a0\u00bb global_colors_info=\u00a0\u00bb{}\u00a0\u00bb da_is_popup=\u00a0\u00bboff\u00a0\u00bb da_exit_intent=\u00a0\u00bboff\u00a0\u00bb da_has_close=\u00a0\u00bbon\u00a0\u00bb da_alt_close=\u00a0\u00bboff\u00a0\u00bb da_dark_close=\u00a0\u00bboff\u00a0\u00bb da_not_modal=\u00a0\u00bbon\u00a0\u00bb da_is_singular=\u00a0\u00bboff\u00a0\u00bb da_with_loader=\u00a0\u00bboff\u00a0\u00bb da_has_shadow=\u00a0\u00bbon\u00a0\u00bb][et_pb_column type=\u00a0\u00bb1_4&Prime; _builder_version=\u00a0\u00bb4.16&Prime; custom_padding=\u00a0\u00bb|||\u00a0\u00bb global_colors_info=\u00a0\u00bb{}\u00a0\u00bb custom_padding__hover=\u00a0\u00bb|||\u00a0\u00bb][et_pb_divider color=\u00a0\u00bb#007934&Prime; divider_weight=\u00a0\u00bb16px\u00a0\u00bb disabled_on=\u00a0\u00bbon|off|off\u00a0\u00bb _builder_version=\u00a0\u00bb4.16&Prime; max_width=\u00a0\u00bb48px\u00a0\u00bb custom_margin=\u00a0\u00bb||10px||false|false\u00a0\u00bb locked=\u00a0\u00bboff\u00a0\u00bb global_colors_info=\u00a0\u00bb{}\u00a0\u00bb][\/et_pb_divider][et_pb_text disabled_on=\u00a0\u00bbon|off|off\u00a0\u00bb _builder_version=\u00a0\u00bb4.16&Prime; text_font=\u00a0\u00bb||||||||\u00a0\u00bb text_line_height=\u00a0\u00bb2em\u00a0\u00bb header_font=\u00a0\u00bbNunito Sans|800|||||||\u00a0\u00bb header_text_color=\u00a0\u00bb#212121&Prime; header_line_height=\u00a0\u00bb1.3em\u00a0\u00bb custom_margin=\u00a0\u00bb0px|||||\u00a0\u00bb header_font_size_tablet=\u00a0\u00bb30px\u00a0\u00bb header_font_size_phone=\u00a0\u00bb24px\u00a0\u00bb header_font_size_last_edited=\u00a0\u00bbon|desktop\u00a0\u00bb global_colors_info=\u00a0\u00bb{}\u00a0\u00bb]<\/p>\n<h1>H\u00e9bergement<\/h1>\n<p>[\/et_pb_text][\/et_pb_column][et_pb_column type=\u00a0\u00bb3_4&Prime; specialty_columns=\u00a0\u00bb3&Prime; _builder_version=\u00a0\u00bb4.16&Prime; custom_padding=\u00a0\u00bb|||\u00a0\u00bb global_colors_info=\u00a0\u00bb{}\u00a0\u00bb custom_padding__hover=\u00a0\u00bb|||\u00a0\u00bb][et_pb_row_inner column_structure=\u00a0\u00bbundefined\u00a0\u00bb _builder_version=\u00a0\u00bb4.16&Prime; global_colors_info=\u00a0\u00bb{}\u00a0\u00bb][et_pb_column_inner type=\u00a0\u00bbundefined\u00a0\u00bb saved_specialty_column_type=\u00a0\u00bb3_4&Prime; _builder_version=\u00a0\u00bb4.16&Prime; global_colors_info=\u00a0\u00bb{}\u00a0\u00bb][et_pb_text _builder_version=\u00a0\u00bb4.16&Prime; text_font=\u00a0\u00bb||||||||\u00a0\u00bb text_line_height=\u00a0\u00bb2em\u00a0\u00bb header_font=\u00a0\u00bbNunito Sans|900|||||||\u00a0\u00bb header_text_color=\u00a0\u00bb#007934&Prime; header_font_size=\u00a0\u00bb70px\u00a0\u00bb header_line_height=\u00a0\u00bb0.9em\u00a0\u00bb header_3_font=\u00a0\u00bbNunito Sans|800|||||||\u00a0\u00bb header_3_text_color=\u00a0\u00bb#212121&Prime; custom_margin=\u00a0\u00bb||28px|||\u00a0\u00bb header_font_size_tablet=\u00a0\u00bb60px\u00a0\u00bb header_font_size_phone=\u00a0\u00bb36px\u00a0\u00bb header_font_size_last_edited=\u00a0\u00bbon|phone\u00a0\u00bb locked=\u00a0\u00bboff\u00a0\u00bb global_colors_info=\u00a0\u00bb{}\u00a0\u00bb]<\/p>\n<h1>H\u00e9bergement WordPress<\/h1>\n<p>[\/et_pb_text][\/et_pb_column_inner][\/et_pb_row_inner][et_pb_row_inner column_structure=\u00a0\u00bbundefined\u00a0\u00bb _builder_version=\u00a0\u00bb4.16&Prime; global_colors_info=\u00a0\u00bb{}\u00a0\u00bb][et_pb_column_inner type=\u00a0\u00bbundefined\u00a0\u00bb saved_specialty_column_type=\u00a0\u00bb3_4&Prime; _builder_version=\u00a0\u00bb4.16&Prime; global_colors_info=\u00a0\u00bb{}\u00a0\u00bb][et_pb_pricing_tables featured_table_header_background_color=\u00a0\u00bb#007934&Prime; featured_table_header_text_color=\u00a0\u00bb#ffffff\u00a0\u00bb header_background_color=\u00a0\u00bb#e6e6e7&Prime; featured_table_bullet_color=\u00a0\u00bb#007934&Prime; bullet_color=\u00a0\u00bb#007934&Prime; featured_table_price_color=\u00a0\u00bb#007934&Prime; _builder_version=\u00a0\u00bb4.16&Prime; price_text_color=\u00a0\u00bb#007934&Prime; header_text_color=\u00a0\u00bb#212121&Prime; header_font=\u00a0\u00bbNunito Sans|800|||||||\u00a0\u00bb price_font=\u00a0\u00bb|600|||||||\u00a0\u00bb global_colors_info=\u00a0\u00bb{}\u00a0\u00bb][et_pb_pricing_table title=\u00a0\u00bbH\u00e9bergement bronze\u00a0\u00bb currency=\u00a0\u00bb$\u00a0\u00bb per=\u00a0\u00bban\u00a0\u00bb sum=\u00a0\u00bb400&Prime; _builder_version=\u00a0\u00bb4.16&Prime; global_colors_info=\u00a0\u00bb{}\u00a0\u00bb sticky_transition=\u00a0\u00bbon\u00a0\u00bb]<\/p>\n<p>+ Mises \u00e0 jour r\u00e9guli\u00e8res de WordPress, des extensions et des th\u00e8mes<br \/>+ Sauvegardes quotidiennes<br \/>+ Maintien des mesures de s\u00e9curit\u00e9 de base<br \/>+ Pas de soutien technique<\/p>\n<p>[\/et_pb_pricing_table][et_pb_pricing_table featured=\u00a0\u00bbon\u00a0\u00bb title=\u00a0\u00bbH\u00e9bergement argent\u00a0\u00bb currency=\u00a0\u00bb$\u00a0\u00bb per=\u00a0\u00bban\u00a0\u00bb sum=\u00a0\u00bb800&Prime; _builder_version=\u00a0\u00bb4.16&Prime; global_colors_info=\u00a0\u00bb{}\u00a0\u00bb sticky_transition=\u00a0\u00bbon\u00a0\u00bb]<\/p>\n<p>+ Mises \u00e0 jour r\u00e9guli\u00e8res de WordPress, des extensions et des th\u00e8mes<br \/>+ Sauvegardes quotidiennes<br \/>+ Maintien des mesures de s\u00e9curit\u00e9 de base<br \/>+ 15 minutes par mois de soutien pour corriger des probl\u00e8mes techniques, modifier le design ou mettre \u00e0 jour le contenu (mots, images, articles de blogue)<\/p>\n<p>[\/et_pb_pricing_table][et_pb_pricing_table title=\u00a0\u00bbH\u00e9bergement or\u00a0\u00bb currency=\u00a0\u00bb$\u00a0\u00bb per=\u00a0\u00bban\u00a0\u00bb sum=\u00a0\u00bb1000&Prime; _builder_version=\u00a0\u00bb4.16&Prime; global_colors_info=\u00a0\u00bb{}\u00a0\u00bb sticky_transition=\u00a0\u00bbon\u00a0\u00bb]<\/p>\n<p>+ Mises \u00e0 jour r\u00e9guli\u00e8res de WordPress, des extensions et des th\u00e8mes<br \/>+ Sauvegardes quotidiennes<br \/>+ Maintien de mesures de s\u00e9curit\u00e9 avanc\u00e9es<br \/>+ 30 minutes par mois de soutien pour corriger des probl\u00e8mes techniques, modifier le design ou mettre \u00e0 jour le contenu (mots, images, articles de blogue)<\/p>\n<p>[\/et_pb_pricing_table][\/et_pb_pricing_tables][et_pb_text _builder_version=\u00a0\u00bb4.16&Prime; _module_preset=\u00a0\u00bbdefault\u00a0\u00bb locked=\u00a0\u00bboff\u00a0\u00bb global_colors_info=\u00a0\u00bb{}\u00a0\u00bb]<\/p>\n<p><strong>GESTION DE WORDPRESS<\/strong><br \/>Nous maintenons le fonctionnement optimal et s\u00e9curis\u00e9 de votre site WordPress en effectuant les mises \u00e0 jour logicielles r\u00e9guli\u00e8res de WordPress et des extensions, et gr\u00e2ce aux am\u00e9liorations proactives de la s\u00e9curit\u00e9.<\/p>\n<p><strong>CACHE &amp; RAPIDE<\/strong><br \/>La vitesse compte! Les visiteurs de votre site web s\u2019y attendent, Google r\u00e9compense les sites rapides et nous l\u2019am\u00e9liorons sans cesse! Les serveurs NVMe LiteSpeed sont configur\u00e9s pour fournir \u00e0 tous nos clients une m\u00e9moire cache c\u00f4t\u00e9 serveur \u00e0 la fine pointe de la technologie.<\/p>\n<p><strong>SAUVEGARDES MULTIPLES<\/strong><br \/>De v\u00e9ritables sauvegardes quotidiennes automatiques stock\u00e9es hors site et accessibles. Vous avez \u00e9galement acc\u00e8s \u00e0 notre syst\u00e8me de capture d\u2019\u00e9cran en temps r\u00e9el. Vos donn\u00e9es vous appartiennent, mais nous nous en occupons pour vous! Toutes vos donn\u00e9es sont disponibles dans un format qui peut \u00eatre facilement migr\u00e9 vers un autre h\u00e9bergeur, vous n\u2019\u00eates jamais pris avec un syst\u00e8me de fichiers propri\u00e9taire.<\/p>\n<p><strong>PROTECTION CONTRE LE PIRATAGE ET NETTOYAGE<\/strong><br \/>Nous faisons tout ce que nous pouvons pour emp\u00eacher votre site d\u2019\u00eatre pirat\u00e9. Cela inclut l\u2019analyse en temps r\u00e9el, la surveillance et les mises \u00e0 jour de s\u00e9curit\u00e9. Si votre site \u00e9tait malgr\u00e9 tout pirat\u00e9, notre \u00e9quipe de s\u00e9curit\u00e9 le r\u00e9parerait imm\u00e9diatement, sans frais suppl\u00e9mentaires. Vous \u00eates vraiment prot\u00e9g\u00e9!<\/p>\n<p><strong>CDN \u2014 R\u00c9SEAU DE DIFFUSION DE CONTENU<\/strong><br \/>Notre CDN vous permet d\u2019\u00e9tendre notre r\u00e9seau \u00e0 33 centres de donn\u00e9es dans 24 pays sur 5 continents! Notre r\u00e9seau de diffusion HTTP\/2 bas\u00e9 sur SSD rapproche votre contenu de vos visiteurs et aide \u00e0 r\u00e9duire le temps de chargement. Con\u00e7us pour aller \u00e0 la vitesse de l\u2019\u00e9clair.<\/p>\n<p><strong>OPTIMISATION D\u2019IMAGE ULTRA RAPIDE<\/strong><br \/>Nous optimisons vos images et acc\u00e9l\u00e9rons votre site web. L\u2019optimisation des images c\u00f4t\u00e9 serveur permet de r\u00e9duire de moiti\u00e9 la taille des images en moyenne, sans compromettre leur qualit\u00e9.<\/p>\n<p>[\/et_pb_text][\/et_pb_column_inner][\/et_pb_row_inner][\/et_pb_column][\/et_pb_section]<\/p>\n","protected":false},"excerpt":{"rendered":"<p>H\u00e9bergementH\u00e9bergement WordPress+ Mises \u00e0 jour r\u00e9guli\u00e8res de WordPress, des extensions et des th\u00e8mes+ Sauvegardes quotidiennes+ Maintien des mesures de s\u00e9curit\u00e9 de base+ Pas de soutien technique+ Mises \u00e0 jour r\u00e9guli\u00e8res de WordPress, des extensions et des th\u00e8mes+ Sauvegardes quotidiennes+ Maintien des mesures de s\u00e9curit\u00e9 de base+ 15 minutes par mois de soutien pour corriger des probl\u00e8mes techniques, modifier le design ou mettre \u00e0 jour le contenu (mots, images, articles de blogue)+ Mises \u00e0 jour r\u00e9guli\u00e8res de WordPress, des extensions et des th\u00e8mes+ Sauvegardes quotidiennes+ Maintien de mesures de s\u00e9curit\u00e9 avanc\u00e9es+ 30 minutes par mois de soutien pour corriger des probl\u00e8mes techniques, modifier le design ou mettre \u00e0 jour le contenu (mots, images, articles de blogue)GESTION DE WORDPRESSNous maintenons le fonctionnement optimal et s\u00e9curis\u00e9 de votre site WordPress en effectuant les mises \u00e0 jour logicielles r\u00e9guli\u00e8res de WordPress et des extensions, et gr\u00e2ce aux am\u00e9liorations proactives de la s\u00e9curit\u00e9. CACHE &amp; RAPIDELa vitesse compte! Les visiteurs de votre site web s\u2019y attendent, Google r\u00e9compense les sites rapides et nous l\u2019am\u00e9liorons sans cesse! Les serveurs NVMe LiteSpeed sont configur\u00e9s pour fournir \u00e0 tous nos clients une m\u00e9moire cache c\u00f4t\u00e9 serveur \u00e0 la fine pointe de la technologie. SAUVEGARDES MULTIPLESDe v\u00e9ritables sauvegardes quotidiennes automatiques stock\u00e9es hors site et accessibles. Vous avez \u00e9galement acc\u00e8s \u00e0 notre syst\u00e8me de capture d\u2019\u00e9cran en temps r\u00e9el. Vos donn\u00e9es vous appartiennent, mais nous nous en occupons pour vous! Toutes vos donn\u00e9es sont disponibles dans un format qui peut \u00eatre facilement migr\u00e9 vers un autre h\u00e9bergeur, vous n\u2019\u00eates jamais pris avec un syst\u00e8me de fichiers propri\u00e9taire. PROTECTION CONTRE LE PIRATAGE ET NETTOYAGENous faisons tout ce que nous pouvons pour emp\u00eacher votre site d\u2019\u00eatre pirat\u00e9. Cela inclut l\u2019analyse en temps r\u00e9el, la surveillance et les mises \u00e0 jour de s\u00e9curit\u00e9. Si votre site \u00e9tait malgr\u00e9 tout pirat\u00e9, notre \u00e9quipe de s\u00e9curit\u00e9 le r\u00e9parerait imm\u00e9diatement, sans frais suppl\u00e9mentaires. Vous \u00eates vraiment prot\u00e9g\u00e9! CDN \u2014 R\u00c9SEAU DE DIFFUSION DE CONTENUNotre CDN vous permet d\u2019\u00e9tendre notre r\u00e9seau \u00e0 33 centres de donn\u00e9es dans 24 pays sur 5 continents! Notre r\u00e9seau de diffusion HTTP\/2 bas\u00e9 sur SSD rapproche votre contenu de vos visiteurs et aide \u00e0 r\u00e9duire le temps de chargement. Con\u00e7us pour aller \u00e0 la vitesse de l\u2019\u00e9clair. OPTIMISATION D\u2019IMAGE ULTRA RAPIDENous optimisons vos images et acc\u00e9l\u00e9rons votre site web. L\u2019optimisation des images c\u00f4t\u00e9 serveur permet de r\u00e9duire de moiti\u00e9 la taille des images en moyenne, sans compromettre leur qualit\u00e9.<\/p>\n","protected":false},"author":5,"featured_media":0,"parent":0,"menu_order":0,"comment_status":"closed","ping_status":"closed","template":"","meta":{"_et_pb_use_builder":"on","_et_pb_old_content":"","_et_gb_content_width":"","inline_featured_image":false,"footnotes":""},"class_list":["post-50340","page","type-page","status-publish","hentry"],"aioseo_notices":[],"_links":{"self":[{"href":"https:\/\/phil.ca\/fr\/wp-json\/wp\/v2\/pages\/50340","targetHints":{"allow":["GET"]}}],"collection":[{"href":"https:\/\/phil.ca\/fr\/wp-json\/wp\/v2\/pages"}],"about":[{"href":"https:\/\/phil.ca\/fr\/wp-json\/wp\/v2\/types\/page"}],"author":[{"embeddable":true,"href":"https:\/\/phil.ca\/fr\/wp-json\/wp\/v2\/users\/5"}],"replies":[{"embeddable":true,"href":"https:\/\/phil.ca\/fr\/wp-json\/wp\/v2\/comments?post=50340"}],"version-history":[{"count":8,"href":"https:\/\/phil.ca\/fr\/wp-json\/wp\/v2\/pages\/50340\/revisions"}],"predecessor-version":[{"id":58875,"href":"https:\/\/phil.ca\/fr\/wp-json\/wp\/v2\/pages\/50340\/revisions\/58875"}],"wp:attachment":[{"href":"https:\/\/phil.ca\/fr\/wp-json\/wp\/v2\/media?parent=50340"}],"curies":[{"name":"wp","href":"https:\/\/api.w.org\/{rel}","templated":true}]}}