{"id":52166,"date":"2020-02-13T15:18:10","date_gmt":"2020-02-13T15:18:10","guid":{"rendered":"https:\/\/phil.ca\/?page_id=52166"},"modified":"2022-10-20T20:56:15","modified_gmt":"2022-10-20T20:56:15","slug":"valentin","status":"publish","type":"page","link":"https:\/\/phil.ca\/fr\/valentin\/","title":{"rendered":"Amour"},"content":{"rendered":"<p>[et_pb_section fb_built=\u00a0\u00bb1&Prime; specialty=\u00a0\u00bbon\u00a0\u00bb _builder_version=\u00a0\u00bb3.27.4&Prime; inner_max_width=\u00a0\u00bb100%\u00a0\u00bb custom_margin=\u00a0\u00bb75px||75px||true|false\u00a0\u00bb custom_margin_tablet=\u00a0\u00bb30px||30px||true|false\u00a0\u00bb custom_margin_phone=\u00a0\u00bb0px||0px||true|false\u00a0\u00bb custom_margin_last_edited=\u00a0\u00bbon|phone\u00a0\u00bb locked=\u00a0\u00bboff\u00a0\u00bb global_colors_info=\u00a0\u00bb{}\u00a0\u00bb da_is_popup=\u00a0\u00bboff\u00a0\u00bb da_exit_intent=\u00a0\u00bboff\u00a0\u00bb da_has_close=\u00a0\u00bbon\u00a0\u00bb da_alt_close=\u00a0\u00bboff\u00a0\u00bb da_dark_close=\u00a0\u00bboff\u00a0\u00bb da_not_modal=\u00a0\u00bbon\u00a0\u00bb da_is_singular=\u00a0\u00bboff\u00a0\u00bb da_with_loader=\u00a0\u00bboff\u00a0\u00bb da_has_shadow=\u00a0\u00bbon\u00a0\u00bb da_disable_devices=\u00a0\u00bboff|off|off\u00a0\u00bb][et_pb_column type=\u00a0\u00bb1_4&Prime; _builder_version=\u00a0\u00bb3.25&Prime; custom_padding=\u00a0\u00bb|||\u00a0\u00bb global_colors_info=\u00a0\u00bb{}\u00a0\u00bb custom_padding__hover=\u00a0\u00bb|||\u00a0\u00bb][et_pb_divider color=\u00a0\u00bb#007934&Prime; divider_weight=\u00a0\u00bb16px\u00a0\u00bb disabled_on=\u00a0\u00bbon|off|off\u00a0\u00bb _builder_version=\u00a0\u00bb3.27.4&Prime; max_width=\u00a0\u00bb48px\u00a0\u00bb custom_margin=\u00a0\u00bb||10px||false|false\u00a0\u00bb locked=\u00a0\u00bboff\u00a0\u00bb global_colors_info=\u00a0\u00bb{}\u00a0\u00bb][\/et_pb_divider][et_pb_text disabled_on=\u00a0\u00bbon|off|off\u00a0\u00bb _builder_version=\u00a0\u00bb3.27.4&Prime; text_font=\u00a0\u00bb||||||||\u00a0\u00bb text_line_height=\u00a0\u00bb2em\u00a0\u00bb header_font=\u00a0\u00bbNunito Sans|800|||||||\u00a0\u00bb header_text_color=\u00a0\u00bb#212121&Prime; header_line_height=\u00a0\u00bb1.3em\u00a0\u00bb custom_margin=\u00a0\u00bb0px|||||\u00a0\u00bb header_font_size_tablet=\u00a0\u00bb30px\u00a0\u00bb header_font_size_phone=\u00a0\u00bb24px\u00a0\u00bb header_font_size_last_edited=\u00a0\u00bbon|desktop\u00a0\u00bb global_colors_info=\u00a0\u00bb{}\u00a0\u00bb]<\/p>\n<h1>Saint-Valentin<\/h1>\n<p>[\/et_pb_text][\/et_pb_column][et_pb_column type=\u00a0\u00bb3_4&Prime; specialty_columns=\u00a0\u00bb3&Prime; _builder_version=\u00a0\u00bb3.25&Prime; custom_padding=\u00a0\u00bb|||\u00a0\u00bb global_colors_info=\u00a0\u00bb{}\u00a0\u00bb custom_padding__hover=\u00a0\u00bb|||\u00a0\u00bb][et_pb_row_inner column_structure=\u00a0\u00bbundefined\u00a0\u00bb _builder_version=\u00a0\u00bb3.27.4&Prime; global_colors_info=\u00a0\u00bb{}\u00a0\u00bb][et_pb_column_inner type=\u00a0\u00bbundefined\u00a0\u00bb saved_specialty_column_type=\u00a0\u00bb3_4&Prime; _builder_version=\u00a0\u00bb3.27.4&Prime; global_colors_info=\u00a0\u00bb{}\u00a0\u00bb][et_pb_text _builder_version=\u00a0\u00bb3.27.4&Prime; text_font=\u00a0\u00bb||||||||\u00a0\u00bb text_line_height=\u00a0\u00bb2em\u00a0\u00bb header_font=\u00a0\u00bbNunito Sans|900|||||||\u00a0\u00bb header_text_color=\u00a0\u00bb#007934&Prime; header_font_size=\u00a0\u00bb70px\u00a0\u00bb header_line_height=\u00a0\u00bb0.9em\u00a0\u00bb header_3_font=\u00a0\u00bbNunito Sans|800|||||||\u00a0\u00bb header_3_text_color=\u00a0\u00bb#212121&Prime; custom_margin=\u00a0\u00bb||0px|||\u00a0\u00bb header_font_size_tablet=\u00a0\u00bb60px\u00a0\u00bb header_font_size_phone=\u00a0\u00bb40px\u00a0\u00bb header_font_size_last_edited=\u00a0\u00bbon|phone\u00a0\u00bb locked=\u00a0\u00bboff\u00a0\u00bb global_colors_info=\u00a0\u00bb{}\u00a0\u00bb]<\/p>\n<h1>Joyeuse Saint-Valentin de la part de Phil.<\/h1>\n<p>[\/et_pb_text][et_pb_text _builder_version=\u00a0\u00bb3.27.4&Prime; text_font=\u00a0\u00bb|300|||||||\u00a0\u00bb text_font_size=\u00a0\u00bb18px\u00a0\u00bb header_font=\u00a0\u00bbPoppins|600|||||||\u00a0\u00bb header_font_size=\u00a0\u00bb40px\u00a0\u00bb header_line_height=\u00a0\u00bb1.3em\u00a0\u00bb text_font_size_tablet=\u00a0\u00bb16px\u00a0\u00bb text_font_size_phone=\u00a0\u00bb16px\u00a0\u00bb text_font_size_last_edited=\u00a0\u00bbon|phone\u00a0\u00bb locked=\u00a0\u00bboff\u00a0\u00bb global_colors_info=\u00a0\u00bb{}\u00a0\u00bb]<\/p>\n<p>T\u00e9l\u00e9chargez nos cr\u00e9ations et partagez-les sur vos r\u00e9seaux sociaux, ou imprimez les coupons et donnez-les aux personnes auxquelles vous tenez.\u2026 Partageons de l&rsquo;amour!<\/p>\n<p><strong>Clic droit sur l&rsquo;image pour t\u00e9l\u00e9charger<\/strong><\/p>\n<p>[\/et_pb_text][\/et_pb_column_inner][\/et_pb_row_inner][et_pb_row_inner column_structure=\u00a0\u00bb1_3,1_3,1_3&Prime; _builder_version=\u00a0\u00bb3.27.4&Prime; locked=\u00a0\u00bboff\u00a0\u00bb global_colors_info=\u00a0\u00bb{}\u00a0\u00bb][et_pb_column_inner type=\u00a0\u00bb1_3&Prime; saved_specialty_column_type=\u00a0\u00bb3_4&Prime; _builder_version=\u00a0\u00bb3.27.4&Prime; global_colors_info=\u00a0\u00bb{}\u00a0\u00bb][et_pb_image src=\u00a0\u00bbhttps:\/\/phil.ca\/wp-content\/uploads\/phil-vday-FR.jpg\u00a0\u00bb url=\u00a0\u00bbhttps:\/\/phil.ca\/wp-content\/uploads\/2020_Vday_Coupons_ForDownload_FR.pdf\u00a0\u00bb url_new_window=\u00a0\u00bbon\u00a0\u00bb _builder_version=\u00a0\u00bb3.27.4&Prime; global_colors_info=\u00a0\u00bb{}\u00a0\u00bb][\/et_pb_image][\/et_pb_column_inner][et_pb_column_inner type=\u00a0\u00bb1_3&Prime; saved_specialty_column_type=\u00a0\u00bb3_4&Prime; _builder_version=\u00a0\u00bb3.27.4&Prime; global_colors_info=\u00a0\u00bb{}\u00a0\u00bb][et_pb_image src=\u00a0\u00bbhttps:\/\/phil.ca\/wp-content\/uploads\/Conseil_1-1.jpg\u00a0\u00bb _builder_version=\u00a0\u00bb3.27.4&Prime; global_colors_info=\u00a0\u00bb{}\u00a0\u00bb][\/et_pb_image][\/et_pb_column_inner][et_pb_column_inner type=\u00a0\u00bb1_3&Prime; saved_specialty_column_type=\u00a0\u00bb3_4&Prime; _builder_version=\u00a0\u00bb3.27.4&Prime; global_colors_info=\u00a0\u00bb{}\u00a0\u00bb][et_pb_image src=\u00a0\u00bbhttps:\/\/phil.ca\/wp-content\/uploads\/Conseil_2.jpg\u00a0\u00bb _builder_version=\u00a0\u00bb3.27.4&Prime; global_colors_info=\u00a0\u00bb{}\u00a0\u00bb][\/et_pb_image][\/et_pb_column_inner][\/et_pb_row_inner][et_pb_row_inner column_structure=\u00a0\u00bb1_3,1_3,1_3&Prime; _builder_version=\u00a0\u00bb3.27.4&Prime; locked=\u00a0\u00bboff\u00a0\u00bb global_colors_info=\u00a0\u00bb{}\u00a0\u00bb][et_pb_column_inner type=\u00a0\u00bb1_3&Prime; saved_specialty_column_type=\u00a0\u00bb3_4&Prime; _builder_version=\u00a0\u00bb3.27.4&Prime; global_colors_info=\u00a0\u00bb{}\u00a0\u00bb][et_pb_image src=\u00a0\u00bbhttps:\/\/phil.ca\/wp-content\/uploads\/Conseil_3.jpg\u00a0\u00bb _builder_version=\u00a0\u00bb3.27.4&Prime; global_colors_info=\u00a0\u00bb{}\u00a0\u00bb][\/et_pb_image][\/et_pb_column_inner][et_pb_column_inner type=\u00a0\u00bb1_3&Prime; saved_specialty_column_type=\u00a0\u00bb3_4&Prime; _builder_version=\u00a0\u00bb3.27.4&Prime; global_colors_info=\u00a0\u00bb{}\u00a0\u00bb][et_pb_image src=\u00a0\u00bbhttps:\/\/phil.ca\/wp-content\/uploads\/Donateurs_1.jpg\u00a0\u00bb _builder_version=\u00a0\u00bb3.27.4&Prime; global_colors_info=\u00a0\u00bb{}\u00a0\u00bb][\/et_pb_image][\/et_pb_column_inner][et_pb_column_inner type=\u00a0\u00bb1_3&Prime; saved_specialty_column_type=\u00a0\u00bb3_4&Prime; _builder_version=\u00a0\u00bb3.27.4&Prime; global_colors_info=\u00a0\u00bb{}\u00a0\u00bb][et_pb_image src=\u00a0\u00bbhttps:\/\/phil.ca\/wp-content\/uploads\/Donateurs_2.jpg\u00a0\u00bb _builder_version=\u00a0\u00bb3.27.4&Prime; global_colors_info=\u00a0\u00bb{}\u00a0\u00bb][\/et_pb_image][\/et_pb_column_inner][\/et_pb_row_inner][et_pb_row_inner column_structure=\u00a0\u00bb1_3,1_3,1_3&Prime; _builder_version=\u00a0\u00bb3.27.4&Prime; locked=\u00a0\u00bboff\u00a0\u00bb global_colors_info=\u00a0\u00bb{}\u00a0\u00bb][et_pb_column_inner type=\u00a0\u00bb1_3&Prime; saved_specialty_column_type=\u00a0\u00bb3_4&Prime; _builder_version=\u00a0\u00bb3.27.4&Prime; global_colors_info=\u00a0\u00bb{}\u00a0\u00bb][et_pb_image src=\u00a0\u00bbhttps:\/\/phil.ca\/wp-content\/uploads\/Donateurs_3.jpg\u00a0\u00bb _builder_version=\u00a0\u00bb3.27.4&Prime; global_colors_info=\u00a0\u00bb{}\u00a0\u00bb][\/et_pb_image][\/et_pb_column_inner][et_pb_column_inner type=\u00a0\u00bb1_3&Prime; saved_specialty_column_type=\u00a0\u00bb3_4&Prime; _builder_version=\u00a0\u00bb3.27.4&Prime; global_colors_info=\u00a0\u00bb{}\u00a0\u00bb][et_pb_image src=\u00a0\u00bbhttps:\/\/phil.ca\/wp-content\/uploads\/Benevoles_1.jpg\u00a0\u00bb _builder_version=\u00a0\u00bb3.27.4&Prime; global_colors_info=\u00a0\u00bb{}\u00a0\u00bb][\/et_pb_image][\/et_pb_column_inner][et_pb_column_inner type=\u00a0\u00bb1_3&Prime; saved_specialty_column_type=\u00a0\u00bb3_4&Prime; _builder_version=\u00a0\u00bb3.27.4&Prime; global_colors_info=\u00a0\u00bb{}\u00a0\u00bb][et_pb_image src=\u00a0\u00bbhttps:\/\/phil.ca\/wp-content\/uploads\/Benevoles_2.jpg\u00a0\u00bb _builder_version=\u00a0\u00bb3.27.4&Prime; global_colors_info=\u00a0\u00bb{}\u00a0\u00bb][\/et_pb_image][\/et_pb_column_inner][\/et_pb_row_inner][et_pb_row_inner column_structure=\u00a0\u00bb1_3,1_3,1_3&Prime; _builder_version=\u00a0\u00bb3.27.4&Prime; locked=\u00a0\u00bboff\u00a0\u00bb global_colors_info=\u00a0\u00bb{}\u00a0\u00bb][et_pb_column_inner type=\u00a0\u00bb1_3&Prime; saved_specialty_column_type=\u00a0\u00bb3_4&Prime; _builder_version=\u00a0\u00bb3.27.4&Prime; global_colors_info=\u00a0\u00bb{}\u00a0\u00bb][\/et_pb_column_inner][et_pb_column_inner type=\u00a0\u00bb1_3&Prime; saved_specialty_column_type=\u00a0\u00bb3_4&Prime; _builder_version=\u00a0\u00bb3.27.4&Prime; global_colors_info=\u00a0\u00bb{}\u00a0\u00bb][et_pb_image src=\u00a0\u00bbhttps:\/\/phil.ca\/wp-content\/uploads\/Benevoles_3.jpg\u00a0\u00bb _builder_version=\u00a0\u00bb3.27.4&Prime; global_colors_info=\u00a0\u00bb{}\u00a0\u00bb][\/et_pb_image][\/et_pb_column_inner][et_pb_column_inner type=\u00a0\u00bb1_3&Prime; saved_specialty_column_type=\u00a0\u00bb3_4&Prime; _builder_version=\u00a0\u00bb3.27.4&Prime; global_colors_info=\u00a0\u00bb{}\u00a0\u00bb][\/et_pb_column_inner][\/et_pb_row_inner][\/et_pb_column][\/et_pb_section]<\/p>\n","protected":false},"excerpt":{"rendered":"<p>Saint-Valentin Joyeuse Saint-Valentin de la part de Phil. T\u00e9l\u00e9chargez nos cr\u00e9ations et partagez-les sur vos r\u00e9seaux sociaux, ou imprimez les coupons et donnez-les aux personnes auxquelles vous tenez.\u2026 Partageons de l&rsquo;amour! Clic droit sur l&rsquo;image pour t\u00e9l\u00e9charger<\/p>\n","protected":false},"author":5,"featured_media":0,"parent":0,"menu_order":0,"comment_status":"closed","ping_status":"closed","template":"","meta":{"_et_pb_use_builder":"on","_et_pb_old_content":"<p>[et_pb_section fb_built=\"1\" specialty=\"on\" _builder_version=\"3.27.4\" inner_max_width=\"100%\" custom_margin=\"75px||75px||true|false\" custom_margin_tablet=\"30px||30px||true|false\" custom_margin_phone=\"0px||0px||true|false\" custom_margin_last_edited=\"on|phone\" fb_built=\"1\" _i=\"0\" _address=\"0\" locked=\"off\"][et_pb_column type=\"1_4\" _builder_version=\"3.25\" custom_padding=\"|||\" _i=\"0\" _address=\"0.0\" custom_padding__hover=\"|||\"][et_pb_divider color=\"#007934\" divider_weight=\"16px\" _builder_version=\"3.27.4\" max_width=\"48px\" custom_margin=\"||10px||false|false\" disabled_on=\"on|off|off\" locked=\"off\" _i=\"0\" _address=\"0.0.0\"][\/et_pb_divider][et_pb_text _builder_version=\"3.27.4\" text_font=\"||||||||\" text_line_height=\"2em\" header_font=\"Nunito Sans|800|||||||\" header_text_color=\"#212121\" header_line_height=\"1.3em\" custom_margin=\"0px|||||\" hover_enabled=\"0\" header_font_size_tablet=\"30px\" header_font_size_phone=\"24px\" header_font_size_last_edited=\"on|desktop\" disabled_on=\"on|off|off\" _i=\"1\" _address=\"0.0.1\"]<\/p><h1>Valentines Day<\/h1><p>[\/et_pb_text][\/et_pb_column][et_pb_column type=\"3_4\" specialty_columns=\"3\" _builder_version=\"3.25\" custom_padding=\"|||\" _i=\"1\" _address=\"0.1\" custom_padding__hover=\"|||\"][et_pb_row_inner _builder_version=\"3.27.4\" _i=\"0\" _address=\"0.1.0\"][et_pb_column_inner saved_specialty_column_type=\"3_4\" _builder_version=\"3.27.4\" _i=\"0\" _address=\"0.1.0.0\"][et_pb_text _builder_version=\"3.27.4\" text_font=\"||||||||\" text_line_height=\"2em\" header_font=\"Nunito Sans|900|||||||\" header_text_color=\"#007934\" header_font_size=\"70px\" header_line_height=\"0.9em\" header_3_font=\"Nunito Sans|800|||||||\" header_3_text_color=\"#212121\" custom_margin=\"||0px|||\" hover_enabled=\"0\" header_font_size_tablet=\"60px\" header_font_size_phone=\"40px\" header_font_size_last_edited=\"on|phone\" locked=\"off\" _i=\"0\" _address=\"0.1.0.0.0\"]<\/p><h1>Happy Valentines Day from all of us at Phil.<\/h1><p>[\/et_pb_text][et_pb_text _builder_version=\"3.27.4\" text_font=\"|300|||||||\" text_font_size=\"18px\" header_font=\"Poppins|600|||||||\" header_font_size=\"40px\" header_line_height=\"1.3em\" hover_enabled=\"0\" text_font_size_tablet=\"16px\" text_font_size_phone=\"16px\" text_font_size_last_edited=\"on|phone\" locked=\"off\" _i=\"1\" _address=\"0.1.0.0.1\"]<\/p><p>Use these graphics to share on social media, or print out the coupons and give them to people you care about. Spread the love!<\/p><p>[\/et_pb_text][\/et_pb_column_inner][\/et_pb_row_inner][et_pb_row_inner column_structure=\"1_3,1_3,1_3\" _builder_version=\"3.27.4\" _i=\"1\" _address=\"0.1.1\" locked=\"off\"][et_pb_column_inner type=\"1_3\" saved_specialty_column_type=\"3_4\" _builder_version=\"3.27.4\" _i=\"0\" _address=\"0.1.1.0\"][et_pb_button button_url=\"https:\/\/phil.ca\/wp-content\/uploads\/Phil_2020_VDay.pdf\" url_new_window=\"on\" button_text=\"Valentines Coupons\" button_alignment=\"center\" _builder_version=\"3.27.4\" custom_button=\"on\" button_text_size=\"10px\" button_text_color=\"#ffffff\" button_bg_color=\"#B51A3A\" button_border_width=\"0px\" button_border_radius=\"100px\" button_letter_spacing=\"1px\" button_font=\"Nunito Sans|700||on|||||\" button_icon=\"%%190%%\" button_on_hover=\"off\" custom_padding=\"14px|58px|14px|40px|true|false\" hover_enabled=\"0\" locked=\"off\" _i=\"0\" _address=\"0.1.1.0.0\" button_bg_enable_color=\"on\"]<\/p><p>[\/et_pb_button][\/et_pb_column_inner][et_pb_column_inner type=\"1_3\" saved_specialty_column_type=\"3_4\" _builder_version=\"3.27.4\" _i=\"1\" _address=\"0.1.1.1\"][et_pb_button button_url=\"https:\/\/phil.ca\/wp-content\/uploads\/Board-1.jpg\" url_new_window=\"on\" button_text=\"Board Thank You 1\" button_alignment=\"center\" _builder_version=\"3.27.4\" custom_button=\"on\" button_text_size=\"10px\" button_text_color=\"#ffffff\" button_bg_color=\"#5E081E\" button_border_width=\"0px\" button_border_radius=\"100px\" button_letter_spacing=\"1px\" button_font=\"Nunito Sans|700||on|||||\" button_icon=\"%%190%%\" button_on_hover=\"off\" custom_padding=\"14px|58px|14px|40px|true|false\" hover_enabled=\"0\" locked=\"off\" _i=\"0\" _address=\"0.1.1.0.0\" button_bg_enable_color=\"on\"]<\/p><p>[\/et_pb_button][\/et_pb_column_inner][et_pb_column_inner type=\"1_3\" saved_specialty_column_type=\"3_4\" _builder_version=\"3.27.4\" _i=\"2\" _address=\"0.1.1.2\"][et_pb_button button_url=\"https:\/\/phil.ca\/wp-content\/uploads\/Board-2.jpg\" url_new_window=\"on\" button_text=\"Board Thank You 2\" button_alignment=\"center\" _builder_version=\"3.27.4\" custom_button=\"on\" button_text_size=\"10px\" button_text_color=\"#ffffff\" button_bg_color=\"#E24767\" button_border_width=\"0px\" button_border_radius=\"100px\" button_letter_spacing=\"1px\" button_font=\"Nunito Sans|700||on|||||\" button_icon=\"%%190%%\" button_on_hover=\"off\" custom_padding=\"14px|58px|14px|40px|true|false\" hover_enabled=\"0\" locked=\"off\" _i=\"0\" _address=\"0.1.1.0.0\" button_bg_enable_color=\"on\"]<\/p><p>[\/et_pb_button][\/et_pb_column_inner][\/et_pb_row_inner][et_pb_row_inner column_structure=\"1_3,1_3,1_3\" _builder_version=\"3.27.4\" _i=\"1\" _address=\"0.1.1\" locked=\"off\"][et_pb_column_inner type=\"1_3\" saved_specialty_column_type=\"3_4\" _builder_version=\"3.27.4\" _i=\"0\" _address=\"0.1.1.0\"][et_pb_button button_url=\"https:\/\/phil.ca\/wp-content\/uploads\/Board-3.jpg\" url_new_window=\"on\" button_text=\"Board Thank You 3\" button_alignment=\"center\" _builder_version=\"3.27.4\" custom_button=\"on\" button_text_size=\"10px\" button_text_color=\"#ffffff\" button_bg_color=\"#E48397\" button_border_width=\"0px\" button_border_radius=\"100px\" button_letter_spacing=\"1px\" button_font=\"Nunito Sans|700||on|||||\" button_icon=\"%%190%%\" button_on_hover=\"off\" custom_padding=\"14px|58px|14px|40px|true|false\" hover_enabled=\"0\" locked=\"off\" _i=\"0\" _address=\"0.1.1.0.0\" button_bg_enable_color=\"on\"]<\/p><p>[\/et_pb_button][\/et_pb_column_inner][et_pb_column_inner type=\"1_3\" saved_specialty_column_type=\"3_4\" _builder_version=\"3.27.4\" _i=\"1\" _address=\"0.1.1.1\"][et_pb_button button_url=\"https:\/\/phil.ca\/wp-content\/uploads\/Donors-1.jpg\" url_new_window=\"on\" button_text=\"Donor Thank You 1\" button_alignment=\"center\" _builder_version=\"3.27.4\" custom_button=\"on\" button_text_size=\"10px\" button_text_color=\"#ffffff\" button_bg_color=\"#B51A3A\" button_border_width=\"0px\" button_border_radius=\"100px\" button_letter_spacing=\"1px\" button_font=\"Nunito Sans|700||on|||||\" button_icon=\"%%190%%\" button_on_hover=\"off\" custom_padding=\"14px|58px|14px|40px|true|false\" hover_enabled=\"0\" locked=\"off\" _i=\"0\" _address=\"0.1.1.0.0\" button_bg_enable_color=\"on\"]<\/p><p>[\/et_pb_button][\/et_pb_column_inner][et_pb_column_inner type=\"1_3\" saved_specialty_column_type=\"3_4\" _builder_version=\"3.27.4\" _i=\"2\" _address=\"0.1.1.2\"][et_pb_button button_url=\"https:\/\/phil.ca\/wp-content\/uploads\/Donors-2.jpg\" url_new_window=\"on\" button_text=\"Donor Thank You 2\" button_alignment=\"center\" _builder_version=\"3.27.4\" custom_button=\"on\" button_text_size=\"10px\" button_text_color=\"#ffffff\" button_bg_color=\"#5E081E\" button_border_width=\"0px\" button_border_radius=\"100px\" button_letter_spacing=\"1px\" button_font=\"Nunito Sans|700||on|||||\" button_icon=\"%%190%%\" button_on_hover=\"off\" custom_padding=\"14px|58px|14px|40px|true|false\" hover_enabled=\"0\" locked=\"off\" _i=\"0\" _address=\"0.1.1.0.0\" button_bg_enable_color=\"on\"]<\/p><p>[\/et_pb_button][\/et_pb_column_inner][\/et_pb_row_inner][et_pb_row_inner column_structure=\"1_3,1_3,1_3\" _builder_version=\"3.27.4\" _i=\"1\" _address=\"0.1.1\" locked=\"off\"][et_pb_column_inner type=\"1_3\" saved_specialty_column_type=\"3_4\" _builder_version=\"3.27.4\" _i=\"0\" _address=\"0.1.1.0\"][et_pb_button button_url=\"https:\/\/phil.ca\/wp-content\/uploads\/Donors-3.jpg\" url_new_window=\"on\" button_text=\"Donor Thank You 3\" button_alignment=\"center\" _builder_version=\"3.27.4\" custom_button=\"on\" button_text_size=\"10px\" button_text_color=\"#ffffff\" button_bg_color=\"#E24767\" button_border_width=\"0px\" button_border_radius=\"100px\" button_letter_spacing=\"1px\" button_font=\"Nunito Sans|700||on|||||\" button_icon=\"%%190%%\" button_on_hover=\"off\" custom_padding=\"14px|58px|14px|40px|true|false\" hover_enabled=\"0\" locked=\"off\" _i=\"0\" _address=\"0.1.1.0.0\" button_bg_enable_color=\"on\"]<\/p><p>[\/et_pb_button][\/et_pb_column_inner][et_pb_column_inner type=\"1_3\" saved_specialty_column_type=\"3_4\" _builder_version=\"3.27.4\" _i=\"1\" _address=\"0.1.1.1\"][et_pb_button button_url=\"https:\/\/phil.ca\/wp-content\/uploads\/Staff-1.jpg\" url_new_window=\"on\" button_text=\"Staff Thank You 1\" button_alignment=\"center\" _builder_version=\"3.27.4\" custom_button=\"on\" button_text_size=\"10px\" button_text_color=\"#ffffff\" button_bg_color=\"#E48397\" button_border_width=\"0px\" button_border_radius=\"100px\" button_letter_spacing=\"1px\" button_font=\"Nunito Sans|700||on|||||\" button_icon=\"%%190%%\" button_on_hover=\"off\" custom_padding=\"14px|58px|14px|40px|true|false\" hover_enabled=\"0\" locked=\"off\" _i=\"0\" _address=\"0.1.1.0.0\" button_bg_enable_color=\"on\"]<\/p><p>[\/et_pb_button][\/et_pb_column_inner][et_pb_column_inner type=\"1_3\" saved_specialty_column_type=\"3_4\" _builder_version=\"3.27.4\" _i=\"2\" _address=\"0.1.1.2\"][et_pb_button button_url=\"https:\/\/phil.ca\/wp-content\/uploads\/Staff-2.jpg\" url_new_window=\"on\" button_text=\"Staff Thank You 2\" button_alignment=\"center\" _builder_version=\"3.27.4\" custom_button=\"on\" button_text_size=\"10px\" button_text_color=\"#ffffff\" button_bg_color=\"#B51A3A\" button_border_width=\"0px\" button_border_radius=\"100px\" button_letter_spacing=\"1px\" button_font=\"Nunito Sans|700||on|||||\" button_icon=\"%%190%%\" button_on_hover=\"off\" custom_padding=\"14px|58px|14px|40px|true|false\" hover_enabled=\"0\" locked=\"off\" _i=\"0\" _address=\"0.1.1.0.0\" button_bg_enable_color=\"on\"]<\/p><p>[\/et_pb_button][\/et_pb_column_inner][\/et_pb_row_inner][et_pb_row_inner column_structure=\"1_3,1_3,1_3\" _builder_version=\"3.27.4\" _i=\"1\" _address=\"0.1.1\" locked=\"off\"][et_pb_column_inner type=\"1_3\" saved_specialty_column_type=\"3_4\" _builder_version=\"3.27.4\" _i=\"0\" _address=\"0.1.1.0\"][et_pb_button button_url=\"https:\/\/phil.ca\/wp-content\/uploads\/Staff-3.jpg\" url_new_window=\"on\" button_text=\"Staff Thank You 3\" button_alignment=\"center\" _builder_version=\"3.27.4\" custom_button=\"on\" button_text_size=\"10px\" button_text_color=\"#ffffff\" button_bg_color=\"#B51A3A\" button_border_width=\"0px\" button_border_radius=\"100px\" button_letter_spacing=\"1px\" button_font=\"Nunito Sans|700||on|||||\" button_icon=\"%%190%%\" button_on_hover=\"off\" custom_padding=\"14px|58px|14px|40px|true|false\" hover_enabled=\"0\" locked=\"off\" _i=\"0\" _address=\"0.1.1.0.0\" button_bg_enable_color=\"on\"]<\/p><p>[\/et_pb_button][\/et_pb_column_inner][et_pb_column_inner type=\"1_3\" saved_specialty_column_type=\"3_4\" _builder_version=\"3.27.4\" _i=\"1\" _address=\"0.1.1.1\"][et_pb_button button_url=\"https:\/\/phil.ca\/wp-content\/uploads\/Volunteer-1.jpg\" url_new_window=\"on\" button_text=\"Volunteer Thank You 1\" button_alignment=\"center\" _builder_version=\"3.27.4\" custom_button=\"on\" button_text_size=\"10px\" button_text_color=\"#ffffff\" button_bg_color=\"#5E081E\" button_border_width=\"0px\" button_border_radius=\"100px\" button_letter_spacing=\"1px\" button_font=\"Nunito Sans|700||on|||||\" button_icon=\"%%190%%\" button_on_hover=\"off\" custom_padding=\"14px|58px|14px|40px|true|false\" hover_enabled=\"0\" locked=\"off\" _i=\"0\" _address=\"0.1.1.0.0\" button_bg_enable_color=\"on\"]<\/p><p>[\/et_pb_button][\/et_pb_column_inner][et_pb_column_inner type=\"1_3\" saved_specialty_column_type=\"3_4\" _builder_version=\"3.27.4\" _i=\"2\" _address=\"0.1.1.2\"][et_pb_button button_url=\"https:\/\/phil.ca\/wp-content\/uploads\/Volunteer-2.jpg\" url_new_window=\"on\" button_text=\"Volunteer Thank You 2\" button_alignment=\"center\" _builder_version=\"3.27.4\" custom_button=\"on\" button_text_size=\"10px\" button_text_color=\"#ffffff\" button_bg_color=\"#E24767\" button_border_width=\"0px\" button_border_radius=\"100px\" button_letter_spacing=\"1px\" button_font=\"Nunito Sans|700||on|||||\" button_icon=\"%%190%%\" button_on_hover=\"off\" custom_padding=\"14px|58px|14px|40px|true|false\" hover_enabled=\"0\" locked=\"off\" _i=\"0\" _address=\"0.1.1.0.0\" button_bg_enable_color=\"on\"]<\/p><p>[\/et_pb_button][\/et_pb_column_inner][\/et_pb_row_inner][et_pb_row_inner column_structure=\"1_3,1_3,1_3\" _builder_version=\"3.27.4\" _i=\"1\" _address=\"0.1.1\" locked=\"off\"][et_pb_column_inner type=\"1_3\" saved_specialty_column_type=\"3_4\" _builder_version=\"3.27.4\" _i=\"0\" _address=\"0.1.1.0\"][\/et_pb_column_inner][et_pb_column_inner type=\"1_3\" saved_specialty_column_type=\"3_4\" _builder_version=\"3.27.4\" _i=\"1\" _address=\"0.1.1.1\"][et_pb_button button_url=\"https:\/\/phil.ca\/wp-content\/uploads\/Volunteer-3.jpg\" url_new_window=\"on\" button_text=\"Volunteer Thank You 3\" button_alignment=\"center\" _builder_version=\"3.27.4\" custom_button=\"on\" button_text_size=\"10px\" button_text_color=\"#ffffff\" button_bg_color=\"#B51A3A\" button_border_width=\"0px\" button_border_radius=\"100px\" button_letter_spacing=\"1px\" button_font=\"Nunito Sans|700||on|||||\" button_icon=\"%%190%%\" button_on_hover=\"off\" custom_padding=\"14px|58px|14px|40px|true|false\" hover_enabled=\"0\" locked=\"off\" _i=\"0\" _address=\"0.1.1.0.0\" button_bg_enable_color=\"on\"]<\/p><p>[\/et_pb_button][\/et_pb_column_inner][et_pb_column_inner type=\"1_3\" saved_specialty_column_type=\"3_4\" _builder_version=\"3.27.4\" _i=\"2\" _address=\"0.1.1.2\"][\/et_pb_column_inner][\/et_pb_row_inner][\/et_pb_column][\/et_pb_section]<\/p>","_et_gb_content_width":"","inline_featured_image":false,"footnotes":""},"class_list":["post-52166","page","type-page","status-publish","hentry"],"aioseo_notices":[],"_links":{"self":[{"href":"https:\/\/phil.ca\/fr\/wp-json\/wp\/v2\/pages\/52166","targetHints":{"allow":["GET"]}}],"collection":[{"href":"https:\/\/phil.ca\/fr\/wp-json\/wp\/v2\/pages"}],"about":[{"href":"https:\/\/phil.ca\/fr\/wp-json\/wp\/v2\/types\/page"}],"author":[{"embeddable":true,"href":"https:\/\/phil.ca\/fr\/wp-json\/wp\/v2\/users\/5"}],"replies":[{"embeddable":true,"href":"https:\/\/phil.ca\/fr\/wp-json\/wp\/v2\/comments?post=52166"}],"version-history":[{"count":8,"href":"https:\/\/phil.ca\/fr\/wp-json\/wp\/v2\/pages\/52166\/revisions"}],"predecessor-version":[{"id":56048,"href":"https:\/\/phil.ca\/fr\/wp-json\/wp\/v2\/pages\/52166\/revisions\/56048"}],"wp:attachment":[{"href":"https:\/\/phil.ca\/fr\/wp-json\/wp\/v2\/media?parent=52166"}],"curies":[{"name":"wp","href":"https:\/\/api.w.org\/{rel}","templated":true}]}}