{"id":52388,"date":"2020-03-25T18:15:01","date_gmt":"2020-03-25T18:15:01","guid":{"rendered":"https:\/\/phil.ca\/?page_id=52388"},"modified":"2022-04-28T17:53:07","modified_gmt":"2022-04-28T17:53:07","slug":"consultation-gratuite","status":"publish","type":"page","link":"https:\/\/phil.ca\/fr\/consultation-gratuite\/","title":{"rendered":"Consultation gratuite"},"content":{"rendered":"<p>[et_pb_section fb_built=\u00a0\u00bb1&Prime; specialty=\u00a0\u00bbon\u00a0\u00bb _builder_version=\u00a0\u00bb3.27.4&Prime; inner_max_width=\u00a0\u00bb100%\u00a0\u00bb custom_margin=\u00a0\u00bb75px||75px||true|false\u00a0\u00bb custom_margin_tablet=\u00a0\u00bb30px||30px||true|false\u00a0\u00bb custom_margin_phone=\u00a0\u00bb0px||0px||true|false\u00a0\u00bb custom_margin_last_edited=\u00a0\u00bbon|phone\u00a0\u00bb global_colors_info=\u00a0\u00bb{}\u00a0\u00bb da_is_popup=\u00a0\u00bboff\u00a0\u00bb da_exit_intent=\u00a0\u00bboff\u00a0\u00bb da_has_close=\u00a0\u00bbon\u00a0\u00bb da_alt_close=\u00a0\u00bboff\u00a0\u00bb da_dark_close=\u00a0\u00bboff\u00a0\u00bb da_not_modal=\u00a0\u00bbon\u00a0\u00bb da_is_singular=\u00a0\u00bboff\u00a0\u00bb da_with_loader=\u00a0\u00bboff\u00a0\u00bb da_has_shadow=\u00a0\u00bbon\u00a0\u00bb da_disable_devices=\u00a0\u00bboff|off|off\u00a0\u00bb][et_pb_column type=\u00a0\u00bb1_4&Prime; _builder_version=\u00a0\u00bb3.25&Prime; custom_padding=\u00a0\u00bb|||\u00a0\u00bb global_colors_info=\u00a0\u00bb{}\u00a0\u00bb custom_padding__hover=\u00a0\u00bb|||\u00a0\u00bb][et_pb_divider color=\u00a0\u00bb#007934&Prime; divider_weight=\u00a0\u00bb16px\u00a0\u00bb disabled_on=\u00a0\u00bbon|off|off\u00a0\u00bb _builder_version=\u00a0\u00bb3.27.4&Prime; max_width=\u00a0\u00bb48px\u00a0\u00bb custom_margin=\u00a0\u00bb||10px||false|false\u00a0\u00bb locked=\u00a0\u00bboff\u00a0\u00bb global_colors_info=\u00a0\u00bb{}\u00a0\u00bb][\/et_pb_divider][et_pb_text disabled_on=\u00a0\u00bbon|off|off\u00a0\u00bb _builder_version=\u00a0\u00bb3.27.4&Prime; text_font=\u00a0\u00bb||||||||\u00a0\u00bb text_line_height=\u00a0\u00bb2em\u00a0\u00bb header_font=\u00a0\u00bbNunito Sans|800|||||||\u00a0\u00bb header_text_color=\u00a0\u00bb#212121&Prime; header_line_height=\u00a0\u00bb1.3em\u00a0\u00bb custom_margin=\u00a0\u00bb0px|||||\u00a0\u00bb header_font_size_tablet=\u00a0\u00bb30px\u00a0\u00bb header_font_size_phone=\u00a0\u00bb24px\u00a0\u00bb header_font_size_last_edited=\u00a0\u00bbon|desktop\u00a0\u00bb global_colors_info=\u00a0\u00bb{}\u00a0\u00bb]<\/p>\n<h1>Consultation gratuite<\/h1>\n<p>[\/et_pb_text][\/et_pb_column][et_pb_column type=\u00a0\u00bb3_4&Prime; specialty_columns=\u00a0\u00bb3&Prime; _builder_version=\u00a0\u00bb3.25&Prime; custom_padding=\u00a0\u00bb|||\u00a0\u00bb global_colors_info=\u00a0\u00bb{}\u00a0\u00bb custom_padding__hover=\u00a0\u00bb|||\u00a0\u00bb][et_pb_row_inner column_structure=\u00a0\u00bbundefined\u00a0\u00bb _builder_version=\u00a0\u00bb3.27.4&Prime; custom_padding=\u00a0\u00bb||0px|||\u00a0\u00bb global_colors_info=\u00a0\u00bb{}\u00a0\u00bb][et_pb_column_inner type=\u00a0\u00bbundefined\u00a0\u00bb saved_specialty_column_type=\u00a0\u00bb3_4&Prime; _builder_version=\u00a0\u00bb3.27.4&Prime; global_colors_info=\u00a0\u00bb{}\u00a0\u00bb][et_pb_text _builder_version=\u00a0\u00bb3.27.4&Prime; text_font=\u00a0\u00bb||||||||\u00a0\u00bb text_line_height=\u00a0\u00bb2em\u00a0\u00bb header_font=\u00a0\u00bbNunito Sans|900|||||||\u00a0\u00bb header_text_color=\u00a0\u00bb#007934&Prime; header_font_size=\u00a0\u00bb70px\u00a0\u00bb header_line_height=\u00a0\u00bb0.9em\u00a0\u00bb header_3_font=\u00a0\u00bbNunito Sans|800|||||||\u00a0\u00bb header_3_text_color=\u00a0\u00bb#212121&Prime; custom_margin=\u00a0\u00bb||0px|||\u00a0\u00bb header_font_size_tablet=\u00a0\u00bb60px\u00a0\u00bb header_font_size_phone=\u00a0\u00bb46px\u00a0\u00bb header_font_size_last_edited=\u00a0\u00bbon|phone\u00a0\u00bb locked=\u00a0\u00bboff\u00a0\u00bb global_colors_info=\u00a0\u00bb{}\u00a0\u00bb]<\/p>\n<h1>Nous sommes l\u00e0 pour vous!<\/h1>\n<p>[\/et_pb_text][\/et_pb_column_inner][\/et_pb_row_inner][et_pb_row_inner column_structure=\u00a0\u00bb1_2,1_2&Prime; _builder_version=\u00a0\u00bb3.27.4&Prime; custom_padding=\u00a0\u00bb8px|||||\u00a0\u00bb global_colors_info=\u00a0\u00bb{}\u00a0\u00bb][et_pb_column_inner type=\u00a0\u00bb1_2&Prime; saved_specialty_column_type=\u00a0\u00bb3_4&Prime; _builder_version=\u00a0\u00bb3.27.4&Prime; global_colors_info=\u00a0\u00bb{}\u00a0\u00bb][et_pb_text _builder_version=\u00a0\u00bb3.27.4&Prime; text_font=\u00a0\u00bb|300|||||||\u00a0\u00bb text_font_size=\u00a0\u00bb18px\u00a0\u00bb header_font=\u00a0\u00bbPoppins|600|||||||\u00a0\u00bb header_font_size=\u00a0\u00bb40px\u00a0\u00bb header_line_height=\u00a0\u00bb1.3em\u00a0\u00bb custom_padding=\u00a0\u00bb30px||||false|false\u00a0\u00bb text_font_size_tablet=\u00a0\u00bb16px\u00a0\u00bb text_font_size_phone=\u00a0\u00bb16px\u00a0\u00bb text_font_size_last_edited=\u00a0\u00bbon|phone\u00a0\u00bb locked=\u00a0\u00bboff\u00a0\u00bb global_colors_info=\u00a0\u00bb{}\u00a0\u00bb]<\/p>\n<p>Nous offrons une heure de consultation gratuite \u00e0 toute organisation qui souhaite obtenir des conseils en ces temps incertains.<\/p>\n<p>Notre \u00e9quipe est disponible du lundi au jeudi en mode t\u00e9l\u00e9travail.<\/p>\n<p>Phil est l\u00e0 pour aider votre organisme \u00e0 <strong>r\u00e9agir<\/strong>, \u00e0 se <strong>r\u00e9tablir<\/strong> et \u00e0 <strong>prosp\u00e9rer<\/strong>. Ensemble, nous pouvons vous aider \u00e0 r\u00e9aligner vos strat\u00e9gies, vos collectes de fonds et vos communications face \u00e0 cette pand\u00e9mie.<\/p>\n<p>Veuillez remplir ce formulaire et nous vous contacterons dans un d\u00e9lai d&rsquo;un jour ouvrable. \u00c0 tr\u00e8s bient\u00f4t.<\/p>\n<p>[\/et_pb_text][\/et_pb_column_inner][et_pb_column_inner type=\u00a0\u00bb1_2&Prime; saved_specialty_column_type=\u00a0\u00bb3_4&Prime; _builder_version=\u00a0\u00bb3.27.4&Prime; global_colors_info=\u00a0\u00bb{}\u00a0\u00bb][et_pb_code _builder_version=\u00a0\u00bb3.27.4&Prime; global_colors_info=\u00a0\u00bb{}\u00a0\u00bb]<iframe style=\"height: 700px; width: 100%; border: none;\" src=\"https:\/\/forms.zohopublic.com\/philca\/form\/BookAConsultationFR\/formperma\/fiufUwhGyKmPnLU27OIq4j1m6WuLBAwg6mtg8gI2q4w\" frameborder=\"0\" data-mce-fragment=\"1\"><\/iframe>[\/et_pb_code][\/et_pb_column_inner][\/et_pb_row_inner][\/et_pb_column][\/et_pb_section]<\/p>\n","protected":false},"excerpt":{"rendered":"<p>Consultation gratuiteNous sommes l\u00e0 pour vous!Nous offrons une heure de consultation gratuite \u00e0 toute organisation qui souhaite obtenir des conseils en ces temps incertains. Notre \u00e9quipe est disponible du lundi au jeudi en mode t\u00e9l\u00e9travail. Phil est l\u00e0 pour aider votre organisme \u00e0 r\u00e9agir, \u00e0 se r\u00e9tablir et \u00e0 prosp\u00e9rer. Ensemble, nous pouvons vous aider \u00e0 r\u00e9aligner vos strat\u00e9gies, vos collectes de fonds et vos communications face \u00e0 cette pand\u00e9mie. Veuillez remplir ce formulaire et nous vous contacterons dans un d\u00e9lai d&rsquo;un jour ouvrable. \u00c0 tr\u00e8s bient\u00f4t.<\/p>\n","protected":false},"author":5,"featured_media":0,"parent":0,"menu_order":0,"comment_status":"closed","ping_status":"closed","template":"","meta":{"_et_pb_use_builder":"on","_et_pb_old_content":"<p>[et_pb_section fb_built=\"1\" specialty=\"on\" _builder_version=\"3.27.4\" inner_max_width=\"100%\" custom_margin=\"75px||75px||true|false\" custom_margin_tablet=\"30px||30px||true|false\" custom_margin_phone=\"0px||0px||true|false\" custom_margin_last_edited=\"on|phone\" fb_built=\"1\" bb_built=\"1\" _i=\"0\" _address=\"0\"][et_pb_column type=\"1_4\" _builder_version=\"3.25\" custom_padding=\"|||\" _i=\"0\" _address=\"0.0\" custom_padding__hover=\"|||\"][et_pb_divider color=\"#007934\" divider_weight=\"16px\" _builder_version=\"3.27.4\" max_width=\"48px\" custom_margin=\"||10px||false|false\" disabled_on=\"on|off|off\" locked=\"off\" _i=\"0\" _address=\"0.0.0\"][\/et_pb_divider][et_pb_text _builder_version=\"3.27.4\" text_font=\"||||||||\" text_line_height=\"2em\" header_font=\"Nunito Sans|800|||||||\" header_text_color=\"#212121\" header_line_height=\"1.3em\" custom_margin=\"0px|||||\" header_font_size_tablet=\"30px\" header_font_size_phone=\"24px\" header_font_size_last_edited=\"on|desktop\" disabled_on=\"on|off|off\" _i=\"1\" _address=\"0.0.1\"]<\/p><h1>Book a free consultation<\/h1><p>[\/et_pb_text][\/et_pb_column][et_pb_column type=\"3_4\" specialty_columns=\"3\" _builder_version=\"3.25\" custom_padding=\"|||\" _i=\"1\" _address=\"0.1\" custom_padding__hover=\"|||\"][et_pb_row_inner _builder_version=\"3.27.4\" custom_padding=\"||0px|||\" _i=\"0\" _address=\"0.1.0\"][et_pb_column_inner saved_specialty_column_type=\"3_4\" _builder_version=\"3.27.4\" _i=\"0\" _address=\"0.1.0.0\"][et_pb_text _builder_version=\"3.27.4\" text_font=\"||||||||\" text_line_height=\"2em\" header_font=\"Nunito Sans|900|||||||\" header_text_color=\"#007934\" header_font_size=\"70px\" header_line_height=\"0.9em\" header_3_font=\"Nunito Sans|800|||||||\" header_3_text_color=\"#212121\" custom_margin=\"||0px|||\" header_font_size_tablet=\"60px\" header_font_size_phone=\"46px\" header_font_size_last_edited=\"on|phone\" locked=\"off\" _i=\"0\" _address=\"0.1.0.0.0\"]<\/p><h1>We are here for you.\u00a0<\/h1><p>[\/et_pb_text][\/et_pb_column_inner][\/et_pb_row_inner][et_pb_row_inner column_structure=\"1_2,1_2\" _builder_version=\"3.27.4\" custom_padding=\"8px|||||\" _i=\"1\" _address=\"0.1.1\"][et_pb_column_inner type=\"1_2\" saved_specialty_column_type=\"3_4\" _builder_version=\"3.27.4\" _i=\"0\" _address=\"0.1.1.0\"][et_pb_text _builder_version=\"3.27.4\" text_font=\"|300|||||||\" text_font_size=\"18px\" header_font=\"Poppins|600|||||||\" header_font_size=\"40px\" header_line_height=\"1.3em\" custom_padding=\"30px||||false|false\" text_font_size_tablet=\"16px\" text_font_size_phone=\"16px\" text_font_size_last_edited=\"on|phone\" locked=\"off\" _i=\"0\" _address=\"0.1.1.0.0\"]<\/p><p>We are offering 1 hour free consultation for any organization looking for advice during these unpredictable times.<\/p><p>Our team is available Monday to Thursday, working 100% remotely.<\/p><p>Phil is here to help your organization <strong>respond<\/strong>, <strong>recover<\/strong> and <strong>thrive<\/strong>. Together we can help you realign your strategies, fundraising plans, and communications in the face of this pandemic.<\/p><p>Kindly fill out this form and we will be in touch within one business day. Thank you!<\/p><p>[\/et_pb_text][\/et_pb_column_inner][et_pb_column_inner type=\"1_2\" saved_specialty_column_type=\"3_4\" _builder_version=\"3.27.4\" _i=\"1\" _address=\"0.1.1.1\"][et_pb_code _builder_version=\"3.27.4\" hover_enabled=\"0\" _i=\"0\" _address=\"0.1.1.1.0\"]<iframe style=\"height: 700px; width: 100%; border: none;\" src=\"https:\/\/forms.zohopublic.com\/philca\/form\/BookAConsultationEN\/formperma\/vYau4KMxMW4zzx0KUr8AkL94Mh-wmXFtlUL0WbOFKw4\" frameborder=\"0\" data-mce-fragment=\"1\"><\/iframe>[\/et_pb_code][\/et_pb_column_inner][\/et_pb_row_inner][\/et_pb_column][\/et_pb_section]<\/p>","_et_gb_content_width":"","inline_featured_image":false,"footnotes":""},"class_list":["post-52388","page","type-page","status-publish","hentry"],"aioseo_notices":[],"_links":{"self":[{"href":"https:\/\/phil.ca\/fr\/wp-json\/wp\/v2\/pages\/52388","targetHints":{"allow":["GET"]}}],"collection":[{"href":"https:\/\/phil.ca\/fr\/wp-json\/wp\/v2\/pages"}],"about":[{"href":"https:\/\/phil.ca\/fr\/wp-json\/wp\/v2\/types\/page"}],"author":[{"embeddable":true,"href":"https:\/\/phil.ca\/fr\/wp-json\/wp\/v2\/users\/5"}],"replies":[{"embeddable":true,"href":"https:\/\/phil.ca\/fr\/wp-json\/wp\/v2\/comments?post=52388"}],"version-history":[{"count":4,"href":"https:\/\/phil.ca\/fr\/wp-json\/wp\/v2\/pages\/52388\/revisions"}],"predecessor-version":[{"id":56055,"href":"https:\/\/phil.ca\/fr\/wp-json\/wp\/v2\/pages\/52388\/revisions\/56055"}],"wp:attachment":[{"href":"https:\/\/phil.ca\/fr\/wp-json\/wp\/v2\/media?parent=52388"}],"curies":[{"name":"wp","href":"https:\/\/api.w.org\/{rel}","templated":true}]}}