{"id":54947,"date":"2021-06-01T20:53:47","date_gmt":"2021-06-01T20:53:47","guid":{"rendered":"https:\/\/phil.ca\/?page_id=54947"},"modified":"2024-03-28T22:31:25","modified_gmt":"2024-03-28T22:31:25","slug":"katherine-lacefield","status":"publish","type":"page","link":"https:\/\/phil.ca\/fr\/equipe-old\/katherine-lacefield\/","title":{"rendered":"Katherine Lacefield"},"content":{"rendered":"<p>[et_pb_section fb_built=\u00a0\u00bb1&Prime; _builder_version=\u00a0\u00bb4.16&Prime; custom_margin=\u00a0\u00bb80px||80px||false|false\u00a0\u00bb custom_margin_tablet=\u00a0\u00bb20px||20px||true|false\u00a0\u00bb custom_margin_phone=\u00a0\u00bb0px||0px||true|false\u00a0\u00bb custom_margin_last_edited=\u00a0\u00bbon|phone\u00a0\u00bb da_disable_devices=\u00a0\u00bboff|off|off\u00a0\u00bb locked=\u00a0\u00bboff\u00a0\u00bb global_colors_info=\u00a0\u00bb{}\u00a0\u00bb da_is_popup=\u00a0\u00bboff\u00a0\u00bb da_exit_intent=\u00a0\u00bboff\u00a0\u00bb da_has_close=\u00a0\u00bbon\u00a0\u00bb da_alt_close=\u00a0\u00bboff\u00a0\u00bb da_dark_close=\u00a0\u00bboff\u00a0\u00bb da_not_modal=\u00a0\u00bbon\u00a0\u00bb da_is_singular=\u00a0\u00bboff\u00a0\u00bb da_with_loader=\u00a0\u00bboff\u00a0\u00bb da_has_shadow=\u00a0\u00bbon\u00a0\u00bb][et_pb_row column_structure=\u00a0\u00bb1_4,1_2,1_4&Prime; _builder_version=\u00a0\u00bb4.18.0&Prime; max_width=\u00a0\u00bb100%\u00a0\u00bb global_colors_info=\u00a0\u00bb{}\u00a0\u00bb][et_pb_column type=\u00a0\u00bb1_4&Prime; _builder_version=\u00a0\u00bb4.16&Prime; global_colors_info=\u00a0\u00bb{}\u00a0\u00bb][et_pb_image src=\u00a0\u00bbhttps:\/\/phil.ca\/wp-content\/uploads\/Katherine-headshot-400&#215;600-1.jpg\u00a0\u00bb title_text=\u00a0\u00bbKatherine-headshot-400&#215;600&Prime; _builder_version=\u00a0\u00bb4.19.4&Prime; global_colors_info=\u00a0\u00bb{}\u00a0\u00bb][\/et_pb_image][et_pb_text disabled_on=\u00a0\u00bboff|off|off\u00a0\u00bb _builder_version=\u00a0\u00bb4.19.4&Prime; text_font=\u00a0\u00bb||||||||\u00a0\u00bb text_line_height=\u00a0\u00bb2em\u00a0\u00bb header_font=\u00a0\u00bbNunito Sans|800|||||||\u00a0\u00bb header_text_color=\u00a0\u00bb#212121&Prime; header_line_height=\u00a0\u00bb1.3em\u00a0\u00bb custom_margin=\u00a0\u00bb0px|||||\u00a0\u00bb header_font_size_tablet=\u00a0\u00bb30px\u00a0\u00bb header_font_size_phone=\u00a0\u00bb24px\u00a0\u00bb header_font_size_last_edited=\u00a0\u00bbon|desktop\u00a0\u00bb global_colors_info=\u00a0\u00bb{}\u00a0\u00bb]<\/p>\n<h1>Katherine MacDonald<\/h1>\n<p><strong>Collecte de fonds et communication, elle<\/strong><\/p>\n<p>[\/et_pb_text][et_pb_button button_url=\u00a0\u00bbmailto:katherine@phil.ca\u00a0\u00bb button_text=\u00a0\u00bbContactez Katherine\u00a0\u00bb button_alignment=\u00a0\u00bbleft\u00a0\u00bb _builder_version=\u00a0\u00bb4.19.4&Prime; custom_button=\u00a0\u00bbon\u00a0\u00bb button_text_size=\u00a0\u00bb10px\u00a0\u00bb button_text_color=\u00a0\u00bb#ffffff\u00a0\u00bb button_bg_color=\u00a0\u00bb#8D1B60&Prime; button_border_width=\u00a0\u00bb0px\u00a0\u00bb button_border_color=\u00a0\u00bb#8D1B60&Prime; button_border_radius=\u00a0\u00bb100px\u00a0\u00bb button_letter_spacing=\u00a0\u00bb1px\u00a0\u00bb button_font=\u00a0\u00bbNunito Sans|700||on|||||\u00a0\u00bb button_icon=\u00a0\u00bb&#xe046;||divi||400&Prime; button_on_hover=\u00a0\u00bboff\u00a0\u00bb custom_padding=\u00a0\u00bb14px|58px|14px|40px|true|false\u00a0\u00bb box_shadow_style=\u00a0\u00bbpreset3&Prime; box_shadow_vertical=\u00a0\u00bb30px\u00a0\u00bb box_shadow_blur=\u00a0\u00bb40px\u00a0\u00bb box_shadow_spread=\u00a0\u00bb-16px\u00a0\u00bb box_shadow_color=\u00a0\u00bbrgba(28,165,255,0.24)\u00a0\u00bb locked=\u00a0\u00bboff\u00a0\u00bb global_colors_info=\u00a0\u00bb{}\u00a0\u00bb][\/et_pb_button][et_pb_button button_url=\u00a0\u00bb\/fr\/team\/\u00a0\u00bb button_text=\u00a0\u00bbRencontrer l&rsquo;\u00e9quipe\u00a0\u00bb button_alignment=\u00a0\u00bbleft\u00a0\u00bb admin_label=\u00a0\u00bbRencontrer l&rsquo;\u00e9quipe\u00a0\u00bb _builder_version=\u00a0\u00bb4.19.4&Prime; custom_button=\u00a0\u00bbon\u00a0\u00bb button_text_size=\u00a0\u00bb10px\u00a0\u00bb button_text_color=\u00a0\u00bb#ffffff\u00a0\u00bb button_bg_color=\u00a0\u00bb#8D1B60&Prime; button_border_width=\u00a0\u00bb0px\u00a0\u00bb button_border_radius=\u00a0\u00bb100px\u00a0\u00bb button_letter_spacing=\u00a0\u00bb1px\u00a0\u00bb button_font=\u00a0\u00bbNunito Sans|700||on|||||\u00a0\u00bb button_icon=\u00a0\u00bb&#xe046;||divi||400&Prime; button_on_hover=\u00a0\u00bboff\u00a0\u00bb custom_padding=\u00a0\u00bb14px|58px|14px|40px|true|false\u00a0\u00bb z_index_tablet=\u00a0\u00bb500&Prime; button_text_shadow_horizontal_length_tablet=\u00a0\u00bb0px\u00a0\u00bb button_text_shadow_vertical_length_tablet=\u00a0\u00bb0px\u00a0\u00bb button_text_shadow_blur_strength_tablet=\u00a0\u00bb1px\u00a0\u00bb box_shadow_style=\u00a0\u00bbpreset3&Prime; box_shadow_vertical=\u00a0\u00bb30px\u00a0\u00bb box_shadow_blur=\u00a0\u00bb40px\u00a0\u00bb box_shadow_spread=\u00a0\u00bb-16px\u00a0\u00bb box_shadow_color=\u00a0\u00bbrgba(28,165,255,0.24)\u00a0\u00bb saved_tabs=\u00a0\u00bball\u00a0\u00bb locked=\u00a0\u00bboff\u00a0\u00bb global_colors_info=\u00a0\u00bb{}\u00a0\u00bb][\/et_pb_button][\/et_pb_column][et_pb_column type=\u00a0\u00bb1_2&Prime; _builder_version=\u00a0\u00bb4.16&Prime; global_colors_info=\u00a0\u00bb{}\u00a0\u00bb][et_pb_text admin_label=\u00a0\u00bbText\u00a0\u00bb _builder_version=\u00a0\u00bb4.19.4&Prime; text_font=\u00a0\u00bb||||||||\u00a0\u00bb text_line_height=\u00a0\u00bb2em\u00a0\u00bb header_font=\u00a0\u00bbNunito Sans|900|||||||\u00a0\u00bb header_text_color=\u00a0\u00bb#8D1B60&Prime; header_font_size=\u00a0\u00bb36px\u00a0\u00bb header_line_height=\u00a0\u00bb0.9em\u00a0\u00bb header_3_font=\u00a0\u00bbNunito Sans|800|||||||\u00a0\u00bb header_3_text_color=\u00a0\u00bb#212121&Prime; custom_margin=\u00a0\u00bb||28px|||\u00a0\u00bb header_font_size_tablet=\u00a0\u00bb36px\u00a0\u00bb header_font_size_phone=\u00a0\u00bb28px\u00a0\u00bb header_font_size_last_edited=\u00a0\u00bbon|phone\u00a0\u00bb locked=\u00a0\u00bboff\u00a0\u00bb global_colors_info=\u00a0\u00bb{}\u00a0\u00bb]<\/p>\n<h1>Katherine est en quelque sorte une artiste multidisciplinaire du secteur social. En effet, elle est hautement qualifi\u00e9e en strat\u00e9gies de collecte de fonds et de communication, et elle a l\u2019art de g\u00e9n\u00e9rer l\u2019enthousiasme des donataires.<\/h1>\n<p>[\/et_pb_text][et_pb_text _builder_version=\u00a0\u00bb4.19.4&Prime; text_font=\u00a0\u00bb|300|||||||\u00a0\u00bb text_font_size=\u00a0\u00bb18px\u00a0\u00bb header_font=\u00a0\u00bbPoppins|600|||||||\u00a0\u00bb header_font_size=\u00a0\u00bb40px\u00a0\u00bb header_line_height=\u00a0\u00bb1.3em\u00a0\u00bb custom_padding=\u00a0\u00bb||0px|||\u00a0\u00bb text_font_size_tablet=\u00a0\u00bb16px\u00a0\u00bb text_font_size_phone=\u00a0\u00bb16px\u00a0\u00bb text_font_size_last_edited=\u00a0\u00bbon|phone\u00a0\u00bb locked=\u00a0\u00bboff\u00a0\u00bb global_colors_info=\u00a0\u00bb{}\u00a0\u00bb]<\/p>\n<p>Katherine a d\u2019abord \u00e9t\u00e9 responsable de la communication d\u2019un r\u00e9seau national de recherche sur la philanthropie et travaille maintenant dans le monde des OBNL depuis plus de 15 ans. Son exp\u00e9rience lui permet de relever avec confiance les d\u00e9fis les plus courants comme les plus inusit\u00e9s, tout en maintenant des rapports conviviaux et chaleureux.<\/p>\n<p>Son parcours a men\u00e9 Katherine \u00e0 obtenir un baccalaur\u00e9at en environnement et d\u00e9veloppement durable ainsi qu\u2019un certificat en gestion d\u2019organisations \u00e0 but non lucratif. Elle connait tous les secrets de la cr\u00e9ation d\u2019organismes de bienfaisance, de la bonne gouvernance et de la collecte de fonds. Pendant son premier cycle universitaire, elle a eu la chance d\u2019\u00e9tudier au Panama o\u00f9 elle a v\u00e9cu une exp\u00e9rience immersive mettant en relation l\u2019environnement et l\u2019humain, ce qui l\u2019a amen\u00e9e \u00e0 d\u00e9velopper son expertise des OBNL dont la mission est centr\u00e9e sur l\u2019activisme environnemental. Cette force de la nature trilingue ne cesse de nous \u00e9tonner.<\/p>\n<p>L\u2019am\u00e9lioration de soi est le moteur de l\u2019altruisme, selon Katherine, qui en a fait une priorit\u00e9 dans sa vie personnelle. Elle consacre son temps libre \u00e0 faire du yoga, \u00e0 lire Stephen King et \u00e0 aider \u00e0 \u00e9lever son beau-fils.\u00a0<\/p>\n<p>[\/et_pb_text][et_pb_code _builder_version=\u00a0\u00bb4.19.4&Prime; global_colors_info=\u00a0\u00bb{}\u00a0\u00bb]<script type=\"application\/ld+json\"><!-- [et_pb_line_break_holder] -->    {<!-- [et_pb_line_break_holder] -->      \"@context\": \"http:\/\/schema.org\",<!-- [et_pb_line_break_holder] -->      \"@type\": \"Person\",<!-- [et_pb_line_break_holder] -->      \"address\": {<!-- [et_pb_line_break_holder] -->        \"@type\": \"PostalAddress\",<!-- [et_pb_line_break_holder] -->        \"addressLocality\": \"Montreal\",<!-- [et_pb_line_break_holder] -->        \"addressRegion\": \"QC\",<!-- [et_pb_line_break_holder] -->        \"postalCode\": \"H3J 1N4\",<!-- [et_pb_line_break_holder] -->        \"streetAddress\": \"2360 Notre-Dame St West, Suite 310\"<!-- [et_pb_line_break_holder] -->      },<!-- [et_pb_line_break_holder] -->      \"colleague\": [<!-- [et_pb_line_break_holder] -->        \"https:\/\/phil.ca\/team\/kim-fuller\/\"<!-- [et_pb_line_break_holder] -->      ],<!-- [et_pb_line_break_holder] -->      \"email\": \"katherine@phil.ca\",<!-- [et_pb_line_break_holder] -->      \"image\": \"https:\/\/phil.ca\/wp-content\/uploads\/Katherine.jpg\",<!-- [et_pb_line_break_holder] -->      \"jobTitle\": \"Fundraising & Communications\",<!-- [et_pb_line_break_holder] -->      \"name\": \"Katherine MacDonald\",<!-- [et_pb_line_break_holder] -->      \"alumniOf\": \"Universite de Montreal\",<!-- [et_pb_line_break_holder] -->      \"birthPlace\": \"Saint-Jerome, Quebec\",<!-- [et_pb_line_break_holder] -->      \"gender\": \"female\",<!-- [et_pb_line_break_holder] -->      \"nationality\": \"Canadian\",<!-- [et_pb_line_break_holder] -->      \"telephone\": \"514.932.0314 x43\",<!-- [et_pb_line_break_holder] -->      \"url\": \"https:\/\/phil.ca\/team\/katherine-macdonald\/\",<!-- [et_pb_line_break_holder] -->\t\"sameAs\" : [ \"https:\/\/www.linkedin.com\/in\/katherinemacdonald\/\"]<!-- [et_pb_line_break_holder] -->    }<!-- [et_pb_line_break_holder] -->    <\/script><!-- [et_pb_line_break_holder] --><!-- [et_pb_line_break_holder] --><!-- [et_pb_line_break_holder] --><!-- [et_pb_line_break_holder] --><!-- [et_pb_line_break_holder] --><!-- [et_pb_line_break_holder] --><!-- [et_pb_line_break_holder] --><!-- [et_pb_line_break_holder] --><!-- [et_pb_line_break_holder] --><!-- [et_pb_line_break_holder] --><!-- [et_pb_line_break_holder] --><!-- [et_pb_line_break_holder] --><!-- [et_pb_line_break_holder] -->[\/et_pb_code][\/et_pb_column][et_pb_column type=\u00a0\u00bb1_4&Prime; _builder_version=\u00a0\u00bb4.16&Prime; global_colors_info=\u00a0\u00bb{}\u00a0\u00bb][et_pb_text _builder_version=\u00a0\u00bb4.19.4&Prime; _module_preset=\u00a0\u00bbdefault\u00a0\u00bb custom_margin=\u00a0\u00bb||12px|||\u00a0\u00bb global_colors_info=\u00a0\u00bb{}\u00a0\u00bb]<\/p>\n<h3 style=\"text-align: center;\">Un coup d\u2019\u0153il dans la vie de Katherine<\/h3>\n<p>[\/et_pb_text][et_pb_divider color=\u00a0\u00bb#8D1B60&Prime; divider_weight=\u00a0\u00bb2px\u00a0\u00bb disabled_on=\u00a0\u00bboff|off|off\u00a0\u00bb _builder_version=\u00a0\u00bb4.19.4&Prime; max_width=\u00a0\u00bb70%\u00a0\u00bb module_alignment=\u00a0\u00bbcenter\u00a0\u00bb custom_margin=\u00a0\u00bb||10px||false|false\u00a0\u00bb locked=\u00a0\u00bboff\u00a0\u00bb global_colors_info=\u00a0\u00bb{}\u00a0\u00bb][\/et_pb_divider][et_pb_text disabled_on=\u00a0\u00bboff|off|off\u00a0\u00bb _builder_version=\u00a0\u00bb4.19.4&Prime; text_font=\u00a0\u00bb||||||||\u00a0\u00bb text_line_height=\u00a0\u00bb2em\u00a0\u00bb header_font=\u00a0\u00bbNunito Sans|800|||||||\u00a0\u00bb header_text_color=\u00a0\u00bb#212121&Prime; header_line_height=\u00a0\u00bb1.3em\u00a0\u00bb header_5_text_color=\u00a0\u00bb#000000&Prime; header_5_line_height=\u00a0\u00bb1.4em\u00a0\u00bb custom_margin=\u00a0\u00bb0px||35px|||\u00a0\u00bb header_font_size_tablet=\u00a0\u00bb30px\u00a0\u00bb header_font_size_phone=\u00a0\u00bb24px\u00a0\u00bb header_font_size_last_edited=\u00a0\u00bbon|desktop\u00a0\u00bb global_colors_info=\u00a0\u00bb{}\u00a0\u00bb]<\/p>\n<h5 style=\"text-align: center;\">Lorsqu\u2019elle cherche des encouragements, Katherine se tourne vers l\u2019anthropologue Margaret Mead qui a dit : \u00ab\u2009Ne doutez jamais qu\u2019un petit groupe de citoyens attentionn\u00e9s et engag\u00e9s peut changer le monde. En fait, c\u2019est la seule chose qui l\u2019ait jamais chang\u00e9.\u2009\u00bb<\/h5>\n<p>[\/et_pb_text][et_pb_image src=\u00a0\u00bbhttps:\/\/phil.ca\/wp-content\/uploads\/Katherine-personal-images-1.jpg\u00a0\u00bb title_text=\u00a0\u00bbKatherine personal images-1&Prime; _builder_version=\u00a0\u00bb4.19.4&Prime; _module_preset=\u00a0\u00bbdefault\u00a0\u00bb global_colors_info=\u00a0\u00bb{}\u00a0\u00bb][\/et_pb_image][et_pb_image src=\u00a0\u00bbhttps:\/\/phil.ca\/wp-content\/uploads\/Katherine-personal-images-2.jpg\u00a0\u00bb title_text=\u00a0\u00bbKatherine personal images-2&Prime; _builder_version=\u00a0\u00bb4.19.4&Prime; _module_preset=\u00a0\u00bbdefault\u00a0\u00bb global_colors_info=\u00a0\u00bb{}\u00a0\u00bb][\/et_pb_image][et_pb_image src=\u00a0\u00bbhttps:\/\/phil.ca\/wp-content\/uploads\/Katherine-personal-images-3.jpg\u00a0\u00bb title_text=\u00a0\u00bbKatherine personal images-3&Prime; _builder_version=\u00a0\u00bb4.19.4&Prime; _module_preset=\u00a0\u00bbdefault\u00a0\u00bb global_colors_info=\u00a0\u00bb{}\u00a0\u00bb][\/et_pb_image][\/et_pb_column][\/et_pb_row][\/et_pb_section]<\/p>\n","protected":false},"excerpt":{"rendered":"<p>Katherine MacDonald Collecte de fonds et communication, elleKatherine est en quelque sorte une artiste multidisciplinaire du secteur social. En effet, elle est hautement qualifi\u00e9e en strat\u00e9gies de collecte de fonds et de communication, et elle a l\u2019art de g\u00e9n\u00e9rer l\u2019enthousiasme des donataires.Katherine a d\u2019abord \u00e9t\u00e9 responsable de la communication d\u2019un r\u00e9seau national de recherche sur la philanthropie et travaille maintenant dans le monde des OBNL depuis plus de 15 ans. Son exp\u00e9rience lui permet de relever avec confiance les d\u00e9fis les plus courants comme les plus inusit\u00e9s, tout en maintenant des rapports conviviaux et chaleureux. Son parcours a men\u00e9 Katherine \u00e0 obtenir un baccalaur\u00e9at en environnement et d\u00e9veloppement durable ainsi qu\u2019un certificat en gestion d\u2019organisations \u00e0 but non lucratif. Elle connait tous les secrets de la cr\u00e9ation d\u2019organismes de bienfaisance, de la bonne gouvernance et de la collecte de fonds. Pendant son premier cycle universitaire, elle a eu la chance d\u2019\u00e9tudier au Panama o\u00f9 elle a v\u00e9cu une exp\u00e9rience immersive mettant en relation l\u2019environnement et l\u2019humain, ce qui l\u2019a amen\u00e9e \u00e0 d\u00e9velopper son expertise des OBNL dont la mission est centr\u00e9e sur l\u2019activisme environnemental. Cette force de la nature trilingue ne cesse de nous \u00e9tonner. L\u2019am\u00e9lioration de soi est le moteur de l\u2019altruisme, selon Katherine, qui en a fait une priorit\u00e9 dans sa vie personnelle. Elle consacre son temps libre \u00e0 faire du yoga, \u00e0 lire Stephen King et \u00e0 aider \u00e0 \u00e9lever son beau-fils.\u00a0Un coup d\u2019\u0153il dans la vie de KatherineLorsqu\u2019elle cherche des encouragements, Katherine se tourne vers l\u2019anthropologue Margaret Mead qui a dit : \u00ab\u2009Ne doutez jamais qu\u2019un petit groupe de citoyens attentionn\u00e9s et engag\u00e9s peut changer le monde. En fait, c\u2019est la seule chose qui l\u2019ait jamais chang\u00e9.\u2009\u00bb<\/p>\n","protected":false},"author":5,"featured_media":0,"parent":50618,"menu_order":0,"comment_status":"closed","ping_status":"closed","template":"","meta":{"_et_pb_use_builder":"on","_et_pb_old_content":"<p>[et_pb_section fb_built=\"1\" _builder_version=\"3.27.4\" custom_margin=\"80px||80px||false|false\" custom_margin_tablet=\"20px||20px||true|false\" custom_margin_phone=\"0px||0px||true|false\" custom_margin_last_edited=\"on|phone\" da_disable_devices=\"off|off|off\" locked=\"off\" da_is_popup=\"off\" da_exit_intent=\"off\" da_has_close=\"on\" da_alt_close=\"off\" da_dark_close=\"off\" da_not_modal=\"on\" da_is_singular=\"off\" da_with_loader=\"off\" da_has_shadow=\"on\"][et_pb_row column_structure=\"2_5,3_5\" _builder_version=\"3.27.4\" max_width=\"100%\"][et_pb_column type=\"2_5\" _builder_version=\"3.27.4\"][et_pb_image src=\"https:\/\/phil.ca\/wp-content\/uploads\/katherine.jpg\" title_text=\"katherine\" _builder_version=\"4.9.4\" width=\"100%\" width_tablet=\"40%\" width_phone=\"100%\" width_last_edited=\"on|tablet\" max_width=\"350px\" module_alignment=\"left\"][\/et_pb_image][et_pb_text disabled_on=\"off|off|off\" _builder_version=\"4.9.4\" text_font=\"||||||||\" text_line_height=\"2em\" header_font=\"Nunito Sans|800|||||||\" header_text_color=\"#212121\" header_line_height=\"1.3em\" custom_margin=\"0px|||||\" header_font_size_tablet=\"30px\" header_font_size_phone=\"24px\" header_font_size_last_edited=\"on|desktop\"]<\/p><h1>Katherine Mac Donald<\/h1><p>[\/et_pb_text][et_pb_divider color=\"#007934\" divider_weight=\"16px\" disabled_on=\"off|off|off\" _builder_version=\"4.9.4\" max_width=\"48px\" custom_margin=\"||10px||false|false\" locked=\"off\"][\/et_pb_divider][\/et_pb_column][et_pb_column type=\"3_5\" _builder_version=\"3.27.4\"][et_pb_text _builder_version=\"4.9.4\" text_font=\"||||||||\" text_line_height=\"2em\" header_font=\"Nunito Sans|900|||||||\" header_text_color=\"#007934\" header_font_size=\"50px\" header_line_height=\"0.9em\" header_3_font=\"Nunito Sans|800|||||||\" header_3_text_color=\"#212121\" custom_margin=\"||28px|||\" header_font_size_tablet=\"50px\" header_font_size_phone=\"36px\" header_font_size_last_edited=\"on|desktop\" locked=\"off\"]<\/p><h1>Katherine has two main passions in life: communications and empowering others to reach their goals.<\/h1><p>[\/et_pb_text][et_pb_text _builder_version=\"4.9.4\" text_font=\"|300|||||||\" text_font_size=\"18px\" header_font=\"Poppins|600|||||||\" header_font_size=\"40px\" header_line_height=\"1.3em\" text_font_size_tablet=\"16px\" text_font_size_phone=\"16px\" text_font_size_last_edited=\"on|phone\" locked=\"off\"]<\/p><p>With over a decade of work in the philanthropic sector, she has touched on everything from animal adoption, fundraising, event planning, being a spokesperson, to being the head of communications for a national philanthropy research network.<\/p><p>With both field experience and an academic research background, Katherine combines the practical and theoretical to define the best approach to take with each client. She is known for her team mobilization skills, her innovative ideas and strategic thinking.<\/p><p>Her main areas of focus are:<\/p><ul><li>Sustainable Development & Environmental Causes<\/li><li>Animal Rights & Welfare<\/li><li>Individual & Community Empowerment<\/li><\/ul><p>[\/et_pb_text][et_pb_code admin_label=\"Schema Code\" _builder_version=\"3.27.4\"]<script type=\"application\/ld+json\"><!-- [et_pb_line_break_holder] -->    {<!-- [et_pb_line_break_holder] -->      \"@context\": \"http:\/\/schema.org\",<!-- [et_pb_line_break_holder] -->      \"@type\": \"Person\",<!-- [et_pb_line_break_holder] -->      \"address\": {<!-- [et_pb_line_break_holder] -->        \"@type\": \"PostalAddress\",<!-- [et_pb_line_break_holder] -->        \"addressLocality\": \"Montreal\",<!-- [et_pb_line_break_holder] -->        \"addressRegion\": \"QC\",<!-- [et_pb_line_break_holder] -->        \"postalCode\": \"H3J 1N4\",<!-- [et_pb_line_break_holder] -->        \"streetAddress\": \"2360 Notre-Dame St West, Suite 310\"<!-- [et_pb_line_break_holder] -->      },<!-- [et_pb_line_break_holder] -->      \"colleague\": [<!-- [et_pb_line_break_holder] -->        \"https:\/\/phil.ca\/team\/pierre-couture\/\"<!-- [et_pb_line_break_holder] -->      ],<!-- [et_pb_line_break_holder] -->      \"email\": \"anders@phil.ca\",<!-- [et_pb_line_break_holder] -->      \"image\": \"https:\/\/phil.ca\/wp-content\/uploads\/Anders.jpg\",<!-- [et_pb_line_break_holder] -->      \"jobTitle\": \"Digital Doyen\",<!-- [et_pb_line_break_holder] -->      \"name\": \"Anders Bjella\",<!-- [et_pb_line_break_holder] -->      \"alumniOf\": \"McGill University\",<!-- [et_pb_line_break_holder] -->      \"birthPlace\": \"Montreal, QC\",<!-- [et_pb_line_break_holder] -->      \"gender\": \"male\",<!-- [et_pb_line_break_holder] -->      \"nationality\": \"Canadian\",<!-- [et_pb_line_break_holder] -->      \"telephone\": \"514.932.0314 x30\",<!-- [et_pb_line_break_holder] -->      \"url\": \"https:\/\/phil.ca\/team\/anders-bjella\/\",<!-- [et_pb_line_break_holder] -->\t\"sameAs\" : [ \"https:\/\/www.linkedin.com\/in\/anders-bjella-a0887769\/\"]<!-- [et_pb_line_break_holder] -->    }<!-- [et_pb_line_break_holder] -->    <\/script><!-- [et_pb_line_break_holder] --><!-- [et_pb_line_break_holder] --><!-- [et_pb_line_break_holder] --><!-- [et_pb_line_break_holder] --><!-- [et_pb_line_break_holder] --><!-- [et_pb_line_break_holder] --><!-- [et_pb_line_break_holder] --><!-- [et_pb_line_break_holder] --><!-- [et_pb_line_break_holder] --><!-- [et_pb_line_break_holder] --><!-- [et_pb_line_break_holder] --><!-- [et_pb_line_break_holder] --><!-- [et_pb_line_break_holder] -->[\/et_pb_code][\/et_pb_column][\/et_pb_row][et_pb_row column_structure=\"1_2,1_4,1_4\" _builder_version=\"3.27.4\" max_width=\"100%\"][et_pb_column type=\"1_2\" _builder_version=\"3.27.4\"][\/et_pb_column][et_pb_column type=\"1_4\" _builder_version=\"3.27.4\"][et_pb_button button_url=\"\/team\/\" button_text=\"Meet The Team\" button_alignment=\"left\" admin_label=\"Rencontrer l'\u00e9quipe\" _builder_version=\"4.9.4\" custom_button=\"on\" button_text_size=\"10px\" button_text_color=\"#ffffff\" button_bg_color=\"#007934\" button_border_width=\"0px\" button_border_radius=\"100px\" button_letter_spacing=\"1px\" button_font=\"Nunito Sans|700||on|||||\" button_icon=\"%%190%%\" button_on_hover=\"off\" custom_padding=\"14px|58px|14px|40px|true|false\" z_index_tablet=\"500\" button_text_shadow_horizontal_length_tablet=\"0px\" button_text_shadow_vertical_length_tablet=\"0px\" button_text_shadow_blur_strength_tablet=\"1px\" box_shadow_style=\"preset3\" box_shadow_vertical=\"30px\" box_shadow_blur=\"40px\" box_shadow_spread=\"-16px\" box_shadow_color=\"rgba(28,165,255,0.24)\" saved_tabs=\"all\" locked=\"off\"][\/et_pb_button][\/et_pb_column][et_pb_column type=\"1_4\" _builder_version=\"3.27.4\"][et_pb_button button_url=\"mailto:katherine@phil.ca\" button_text=\"Contact Katherine\" button_alignment=\"left\" _builder_version=\"4.9.4\" custom_button=\"on\" button_text_size=\"10px\" button_text_color=\"#ffffff\" button_bg_color=\"#007934\" button_border_width=\"0px\" button_border_radius=\"100px\" button_letter_spacing=\"1px\" button_font=\"Nunito Sans|700||on|||||\" button_icon=\"%%190%%\" button_on_hover=\"off\" custom_padding=\"14px|58px|14px|40px|true|false\" box_shadow_style=\"preset3\" box_shadow_vertical=\"30px\" box_shadow_blur=\"40px\" box_shadow_spread=\"-16px\" box_shadow_color=\"rgba(28,165,255,0.24)\" locked=\"off\"][\/et_pb_button][\/et_pb_column][\/et_pb_row][\/et_pb_section]<\/p>","_et_gb_content_width":"","inline_featured_image":false,"footnotes":""},"class_list":["post-54947","page","type-page","status-publish","hentry"],"aioseo_notices":[],"_links":{"self":[{"href":"https:\/\/phil.ca\/fr\/wp-json\/wp\/v2\/pages\/54947","targetHints":{"allow":["GET"]}}],"collection":[{"href":"https:\/\/phil.ca\/fr\/wp-json\/wp\/v2\/pages"}],"about":[{"href":"https:\/\/phil.ca\/fr\/wp-json\/wp\/v2\/types\/page"}],"author":[{"embeddable":true,"href":"https:\/\/phil.ca\/fr\/wp-json\/wp\/v2\/users\/5"}],"replies":[{"embeddable":true,"href":"https:\/\/phil.ca\/fr\/wp-json\/wp\/v2\/comments?post=54947"}],"version-history":[{"count":8,"href":"https:\/\/phil.ca\/fr\/wp-json\/wp\/v2\/pages\/54947\/revisions"}],"predecessor-version":[{"id":59891,"href":"https:\/\/phil.ca\/fr\/wp-json\/wp\/v2\/pages\/54947\/revisions\/59891"}],"up":[{"embeddable":true,"href":"https:\/\/phil.ca\/fr\/wp-json\/wp\/v2\/pages\/50618"}],"wp:attachment":[{"href":"https:\/\/phil.ca\/fr\/wp-json\/wp\/v2\/media?parent=54947"}],"curies":[{"name":"wp","href":"https:\/\/api.w.org\/{rel}","templated":true}]}}