{"id":58060,"date":"2023-01-11T14:53:32","date_gmt":"2023-01-11T14:53:32","guid":{"rendered":"https:\/\/phil.ca\/equipe\/stephanie-tsirgiotis\/"},"modified":"2023-09-13T17:19:42","modified_gmt":"2023-09-13T17:19:42","slug":"stephanie-tsirgiotis","status":"publish","type":"page","link":"https:\/\/phil.ca\/fr\/equipe-old\/stephanie-tsirgiotis\/","title":{"rendered":"Stephanie Tsirgiotis"},"content":{"rendered":"<p>[et_pb_section fb_built=\u00a0\u00bb1&Prime; _builder_version=\u00a0\u00bb4.16&Prime; custom_margin=\u00a0\u00bb80px||80px||false|false\u00a0\u00bb custom_margin_tablet=\u00a0\u00bb20px||20px||true|false\u00a0\u00bb custom_margin_phone=\u00a0\u00bb0px||0px||true|false\u00a0\u00bb custom_margin_last_edited=\u00a0\u00bbon|phone\u00a0\u00bb da_disable_devices=\u00a0\u00bboff|off|off\u00a0\u00bb locked=\u00a0\u00bboff\u00a0\u00bb global_colors_info=\u00a0\u00bb{}\u00a0\u00bb da_is_popup=\u00a0\u00bboff\u00a0\u00bb da_exit_intent=\u00a0\u00bboff\u00a0\u00bb da_has_close=\u00a0\u00bbon\u00a0\u00bb da_alt_close=\u00a0\u00bboff\u00a0\u00bb da_dark_close=\u00a0\u00bboff\u00a0\u00bb da_not_modal=\u00a0\u00bbon\u00a0\u00bb da_is_singular=\u00a0\u00bboff\u00a0\u00bb da_with_loader=\u00a0\u00bboff\u00a0\u00bb da_has_shadow=\u00a0\u00bbon\u00a0\u00bb][et_pb_row column_structure=\u00a0\u00bb1_4,1_2,1_4&Prime; _builder_version=\u00a0\u00bb4.18.0&Prime; max_width=\u00a0\u00bb100%\u00a0\u00bb global_colors_info=\u00a0\u00bb{}\u00a0\u00bb][et_pb_column type=\u00a0\u00bb1_4&Prime; _builder_version=\u00a0\u00bb4.16&Prime; global_colors_info=\u00a0\u00bb{}\u00a0\u00bb][et_pb_image src=\u00a0\u00bbhttps:\/\/phil.ca\/wp-content\/uploads\/Stephanie-headshot-800&#215;1200-1.jpg\u00a0\u00bb title_text=\u00a0\u00bbStephanie-headshot-800&#215;1200&Prime; _builder_version=\u00a0\u00bb4.19.4&Prime; width=\u00a0\u00bb100%\u00a0\u00bb width_tablet=\u00a0\u00bb40%\u00a0\u00bb width_phone=\u00a0\u00bb100%\u00a0\u00bb width_last_edited=\u00a0\u00bbon|tablet\u00a0\u00bb max_width=\u00a0\u00bb350px\u00a0\u00bb module_alignment=\u00a0\u00bbleft\u00a0\u00bb global_colors_info=\u00a0\u00bb{}\u00a0\u00bb][\/et_pb_image][et_pb_text disabled_on=\u00a0\u00bboff|off|off\u00a0\u00bb _builder_version=\u00a0\u00bb4.19.4&Prime; text_font=\u00a0\u00bb||||||||\u00a0\u00bb text_line_height=\u00a0\u00bb2em\u00a0\u00bb header_font=\u00a0\u00bbNunito Sans|800|||||||\u00a0\u00bb header_text_color=\u00a0\u00bb#212121&Prime; header_line_height=\u00a0\u00bb1.3em\u00a0\u00bb custom_margin=\u00a0\u00bb0px|||||\u00a0\u00bb header_font_size_tablet=\u00a0\u00bb30px\u00a0\u00bb header_font_size_phone=\u00a0\u00bb24px\u00a0\u00bb header_font_size_last_edited=\u00a0\u00bbon|desktop\u00a0\u00bb global_colors_info=\u00a0\u00bb{}\u00a0\u00bb]<\/p>\n<h1>Stephanie Tsirgiotis<\/h1>\n<p><strong>Directrice, marketing et communication, elle<\/strong><\/p>\n<p>[\/et_pb_text][et_pb_button button_url=\u00a0\u00bbmailto:stephanie@phil.ca\u00a0\u00bb button_text=\u00a0\u00bbContactez Stephanie\u00a0\u00bb button_alignment=\u00a0\u00bbleft\u00a0\u00bb _builder_version=\u00a0\u00bb4.19.4&Prime; custom_button=\u00a0\u00bbon\u00a0\u00bb button_text_size=\u00a0\u00bb10px\u00a0\u00bb button_text_color=\u00a0\u00bb#FFFFFF\u00a0\u00bb button_bg_color=\u00a0\u00bb#007934&Prime; button_border_width=\u00a0\u00bb0px\u00a0\u00bb button_border_radius=\u00a0\u00bb100px\u00a0\u00bb button_letter_spacing=\u00a0\u00bb1px\u00a0\u00bb button_font=\u00a0\u00bbNunito Sans|700||on|||||\u00a0\u00bb button_icon=\u00a0\u00bb&#xe046;||divi||400&Prime; button_on_hover=\u00a0\u00bboff\u00a0\u00bb custom_padding=\u00a0\u00bb14px|58px|14px|40px|true|false\u00a0\u00bb box_shadow_style=\u00a0\u00bbpreset3&Prime; box_shadow_vertical=\u00a0\u00bb30px\u00a0\u00bb box_shadow_blur=\u00a0\u00bb40px\u00a0\u00bb box_shadow_spread=\u00a0\u00bb-16px\u00a0\u00bb box_shadow_color=\u00a0\u00bbrgba(28,165,255,0.24)\u00a0\u00bb locked=\u00a0\u00bboff\u00a0\u00bb global_colors_info=\u00a0\u00bb{}\u00a0\u00bb][\/et_pb_button][et_pb_button button_url=\u00a0\u00bb\/fr\/team\/\u00a0\u00bb button_text=\u00a0\u00bbRencontrer l&rsquo;\u00e9quipe\u00a0\u00bb button_alignment=\u00a0\u00bbleft\u00a0\u00bb _builder_version=\u00a0\u00bb4.19.4&Prime; custom_button=\u00a0\u00bbon\u00a0\u00bb button_text_size=\u00a0\u00bb10px\u00a0\u00bb button_text_color=\u00a0\u00bb#ffffff\u00a0\u00bb button_bg_color=\u00a0\u00bb#007934&Prime; button_border_width=\u00a0\u00bb0px\u00a0\u00bb button_border_radius=\u00a0\u00bb100px\u00a0\u00bb button_letter_spacing=\u00a0\u00bb1px\u00a0\u00bb button_font=\u00a0\u00bbNunito Sans|700||on|||||\u00a0\u00bb button_icon=\u00a0\u00bb&#xe046;||divi||400&Prime; button_on_hover=\u00a0\u00bboff\u00a0\u00bb custom_padding=\u00a0\u00bb14px|58px|14px|40px|true|false\u00a0\u00bb box_shadow_style=\u00a0\u00bbpreset3&Prime; box_shadow_vertical=\u00a0\u00bb30px\u00a0\u00bb box_shadow_blur=\u00a0\u00bb40px\u00a0\u00bb box_shadow_spread=\u00a0\u00bb-16px\u00a0\u00bb box_shadow_color=\u00a0\u00bbrgba(28,165,255,0.24)\u00a0\u00bb locked=\u00a0\u00bboff\u00a0\u00bb global_colors_info=\u00a0\u00bb{}\u00a0\u00bb][\/et_pb_button][\/et_pb_column][et_pb_column type=\u00a0\u00bb1_2&Prime; _builder_version=\u00a0\u00bb4.16&Prime; global_colors_info=\u00a0\u00bb{}\u00a0\u00bb][et_pb_text admin_label=\u00a0\u00bbText\u00a0\u00bb _builder_version=\u00a0\u00bb4.19.4&Prime; text_font=\u00a0\u00bb||||||||\u00a0\u00bb text_line_height=\u00a0\u00bb2em\u00a0\u00bb header_font=\u00a0\u00bbNunito Sans|900|||||||\u00a0\u00bb header_text_color=\u00a0\u00bb#007934&Prime; header_font_size=\u00a0\u00bb36px\u00a0\u00bb header_line_height=\u00a0\u00bb0.9em\u00a0\u00bb header_3_font=\u00a0\u00bbNunito Sans|800|||||||\u00a0\u00bb header_3_text_color=\u00a0\u00bb#212121&Prime; custom_margin=\u00a0\u00bb||28px|||\u00a0\u00bb header_font_size_tablet=\u00a0\u00bb36px\u00a0\u00bb header_font_size_phone=\u00a0\u00bb28px\u00a0\u00bb header_font_size_last_edited=\u00a0\u00bbon|phone\u00a0\u00bb locked=\u00a0\u00bboff\u00a0\u00bb global_colors_info=\u00a0\u00bb{}\u00a0\u00bb]<\/p>\n<h1>Stephanie est une sp\u00e9cialiste chevronn\u00e9e de la communication strat\u00e9gique et elle poss\u00e8de un talent naturel pour trouver les mots qui donnent vie \u00e0 la personnalit\u00e9 d\u2019une organisation.<\/h1>\n<p>[\/et_pb_text][et_pb_text _builder_version=\u00a0\u00bb4.19.4&Prime; text_font=\u00a0\u00bb|300|||||||\u00a0\u00bb text_font_size=\u00a0\u00bb18px\u00a0\u00bb header_font=\u00a0\u00bbPoppins|600|||||||\u00a0\u00bb header_font_size=\u00a0\u00bb40px\u00a0\u00bb header_line_height=\u00a0\u00bb1.3em\u00a0\u00bb custom_padding=\u00a0\u00bb||0px|||\u00a0\u00bb text_font_size_tablet=\u00a0\u00bb16px\u00a0\u00bb text_font_size_phone=\u00a0\u00bb16px\u00a0\u00bb text_font_size_last_edited=\u00a0\u00bbon|phone\u00a0\u00bb locked=\u00a0\u00bboff\u00a0\u00bb global_colors_info=\u00a0\u00bb{}\u00a0\u00bb]<\/p>\n<p>Qu\u2019il s\u2019agisse de mener une campagne de marketing ou de r\u00e9diger des communications internes, elle invente toujours des approches originales et cr\u00e9atives. Stephanie a commenc\u00e9 sa carri\u00e8re \u00e0 la radio comme productrice de contenu chez Corus Entertainment, o\u00f9 elle produisait une \u00e9mission d\u2019actualit\u00e9s diffus\u00e9e \u00e0 l\u2019\u00e9chelle nationale. Elle aimait travailler dans cet environnement tr\u00e9pidant, avec ses d\u00e9lais serr\u00e9s, et elle a profit\u00e9 de chaque occasion comme lorsqu\u2019elle a couvert l\u2019\u00e9lection pr\u00e9sidentielle de 2008 \u00e0 Washington, D.C.<\/p>\n<p>Puis, elle s\u2019est jointe \u00e0 l\u2019H\u00f4pital de Montr\u00e9al pour enfants et a dirig\u00e9 son \u00e9quipe de communication durant le d\u00e9m\u00e9nagement du CUSM, le plus grand d\u00e9m\u00e9nagement hospitalier de l\u2019histoire de l\u2019Am\u00e9rique du Nord. Elle a g\u00e9r\u00e9 les relations avec les m\u00e9dias et produit un magazine mensuel pr\u00e9sentant des histoires de patients et des projets hospitaliers.<\/p>\n<p>Plus r\u00e9cemment, Stephanie a dirig\u00e9 l\u2019\u00e9quipe de communication et de marketing de The Study, une \u00e9cole priv\u00e9e pour les filles \u00e0 Montr\u00e9al, avant de s\u2019installer dans les magnifiques Cantons-de-l\u2019Est avec sa famille. Quand elle n\u2019\u00e9crit pas ou ne r\u00e9fl\u00e9chit pas \u00e0 des enjeux strat\u00e9giques avec Phil, elle aime faire de la randonn\u00e9e, du v\u00e9lo, \u00e9couter des disques, explorer de nouvelles choses et cuisiner avec ses deux fils.\u00a0<\/p>\n<p>[\/et_pb_text][et_pb_code _builder_version=\u00a0\u00bb4.19.4&Prime; global_colors_info=\u00a0\u00bb{}\u00a0\u00bb]<script type=\"application\/ld+json\"><!-- [et_pb_line_break_holder] -->    {<!-- [et_pb_line_break_holder] -->      \"@context\": \"http:\/\/schema.org\",<!-- [et_pb_line_break_holder] -->      \"@type\": \"Person\",<!-- [et_pb_line_break_holder] -->      \"address\": {<!-- [et_pb_line_break_holder] -->        \"@type\": \"PostalAddress\",<!-- [et_pb_line_break_holder] -->        \"addressLocality\": \"Montreal\",<!-- [et_pb_line_break_holder] -->        \"addressRegion\": \"QC\",<!-- [et_pb_line_break_holder] -->        \"postalCode\": \"H3J 1N4\",<!-- [et_pb_line_break_holder] -->        \"streetAddress\": \"2360 Notre-Dame St West, Suite 310\"<!-- [et_pb_line_break_holder] -->      },<!-- [et_pb_line_break_holder] -->      \"colleague\": [<!-- [et_pb_line_break_holder] -->        \"https:\/\/phil.ca\/team\/kim-fuller\/\"<!-- [et_pb_line_break_holder] -->      ],<!-- [et_pb_line_break_holder] -->      \"email\": \"ella@phil.ca\",<!-- [et_pb_line_break_holder] -->      \"image\": \"https:\/\/phil.ca\/wp-content\/uploads\/Ella.jpg\",<!-- [et_pb_line_break_holder] -->      \"jobTitle\": \"Communications coordinator\",<!-- [et_pb_line_break_holder] -->      \"name\": \"Ella Fitzhugh\",<!-- [et_pb_line_break_holder] -->      \"alumniOf\": \"McGill\",<!-- [et_pb_line_break_holder] -->      \"birthPlace\": \"New York, United States\",<!-- [et_pb_line_break_holder] -->      \"gender\": \"female\",<!-- [et_pb_line_break_holder] -->      \"nationality\": \"American\",<!-- [et_pb_line_break_holder] -->      \"telephone\": \"514.932.0314 x34\",<!-- [et_pb_line_break_holder] -->      \"url\": \"https:\/\/phil.ca\/team\/ella-fitzhugh\/\",<!-- [et_pb_line_break_holder] -->\t\"sameAs\" : [ \"https:\/\/www.linkedin.com\/in\/ellafitzhugh\/\"]<!-- [et_pb_line_break_holder] -->    }<!-- [et_pb_line_break_holder] -->    <\/script><!-- [et_pb_line_break_holder] --><!-- [et_pb_line_break_holder] --><!-- [et_pb_line_break_holder] --><!-- [et_pb_line_break_holder] --><!-- [et_pb_line_break_holder] --><!-- [et_pb_line_break_holder] --><!-- [et_pb_line_break_holder] --><!-- [et_pb_line_break_holder] --><!-- [et_pb_line_break_holder] --><!-- [et_pb_line_break_holder] --><!-- [et_pb_line_break_holder] --><!-- [et_pb_line_break_holder] --><!-- [et_pb_line_break_holder] -->[\/et_pb_code][\/et_pb_column][et_pb_column type=\u00a0\u00bb1_4&Prime; _builder_version=\u00a0\u00bb4.16&Prime; global_colors_info=\u00a0\u00bb{}\u00a0\u00bb][et_pb_text _builder_version=\u00a0\u00bb4.19.4&Prime; _module_preset=\u00a0\u00bbdefault\u00a0\u00bb custom_margin=\u00a0\u00bb||12px|||\u00a0\u00bb global_colors_info=\u00a0\u00bb{}\u00a0\u00bb]<\/p>\n<h3 style=\"text-align: center;\">Un coup d\u2019\u0153il dans la vie de Stephanie<\/h3>\n<p>[\/et_pb_text][et_pb_divider color=\u00a0\u00bb#007934&Prime; divider_weight=\u00a0\u00bb2px\u00a0\u00bb disabled_on=\u00a0\u00bboff|off|off\u00a0\u00bb _builder_version=\u00a0\u00bb4.19.4&Prime; max_width=\u00a0\u00bb70%\u00a0\u00bb module_alignment=\u00a0\u00bbcenter\u00a0\u00bb custom_margin=\u00a0\u00bb||10px||false|false\u00a0\u00bb locked=\u00a0\u00bboff\u00a0\u00bb global_colors_info=\u00a0\u00bb{}\u00a0\u00bb][\/et_pb_divider][et_pb_text disabled_on=\u00a0\u00bboff|off|off\u00a0\u00bb _builder_version=\u00a0\u00bb4.19.4&Prime; text_font=\u00a0\u00bb||||||||\u00a0\u00bb text_line_height=\u00a0\u00bb2em\u00a0\u00bb header_font=\u00a0\u00bbNunito Sans|800|||||||\u00a0\u00bb header_text_color=\u00a0\u00bb#212121&Prime; header_line_height=\u00a0\u00bb1.3em\u00a0\u00bb header_5_text_color=\u00a0\u00bb#000000&Prime; header_5_line_height=\u00a0\u00bb1.4em\u00a0\u00bb custom_margin=\u00a0\u00bb0px||35px|||\u00a0\u00bb header_font_size_tablet=\u00a0\u00bb30px\u00a0\u00bb header_font_size_phone=\u00a0\u00bb24px\u00a0\u00bb header_font_size_last_edited=\u00a0\u00bbon|desktop\u00a0\u00bb global_colors_info=\u00a0\u00bb{}\u00a0\u00bb]<\/p>\n<h5 style=\"text-align: center;\">Ces mots d\u2019Helen Keller l\u2019accompagnent tous les jours : \u00ab Seule, nous pouvons faire si peu, ensemble, nous pouvons faire tellement. \u00bb<\/h5>\n<p>[\/et_pb_text][et_pb_image src=\u00a0\u00bbhttps:\/\/phil.ca\/wp-content\/uploads\/Stephanie-personal-images-1.jpg\u00a0\u00bb title_text=\u00a0\u00bbStephanie personal images-1&Prime; _builder_version=\u00a0\u00bb4.19.4&Prime; _module_preset=\u00a0\u00bbdefault\u00a0\u00bb global_colors_info=\u00a0\u00bb{}\u00a0\u00bb][\/et_pb_image][et_pb_image src=\u00a0\u00bbhttps:\/\/phil.ca\/wp-content\/uploads\/Stephanie-personal-images-2.jpg\u00a0\u00bb title_text=\u00a0\u00bbStephanie personal images-2&Prime; _builder_version=\u00a0\u00bb4.19.4&Prime; _module_preset=\u00a0\u00bbdefault\u00a0\u00bb global_colors_info=\u00a0\u00bb{}\u00a0\u00bb][\/et_pb_image][et_pb_image src=\u00a0\u00bbhttps:\/\/phil.ca\/wp-content\/uploads\/Stephanie-personal-images-3.jpg\u00a0\u00bb title_text=\u00a0\u00bbStephanie personal images-3&Prime; _builder_version=\u00a0\u00bb4.19.4&Prime; _module_preset=\u00a0\u00bbdefault\u00a0\u00bb global_colors_info=\u00a0\u00bb{}\u00a0\u00bb][\/et_pb_image][\/et_pb_column][\/et_pb_row][\/et_pb_section]<\/p>\n","protected":false},"excerpt":{"rendered":"<p>Stephanie Tsirgiotis Directrice, marketing et communication, elleStephanie est une sp\u00e9cialiste chevronn\u00e9e de la communication strat\u00e9gique et elle poss\u00e8de un talent naturel pour trouver les mots qui donnent vie \u00e0 la personnalit\u00e9 d\u2019une organisation.Qu\u2019il s\u2019agisse de mener une campagne de marketing ou de r\u00e9diger des communications internes, elle invente toujours des approches originales et cr\u00e9atives. Stephanie a commenc\u00e9 sa carri\u00e8re \u00e0 la radio comme productrice de contenu chez Corus Entertainment, o\u00f9 elle produisait une \u00e9mission d\u2019actualit\u00e9s diffus\u00e9e \u00e0 l\u2019\u00e9chelle nationale. Elle aimait travailler dans cet environnement tr\u00e9pidant, avec ses d\u00e9lais serr\u00e9s, et elle a profit\u00e9 de chaque occasion comme lorsqu\u2019elle a couvert l\u2019\u00e9lection pr\u00e9sidentielle de 2008 \u00e0 Washington, D.C. Puis, elle s\u2019est jointe \u00e0 l\u2019H\u00f4pital de Montr\u00e9al pour enfants et a dirig\u00e9 son \u00e9quipe de communication durant le d\u00e9m\u00e9nagement du CUSM, le plus grand d\u00e9m\u00e9nagement hospitalier de l\u2019histoire de l\u2019Am\u00e9rique du Nord. Elle a g\u00e9r\u00e9 les relations avec les m\u00e9dias et produit un magazine mensuel pr\u00e9sentant des histoires de patients et des projets hospitaliers. Plus r\u00e9cemment, Stephanie a dirig\u00e9 l\u2019\u00e9quipe de communication et de marketing de The Study, une \u00e9cole priv\u00e9e pour les filles \u00e0 Montr\u00e9al, avant de s\u2019installer dans les magnifiques Cantons-de-l\u2019Est avec sa famille. Quand elle n\u2019\u00e9crit pas ou ne r\u00e9fl\u00e9chit pas \u00e0 des enjeux strat\u00e9giques avec Phil, elle aime faire de la randonn\u00e9e, du v\u00e9lo, \u00e9couter des disques, explorer de nouvelles choses et cuisiner avec ses deux fils.\u00a0Un coup d\u2019\u0153il dans la vie de StephanieCes mots d\u2019Helen Keller l\u2019accompagnent tous les jours : \u00ab Seule, nous pouvons faire si peu, ensemble, nous pouvons faire tellement. \u00bb<\/p>\n","protected":false},"author":5,"featured_media":0,"parent":50618,"menu_order":0,"comment_status":"closed","ping_status":"closed","template":"","meta":{"_et_pb_use_builder":"on","_et_pb_old_content":"","_et_gb_content_width":"","inline_featured_image":false,"footnotes":""},"class_list":["post-58060","page","type-page","status-publish","hentry"],"aioseo_notices":[],"_links":{"self":[{"href":"https:\/\/phil.ca\/fr\/wp-json\/wp\/v2\/pages\/58060","targetHints":{"allow":["GET"]}}],"collection":[{"href":"https:\/\/phil.ca\/fr\/wp-json\/wp\/v2\/pages"}],"about":[{"href":"https:\/\/phil.ca\/fr\/wp-json\/wp\/v2\/types\/page"}],"author":[{"embeddable":true,"href":"https:\/\/phil.ca\/fr\/wp-json\/wp\/v2\/users\/5"}],"replies":[{"embeddable":true,"href":"https:\/\/phil.ca\/fr\/wp-json\/wp\/v2\/comments?post=58060"}],"version-history":[{"count":5,"href":"https:\/\/phil.ca\/fr\/wp-json\/wp\/v2\/pages\/58060\/revisions"}],"predecessor-version":[{"id":59044,"href":"https:\/\/phil.ca\/fr\/wp-json\/wp\/v2\/pages\/58060\/revisions\/59044"}],"up":[{"embeddable":true,"href":"https:\/\/phil.ca\/fr\/wp-json\/wp\/v2\/pages\/50618"}],"wp:attachment":[{"href":"https:\/\/phil.ca\/fr\/wp-json\/wp\/v2\/media?parent=58060"}],"curies":[{"name":"wp","href":"https:\/\/api.w.org\/{rel}","templated":true}]}}