{"id":59923,"date":"2021-01-11T18:18:41","date_gmt":"2021-01-11T18:18:41","guid":{"rendered":"https:\/\/phil.ca\/support\/"},"modified":"2024-04-24T14:22:09","modified_gmt":"2024-04-24T14:22:09","slug":"soutien","status":"publish","type":"page","link":"https:\/\/phil.ca\/fr\/soutien\/","title":{"rendered":"Soutien"},"content":{"rendered":"<p>[et_pb_section fb_built=\u00a0\u00bb1&Prime; _builder_version=\u00a0\u00bb4.16&Prime; da_disable_devices=\u00a0\u00bboff|off|off\u00a0\u00bb global_colors_info=\u00a0\u00bb{}\u00a0\u00bb da_is_popup=\u00a0\u00bboff\u00a0\u00bb da_exit_intent=\u00a0\u00bboff\u00a0\u00bb da_has_close=\u00a0\u00bbon\u00a0\u00bb da_alt_close=\u00a0\u00bboff\u00a0\u00bb da_dark_close=\u00a0\u00bboff\u00a0\u00bb da_not_modal=\u00a0\u00bbon\u00a0\u00bb da_is_singular=\u00a0\u00bboff\u00a0\u00bb da_with_loader=\u00a0\u00bboff\u00a0\u00bb da_has_shadow=\u00a0\u00bbon\u00a0\u00bb][et_pb_row _builder_version=\u00a0\u00bb4.16&Prime; background_size=\u00a0\u00bbinitial\u00a0\u00bb background_position=\u00a0\u00bbtop_left\u00a0\u00bb background_repeat=\u00a0\u00bbrepeat\u00a0\u00bb global_colors_info=\u00a0\u00bb{}\u00a0\u00bb][et_pb_column type=\u00a0\u00bb4_4&Prime; _builder_version=\u00a0\u00bb4.16&Prime; custom_padding=\u00a0\u00bb|||\u00a0\u00bb global_colors_info=\u00a0\u00bb{}\u00a0\u00bb custom_padding__hover=\u00a0\u00bb|||\u00a0\u00bb][et_pb_code disabled_on=\u00a0\u00bbon|on|on\u00a0\u00bb _builder_version=\u00a0\u00bb4.16&Prime; z_index_tablet=\u00a0\u00bb500&Prime; disabled=\u00a0\u00bbon\u00a0\u00bb global_colors_info=\u00a0\u00bb{}\u00a0\u00bb]<\/p>\n<div id=\"zf_div_Odj1CBCeZH7W2McjWLCf-8nFLFD2Plok2k__2enKIi8\"><\/div>\n<p><script type=\"text\/javascript\">(function() {<!-- [et_pb_line_break_holder] -->try{<!-- [et_pb_line_break_holder] -->var f = document.createElement(\"iframe\");   <!-- [et_pb_line_break_holder] -->f.src = 'https:\/\/forms.zohopublic.com\/philca\/form\/SoftwareRequest\/formperma\/Odj1CBCeZH7W2McjWLCf-8nFLFD2Plok2k__2enKIi8?zf_rszfm=1';<!-- [et_pb_line_break_holder] -->f.style.border=\"none\";                                           <!-- [et_pb_line_break_holder] -->f.style.height=\"1593px\";<!-- [et_pb_line_break_holder] -->f.style.width=\"90%\";<!-- [et_pb_line_break_holder] -->f.style.transition=\"all 0.5s ease\";\/\/ No I18N<!-- [et_pb_line_break_holder] -->var d = document.getElementById(\"zf_div_Odj1CBCeZH7W2McjWLCf-8nFLFD2Plok2k__2enKIi8\");<!-- [et_pb_line_break_holder] -->d.appendChild(f);<!-- [et_pb_line_break_holder] -->window.addEventListener('message', function (){<!-- [et_pb_line_break_holder] -->var zf_ifrm_data = event.data.split(\"|\");<!-- [et_pb_line_break_holder] -->var zf_perma = zf_ifrm_data[0];<!-- [et_pb_line_break_holder] -->var zf_ifrm_ht_nw = ( parseInt(zf_ifrm_data[1], 10) + 15 ) + \"px\";<!-- [et_pb_line_break_holder] -->var iframe = document.getElementById(\"zf_div_Odj1CBCeZH7W2McjWLCf-8nFLFD2Plok2k__2enKIi8\").getElementsByTagName(\"iframe\")[0];<!-- [et_pb_line_break_holder] -->if ( (iframe.src).indexOf('formperma') > 0 && (iframe.src).indexOf(zf_perma) > 0 ) {<!-- [et_pb_line_break_holder] -->var prevIframeHeight = iframe.style.height;<!-- [et_pb_line_break_holder] -->if ( prevIframeHeight != zf_ifrm_ht_nw ) {<!-- [et_pb_line_break_holder] -->iframe.style.height = zf_ifrm_ht_nw;<!-- [et_pb_line_break_holder] -->}   <!-- [et_pb_line_break_holder] -->}<!-- [et_pb_line_break_holder] -->}, false);<!-- [et_pb_line_break_holder] -->}catch(e){}<!-- [et_pb_line_break_holder] -->})();<\/script>[\/et_pb_code][et_pb_text _builder_version=\u00a0\u00bb4.24.2&Prime; _module_preset=\u00a0\u00bbdefault\u00a0\u00bb header_text_color=\u00a0\u00bb#007934&Prime; header_2_font=\u00a0\u00bbNunito Sans|900|||||||\u00a0\u00bb header_2_text_color=\u00a0\u00bb#007934&Prime; header_2_font_size=\u00a0\u00bb40px\u00a0\u00bb global_colors_info=\u00a0\u00bb{}\u00a0\u00bb]<\/p>\n<h2 style=\"text-align: center;\">Pas de panique!<\/h2>\n<p style=\"text-align: center;\">Si vous \u00eates arriv\u00e9 sur cette page, c&rsquo;est que vous avez rencontr\u00e9 un probl\u00e8me. Ce n&rsquo;est pas grave, nous sommes l\u00e0 pour vous.<br \/>Cette page est d\u00e9di\u00e9e au service de nos <strong>clients actuels<\/strong> en ce qui concerne leur site web ou leurs probl\u00e8mes d&rsquo;h\u00e9bergement.<br \/>Remplissez le formulaire ci-dessous et nous vous r\u00e9pondrons dans les plus brefs d\u00e9lais !<\/p>\n<p>[\/et_pb_text][et_pb_text _builder_version=\u00a0\u00bb4.24.2&Prime; _module_preset=\u00a0\u00bbdefault\u00a0\u00bb header_text_color=\u00a0\u00bb#007934&Prime; header_2_font=\u00a0\u00bbNunito Sans|900|||||||\u00a0\u00bb header_2_text_color=\u00a0\u00bb#007934&Prime; header_2_font_size=\u00a0\u00bb40px\u00a0\u00bb custom_margin=\u00a0\u00bb||0px|||\u00a0\u00bb global_colors_info=\u00a0\u00bb{}\u00a0\u00bb]<\/p>\n<h2 style=\"text-align: center;\">Comment pouvons-nous vous aider ?<\/h2>\n<p>[\/et_pb_text][et_pb_code _builder_version=\u00a0\u00bb4.24.2&Prime; _module_preset=\u00a0\u00bbdefault\u00a0\u00bb custom_margin=\u00a0\u00bb-30px||||false|false\u00a0\u00bb global_colors_info=\u00a0\u00bb{}\u00a0\u00bb]<iframe frameborder=\"0\" style=\"height:1255px;width:99%;border:none;\" src='https:\/\/forms.zohopublic.com\/philca\/form\/PhilssupportrequestformFR\/formperma\/XJuimH1C8GJ_Mnk4QLjf-StkhLtx5ZUa-NWQPfEJkLA?zf_enablecamera=true'><\/iframe>[\/et_pb_code][\/et_pb_column][\/et_pb_row][\/et_pb_section]<\/p>\n","protected":false},"excerpt":{"rendered":"<p>Pas de panique! Si vous \u00eates arriv\u00e9 sur cette page, c&rsquo;est que vous avez rencontr\u00e9 un probl\u00e8me. Ce n&rsquo;est pas grave, nous sommes l\u00e0 pour vous.Cette page est d\u00e9di\u00e9e au service de nos clients actuels en ce qui concerne leur site web ou leurs probl\u00e8mes d&rsquo;h\u00e9bergement.Remplissez le formulaire ci-dessous et nous vous r\u00e9pondrons dans les plus brefs d\u00e9lais !Comment pouvons-nous vous aider ?<\/p>\n","protected":false},"author":5,"featured_media":0,"parent":0,"menu_order":0,"comment_status":"closed","ping_status":"closed","template":"","meta":{"_et_pb_use_builder":"on","_et_pb_old_content":"","_et_gb_content_width":"","inline_featured_image":false,"footnotes":""},"class_list":["post-59923","page","type-page","status-publish","hentry"],"aioseo_notices":[],"_links":{"self":[{"href":"https:\/\/phil.ca\/fr\/wp-json\/wp\/v2\/pages\/59923","targetHints":{"allow":["GET"]}}],"collection":[{"href":"https:\/\/phil.ca\/fr\/wp-json\/wp\/v2\/pages"}],"about":[{"href":"https:\/\/phil.ca\/fr\/wp-json\/wp\/v2\/types\/page"}],"author":[{"embeddable":true,"href":"https:\/\/phil.ca\/fr\/wp-json\/wp\/v2\/users\/5"}],"replies":[{"embeddable":true,"href":"https:\/\/phil.ca\/fr\/wp-json\/wp\/v2\/comments?post=59923"}],"version-history":[{"count":6,"href":"https:\/\/phil.ca\/fr\/wp-json\/wp\/v2\/pages\/59923\/revisions"}],"predecessor-version":[{"id":59933,"href":"https:\/\/phil.ca\/fr\/wp-json\/wp\/v2\/pages\/59923\/revisions\/59933"}],"wp:attachment":[{"href":"https:\/\/phil.ca\/fr\/wp-json\/wp\/v2\/media?parent=59923"}],"curies":[{"name":"wp","href":"https:\/\/api.w.org\/{rel}","templated":true}]}}