{"id":61699,"date":"2024-10-07T02:19:11","date_gmt":"2024-10-07T02:19:11","guid":{"rendered":"https:\/\/phil.ca\/team-stephanie-tsirgiotis\/"},"modified":"2026-04-15T16:01:27","modified_gmt":"2026-04-15T16:01:27","slug":"team-stephanie-tsirgiotis","status":"publish","type":"page","link":"https:\/\/phil.ca\/fr\/team-stephanie-tsirgiotis\/","title":{"rendered":"Stephanie Tsirgiotis"},"content":{"rendered":"\t\t<div data-elementor-type=\"wp-page\" data-elementor-id=\"61699\" class=\"elementor elementor-61699 elementor-61490\" data-elementor-post-type=\"page\">\n\t\t\t\t<div class=\"elementor-element elementor-element-15e1038 e-flex e-con-boxed wpr-particle-no wpr-jarallax-no wpr-parallax-no wpr-sticky-section-no e-con e-parent\" data-id=\"15e1038\" data-element_type=\"container\" data-settings=\"{&quot;background_background&quot;:&quot;classic&quot;}\">\n\t\t\t\t\t<div class=\"e-con-inner\">\n\t\t<div class=\"elementor-element elementor-element-6cd9d37 e-con-full e-flex wpr-particle-no wpr-jarallax-no wpr-parallax-no wpr-sticky-section-no e-con e-child\" data-id=\"6cd9d37\" data-element_type=\"container\">\n\t\t\t\t<div class=\"elementor-element elementor-element-8f6bb6c elementor-invisible elementor-widget elementor-widget-image\" data-id=\"8f6bb6c\" data-element_type=\"widget\" data-settings=\"{&quot;_animation&quot;:&quot;fadeIn&quot;,&quot;_animation_delay&quot;:200}\" data-widget_type=\"image.default\">\n\t\t\t\t<div class=\"elementor-widget-container\">\n\t\t\t\t\t\t\t\t\t\t\t\t\t\t\t<img fetchpriority=\"high\" fetchpriority=\"high\" decoding=\"async\" width=\"500\" height=\"500\" src=\"https:\/\/phil.ca\/wp-content\/uploads\/Stephanie-Tsirgiotis.png\" class=\"attachment-full size-full wp-image-63506\" alt=\"\" srcset=\"https:\/\/phil.ca\/wp-content\/uploads\/Stephanie-Tsirgiotis.png 500w, https:\/\/phil.ca\/wp-content\/uploads\/Stephanie-Tsirgiotis-480x480.png 480w\" sizes=\"(min-width: 0px) and (max-width: 480px) 480px, (min-width: 481px) 500px, 100vw\" \/>\t\t\t\t\t\t\t\t\t\t\t\t\t\t\t<\/div>\n\t\t\t\t<\/div>\n\t\t\t\t<div class=\"elementor-element elementor-element-32725b7 elementor-widget__width-initial elementor-widget-mobile__width-initial elementor-invisible elementor-widget elementor-widget-heading\" data-id=\"32725b7\" data-element_type=\"widget\" data-settings=\"{&quot;_animation&quot;:&quot;fadeIn&quot;,&quot;_animation_delay&quot;:400}\" data-widget_type=\"heading.default\">\n\t\t\t\t<div class=\"elementor-widget-container\">\n\t\t\t\t\t<h2 class=\"elementor-heading-title elementor-size-default\">Stephanie Tsirgiotis<\/h2>\t\t\t\t<\/div>\n\t\t\t\t<\/div>\n\t\t\t\t<div class=\"elementor-element elementor-element-ae45552 elementor-widget__width-initial elementor-widget-mobile__width-initial elementor-invisible elementor-widget elementor-widget-heading\" data-id=\"ae45552\" data-element_type=\"widget\" data-settings=\"{&quot;_animation&quot;:&quot;fadeIn&quot;,&quot;_animation_delay&quot;:400}\" data-widget_type=\"heading.default\">\n\t\t\t\t<div class=\"elementor-widget-container\">\n\t\t\t\t\t<h2 class=\"elementor-heading-title elementor-size-default\">elle<\/h2>\t\t\t\t<\/div>\n\t\t\t\t<\/div>\n\t\t\t\t<div class=\"elementor-element elementor-element-b76f68d elementor-widget-divider--view-line elementor-invisible elementor-widget elementor-widget-divider\" data-id=\"b76f68d\" data-element_type=\"widget\" data-settings=\"{&quot;_animation&quot;:&quot;fadeIn&quot;,&quot;_animation_delay&quot;:600}\" data-widget_type=\"divider.default\">\n\t\t\t\t<div class=\"elementor-widget-container\">\n\t\t\t\t\t\t\t<div class=\"elementor-divider\">\n\t\t\t<span class=\"elementor-divider-separator\">\n\t\t\t\t\t\t<\/span>\n\t\t<\/div>\n\t\t\t\t\t\t<\/div>\n\t\t\t\t<\/div>\n\t\t\t\t<div class=\"elementor-element elementor-element-69ae324 elementor-invisible elementor-widget elementor-widget-text-editor\" data-id=\"69ae324\" data-element_type=\"widget\" data-settings=\"{&quot;_animation&quot;:&quot;fadeIn&quot;,&quot;_animation_delay&quot;:800}\" data-widget_type=\"text-editor.default\">\n\t\t\t\t<div class=\"elementor-widget-container\">\n\t\t\t\t\t\t\t\t\t<p>Directrice principale<br \/>stephanie@phil.ca<br \/>514.932.0314<\/p>\t\t\t\t\t\t\t\t<\/div>\n\t\t\t\t<\/div>\n\t\t\t\t<div class=\"elementor-element elementor-element-a961e06 elementor-align-center elementor-mobile-align-justify elementor-widget-mobile__width-inherit elementor-invisible elementor-widget elementor-widget-button\" data-id=\"a961e06\" data-element_type=\"widget\" data-settings=\"{&quot;_animation&quot;:&quot;fadeIn&quot;,&quot;_animation_delay&quot;:1000}\" data-widget_type=\"button.default\">\n\t\t\t\t<div class=\"elementor-widget-container\">\n\t\t\t\t\t\t\t\t\t<div class=\"elementor-button-wrapper\">\n\t\t\t\t\t<a class=\"elementor-button elementor-button-link elementor-size-sm\" href=\"https:\/\/phil.ca\/fr\/equipe\/\">\n\t\t\t\t\t\t<span class=\"elementor-button-content-wrapper\">\n\t\t\t\t\t\t<span class=\"elementor-button-icon\">\n\t\t\t\t<svg aria-hidden=\"true\" class=\"e-font-icon-svg e-fas-arrow-alt-circle-right\" viewBox=\"0 0 512 512\" xmlns=\"http:\/\/www.w3.org\/2000\/svg\"><path d=\"M256 8c137 0 248 111 248 248S393 504 256 504 8 393 8 256 119 8 256 8zM140 300h116v70.9c0 10.7 13 16.1 20.5 8.5l114.3-114.9c4.7-4.7 4.7-12.2 0-16.9l-114.3-115c-7.6-7.6-20.5-2.2-20.5 8.5V212H140c-6.6 0-12 5.4-12 12v64c0 6.6 5.4 12 12 12z\"><\/path><\/svg>\t\t\t<\/span>\n\t\t\t\t\t\t\t\t\t<span class=\"elementor-button-text\">Rencontrer l'\u00e9quipe<\/span>\n\t\t\t\t\t<\/span>\n\t\t\t\t\t<\/a>\n\t\t\t\t<\/div>\n\t\t\t\t\t\t\t\t<\/div>\n\t\t\t\t<\/div>\n\t\t\t\t<\/div>\n\t\t<div class=\"elementor-element elementor-element-5d02493 e-con-full e-flex wpr-particle-no wpr-jarallax-no wpr-parallax-no wpr-sticky-section-no e-con e-child\" data-id=\"5d02493\" data-element_type=\"container\">\n\t\t\t\t<div class=\"elementor-element elementor-element-3805f10 elementor-invisible elementor-widget elementor-widget-heading\" data-id=\"3805f10\" data-element_type=\"widget\" data-settings=\"{&quot;_animation&quot;:&quot;fadeIn&quot;,&quot;_animation_delay&quot;:200}\" data-widget_type=\"heading.default\">\n\t\t\t\t<div class=\"elementor-widget-container\">\n\t\t\t\t\t<h2 class=\"elementor-heading-title elementor-size-default\">Stephanie est une leader dynamique et une experte en communications strat\u00e9giques, anim\u00e9e par une passion pour la croissance et l\u2019impact.<\/h2>\t\t\t\t<\/div>\n\t\t\t\t<\/div>\n\t\t\t\t<div class=\"elementor-element elementor-element-3161e60 elementor-invisible elementor-widget elementor-widget-text-editor\" data-id=\"3161e60\" data-element_type=\"widget\" data-settings=\"{&quot;_animation&quot;:&quot;fadeIn&quot;,&quot;_animation_delay&quot;:400}\" data-widget_type=\"text-editor.default\">\n\t\t\t\t<div class=\"elementor-widget-container\">\n\t\t\t\t\t\t\t\t\t<p><span style=\"font-weight: 400;\">Avec une formation en journalisme et une expertise approfondie en narration d\u2019impact, elle poss\u00e8de un parcours \u00e9prouv\u00e9 dans l\u2019\u00e9laboration de r\u00e9cits percutants qui r\u00e9sonnent.<\/span><\/p><p><span style=\"font-weight: 400;\">Avant de rejoindre Phil, Stephanie dirigeait les communications du Centre universitaire de sant\u00e9 McGill \u2013 H\u00f4pital de Montr\u00e9al pour enfants, accompagnant l\u2019organisation \u00e0 travers des \u00e9tapes majeures, notamment le plus grand d\u00e9m\u00e9nagement hospitalier de l\u2019histoire nord-am\u00e9ricaine. Elle a g\u00e9r\u00e9 les relations m\u00e9diatiques, la communication de crise et le positionnement strat\u00e9gique, contribuant \u00e0 rehausser le profil de l\u2019h\u00f4pital et \u00e0 mobiliser les parties prenantes cl\u00e9s.<\/span><\/p><p><span style=\"font-weight: 400;\">Stephanie allie r\u00e9flexion strat\u00e9gique et approche pragmatique dans la gestion des op\u00e9rations, l\u2019engagement client et le leadership d\u2019\u00e9quipe. Qu\u2019il s\u2019agisse de concevoir des campagnes percutantes, de conseiller des clients ou de fa\u00e7onner l\u2019orientation \u00e0 long terme de Phil, Stephanie s\u2019engage \u00e0 faire une diff\u00e9rence \u2013 une histoire, une strat\u00e9gie et un partenariat \u00e0 la fois.<\/span><\/p>\t\t\t\t\t\t\t\t<\/div>\n\t\t\t\t<\/div>\n\t\t<div class=\"elementor-element elementor-element-fb9cfec e-con-full e-flex wpr-particle-no wpr-jarallax-no wpr-parallax-no wpr-sticky-section-no e-con e-child\" data-id=\"fb9cfec\" data-element_type=\"container\">\n\t\t\t\t<div class=\"elementor-element elementor-element-142615b elementor-widget-divider--view-line elementor-invisible elementor-widget elementor-widget-divider\" data-id=\"142615b\" data-element_type=\"widget\" data-settings=\"{&quot;_animation&quot;:&quot;fadeIn&quot;,&quot;_animation_delay&quot;:200}\" data-widget_type=\"divider.default\">\n\t\t\t\t<div class=\"elementor-widget-container\">\n\t\t\t\t\t\t\t<div class=\"elementor-divider\">\n\t\t\t<span class=\"elementor-divider-separator\">\n\t\t\t\t\t\t<\/span>\n\t\t<\/div>\n\t\t\t\t\t\t<\/div>\n\t\t\t\t<\/div>\n\t\t<div class=\"elementor-element elementor-element-58b22d0 e-con-full e-flex wpr-particle-no wpr-jarallax-no wpr-parallax-no wpr-sticky-section-no e-con e-child\" data-id=\"58b22d0\" data-element_type=\"container\">\n\t\t<div class=\"elementor-element elementor-element-7d18974 e-con-full e-flex wpr-particle-no wpr-jarallax-no wpr-parallax-no wpr-sticky-section-no e-con e-child\" data-id=\"7d18974\" data-element_type=\"container\">\n\t\t\t\t<div class=\"elementor-element elementor-element-f6cffa1 elementor-widget__width-initial elementor-widget-mobile__width-initial elementor-hidden-desktop elementor-hidden-tablet elementor-invisible elementor-widget elementor-widget-heading\" data-id=\"f6cffa1\" data-element_type=\"widget\" data-settings=\"{&quot;_animation&quot;:&quot;fadeIn&quot;,&quot;_animation_delay&quot;:300}\" data-widget_type=\"heading.default\">\n\t\t\t\t<div class=\"elementor-widget-container\">\n\t\t\t\t\t<h2 class=\"elementor-heading-title elementor-size-default\">Mes origines<\/h2>\t\t\t\t<\/div>\n\t\t\t\t<\/div>\n\t\t\t\t<div class=\"elementor-element elementor-element-0b46a76 elementor-widget__width-initial elementor-widget-mobile__width-initial elementor-hidden-mobile elementor-invisible elementor-widget elementor-widget-heading\" data-id=\"0b46a76\" data-element_type=\"widget\" data-settings=\"{&quot;_animation&quot;:&quot;fadeIn&quot;,&quot;_animation_delay&quot;:300}\" data-widget_type=\"heading.default\">\n\t\t\t\t<div class=\"elementor-widget-container\">\n\t\t\t\t\t<h2 class=\"elementor-heading-title elementor-size-default\">Mes origines<\/h2>\t\t\t\t<\/div>\n\t\t\t\t<\/div>\n\t\t\t\t<\/div>\n\t\t<div class=\"elementor-element elementor-element-d10b9c3 e-con-full e-flex wpr-particle-no wpr-jarallax-no wpr-parallax-no wpr-sticky-section-no e-con e-child\" data-id=\"d10b9c3\" data-element_type=\"container\">\n\t\t\t\t<div class=\"elementor-element elementor-element-47f4d29 elementor-invisible elementor-widget elementor-widget-text-editor\" data-id=\"47f4d29\" data-element_type=\"widget\" data-settings=\"{&quot;_animation&quot;:&quot;fadeIn&quot;,&quot;_animation_delay&quot;:400}\" data-widget_type=\"text-editor.default\">\n\t\t\t\t<div class=\"elementor-widget-container\">\n\t\t\t\t\t\t\t\t\t<p><span style=\"font-weight: 400;\">Stephanie est une immigrante de deuxi\u00e8me g\u00e9n\u00e9ration, n\u00e9e de parents originaires d&rsquo;Italie et de Gr\u00e8ce. Apr\u00e8s plus de trois d\u00e9cennies et demie pass\u00e9es \u00e0 Tiohti\u00e0:ke, les terres traditionnelles et non c\u00e9d\u00e9es de la nation Kanien&rsquo;keh\u00e0:ka (Mohawk), elle a \u00e9lu domicile sur le territoire de la nation N&rsquo;dakina (Ab\u00e9naki), o\u00f9 elle se sent bien accueillie.<\/span><\/p>\t\t\t\t\t\t\t\t<\/div>\n\t\t\t\t<\/div>\n\t\t\t\t<div class=\"elementor-element elementor-element-b9c780b elementor-invisible elementor-widget elementor-widget-n-accordion\" data-id=\"b9c780b\" data-element_type=\"widget\" data-settings=\"{&quot;default_state&quot;:&quot;all_collapsed&quot;,&quot;_animation&quot;:&quot;fadeIn&quot;,&quot;_animation_delay&quot;:500,&quot;max_items_expended&quot;:&quot;one&quot;,&quot;n_accordion_animation_duration&quot;:{&quot;unit&quot;:&quot;ms&quot;,&quot;size&quot;:400,&quot;sizes&quot;:[]}}\" data-widget_type=\"nested-accordion.default\">\n\t\t\t\t<div class=\"elementor-widget-container\">\n\t\t\t\t\t\t\t<div class=\"e-n-accordion\" aria-label=\"Accordion. Open links with Enter or Space, close with Escape, and navigate with Arrow Keys\">\n\t\t\t\t\t\t<details id=\"e-n-accordion-item-1940\" class=\"e-n-accordion-item\" >\n\t\t\t\t<summary class=\"e-n-accordion-item-title\" data-accordion-index=\"1\" tabindex=\"0\" aria-expanded=\"false\" aria-controls=\"e-n-accordion-item-1940\" >\n\t\t\t\t\t<span class='e-n-accordion-item-title-header'><div class=\"e-n-accordion-item-title-text\"> C\u2019est quoi une histoire d\u2019origines ? <\/div><\/span>\n\t\t\t\t\t\t\t<span class='e-n-accordion-item-title-icon'>\n\t\t\t<span class='e-opened' ><svg aria-hidden=\"true\" class=\"e-font-icon-svg e-fas-arrow-alt-circle-down\" viewBox=\"0 0 512 512\" xmlns=\"http:\/\/www.w3.org\/2000\/svg\"><path d=\"M504 256c0 137-111 248-248 248S8 393 8 256 119 8 256 8s248 111 248 248zM212 140v116h-70.9c-10.7 0-16.1 13-8.5 20.5l114.9 114.3c4.7 4.7 12.2 4.7 16.9 0l114.9-114.3c7.6-7.6 2.2-20.5-8.5-20.5H300V140c0-6.6-5.4-12-12-12h-64c-6.6 0-12 5.4-12 12z\"><\/path><\/svg><\/span>\n\t\t\t<span class='e-closed'><svg aria-hidden=\"true\" class=\"e-font-icon-svg e-fas-arrow-alt-circle-right\" viewBox=\"0 0 512 512\" xmlns=\"http:\/\/www.w3.org\/2000\/svg\"><path d=\"M256 8c137 0 248 111 248 248S393 504 256 504 8 393 8 256 119 8 256 8zM140 300h116v70.9c0 10.7 13 16.1 20.5 8.5l114.3-114.9c4.7-4.7 4.7-12.2 0-16.9l-114.3-115c-7.6-7.6-20.5-2.2-20.5 8.5V212H140c-6.6 0-12 5.4-12 12v64c0 6.6 5.4 12 12 12z\"><\/path><\/svg><\/span>\n\t\t<\/span>\n\n\t\t\t\t\t\t<\/summary>\n\t\t\t\t<div role=\"region\" aria-labelledby=\"e-n-accordion-item-1940\" class=\"elementor-element elementor-element-e10d66a e-con-full e-flex wpr-particle-no wpr-jarallax-no wpr-parallax-no wpr-sticky-section-no e-con e-child\" data-id=\"e10d66a\" data-element_type=\"container\">\n\t\t\t\t<div class=\"elementor-element elementor-element-1fc6aad elementor-widget elementor-widget-text-editor\" data-id=\"1fc6aad\" data-element_type=\"widget\" data-widget_type=\"text-editor.default\">\n\t\t\t\t<div class=\"elementor-widget-container\">\n\t\t\t\t\t\t\t\t\t<p><span style=\"font-weight: 400;\">Chez Phil, nous pensons qu\u2019il est important de reconna\u00eetre les liens qui nous unissent aux terres que nous habitons. Nous partageons nos r\u00e9cits personnels par respect pour les territoires autochtones non c\u00e9d\u00e9s sur lesquels nous vivons, travaillons et nous \u00e9panouissons.\u00a0<\/span><\/p><p><span style=\"font-weight: 400;\">Phil s&rsquo;est \u00e9galement engag\u00e9 \u00e0 b\u00e2tir des relations de confiance avec ses partenaires en respectant et en faisant la promotion des modes de connaissance autochtones, et en reconnaissant la v\u00e9ritable histoire du colonialisme.\u00a0<\/span><\/p><p><span style=\"font-weight: 400;\">C&rsquo;est pourquoi nos histoires ont une grande importance pour nous. Et la v\u00f4tre, que signifie-t-elle pour vous?<\/span><\/p><p><span style=\"font-weight: 400;\">Utilisez la ressource suivante pour d\u00e9couvrir les territoires li\u00e9s \u00e0 votre histoire : <\/span><a href=\"https:\/\/native-land.ca\/\"><span style=\"font-weight: 400;\">https:\/\/native-land.ca\/<\/span><\/a><\/p>\t\t\t\t\t\t\t\t<\/div>\n\t\t\t\t<\/div>\n\t\t\t\t<\/div>\n\t\t\t\t\t<\/details>\n\t\t\t\t\t<\/div>\n\t\t\t\t\t\t<\/div>\n\t\t\t\t<\/div>\n\t\t\t\t<\/div>\n\t\t\t\t<\/div>\n\t\t\t\t<div class=\"elementor-element elementor-element-10444aa elementor-widget-divider--view-line elementor-invisible elementor-widget elementor-widget-divider\" data-id=\"10444aa\" data-element_type=\"widget\" data-settings=\"{&quot;_animation&quot;:&quot;fadeIn&quot;,&quot;_animation_delay&quot;:600}\" data-widget_type=\"divider.default\">\n\t\t\t\t<div class=\"elementor-widget-container\">\n\t\t\t\t\t\t\t<div class=\"elementor-divider\">\n\t\t\t<span class=\"elementor-divider-separator\">\n\t\t\t\t\t\t<\/span>\n\t\t<\/div>\n\t\t\t\t\t\t<\/div>\n\t\t\t\t<\/div>\n\t\t\t\t<\/div>\n\t\t\t\t<\/div>\n\t\t<div class=\"elementor-element elementor-element-cc0a3e6 e-con-full e-flex wpr-particle-no wpr-jarallax-no wpr-parallax-no wpr-sticky-section-no e-con e-child\" data-id=\"cc0a3e6\" data-element_type=\"container\">\n\t\t\t\t<div class=\"elementor-element elementor-element-d50d371 elementor-widget__width-initial elementor-widget-mobile__width-initial elementor-invisible elementor-widget elementor-widget-heading\" data-id=\"d50d371\" data-element_type=\"widget\" data-settings=\"{&quot;_animation&quot;:&quot;fadeIn&quot;,&quot;_animation_delay&quot;:200}\" data-widget_type=\"heading.default\">\n\t\t\t\t<div class=\"elementor-widget-container\">\n\t\t\t\t\t<h2 class=\"elementor-heading-title elementor-size-default\">Un coup d\u2019\u0153il dans la vie de Stephanie<\/h2>\t\t\t\t<\/div>\n\t\t\t\t<\/div>\n\t\t\t\t<div class=\"elementor-element elementor-element-48d89ee elementor-widget-divider--view-line elementor-invisible elementor-widget elementor-widget-divider\" data-id=\"48d89ee\" data-element_type=\"widget\" data-settings=\"{&quot;_animation&quot;:&quot;fadeIn&quot;,&quot;_animation_delay&quot;:400}\" data-widget_type=\"divider.default\">\n\t\t\t\t<div class=\"elementor-widget-container\">\n\t\t\t\t\t\t\t<div class=\"elementor-divider\">\n\t\t\t<span class=\"elementor-divider-separator\">\n\t\t\t\t\t\t<\/span>\n\t\t<\/div>\n\t\t\t\t\t\t<\/div>\n\t\t\t\t<\/div>\n\t\t\t\t<div class=\"elementor-element elementor-element-ddc13e4 elementor-invisible elementor-widget elementor-widget-text-editor\" data-id=\"ddc13e4\" data-element_type=\"widget\" data-settings=\"{&quot;_animation&quot;:&quot;fadeIn&quot;,&quot;_animation_delay&quot;:800}\" data-widget_type=\"text-editor.default\">\n\t\t\t\t<div class=\"elementor-widget-container\">\n\t\t\t\t\t\t\t\t\t<p>Ces mots d\u2019Helen Keller l\u2019accompagnent tous les jours : \u00ab Seule, nous pouvons faire si peu, ensemble, nous pouvons faire tellement. \u00bb<\/p>\t\t\t\t\t\t\t\t<\/div>\n\t\t\t\t<\/div>\n\t\t\t\t<div class=\"elementor-element elementor-element-9825afd elementor-invisible elementor-widget elementor-widget-image\" data-id=\"9825afd\" data-element_type=\"widget\" data-settings=\"{&quot;_animation&quot;:&quot;fadeIn&quot;,&quot;_animation_delay&quot;:1000}\" data-widget_type=\"image.default\">\n\t\t\t\t<div class=\"elementor-widget-container\">\n\t\t\t\t\t\t\t\t\t\t\t\t\t\t\t<img decoding=\"async\" width=\"320\" height=\"190\" src=\"https:\/\/phil.ca\/wp-content\/uploads\/Stephanie-personal-images-1.jpg\" class=\"attachment-full size-full wp-image-58054\" alt=\"\" srcset=\"https:\/\/phil.ca\/wp-content\/uploads\/Stephanie-personal-images-1.jpg 320w, https:\/\/phil.ca\/wp-content\/uploads\/Stephanie-personal-images-1-300x178.jpg 300w\" sizes=\"(max-width: 320px) 100vw, 320px\" \/>\t\t\t\t\t\t\t\t\t\t\t\t\t\t\t<\/div>\n\t\t\t\t<\/div>\n\t\t\t\t<div class=\"elementor-element elementor-element-36b4a65 elementor-invisible elementor-widget elementor-widget-image\" data-id=\"36b4a65\" data-element_type=\"widget\" data-settings=\"{&quot;_animation&quot;:&quot;fadeIn&quot;,&quot;_animation_delay&quot;:1100}\" data-widget_type=\"image.default\">\n\t\t\t\t<div class=\"elementor-widget-container\">\n\t\t\t\t\t\t\t\t\t\t\t\t\t\t\t<img decoding=\"async\" width=\"320\" height=\"190\" src=\"https:\/\/phil.ca\/wp-content\/uploads\/Stephanie-personal-images-2.jpg\" class=\"attachment-full size-full wp-image-58056\" alt=\"\" srcset=\"https:\/\/phil.ca\/wp-content\/uploads\/Stephanie-personal-images-2.jpg 320w, https:\/\/phil.ca\/wp-content\/uploads\/Stephanie-personal-images-2-300x178.jpg 300w\" sizes=\"(max-width: 320px) 100vw, 320px\" \/>\t\t\t\t\t\t\t\t\t\t\t\t\t\t\t<\/div>\n\t\t\t\t<\/div>\n\t\t\t\t<div class=\"elementor-element elementor-element-2d751f9 elementor-invisible elementor-widget elementor-widget-image\" data-id=\"2d751f9\" data-element_type=\"widget\" data-settings=\"{&quot;_animation&quot;:&quot;fadeIn&quot;,&quot;_animation_delay&quot;:1200}\" data-widget_type=\"image.default\">\n\t\t\t\t<div class=\"elementor-widget-container\">\n\t\t\t\t\t\t\t\t\t\t\t\t\t\t\t<img loading=\"lazy\" loading=\"lazy\" decoding=\"async\" width=\"320\" height=\"190\" src=\"https:\/\/phil.ca\/wp-content\/uploads\/Stephanie-personal-images-3.jpg\" class=\"attachment-full size-full wp-image-58058\" alt=\"\" srcset=\"https:\/\/phil.ca\/wp-content\/uploads\/Stephanie-personal-images-3.jpg 320w, https:\/\/phil.ca\/wp-content\/uploads\/Stephanie-personal-images-3-300x178.jpg 300w\" sizes=\"(max-width: 320px) 100vw, 320px\" \/>\t\t\t\t\t\t\t\t\t\t\t\t\t\t\t<\/div>\n\t\t\t\t<\/div>\n\t\t\t\t<\/div>\n\t\t\t\t\t<\/div>\n\t\t\t\t<\/div>\n\t\t\t\t<\/div>\n\t\t","protected":false},"excerpt":{"rendered":"<p>Stephanie Tsirgiotis elle Directrice principalestephanie@phil.ca514.932.0314 Rencontrer l&rsquo;\u00e9quipe Stephanie est une leader dynamique et une experte en communications strat\u00e9giques, anim\u00e9e par une passion pour la croissance et l\u2019impact. Avec une formation en journalisme et une expertise approfondie en narration d\u2019impact, elle poss\u00e8de un parcours \u00e9prouv\u00e9 dans l\u2019\u00e9laboration de r\u00e9cits percutants qui r\u00e9sonnent. Avant de rejoindre Phil, Stephanie dirigeait les communications du Centre universitaire de sant\u00e9 McGill \u2013 H\u00f4pital de Montr\u00e9al pour enfants, accompagnant l\u2019organisation \u00e0 travers des \u00e9tapes majeures, notamment le plus grand d\u00e9m\u00e9nagement hospitalier de l\u2019histoire nord-am\u00e9ricaine. Elle a g\u00e9r\u00e9 les relations m\u00e9diatiques, la communication de crise et le positionnement strat\u00e9gique, contribuant \u00e0 rehausser le profil de l\u2019h\u00f4pital et \u00e0 mobiliser les parties prenantes cl\u00e9s. Stephanie allie r\u00e9flexion strat\u00e9gique et approche pragmatique dans la gestion des op\u00e9rations, l\u2019engagement client et le leadership d\u2019\u00e9quipe. Qu\u2019il s\u2019agisse de concevoir des campagnes percutantes, de conseiller des clients ou de fa\u00e7onner l\u2019orientation \u00e0 long terme de Phil, Stephanie s\u2019engage \u00e0 faire une diff\u00e9rence \u2013 une histoire, une strat\u00e9gie et un partenariat \u00e0 la fois. Mes origines Mes origines Stephanie est une immigrante de deuxi\u00e8me g\u00e9n\u00e9ration, n\u00e9e de parents originaires d&rsquo;Italie et de Gr\u00e8ce. Apr\u00e8s plus de trois d\u00e9cennies et demie pass\u00e9es \u00e0 Tiohti\u00e0:ke, les terres traditionnelles et non c\u00e9d\u00e9es de la nation Kanien&rsquo;keh\u00e0:ka (Mohawk), elle a \u00e9lu domicile sur le territoire de la nation N&rsquo;dakina (Ab\u00e9naki), o\u00f9 elle se sent bien accueillie. C\u2019est quoi une histoire d\u2019origines ? Chez Phil, nous pensons qu\u2019il est important de reconna\u00eetre les liens qui nous unissent aux terres que nous habitons. Nous partageons nos r\u00e9cits personnels par respect pour les territoires autochtones non c\u00e9d\u00e9s sur lesquels nous vivons, travaillons et nous \u00e9panouissons.\u00a0 Phil s&#8217;est \u00e9galement engag\u00e9 \u00e0 b\u00e2tir des relations de confiance avec ses partenaires en respectant et en faisant la promotion des modes de connaissance autochtones, et en reconnaissant la v\u00e9ritable histoire du colonialisme.\u00a0 C&#8217;est pourquoi nos histoires ont une grande importance pour nous. Et la v\u00f4tre, que signifie-t-elle pour vous? Utilisez la ressource suivante pour d\u00e9couvrir les territoires li\u00e9s \u00e0 votre histoire : https:\/\/native-land.ca\/ Chez Phil, nous pensons qu\u2019il est important de reconna\u00eetre les liens qui nous unissent aux terres que nous habitons. Nous partageons nos r\u00e9cits personnels par respect pour les territoires autochtones non c\u00e9d\u00e9s sur lesquels nous vivons, travaillons et nous \u00e9panouissons.\u00a0 Phil s&rsquo;est \u00e9galement engag\u00e9 \u00e0 b\u00e2tir des relations de confiance avec ses partenaires en respectant et en faisant la promotion des modes de connaissance autochtones, et en reconnaissant la v\u00e9ritable histoire du colonialisme.\u00a0 C&rsquo;est pourquoi nos histoires ont une grande importance pour nous. Et la v\u00f4tre, que signifie-t-elle pour vous? Utilisez la ressource suivante pour d\u00e9couvrir les territoires li\u00e9s \u00e0 votre histoire : https:\/\/native-land.ca\/ Un coup d\u2019\u0153il dans la vie de Stephanie Ces mots d\u2019Helen Keller l\u2019accompagnent tous les jours : \u00ab Seule, nous pouvons faire si peu, ensemble, nous pouvons faire tellement. \u00bb<\/p>\n","protected":false},"author":22,"featured_media":0,"parent":0,"menu_order":0,"comment_status":"closed","ping_status":"closed","template":"elementor_header_footer","meta":{"_et_pb_use_builder":"","_et_pb_old_content":"","_et_gb_content_width":"","inline_featured_image":false,"footnotes":""},"class_list":["post-61699","page","type-page","status-publish","hentry"],"aioseo_notices":[],"_links":{"self":[{"href":"https:\/\/phil.ca\/fr\/wp-json\/wp\/v2\/pages\/61699","targetHints":{"allow":["GET"]}}],"collection":[{"href":"https:\/\/phil.ca\/fr\/wp-json\/wp\/v2\/pages"}],"about":[{"href":"https:\/\/phil.ca\/fr\/wp-json\/wp\/v2\/types\/page"}],"author":[{"embeddable":true,"href":"https:\/\/phil.ca\/fr\/wp-json\/wp\/v2\/users\/22"}],"replies":[{"embeddable":true,"href":"https:\/\/phil.ca\/fr\/wp-json\/wp\/v2\/comments?post=61699"}],"version-history":[{"count":27,"href":"https:\/\/phil.ca\/fr\/wp-json\/wp\/v2\/pages\/61699\/revisions"}],"predecessor-version":[{"id":64836,"href":"https:\/\/phil.ca\/fr\/wp-json\/wp\/v2\/pages\/61699\/revisions\/64836"}],"wp:attachment":[{"href":"https:\/\/phil.ca\/fr\/wp-json\/wp\/v2\/media?parent=61699"}],"curies":[{"name":"wp","href":"https:\/\/api.w.org\/{rel}","templated":true}]}}