{"id":61704,"date":"2024-10-08T18:29:48","date_gmt":"2024-10-08T18:29:48","guid":{"rendered":"https:\/\/phil.ca\/team-rola-helou\/"},"modified":"2024-12-09T01:28:56","modified_gmt":"2024-12-09T01:28:56","slug":"team-rola-helou","status":"publish","type":"page","link":"https:\/\/phil.ca\/fr\/team-rola-helou\/","title":{"rendered":"Rola Helou"},"content":{"rendered":"\t\t<div data-elementor-type=\"wp-page\" data-elementor-id=\"61704\" class=\"elementor elementor-61704 elementor-61598\" data-elementor-post-type=\"page\">\n\t\t\t\t<div class=\"elementor-element elementor-element-15e1038 e-flex e-con-boxed wpr-particle-no wpr-jarallax-no wpr-parallax-no wpr-sticky-section-no e-con e-parent\" data-id=\"15e1038\" data-element_type=\"container\" data-settings=\"{&quot;background_background&quot;:&quot;classic&quot;}\">\n\t\t\t\t\t<div class=\"e-con-inner\">\n\t\t<div class=\"elementor-element elementor-element-6cd9d37 e-con-full e-flex wpr-particle-no wpr-jarallax-no wpr-parallax-no wpr-sticky-section-no e-con e-child\" data-id=\"6cd9d37\" data-element_type=\"container\">\n\t\t\t\t<div class=\"elementor-element elementor-element-8f6bb6c elementor-invisible elementor-widget elementor-widget-image\" data-id=\"8f6bb6c\" data-element_type=\"widget\" data-settings=\"{&quot;_animation&quot;:&quot;fadeIn&quot;,&quot;_animation_delay&quot;:200}\" data-widget_type=\"image.default\">\n\t\t\t\t<div class=\"elementor-widget-container\">\n\t\t\t\t\t\t\t\t\t\t\t\t\t\t\t<img fetchpriority=\"high\" fetchpriority=\"high\" decoding=\"async\" width=\"600\" height=\"602\" src=\"https:\/\/phil.ca\/wp-content\/uploads\/rola-team-photo.jpg\" class=\"attachment-full size-full wp-image-62040\" alt=\"\" srcset=\"https:\/\/phil.ca\/wp-content\/uploads\/rola-team-photo.jpg 600w, https:\/\/phil.ca\/wp-content\/uploads\/rola-team-photo-480x482.jpg 480w\" sizes=\"(min-width: 0px) and (max-width: 480px) 480px, (min-width: 481px) 600px, 100vw\" \/>\t\t\t\t\t\t\t\t\t\t\t\t\t\t\t<\/div>\n\t\t\t\t<\/div>\n\t\t\t\t<div class=\"elementor-element elementor-element-32725b7 elementor-widget__width-initial elementor-widget-mobile__width-initial elementor-invisible elementor-widget elementor-widget-heading\" data-id=\"32725b7\" data-element_type=\"widget\" data-settings=\"{&quot;_animation&quot;:&quot;fadeIn&quot;,&quot;_animation_delay&quot;:400}\" data-widget_type=\"heading.default\">\n\t\t\t\t<div class=\"elementor-widget-container\">\n\t\t\t\t\t<h2 class=\"elementor-heading-title elementor-size-default\">Rola Helou<\/h2>\t\t\t\t<\/div>\n\t\t\t\t<\/div>\n\t\t\t\t<div class=\"elementor-element elementor-element-ae45552 elementor-widget__width-initial elementor-widget-mobile__width-initial elementor-invisible elementor-widget elementor-widget-heading\" data-id=\"ae45552\" data-element_type=\"widget\" data-settings=\"{&quot;_animation&quot;:&quot;fadeIn&quot;,&quot;_animation_delay&quot;:400}\" data-widget_type=\"heading.default\">\n\t\t\t\t<div class=\"elementor-widget-container\">\n\t\t\t\t\t<h2 class=\"elementor-heading-title elementor-size-default\">elle<\/h2>\t\t\t\t<\/div>\n\t\t\t\t<\/div>\n\t\t\t\t<div class=\"elementor-element elementor-element-b76f68d elementor-widget-divider--view-line elementor-invisible elementor-widget elementor-widget-divider\" data-id=\"b76f68d\" data-element_type=\"widget\" data-settings=\"{&quot;_animation&quot;:&quot;fadeIn&quot;,&quot;_animation_delay&quot;:600}\" data-widget_type=\"divider.default\">\n\t\t\t\t<div class=\"elementor-widget-container\">\n\t\t\t\t\t\t\t<div class=\"elementor-divider\">\n\t\t\t<span class=\"elementor-divider-separator\">\n\t\t\t\t\t\t<\/span>\n\t\t<\/div>\n\t\t\t\t\t\t<\/div>\n\t\t\t\t<\/div>\n\t\t\t\t<div class=\"elementor-element elementor-element-69ae324 elementor-invisible elementor-widget elementor-widget-text-editor\" data-id=\"69ae324\" data-element_type=\"widget\" data-settings=\"{&quot;_animation&quot;:&quot;fadeIn&quot;,&quot;_animation_delay&quot;:800}\" data-widget_type=\"text-editor.default\">\n\t\t\t\t<div class=\"elementor-widget-container\">\n\t\t\t\t\t\t\t\t\t<p><span style=\"font-weight: 400;\">Planification strat\u00e9gique<\/span><br \/>rola@phil.ca<\/p>\t\t\t\t\t\t\t\t<\/div>\n\t\t\t\t<\/div>\n\t\t\t\t<div class=\"elementor-element elementor-element-a961e06 elementor-align-center elementor-mobile-align-justify elementor-widget-mobile__width-inherit elementor-invisible elementor-widget elementor-widget-button\" data-id=\"a961e06\" data-element_type=\"widget\" data-settings=\"{&quot;_animation&quot;:&quot;fadeIn&quot;,&quot;_animation_delay&quot;:1000}\" data-widget_type=\"button.default\">\n\t\t\t\t<div class=\"elementor-widget-container\">\n\t\t\t\t\t\t\t\t\t<div class=\"elementor-button-wrapper\">\n\t\t\t\t\t<a class=\"elementor-button elementor-button-link elementor-size-sm\" href=\"https:\/\/phil.ca\/fr\/equipe\/\">\n\t\t\t\t\t\t<span class=\"elementor-button-content-wrapper\">\n\t\t\t\t\t\t<span class=\"elementor-button-icon\">\n\t\t\t\t<svg aria-hidden=\"true\" class=\"e-font-icon-svg e-fas-arrow-alt-circle-right\" viewBox=\"0 0 512 512\" xmlns=\"http:\/\/www.w3.org\/2000\/svg\"><path d=\"M256 8c137 0 248 111 248 248S393 504 256 504 8 393 8 256 119 8 256 8zM140 300h116v70.9c0 10.7 13 16.1 20.5 8.5l114.3-114.9c4.7-4.7 4.7-12.2 0-16.9l-114.3-115c-7.6-7.6-20.5-2.2-20.5 8.5V212H140c-6.6 0-12 5.4-12 12v64c0 6.6 5.4 12 12 12z\"><\/path><\/svg>\t\t\t<\/span>\n\t\t\t\t\t\t\t\t\t<span class=\"elementor-button-text\">Rencontrer l'\u00e9quipe<\/span>\n\t\t\t\t\t<\/span>\n\t\t\t\t\t<\/a>\n\t\t\t\t<\/div>\n\t\t\t\t\t\t\t\t<\/div>\n\t\t\t\t<\/div>\n\t\t\t\t<\/div>\n\t\t<div class=\"elementor-element elementor-element-5d02493 e-con-full e-flex wpr-particle-no wpr-jarallax-no wpr-parallax-no wpr-sticky-section-no e-con e-child\" data-id=\"5d02493\" data-element_type=\"container\">\n\t\t\t\t<div class=\"elementor-element elementor-element-3805f10 elementor-invisible elementor-widget elementor-widget-heading\" data-id=\"3805f10\" data-element_type=\"widget\" data-settings=\"{&quot;_animation&quot;:&quot;fadeIn&quot;,&quot;_animation_delay&quot;:200}\" data-widget_type=\"heading.default\">\n\t\t\t\t<div class=\"elementor-widget-container\">\n\t\t\t\t\t<h2 class=\"elementor-heading-title elementor-size-default\">Gr\u00e2ce \u00e0 une approche collaborative et strat\u00e9gique, Rola aide les organisations \u00e0 trouver des solutions aux probl\u00e8mes urgents de gouvernance, de gestion et de d\u00e9veloppement des capacit\u00e9s.<\/h2>\t\t\t\t<\/div>\n\t\t\t\t<\/div>\n\t\t\t\t<div class=\"elementor-element elementor-element-3161e60 elementor-invisible elementor-widget elementor-widget-text-editor\" data-id=\"3161e60\" data-element_type=\"widget\" data-settings=\"{&quot;_animation&quot;:&quot;fadeIn&quot;,&quot;_animation_delay&quot;:400}\" data-widget_type=\"text-editor.default\">\n\t\t\t\t<div class=\"elementor-widget-container\">\n\t\t\t\t\t\t\t\t\t<p><span style=\"font-weight: 400;\">Elle intervient souvent pour appuyer des organisations qui veulent mettre en \u0153uvre des projets, mais qui n\u2019en ont pas actuellement la capacit\u00e9.<\/span><\/p><p><span style=\"font-weight: 400;\">\u00c0 titre de directrice g\u00e9n\u00e9rale du Conseil scolaire des Premi\u00e8res Nations en \u00e9ducation des adultes, Rola a contribu\u00e9 \u00e0 la cr\u00e9ation de centres d\u2019\u00e9ducation des adultes dans les communaut\u00e9s autochtones du Qu\u00e9bec. Elle a \u00e9tabli et maintenu des partenariats entre les gouvernements f\u00e9d\u00e9ral et provincial et les groupes autochtones. Sous sa direction, ils ont \u00e9t\u00e9 en mesure de n\u00e9gocier de nouvelles ententes de financement et, par cons\u00e9quent, ont augment\u00e9 le budget de 2,2 millions \u00e0 6,4 millions de dollars, fait passer le nombre de centres de 3 \u00e0 9 et cr\u00e9\u00e9 des services aux entreprises qui ont g\u00e9n\u00e9r\u00e9 140\u2009000 $ de revenus d\u00e8s la premi\u00e8re ann\u00e9e.<\/span><\/p><p><span style=\"font-weight: 400;\">Rola a plus de vingt ans d\u2019exp\u00e9rience aupr\u00e8s des communaut\u00e9s autochtones \u00e0 travers le Qu\u00e9bec. Son grand c\u0153ur, son esprit vif et sa g\u00e9n\u00e9rosit\u00e9 ne sont que quelques-unes des qualit\u00e9s qui font d\u2019elle une collaboratrice id\u00e9ale chez Phil.<\/span><\/p>\t\t\t\t\t\t\t\t<\/div>\n\t\t\t\t<\/div>\n\t\t<div class=\"elementor-element elementor-element-fb9cfec e-con-full e-flex wpr-particle-no wpr-jarallax-no wpr-parallax-no wpr-sticky-section-no e-con e-child\" data-id=\"fb9cfec\" data-element_type=\"container\">\n\t\t\t\t<div class=\"elementor-element elementor-element-142615b elementor-widget-divider--view-line elementor-invisible elementor-widget elementor-widget-divider\" data-id=\"142615b\" data-element_type=\"widget\" data-settings=\"{&quot;_animation&quot;:&quot;fadeIn&quot;,&quot;_animation_delay&quot;:200}\" data-widget_type=\"divider.default\">\n\t\t\t\t<div class=\"elementor-widget-container\">\n\t\t\t\t\t\t\t<div class=\"elementor-divider\">\n\t\t\t<span class=\"elementor-divider-separator\">\n\t\t\t\t\t\t<\/span>\n\t\t<\/div>\n\t\t\t\t\t\t<\/div>\n\t\t\t\t<\/div>\n\t\t<div class=\"elementor-element elementor-element-58b22d0 e-con-full e-flex wpr-particle-no wpr-jarallax-no wpr-parallax-no wpr-sticky-section-no e-con e-child\" data-id=\"58b22d0\" data-element_type=\"container\">\n\t\t<div class=\"elementor-element elementor-element-7d18974 e-con-full e-flex wpr-particle-no wpr-jarallax-no wpr-parallax-no wpr-sticky-section-no e-con e-child\" data-id=\"7d18974\" data-element_type=\"container\">\n\t\t\t\t<div class=\"elementor-element elementor-element-f6cffa1 elementor-widget__width-initial elementor-widget-mobile__width-initial elementor-hidden-desktop elementor-hidden-tablet elementor-invisible elementor-widget elementor-widget-heading\" data-id=\"f6cffa1\" data-element_type=\"widget\" data-settings=\"{&quot;_animation&quot;:&quot;fadeIn&quot;,&quot;_animation_delay&quot;:300}\" data-widget_type=\"heading.default\">\n\t\t\t\t<div class=\"elementor-widget-container\">\n\t\t\t\t\t<h2 class=\"elementor-heading-title elementor-size-default\">Mes origines<\/h2>\t\t\t\t<\/div>\n\t\t\t\t<\/div>\n\t\t\t\t<div class=\"elementor-element elementor-element-0b46a76 elementor-widget__width-initial elementor-widget-mobile__width-initial elementor-hidden-mobile elementor-invisible elementor-widget elementor-widget-heading\" data-id=\"0b46a76\" data-element_type=\"widget\" data-settings=\"{&quot;_animation&quot;:&quot;fadeIn&quot;,&quot;_animation_delay&quot;:300}\" data-widget_type=\"heading.default\">\n\t\t\t\t<div class=\"elementor-widget-container\">\n\t\t\t\t\t<h2 class=\"elementor-heading-title elementor-size-default\">Mes origines<\/h2>\t\t\t\t<\/div>\n\t\t\t\t<\/div>\n\t\t\t\t<\/div>\n\t\t<div class=\"elementor-element elementor-element-d10b9c3 e-con-full e-flex wpr-particle-no wpr-jarallax-no wpr-parallax-no wpr-sticky-section-no e-con e-child\" data-id=\"d10b9c3\" data-element_type=\"container\">\n\t\t\t\t<div class=\"elementor-element elementor-element-47f4d29 elementor-invisible elementor-widget elementor-widget-text-editor\" data-id=\"47f4d29\" data-element_type=\"widget\" data-settings=\"{&quot;_animation&quot;:&quot;fadeIn&quot;,&quot;_animation_delay&quot;:400}\" data-widget_type=\"text-editor.default\">\n\t\t\t\t<div class=\"elementor-widget-container\">\n\t\t\t\t\t\t\t\t\t<p><span style=\"font-weight: 400;\">Rola est n\u00e9e au Liban. Elle est arriv\u00e9e sur le territoire non c\u00e9d\u00e9 des Kanien&rsquo;keh\u00e0:ka apr\u00e8s avoir pass\u00e9 ses premi\u00e8res ann\u00e9es \u00e0 Mi&rsquo;kma&rsquo;ki. Rola a eu le privil\u00e8ge de travailler avec les Kanien&rsquo;keh\u00e0:ka ainsi qu&rsquo;avec d&rsquo;autres nations sur le territoire qu\u2019on appelle aujourd\u2019hui le Qu\u00e9bec. Elle continue de vivre et de travailler sur le territoire non c\u00e9d\u00e9 des Kanien&rsquo;keh\u00e0:ka.<\/span><\/p>\t\t\t\t\t\t\t\t<\/div>\n\t\t\t\t<\/div>\n\t\t\t\t<div class=\"elementor-element elementor-element-b9c780b elementor-invisible elementor-widget elementor-widget-n-accordion\" data-id=\"b9c780b\" data-element_type=\"widget\" data-settings=\"{&quot;default_state&quot;:&quot;all_collapsed&quot;,&quot;_animation&quot;:&quot;fadeIn&quot;,&quot;_animation_delay&quot;:500,&quot;max_items_expended&quot;:&quot;one&quot;,&quot;n_accordion_animation_duration&quot;:{&quot;unit&quot;:&quot;ms&quot;,&quot;size&quot;:400,&quot;sizes&quot;:[]}}\" data-widget_type=\"nested-accordion.default\">\n\t\t\t\t<div class=\"elementor-widget-container\">\n\t\t\t\t\t\t\t<div class=\"e-n-accordion\" aria-label=\"Accordion. Open links with Enter or Space, close with Escape, and navigate with Arrow Keys\">\n\t\t\t\t\t\t<details id=\"e-n-accordion-item-1940\" class=\"e-n-accordion-item\" >\n\t\t\t\t<summary class=\"e-n-accordion-item-title\" data-accordion-index=\"1\" tabindex=\"0\" aria-expanded=\"false\" aria-controls=\"e-n-accordion-item-1940\" >\n\t\t\t\t\t<span class='e-n-accordion-item-title-header'><div class=\"e-n-accordion-item-title-text\"> C\u2019est quoi une histoire d\u2019origines ? <\/div><\/span>\n\t\t\t\t\t\t\t<span class='e-n-accordion-item-title-icon'>\n\t\t\t<span class='e-opened' ><svg aria-hidden=\"true\" class=\"e-font-icon-svg e-fas-arrow-alt-circle-down\" viewBox=\"0 0 512 512\" xmlns=\"http:\/\/www.w3.org\/2000\/svg\"><path d=\"M504 256c0 137-111 248-248 248S8 393 8 256 119 8 256 8s248 111 248 248zM212 140v116h-70.9c-10.7 0-16.1 13-8.5 20.5l114.9 114.3c4.7 4.7 12.2 4.7 16.9 0l114.9-114.3c7.6-7.6 2.2-20.5-8.5-20.5H300V140c0-6.6-5.4-12-12-12h-64c-6.6 0-12 5.4-12 12z\"><\/path><\/svg><\/span>\n\t\t\t<span class='e-closed'><svg aria-hidden=\"true\" class=\"e-font-icon-svg e-fas-arrow-alt-circle-right\" viewBox=\"0 0 512 512\" xmlns=\"http:\/\/www.w3.org\/2000\/svg\"><path d=\"M256 8c137 0 248 111 248 248S393 504 256 504 8 393 8 256 119 8 256 8zM140 300h116v70.9c0 10.7 13 16.1 20.5 8.5l114.3-114.9c4.7-4.7 4.7-12.2 0-16.9l-114.3-115c-7.6-7.6-20.5-2.2-20.5 8.5V212H140c-6.6 0-12 5.4-12 12v64c0 6.6 5.4 12 12 12z\"><\/path><\/svg><\/span>\n\t\t<\/span>\n\n\t\t\t\t\t\t<\/summary>\n\t\t\t\t<div role=\"region\" aria-labelledby=\"e-n-accordion-item-1940\" class=\"elementor-element elementor-element-e10d66a e-con-full e-flex wpr-particle-no wpr-jarallax-no wpr-parallax-no wpr-sticky-section-no e-con e-child\" data-id=\"e10d66a\" data-element_type=\"container\">\n\t\t\t\t<div class=\"elementor-element elementor-element-1fc6aad elementor-widget elementor-widget-text-editor\" data-id=\"1fc6aad\" data-element_type=\"widget\" data-widget_type=\"text-editor.default\">\n\t\t\t\t<div class=\"elementor-widget-container\">\n\t\t\t\t\t\t\t\t\t<p><span style=\"font-weight: 400;\">Chez Phil, nous pensons qu\u2019il est important de reconna\u00eetre les liens qui nous unissent aux terres que nous habitons. Nous partageons nos r\u00e9cits personnels par respect pour les territoires autochtones non c\u00e9d\u00e9s sur lesquels nous vivons, travaillons et nous \u00e9panouissons.\u00a0<\/span><\/p><p><span style=\"font-weight: 400;\">Phil s&rsquo;est \u00e9galement engag\u00e9 \u00e0 b\u00e2tir des relations de confiance avec ses partenaires en respectant et en faisant la promotion des modes de connaissance autochtones, et en reconnaissant la v\u00e9ritable histoire du colonialisme.\u00a0<\/span><\/p><p><span style=\"font-weight: 400;\">C&rsquo;est pourquoi nos histoires ont une grande importance pour nous. Et la v\u00f4tre, que signifie-t-elle pour vous?<\/span><\/p><p><span style=\"font-weight: 400;\">Utilisez la ressource suivante pour d\u00e9couvrir les territoires li\u00e9s \u00e0 votre histoire : <\/span><a href=\"https:\/\/native-land.ca\/\"><span style=\"font-weight: 400;\">https:\/\/native-land.ca\/<\/span><\/a><\/p>\t\t\t\t\t\t\t\t<\/div>\n\t\t\t\t<\/div>\n\t\t\t\t<\/div>\n\t\t\t\t\t<\/details>\n\t\t\t\t\t<\/div>\n\t\t\t\t\t\t<\/div>\n\t\t\t\t<\/div>\n\t\t\t\t<\/div>\n\t\t\t\t<\/div>\n\t\t\t\t<div class=\"elementor-element elementor-element-10444aa elementor-widget-divider--view-line elementor-invisible elementor-widget elementor-widget-divider\" data-id=\"10444aa\" data-element_type=\"widget\" data-settings=\"{&quot;_animation&quot;:&quot;fadeIn&quot;,&quot;_animation_delay&quot;:600}\" data-widget_type=\"divider.default\">\n\t\t\t\t<div class=\"elementor-widget-container\">\n\t\t\t\t\t\t\t<div class=\"elementor-divider\">\n\t\t\t<span class=\"elementor-divider-separator\">\n\t\t\t\t\t\t<\/span>\n\t\t<\/div>\n\t\t\t\t\t\t<\/div>\n\t\t\t\t<\/div>\n\t\t\t\t<\/div>\n\t\t\t\t<\/div>\n\t\t<div class=\"elementor-element elementor-element-cc0a3e6 e-con-full e-flex wpr-particle-no wpr-jarallax-no wpr-parallax-no wpr-sticky-section-no e-con e-child\" data-id=\"cc0a3e6\" data-element_type=\"container\">\n\t\t\t\t<div class=\"elementor-element elementor-element-d50d371 elementor-widget__width-initial elementor-widget-mobile__width-initial elementor-invisible elementor-widget elementor-widget-heading\" data-id=\"d50d371\" data-element_type=\"widget\" data-settings=\"{&quot;_animation&quot;:&quot;fadeIn&quot;,&quot;_animation_delay&quot;:200}\" data-widget_type=\"heading.default\">\n\t\t\t\t<div class=\"elementor-widget-container\">\n\t\t\t\t\t<h2 class=\"elementor-heading-title elementor-size-default\">Un coup d\u2019\u0153il dans la vie de Rola<\/h2>\t\t\t\t<\/div>\n\t\t\t\t<\/div>\n\t\t\t\t<div class=\"elementor-element elementor-element-48d89ee elementor-widget-divider--view-line elementor-invisible elementor-widget elementor-widget-divider\" data-id=\"48d89ee\" data-element_type=\"widget\" data-settings=\"{&quot;_animation&quot;:&quot;fadeIn&quot;,&quot;_animation_delay&quot;:400}\" data-widget_type=\"divider.default\">\n\t\t\t\t<div class=\"elementor-widget-container\">\n\t\t\t\t\t\t\t<div class=\"elementor-divider\">\n\t\t\t<span class=\"elementor-divider-separator\">\n\t\t\t\t\t\t<\/span>\n\t\t<\/div>\n\t\t\t\t\t\t<\/div>\n\t\t\t\t<\/div>\n\t\t\t\t<div class=\"elementor-element elementor-element-f2d5dda elementor-invisible elementor-widget elementor-widget-text-editor\" data-id=\"f2d5dda\" data-element_type=\"widget\" data-settings=\"{&quot;_animation&quot;:&quot;fadeIn&quot;,&quot;_animation_delay&quot;:800}\" data-widget_type=\"text-editor.default\">\n\t\t\t\t<div class=\"elementor-widget-container\">\n\t\t\t\t\t\t\t\t\t<p>Rola a plus de 20 ans d\u2019exp\u00e9rience aupr\u00e8s des communaut\u00e9s autochtones du Qu\u00e9bec. Son grand c\u0153ur, sa vivacit\u00e9 d\u2019esprit et sa g\u00e9n\u00e9rosit\u00e9 ne sont que quelques-unes des qualit\u00e9s qui en font une collaboratrice id\u00e9ale chez Phil.<\/p>\t\t\t\t\t\t\t\t<\/div>\n\t\t\t\t<\/div>\n\t\t\t\t<\/div>\n\t\t\t\t\t<\/div>\n\t\t\t\t<\/div>\n\t\t\t\t<\/div>\n\t\t","protected":false},"excerpt":{"rendered":"<p>Rola Helou elle Planification strat\u00e9giquerola@phil.ca Rencontrer l&rsquo;\u00e9quipe Gr\u00e2ce \u00e0 une approche collaborative et strat\u00e9gique, Rola aide les organisations \u00e0 trouver des solutions aux probl\u00e8mes urgents de gouvernance, de gestion et de d\u00e9veloppement des capacit\u00e9s. Elle intervient souvent pour appuyer des organisations qui veulent mettre en \u0153uvre des projets, mais qui n\u2019en ont pas actuellement la capacit\u00e9. \u00c0 titre de directrice g\u00e9n\u00e9rale du Conseil scolaire des Premi\u00e8res Nations en \u00e9ducation des adultes, Rola a contribu\u00e9 \u00e0 la cr\u00e9ation de centres d\u2019\u00e9ducation des adultes dans les communaut\u00e9s autochtones du Qu\u00e9bec. Elle a \u00e9tabli et maintenu des partenariats entre les gouvernements f\u00e9d\u00e9ral et provincial et les groupes autochtones. Sous sa direction, ils ont \u00e9t\u00e9 en mesure de n\u00e9gocier de nouvelles ententes de financement et, par cons\u00e9quent, ont augment\u00e9 le budget de 2,2 millions \u00e0 6,4 millions de dollars, fait passer le nombre de centres de 3 \u00e0 9 et cr\u00e9\u00e9 des services aux entreprises qui ont g\u00e9n\u00e9r\u00e9 140\u2009000 $ de revenus d\u00e8s la premi\u00e8re ann\u00e9e. Rola a plus de vingt ans d\u2019exp\u00e9rience aupr\u00e8s des communaut\u00e9s autochtones \u00e0 travers le Qu\u00e9bec. Son grand c\u0153ur, son esprit vif et sa g\u00e9n\u00e9rosit\u00e9 ne sont que quelques-unes des qualit\u00e9s qui font d\u2019elle une collaboratrice id\u00e9ale chez Phil. Mes origines Mes origines Rola est n\u00e9e au Liban. Elle est arriv\u00e9e sur le territoire non c\u00e9d\u00e9 des Kanien&rsquo;keh\u00e0:ka apr\u00e8s avoir pass\u00e9 ses premi\u00e8res ann\u00e9es \u00e0 Mi&rsquo;kma&rsquo;ki. Rola a eu le privil\u00e8ge de travailler avec les Kanien&rsquo;keh\u00e0:ka ainsi qu&rsquo;avec d&rsquo;autres nations sur le territoire qu\u2019on appelle aujourd\u2019hui le Qu\u00e9bec. Elle continue de vivre et de travailler sur le territoire non c\u00e9d\u00e9 des Kanien&rsquo;keh\u00e0:ka. C\u2019est quoi une histoire d\u2019origines ? Chez Phil, nous pensons qu\u2019il est important de reconna\u00eetre les liens qui nous unissent aux terres que nous habitons. Nous partageons nos r\u00e9cits personnels par respect pour les territoires autochtones non c\u00e9d\u00e9s sur lesquels nous vivons, travaillons et nous \u00e9panouissons.\u00a0 Phil s&#8217;est \u00e9galement engag\u00e9 \u00e0 b\u00e2tir des relations de confiance avec ses partenaires en respectant et en faisant la promotion des modes de connaissance autochtones, et en reconnaissant la v\u00e9ritable histoire du colonialisme.\u00a0 C&#8217;est pourquoi nos histoires ont une grande importance pour nous. Et la v\u00f4tre, que signifie-t-elle pour vous? Utilisez la ressource suivante pour d\u00e9couvrir les territoires li\u00e9s \u00e0 votre histoire : https:\/\/native-land.ca\/ Chez Phil, nous pensons qu\u2019il est important de reconna\u00eetre les liens qui nous unissent aux terres que nous habitons. Nous partageons nos r\u00e9cits personnels par respect pour les territoires autochtones non c\u00e9d\u00e9s sur lesquels nous vivons, travaillons et nous \u00e9panouissons.\u00a0 Phil s&rsquo;est \u00e9galement engag\u00e9 \u00e0 b\u00e2tir des relations de confiance avec ses partenaires en respectant et en faisant la promotion des modes de connaissance autochtones, et en reconnaissant la v\u00e9ritable histoire du colonialisme.\u00a0 C&rsquo;est pourquoi nos histoires ont une grande importance pour nous. Et la v\u00f4tre, que signifie-t-elle pour vous? Utilisez la ressource suivante pour d\u00e9couvrir les territoires li\u00e9s \u00e0 votre histoire : https:\/\/native-land.ca\/ Un coup d\u2019\u0153il dans la vie de Rola Rola a plus de 20 ans d\u2019exp\u00e9rience aupr\u00e8s des communaut\u00e9s autochtones du Qu\u00e9bec. Son grand c\u0153ur, sa vivacit\u00e9 d\u2019esprit et sa g\u00e9n\u00e9rosit\u00e9 ne sont que quelques-unes des qualit\u00e9s qui en font une collaboratrice id\u00e9ale chez Phil.<\/p>\n","protected":false},"author":22,"featured_media":0,"parent":0,"menu_order":0,"comment_status":"closed","ping_status":"closed","template":"elementor_header_footer","meta":{"_et_pb_use_builder":"","_et_pb_old_content":"","_et_gb_content_width":"","inline_featured_image":false,"footnotes":""},"class_list":["post-61704","page","type-page","status-publish","hentry"],"aioseo_notices":[],"_links":{"self":[{"href":"https:\/\/phil.ca\/fr\/wp-json\/wp\/v2\/pages\/61704","targetHints":{"allow":["GET"]}}],"collection":[{"href":"https:\/\/phil.ca\/fr\/wp-json\/wp\/v2\/pages"}],"about":[{"href":"https:\/\/phil.ca\/fr\/wp-json\/wp\/v2\/types\/page"}],"author":[{"embeddable":true,"href":"https:\/\/phil.ca\/fr\/wp-json\/wp\/v2\/users\/22"}],"replies":[{"embeddable":true,"href":"https:\/\/phil.ca\/fr\/wp-json\/wp\/v2\/comments?post=61704"}],"version-history":[{"count":12,"href":"https:\/\/phil.ca\/fr\/wp-json\/wp\/v2\/pages\/61704\/revisions"}],"predecessor-version":[{"id":62569,"href":"https:\/\/phil.ca\/fr\/wp-json\/wp\/v2\/pages\/61704\/revisions\/62569"}],"wp:attachment":[{"href":"https:\/\/phil.ca\/fr\/wp-json\/wp\/v2\/media?parent=61704"}],"curies":[{"name":"wp","href":"https:\/\/api.w.org\/{rel}","templated":true}]}}