{"id":61705,"date":"2024-10-08T18:38:03","date_gmt":"2024-10-08T18:38:03","guid":{"rendered":"https:\/\/phil.ca\/team-katherine-lacefield\/"},"modified":"2025-08-18T16:41:41","modified_gmt":"2025-08-18T16:41:41","slug":"team-katherine-lacefield","status":"publish","type":"page","link":"https:\/\/phil.ca\/fr\/team-katherine-lacefield\/","title":{"rendered":"Katherine Lacefield"},"content":{"rendered":"\t\t<div data-elementor-type=\"wp-page\" data-elementor-id=\"61705\" class=\"elementor elementor-61705 elementor-61613\" data-elementor-post-type=\"page\">\n\t\t\t\t<div class=\"elementor-element elementor-element-15e1038 e-flex e-con-boxed wpr-particle-no wpr-jarallax-no wpr-parallax-no wpr-sticky-section-no e-con e-parent\" data-id=\"15e1038\" data-element_type=\"container\" data-settings=\"{&quot;background_background&quot;:&quot;classic&quot;}\">\n\t\t\t\t\t<div class=\"e-con-inner\">\n\t\t<div class=\"elementor-element elementor-element-6cd9d37 e-con-full e-flex wpr-particle-no wpr-jarallax-no wpr-parallax-no wpr-sticky-section-no e-con e-child\" data-id=\"6cd9d37\" data-element_type=\"container\">\n\t\t\t\t<div class=\"elementor-element elementor-element-8f6bb6c elementor-invisible elementor-widget elementor-widget-image\" data-id=\"8f6bb6c\" data-element_type=\"widget\" data-settings=\"{&quot;_animation&quot;:&quot;fadeIn&quot;,&quot;_animation_delay&quot;:200}\" data-widget_type=\"image.default\">\n\t\t\t\t<div class=\"elementor-widget-container\">\n\t\t\t\t\t\t\t\t\t\t\t\t\t\t\t<img fetchpriority=\"high\" fetchpriority=\"high\" decoding=\"async\" width=\"600\" height=\"602\" src=\"https:\/\/phil.ca\/wp-content\/uploads\/katherine-team-photo.jpg\" class=\"attachment-full size-full wp-image-62035\" alt=\"\" srcset=\"https:\/\/phil.ca\/wp-content\/uploads\/katherine-team-photo.jpg 600w, https:\/\/phil.ca\/wp-content\/uploads\/katherine-team-photo-480x482.jpg 480w\" sizes=\"(min-width: 0px) and (max-width: 480px) 480px, (min-width: 481px) 600px, 100vw\" \/>\t\t\t\t\t\t\t\t\t\t\t\t\t\t\t<\/div>\n\t\t\t\t<\/div>\n\t\t\t\t<div class=\"elementor-element elementor-element-32725b7 elementor-widget__width-initial elementor-widget-mobile__width-initial elementor-invisible elementor-widget elementor-widget-heading\" data-id=\"32725b7\" data-element_type=\"widget\" data-settings=\"{&quot;_animation&quot;:&quot;fadeIn&quot;,&quot;_animation_delay&quot;:400}\" data-widget_type=\"heading.default\">\n\t\t\t\t<div class=\"elementor-widget-container\">\n\t\t\t\t\t<h2 class=\"elementor-heading-title elementor-size-default\">Katherine Lacefield<\/h2>\t\t\t\t<\/div>\n\t\t\t\t<\/div>\n\t\t\t\t<div class=\"elementor-element elementor-element-ae45552 elementor-widget__width-initial elementor-widget-mobile__width-initial elementor-invisible elementor-widget elementor-widget-heading\" data-id=\"ae45552\" data-element_type=\"widget\" data-settings=\"{&quot;_animation&quot;:&quot;fadeIn&quot;,&quot;_animation_delay&quot;:400}\" data-widget_type=\"heading.default\">\n\t\t\t\t<div class=\"elementor-widget-container\">\n\t\t\t\t\t<h2 class=\"elementor-heading-title elementor-size-default\">elle<\/h2>\t\t\t\t<\/div>\n\t\t\t\t<\/div>\n\t\t\t\t<div class=\"elementor-element elementor-element-b76f68d elementor-widget-divider--view-line elementor-invisible elementor-widget elementor-widget-divider\" data-id=\"b76f68d\" data-element_type=\"widget\" data-settings=\"{&quot;_animation&quot;:&quot;fadeIn&quot;,&quot;_animation_delay&quot;:600}\" data-widget_type=\"divider.default\">\n\t\t\t\t<div class=\"elementor-widget-container\">\n\t\t\t\t\t\t\t<div class=\"elementor-divider\">\n\t\t\t<span class=\"elementor-divider-separator\">\n\t\t\t\t\t\t<\/span>\n\t\t<\/div>\n\t\t\t\t\t\t<\/div>\n\t\t\t\t<\/div>\n\t\t\t\t<div class=\"elementor-element elementor-element-69ae324 elementor-invisible elementor-widget elementor-widget-text-editor\" data-id=\"69ae324\" data-element_type=\"widget\" data-settings=\"{&quot;_animation&quot;:&quot;fadeIn&quot;,&quot;_animation_delay&quot;:800}\" data-widget_type=\"text-editor.default\">\n\t\t\t\t<div class=\"elementor-widget-container\">\n\t\t\t\t\t\t\t\t\t<p>Communications et d\u00e9veloppement<br \/>katherine@phil.ca<\/p>\t\t\t\t\t\t\t\t<\/div>\n\t\t\t\t<\/div>\n\t\t\t\t<div class=\"elementor-element elementor-element-a961e06 elementor-align-center elementor-mobile-align-justify elementor-widget-mobile__width-inherit elementor-invisible elementor-widget elementor-widget-button\" data-id=\"a961e06\" data-element_type=\"widget\" data-settings=\"{&quot;_animation&quot;:&quot;fadeIn&quot;,&quot;_animation_delay&quot;:1000}\" data-widget_type=\"button.default\">\n\t\t\t\t<div class=\"elementor-widget-container\">\n\t\t\t\t\t\t\t\t\t<div class=\"elementor-button-wrapper\">\n\t\t\t\t\t<a class=\"elementor-button elementor-button-link elementor-size-sm\" href=\"https:\/\/phil.ca\/fr\/equipe\/\">\n\t\t\t\t\t\t<span class=\"elementor-button-content-wrapper\">\n\t\t\t\t\t\t<span class=\"elementor-button-icon\">\n\t\t\t\t<svg aria-hidden=\"true\" class=\"e-font-icon-svg e-fas-arrow-alt-circle-right\" viewBox=\"0 0 512 512\" xmlns=\"http:\/\/www.w3.org\/2000\/svg\"><path d=\"M256 8c137 0 248 111 248 248S393 504 256 504 8 393 8 256 119 8 256 8zM140 300h116v70.9c0 10.7 13 16.1 20.5 8.5l114.3-114.9c4.7-4.7 4.7-12.2 0-16.9l-114.3-115c-7.6-7.6-20.5-2.2-20.5 8.5V212H140c-6.6 0-12 5.4-12 12v64c0 6.6 5.4 12 12 12z\"><\/path><\/svg>\t\t\t<\/span>\n\t\t\t\t\t\t\t\t\t<span class=\"elementor-button-text\">Rencontrer l'\u00e9quipe<\/span>\n\t\t\t\t\t<\/span>\n\t\t\t\t\t<\/a>\n\t\t\t\t<\/div>\n\t\t\t\t\t\t\t\t<\/div>\n\t\t\t\t<\/div>\n\t\t\t\t<\/div>\n\t\t<div class=\"elementor-element elementor-element-5d02493 e-con-full e-flex wpr-particle-no wpr-jarallax-no wpr-parallax-no wpr-sticky-section-no e-con e-child\" data-id=\"5d02493\" data-element_type=\"container\">\n\t\t\t\t<div class=\"elementor-element elementor-element-3805f10 elementor-invisible elementor-widget elementor-widget-heading\" data-id=\"3805f10\" data-element_type=\"widget\" data-settings=\"{&quot;_animation&quot;:&quot;fadeIn&quot;,&quot;_animation_delay&quot;:200}\" data-widget_type=\"heading.default\">\n\t\t\t\t<div class=\"elementor-widget-container\">\n\t\t\t\t\t<h2 class=\"elementor-heading-title elementor-size-default\">Hautement qualifi\u00e9e en collecte de fonds et en communication.<\/h2>\t\t\t\t<\/div>\n\t\t\t\t<\/div>\n\t\t\t\t<div class=\"elementor-element elementor-element-3161e60 elementor-invisible elementor-widget elementor-widget-text-editor\" data-id=\"3161e60\" data-element_type=\"widget\" data-settings=\"{&quot;_animation&quot;:&quot;fadeIn&quot;,&quot;_animation_delay&quot;:400}\" data-widget_type=\"text-editor.default\">\n\t\t\t\t<div class=\"elementor-widget-container\">\n\t\t\t\t\t\t\t\t\t<p><span style=\"font-weight: 400;\">Elle a l\u2019art de g\u00e9n\u00e9rer de l\u2019enthousiasme pour la strat\u00e9gie de collecte de fonds, en particulier pour les fondations. Ayant travaill\u00e9 dans le monde des OBNL et de la philanthropie au cours des 15 derni\u00e8res ann\u00e9es, elle s\u2019attaque avec confiance aux d\u00e9fis les plus courants comme les plus singuliers tout en rendant le processus non seulement \u00ab vivable \u00bb, mais m\u00eame agr\u00e9able pour les personnes avec lesquelles elle travaille.<\/span><\/p><p><span style=\"font-weight: 400;\">Son parcours a men\u00e9 Katherine \u00e0 obtenir un baccalaur\u00e9at en environnement et d\u00e9veloppement durable et un certificat en gestion d\u2019organisations \u00e0 but non lucratif. Elle a appris tous les d\u00e9tails de la cr\u00e9ation d\u2019organismes de bienfaisance, de la gouvernance et de la collecte de fonds. De plus, lorsqu\u2019elle a \u00e9tudi\u00e9 au Panama pendant son premier cycle universitaire, elle s\u2019est immerg\u00e9e dans la cr\u00e9ation d\u2019un lien transparent entre l\u2019environnement et les humains, ce qui l\u2019a amen\u00e9e \u00e0 travailler avec des OBNL dont la mission est centr\u00e9e sur l\u2019activisme environnemental et \u00e0 d\u00e9velopper une expertise dans ce domaine. Cette force de la nature trilingue ne cesse de nous \u00e9tonner.<\/span><\/p>\t\t\t\t\t\t\t\t<\/div>\n\t\t\t\t<\/div>\n\t\t\t\t<\/div>\n\t\t<div class=\"elementor-element elementor-element-cc0a3e6 e-con-full e-flex wpr-particle-no wpr-jarallax-no wpr-parallax-no wpr-sticky-section-no e-con e-child\" data-id=\"cc0a3e6\" data-element_type=\"container\">\n\t\t\t\t<div class=\"elementor-element elementor-element-d50d371 elementor-widget__width-initial elementor-widget-mobile__width-initial elementor-invisible elementor-widget elementor-widget-heading\" data-id=\"d50d371\" data-element_type=\"widget\" data-settings=\"{&quot;_animation&quot;:&quot;fadeIn&quot;,&quot;_animation_delay&quot;:200}\" data-widget_type=\"heading.default\">\n\t\t\t\t<div class=\"elementor-widget-container\">\n\t\t\t\t\t<h2 class=\"elementor-heading-title elementor-size-default\">Un coup d\u2019\u0153il dans la vie de Katherine<\/h2>\t\t\t\t<\/div>\n\t\t\t\t<\/div>\n\t\t\t\t<div class=\"elementor-element elementor-element-48d89ee elementor-widget-divider--view-line elementor-invisible elementor-widget elementor-widget-divider\" data-id=\"48d89ee\" data-element_type=\"widget\" data-settings=\"{&quot;_animation&quot;:&quot;fadeIn&quot;,&quot;_animation_delay&quot;:400}\" data-widget_type=\"divider.default\">\n\t\t\t\t<div class=\"elementor-widget-container\">\n\t\t\t\t\t\t\t<div class=\"elementor-divider\">\n\t\t\t<span class=\"elementor-divider-separator\">\n\t\t\t\t\t\t<\/span>\n\t\t<\/div>\n\t\t\t\t\t\t<\/div>\n\t\t\t\t<\/div>\n\t\t\t\t<div class=\"elementor-element elementor-element-ddc13e4 elementor-invisible elementor-widget elementor-widget-text-editor\" data-id=\"ddc13e4\" data-element_type=\"widget\" data-settings=\"{&quot;_animation&quot;:&quot;fadeIn&quot;,&quot;_animation_delay&quot;:800}\" data-widget_type=\"text-editor.default\">\n\t\t\t\t<div class=\"elementor-widget-container\">\n\t\t\t\t\t\t\t\t\t<p>Lorsqu\u2019elle cherche des encouragements, Katherine se tourne vers l\u2019anthropologue Margaret Mead qui a dit : \u00ab\u2009Ne doutez jamais qu\u2019un petit groupe de citoyens attentionn\u00e9s et engag\u00e9s peut changer le monde. En fait, c\u2019est la seule chose qui l\u2019ait jamais chang\u00e9.\u2009\u00bb<\/p>\t\t\t\t\t\t\t\t<\/div>\n\t\t\t\t<\/div>\n\t\t\t\t<div class=\"elementor-element elementor-element-1e8aa1d elementor-invisible elementor-widget elementor-widget-image\" data-id=\"1e8aa1d\" data-element_type=\"widget\" data-settings=\"{&quot;_animation&quot;:&quot;fadeIn&quot;,&quot;_animation_delay&quot;:1000}\" data-widget_type=\"image.default\">\n\t\t\t\t<div class=\"elementor-widget-container\">\n\t\t\t\t\t\t\t\t\t\t\t\t\t\t\t<img decoding=\"async\" width=\"320\" height=\"190\" src=\"https:\/\/phil.ca\/wp-content\/uploads\/Katherine-personal-images-1.jpg\" class=\"attachment-full size-full wp-image-57929\" alt=\"\" srcset=\"https:\/\/phil.ca\/wp-content\/uploads\/Katherine-personal-images-1.jpg 320w, https:\/\/phil.ca\/wp-content\/uploads\/Katherine-personal-images-1-300x178.jpg 300w\" sizes=\"(max-width: 320px) 100vw, 320px\" \/>\t\t\t\t\t\t\t\t\t\t\t\t\t\t\t<\/div>\n\t\t\t\t<\/div>\n\t\t\t\t<div class=\"elementor-element elementor-element-90c3d71 elementor-invisible elementor-widget elementor-widget-image\" data-id=\"90c3d71\" data-element_type=\"widget\" data-settings=\"{&quot;_animation&quot;:&quot;fadeIn&quot;,&quot;_animation_delay&quot;:1000}\" data-widget_type=\"image.default\">\n\t\t\t\t<div class=\"elementor-widget-container\">\n\t\t\t\t\t\t\t\t\t\t\t\t\t\t\t<img decoding=\"async\" width=\"320\" height=\"190\" src=\"https:\/\/phil.ca\/wp-content\/uploads\/Katherine-personal-images-2.jpg\" class=\"attachment-full size-full wp-image-57931\" alt=\"\" srcset=\"https:\/\/phil.ca\/wp-content\/uploads\/Katherine-personal-images-2.jpg 320w, https:\/\/phil.ca\/wp-content\/uploads\/Katherine-personal-images-2-300x178.jpg 300w\" sizes=\"(max-width: 320px) 100vw, 320px\" \/>\t\t\t\t\t\t\t\t\t\t\t\t\t\t\t<\/div>\n\t\t\t\t<\/div>\n\t\t\t\t<div class=\"elementor-element elementor-element-9903921 elementor-invisible elementor-widget elementor-widget-image\" data-id=\"9903921\" data-element_type=\"widget\" data-settings=\"{&quot;_animation&quot;:&quot;fadeIn&quot;,&quot;_animation_delay&quot;:1000}\" data-widget_type=\"image.default\">\n\t\t\t\t<div class=\"elementor-widget-container\">\n\t\t\t\t\t\t\t\t\t\t\t\t\t\t\t<img loading=\"lazy\" loading=\"lazy\" decoding=\"async\" width=\"320\" height=\"190\" src=\"https:\/\/phil.ca\/wp-content\/uploads\/Katherine-personal-images-3.jpg\" class=\"attachment-full size-full wp-image-57933\" alt=\"\" srcset=\"https:\/\/phil.ca\/wp-content\/uploads\/Katherine-personal-images-3.jpg 320w, https:\/\/phil.ca\/wp-content\/uploads\/Katherine-personal-images-3-300x178.jpg 300w\" sizes=\"(max-width: 320px) 100vw, 320px\" \/>\t\t\t\t\t\t\t\t\t\t\t\t\t\t\t<\/div>\n\t\t\t\t<\/div>\n\t\t\t\t<\/div>\n\t\t\t\t\t<\/div>\n\t\t\t\t<\/div>\n\t\t\t\t<\/div>\n\t\t","protected":false},"excerpt":{"rendered":"<p>Katherine Lacefield elle Communications et d\u00e9veloppementkatherine@phil.ca Rencontrer l&rsquo;\u00e9quipe Hautement qualifi\u00e9e en collecte de fonds et en communication. Elle a l\u2019art de g\u00e9n\u00e9rer de l\u2019enthousiasme pour la strat\u00e9gie de collecte de fonds, en particulier pour les fondations. Ayant travaill\u00e9 dans le monde des OBNL et de la philanthropie au cours des 15 derni\u00e8res ann\u00e9es, elle s\u2019attaque avec confiance aux d\u00e9fis les plus courants comme les plus singuliers tout en rendant le processus non seulement \u00ab vivable \u00bb, mais m\u00eame agr\u00e9able pour les personnes avec lesquelles elle travaille. Son parcours a men\u00e9 Katherine \u00e0 obtenir un baccalaur\u00e9at en environnement et d\u00e9veloppement durable et un certificat en gestion d\u2019organisations \u00e0 but non lucratif. Elle a appris tous les d\u00e9tails de la cr\u00e9ation d\u2019organismes de bienfaisance, de la gouvernance et de la collecte de fonds. De plus, lorsqu\u2019elle a \u00e9tudi\u00e9 au Panama pendant son premier cycle universitaire, elle s\u2019est immerg\u00e9e dans la cr\u00e9ation d\u2019un lien transparent entre l\u2019environnement et les humains, ce qui l\u2019a amen\u00e9e \u00e0 travailler avec des OBNL dont la mission est centr\u00e9e sur l\u2019activisme environnemental et \u00e0 d\u00e9velopper une expertise dans ce domaine. Cette force de la nature trilingue ne cesse de nous \u00e9tonner. Un coup d\u2019\u0153il dans la vie de Katherine Lorsqu\u2019elle cherche des encouragements, Katherine se tourne vers l\u2019anthropologue Margaret Mead qui a dit : \u00ab\u2009Ne doutez jamais qu\u2019un petit groupe de citoyens attentionn\u00e9s et engag\u00e9s peut changer le monde. En fait, c\u2019est la seule chose qui l\u2019ait jamais chang\u00e9.\u2009\u00bb<\/p>\n","protected":false},"author":22,"featured_media":0,"parent":0,"menu_order":0,"comment_status":"closed","ping_status":"closed","template":"elementor_header_footer","meta":{"_et_pb_use_builder":"","_et_pb_old_content":"","_et_gb_content_width":"","inline_featured_image":false,"footnotes":""},"class_list":["post-61705","page","type-page","status-publish","hentry"],"aioseo_notices":[],"_links":{"self":[{"href":"https:\/\/phil.ca\/fr\/wp-json\/wp\/v2\/pages\/61705","targetHints":{"allow":["GET"]}}],"collection":[{"href":"https:\/\/phil.ca\/fr\/wp-json\/wp\/v2\/pages"}],"about":[{"href":"https:\/\/phil.ca\/fr\/wp-json\/wp\/v2\/types\/page"}],"author":[{"embeddable":true,"href":"https:\/\/phil.ca\/fr\/wp-json\/wp\/v2\/users\/22"}],"replies":[{"embeddable":true,"href":"https:\/\/phil.ca\/fr\/wp-json\/wp\/v2\/comments?post=61705"}],"version-history":[{"count":9,"href":"https:\/\/phil.ca\/fr\/wp-json\/wp\/v2\/pages\/61705\/revisions"}],"predecessor-version":[{"id":63417,"href":"https:\/\/phil.ca\/fr\/wp-json\/wp\/v2\/pages\/61705\/revisions\/63417"}],"wp:attachment":[{"href":"https:\/\/phil.ca\/fr\/wp-json\/wp\/v2\/media?parent=61705"}],"curies":[{"name":"wp","href":"https:\/\/api.w.org\/{rel}","templated":true}]}}