{"id":61706,"date":"2024-10-08T18:44:27","date_gmt":"2024-10-08T18:44:27","guid":{"rendered":"https:\/\/phil.ca\/team-rachel-renaud\/"},"modified":"2025-01-09T14:47:37","modified_gmt":"2025-01-09T14:47:37","slug":"team-rachel-renaud","status":"publish","type":"page","link":"https:\/\/phil.ca\/fr\/team-rachel-renaud\/","title":{"rendered":"Rachel Renaud"},"content":{"rendered":"\t\t<div data-elementor-type=\"wp-page\" data-elementor-id=\"61706\" class=\"elementor elementor-61706 elementor-61621\" data-elementor-post-type=\"page\">\n\t\t\t\t<div class=\"elementor-element elementor-element-15e1038 e-flex e-con-boxed wpr-particle-no wpr-jarallax-no wpr-parallax-no wpr-sticky-section-no e-con e-parent\" data-id=\"15e1038\" data-element_type=\"container\" data-settings=\"{&quot;background_background&quot;:&quot;classic&quot;}\">\n\t\t\t\t\t<div class=\"e-con-inner\">\n\t\t<div class=\"elementor-element elementor-element-6cd9d37 e-con-full e-flex wpr-particle-no wpr-jarallax-no wpr-parallax-no wpr-sticky-section-no e-con e-child\" data-id=\"6cd9d37\" data-element_type=\"container\">\n\t\t\t\t<div class=\"elementor-element elementor-element-8f6bb6c elementor-invisible elementor-widget elementor-widget-image\" data-id=\"8f6bb6c\" data-element_type=\"widget\" data-settings=\"{&quot;_animation&quot;:&quot;fadeIn&quot;,&quot;_animation_delay&quot;:200}\" data-widget_type=\"image.default\">\n\t\t\t\t<div class=\"elementor-widget-container\">\n\t\t\t\t\t\t\t\t\t\t\t\t\t\t\t<img fetchpriority=\"high\" fetchpriority=\"high\" decoding=\"async\" width=\"642\" height=\"644\" src=\"https:\/\/phil.ca\/wp-content\/uploads\/Rachel_team_img.jpg\" class=\"attachment-full size-full wp-image-62743\" alt=\"\" srcset=\"https:\/\/phil.ca\/wp-content\/uploads\/Rachel_team_img.jpg 642w, https:\/\/phil.ca\/wp-content\/uploads\/Rachel_team_img-480x481.jpg 480w\" sizes=\"(min-width: 0px) and (max-width: 480px) 480px, (min-width: 481px) 642px, 100vw\" \/>\t\t\t\t\t\t\t\t\t\t\t\t\t\t\t<\/div>\n\t\t\t\t<\/div>\n\t\t\t\t<div class=\"elementor-element elementor-element-32725b7 elementor-widget__width-initial elementor-widget-mobile__width-initial elementor-invisible elementor-widget elementor-widget-heading\" data-id=\"32725b7\" data-element_type=\"widget\" data-settings=\"{&quot;_animation&quot;:&quot;fadeIn&quot;,&quot;_animation_delay&quot;:400}\" data-widget_type=\"heading.default\">\n\t\t\t\t<div class=\"elementor-widget-container\">\n\t\t\t\t\t<h2 class=\"elementor-heading-title elementor-size-default\">Rachel Renaud<\/h2>\t\t\t\t<\/div>\n\t\t\t\t<\/div>\n\t\t\t\t<div class=\"elementor-element elementor-element-ae45552 elementor-widget__width-initial elementor-widget-mobile__width-initial elementor-invisible elementor-widget elementor-widget-heading\" data-id=\"ae45552\" data-element_type=\"widget\" data-settings=\"{&quot;_animation&quot;:&quot;fadeIn&quot;,&quot;_animation_delay&quot;:400}\" data-widget_type=\"heading.default\">\n\t\t\t\t<div class=\"elementor-widget-container\">\n\t\t\t\t\t<h2 class=\"elementor-heading-title elementor-size-default\">elle<\/h2>\t\t\t\t<\/div>\n\t\t\t\t<\/div>\n\t\t\t\t<div class=\"elementor-element elementor-element-b76f68d elementor-widget-divider--view-line elementor-invisible elementor-widget elementor-widget-divider\" data-id=\"b76f68d\" data-element_type=\"widget\" data-settings=\"{&quot;_animation&quot;:&quot;fadeIn&quot;,&quot;_animation_delay&quot;:600}\" data-widget_type=\"divider.default\">\n\t\t\t\t<div class=\"elementor-widget-container\">\n\t\t\t\t\t\t\t<div class=\"elementor-divider\">\n\t\t\t<span class=\"elementor-divider-separator\">\n\t\t\t\t\t\t<\/span>\n\t\t<\/div>\n\t\t\t\t\t\t<\/div>\n\t\t\t\t<\/div>\n\t\t\t\t<div class=\"elementor-element elementor-element-69ae324 elementor-invisible elementor-widget elementor-widget-text-editor\" data-id=\"69ae324\" data-element_type=\"widget\" data-settings=\"{&quot;_animation&quot;:&quot;fadeIn&quot;,&quot;_animation_delay&quot;:800}\" data-widget_type=\"text-editor.default\">\n\t\t\t\t<div class=\"elementor-widget-container\">\n\t\t\t\t\t\t\t\t\t<p><span style=\"font-weight: 400;\">Gouvernance<\/span><br \/>rachel@phil.ca<\/p>\t\t\t\t\t\t\t\t<\/div>\n\t\t\t\t<\/div>\n\t\t\t\t<div class=\"elementor-element elementor-element-a961e06 elementor-align-center elementor-mobile-align-justify elementor-widget-mobile__width-inherit elementor-invisible elementor-widget elementor-widget-button\" data-id=\"a961e06\" data-element_type=\"widget\" data-settings=\"{&quot;_animation&quot;:&quot;fadeIn&quot;,&quot;_animation_delay&quot;:1000}\" data-widget_type=\"button.default\">\n\t\t\t\t<div class=\"elementor-widget-container\">\n\t\t\t\t\t\t\t\t\t<div class=\"elementor-button-wrapper\">\n\t\t\t\t\t<a class=\"elementor-button elementor-button-link elementor-size-sm\" href=\"https:\/\/phil.ca\/fr\/equipe\/\">\n\t\t\t\t\t\t<span class=\"elementor-button-content-wrapper\">\n\t\t\t\t\t\t<span class=\"elementor-button-icon\">\n\t\t\t\t<svg aria-hidden=\"true\" class=\"e-font-icon-svg e-fas-arrow-alt-circle-right\" viewBox=\"0 0 512 512\" xmlns=\"http:\/\/www.w3.org\/2000\/svg\"><path d=\"M256 8c137 0 248 111 248 248S393 504 256 504 8 393 8 256 119 8 256 8zM140 300h116v70.9c0 10.7 13 16.1 20.5 8.5l114.3-114.9c4.7-4.7 4.7-12.2 0-16.9l-114.3-115c-7.6-7.6-20.5-2.2-20.5 8.5V212H140c-6.6 0-12 5.4-12 12v64c0 6.6 5.4 12 12 12z\"><\/path><\/svg>\t\t\t<\/span>\n\t\t\t\t\t\t\t\t\t<span class=\"elementor-button-text\">Rencontrer l'\u00e9quipe<\/span>\n\t\t\t\t\t<\/span>\n\t\t\t\t\t<\/a>\n\t\t\t\t<\/div>\n\t\t\t\t\t\t\t\t<\/div>\n\t\t\t\t<\/div>\n\t\t\t\t<\/div>\n\t\t<div class=\"elementor-element elementor-element-5d02493 e-con-full e-flex wpr-particle-no wpr-jarallax-no wpr-parallax-no wpr-sticky-section-no e-con e-child\" data-id=\"5d02493\" data-element_type=\"container\">\n\t\t\t\t<div class=\"elementor-element elementor-element-3805f10 elementor-invisible elementor-widget elementor-widget-heading\" data-id=\"3805f10\" data-element_type=\"widget\" data-settings=\"{&quot;_animation&quot;:&quot;fadeIn&quot;,&quot;_animation_delay&quot;:200}\" data-widget_type=\"heading.default\">\n\t\t\t\t<div class=\"elementor-widget-container\">\n\t\t\t\t\t<h2 class=\"elementor-heading-title elementor-size-default\">Rachel, notre collaboratrice en strat\u00e9gie et gouvernance, se sp\u00e9cialise dans le conseil et le coaching de leaders qui font une diff\u00e9rence.<\/h2>\t\t\t\t<\/div>\n\t\t\t\t<\/div>\n\t\t\t\t<div class=\"elementor-element elementor-element-3161e60 elementor-invisible elementor-widget elementor-widget-text-editor\" data-id=\"3161e60\" data-element_type=\"widget\" data-settings=\"{&quot;_animation&quot;:&quot;fadeIn&quot;,&quot;_animation_delay&quot;:400}\" data-widget_type=\"text-editor.default\">\n\t\t\t\t<div class=\"elementor-widget-container\">\n\t\t\t\t\t\t\t\t\t<p><span style=\"font-weight: 400;\">Sa devise depuis plus de 20 ans, \u00ab Rassembler les gens pour partager, \u00e9changer et grandir \u00bb, en dit long sur son r\u00f4le de mentor pour les visionnaires du secteur social. Rachel est anim\u00e9e par le d\u00e9sir d\u2019accompagner les gens afin de les aider \u00e0 traverser les inconforts du changement n\u00e9cessaire pour atteindre leur plein potentiel et leurs objectifs de productivit\u00e9.\u00a0<\/span><\/p><p><span style=\"font-weight: 400;\">\u00c0 titre de leader au sein de la Fondation Roasters depuis 1999, Rachel a d\u00e9montr\u00e9 son expertise en gouvernance, en gestion du changement, en leadership, en r\u00e9seautage et dans de nombreux autres domaines essentiels \u00e0 la r\u00e9ussite dans le secteur social. Sans oublier qu\u2019elle poss\u00e8de une vaste exp\u00e9rience de b\u00e9n\u00e9volat au sein de conseils d\u2019administration, notamment \u00e0 la Fontation Toujours Ensemble, \u00e0 la Fondation de l\u2019H\u00f4pital St Mary\u2019s et au Centre d\u2019innovation en formation infirmi\u00e8re de l\u2019Universit\u00e9 de Montr\u00e9al. Les projets auxquels elle a collabor\u00e9 avec l\u2019\u00e9quipe de Phil lui ont montr\u00e9 que tout est possible avec la bonne approche et avec des leaders capables de d\u00e9l\u00e9guer et d\u2019accorder des responsabilit\u00e9s.<\/span><\/p>\t\t\t\t\t\t\t\t<\/div>\n\t\t\t\t<\/div>\n\t\t\t\t<\/div>\n\t\t<div class=\"elementor-element elementor-element-cc0a3e6 e-con-full e-flex wpr-particle-no wpr-jarallax-no wpr-parallax-no wpr-sticky-section-no e-con e-child\" data-id=\"cc0a3e6\" data-element_type=\"container\">\n\t\t\t\t<div class=\"elementor-element elementor-element-d50d371 elementor-widget__width-initial elementor-widget-mobile__width-initial elementor-invisible elementor-widget elementor-widget-heading\" data-id=\"d50d371\" data-element_type=\"widget\" data-settings=\"{&quot;_animation&quot;:&quot;fadeIn&quot;,&quot;_animation_delay&quot;:200}\" data-widget_type=\"heading.default\">\n\t\t\t\t<div class=\"elementor-widget-container\">\n\t\t\t\t\t<h2 class=\"elementor-heading-title elementor-size-default\">Un coup d\u2019\u0153il dans la vie de Rachel<\/h2>\t\t\t\t<\/div>\n\t\t\t\t<\/div>\n\t\t\t\t<div class=\"elementor-element elementor-element-48d89ee elementor-widget-divider--view-line elementor-invisible elementor-widget elementor-widget-divider\" data-id=\"48d89ee\" data-element_type=\"widget\" data-settings=\"{&quot;_animation&quot;:&quot;fadeIn&quot;,&quot;_animation_delay&quot;:400}\" data-widget_type=\"divider.default\">\n\t\t\t\t<div class=\"elementor-widget-container\">\n\t\t\t\t\t\t\t<div class=\"elementor-divider\">\n\t\t\t<span class=\"elementor-divider-separator\">\n\t\t\t\t\t\t<\/span>\n\t\t<\/div>\n\t\t\t\t\t\t<\/div>\n\t\t\t\t<\/div>\n\t\t\t\t<div class=\"elementor-element elementor-element-ddc13e4 elementor-invisible elementor-widget elementor-widget-text-editor\" data-id=\"ddc13e4\" data-element_type=\"widget\" data-settings=\"{&quot;_animation&quot;:&quot;fadeIn&quot;,&quot;_animation_delay&quot;:800}\" data-widget_type=\"text-editor.default\">\n\t\t\t\t<div class=\"elementor-widget-container\">\n\t\t\t\t\t\t\t\t\t<p>\u00ab Donnez un poisson \u00e0 un homme et vous le nourrirez pour la journ\u00e9e. Enseignez-lui \u00e0 p\u00eacher et il se nourrira pour la vie. \u00bb -Lao Tzu<\/p>\t\t\t\t\t\t\t\t<\/div>\n\t\t\t\t<\/div>\n\t\t\t\t<div class=\"elementor-element elementor-element-9825afd elementor-invisible elementor-widget elementor-widget-image\" data-id=\"9825afd\" data-element_type=\"widget\" data-settings=\"{&quot;_animation&quot;:&quot;fadeIn&quot;,&quot;_animation_delay&quot;:1000}\" data-widget_type=\"image.default\">\n\t\t\t\t<div class=\"elementor-widget-container\">\n\t\t\t\t\t\t\t\t\t\t\t\t\t\t\t<img decoding=\"async\" width=\"320\" height=\"190\" src=\"https:\/\/phil.ca\/wp-content\/uploads\/Rachel-personal-images-1.jpg\" class=\"attachment-full size-full wp-image-57963\" alt=\"\" srcset=\"https:\/\/phil.ca\/wp-content\/uploads\/Rachel-personal-images-1.jpg 320w, https:\/\/phil.ca\/wp-content\/uploads\/Rachel-personal-images-1-300x178.jpg 300w\" sizes=\"(max-width: 320px) 100vw, 320px\" \/>\t\t\t\t\t\t\t\t\t\t\t\t\t\t\t<\/div>\n\t\t\t\t<\/div>\n\t\t\t\t<div class=\"elementor-element elementor-element-36b4a65 elementor-invisible elementor-widget elementor-widget-image\" data-id=\"36b4a65\" data-element_type=\"widget\" data-settings=\"{&quot;_animation&quot;:&quot;fadeIn&quot;,&quot;_animation_delay&quot;:1100}\" data-widget_type=\"image.default\">\n\t\t\t\t<div class=\"elementor-widget-container\">\n\t\t\t\t\t\t\t\t\t\t\t\t\t\t\t<img decoding=\"async\" width=\"320\" height=\"190\" src=\"https:\/\/phil.ca\/wp-content\/uploads\/Rachel-personal-images-2.jpg\" class=\"attachment-full size-full wp-image-57965\" alt=\"\" srcset=\"https:\/\/phil.ca\/wp-content\/uploads\/Rachel-personal-images-2.jpg 320w, https:\/\/phil.ca\/wp-content\/uploads\/Rachel-personal-images-2-300x178.jpg 300w\" sizes=\"(max-width: 320px) 100vw, 320px\" \/>\t\t\t\t\t\t\t\t\t\t\t\t\t\t\t<\/div>\n\t\t\t\t<\/div>\n\t\t\t\t<div class=\"elementor-element elementor-element-2d751f9 elementor-invisible elementor-widget elementor-widget-image\" data-id=\"2d751f9\" data-element_type=\"widget\" data-settings=\"{&quot;_animation&quot;:&quot;fadeIn&quot;,&quot;_animation_delay&quot;:1200}\" data-widget_type=\"image.default\">\n\t\t\t\t<div class=\"elementor-widget-container\">\n\t\t\t\t\t\t\t\t\t\t\t\t\t\t\t<img loading=\"lazy\" loading=\"lazy\" decoding=\"async\" width=\"320\" height=\"190\" src=\"https:\/\/phil.ca\/wp-content\/uploads\/Rachel-personal-images-3.jpg\" class=\"attachment-full size-full wp-image-57967\" alt=\"\" srcset=\"https:\/\/phil.ca\/wp-content\/uploads\/Rachel-personal-images-3.jpg 320w, https:\/\/phil.ca\/wp-content\/uploads\/Rachel-personal-images-3-300x178.jpg 300w\" sizes=\"(max-width: 320px) 100vw, 320px\" \/>\t\t\t\t\t\t\t\t\t\t\t\t\t\t\t<\/div>\n\t\t\t\t<\/div>\n\t\t\t\t<\/div>\n\t\t\t\t\t<\/div>\n\t\t\t\t<\/div>\n\t\t\t\t<\/div>\n\t\t","protected":false},"excerpt":{"rendered":"<p>Rachel Renaud elle Gouvernancerachel@phil.ca Rencontrer l&rsquo;\u00e9quipe Rachel, notre collaboratrice en strat\u00e9gie et gouvernance, se sp\u00e9cialise dans le conseil et le coaching de leaders qui font une diff\u00e9rence. Sa devise depuis plus de 20 ans, \u00ab Rassembler les gens pour partager, \u00e9changer et grandir \u00bb, en dit long sur son r\u00f4le de mentor pour les visionnaires du secteur social. Rachel est anim\u00e9e par le d\u00e9sir d\u2019accompagner les gens afin de les aider \u00e0 traverser les inconforts du changement n\u00e9cessaire pour atteindre leur plein potentiel et leurs objectifs de productivit\u00e9.\u00a0 \u00c0 titre de leader au sein de la Fondation Roasters depuis 1999, Rachel a d\u00e9montr\u00e9 son expertise en gouvernance, en gestion du changement, en leadership, en r\u00e9seautage et dans de nombreux autres domaines essentiels \u00e0 la r\u00e9ussite dans le secteur social. Sans oublier qu\u2019elle poss\u00e8de une vaste exp\u00e9rience de b\u00e9n\u00e9volat au sein de conseils d\u2019administration, notamment \u00e0 la Fontation Toujours Ensemble, \u00e0 la Fondation de l\u2019H\u00f4pital St Mary\u2019s et au Centre d\u2019innovation en formation infirmi\u00e8re de l\u2019Universit\u00e9 de Montr\u00e9al. Les projets auxquels elle a collabor\u00e9 avec l\u2019\u00e9quipe de Phil lui ont montr\u00e9 que tout est possible avec la bonne approche et avec des leaders capables de d\u00e9l\u00e9guer et d\u2019accorder des responsabilit\u00e9s. Un coup d\u2019\u0153il dans la vie de Rachel \u00ab Donnez un poisson \u00e0 un homme et vous le nourrirez pour la journ\u00e9e. Enseignez-lui \u00e0 p\u00eacher et il se nourrira pour la vie. \u00bb -Lao Tzu<\/p>\n","protected":false},"author":22,"featured_media":0,"parent":0,"menu_order":0,"comment_status":"closed","ping_status":"closed","template":"elementor_header_footer","meta":{"_et_pb_use_builder":"","_et_pb_old_content":"","_et_gb_content_width":"","inline_featured_image":false,"footnotes":""},"class_list":["post-61706","page","type-page","status-publish","hentry"],"aioseo_notices":[],"_links":{"self":[{"href":"https:\/\/phil.ca\/fr\/wp-json\/wp\/v2\/pages\/61706","targetHints":{"allow":["GET"]}}],"collection":[{"href":"https:\/\/phil.ca\/fr\/wp-json\/wp\/v2\/pages"}],"about":[{"href":"https:\/\/phil.ca\/fr\/wp-json\/wp\/v2\/types\/page"}],"author":[{"embeddable":true,"href":"https:\/\/phil.ca\/fr\/wp-json\/wp\/v2\/users\/22"}],"replies":[{"embeddable":true,"href":"https:\/\/phil.ca\/fr\/wp-json\/wp\/v2\/comments?post=61706"}],"version-history":[{"count":12,"href":"https:\/\/phil.ca\/fr\/wp-json\/wp\/v2\/pages\/61706\/revisions"}],"predecessor-version":[{"id":62758,"href":"https:\/\/phil.ca\/fr\/wp-json\/wp\/v2\/pages\/61706\/revisions\/62758"}],"wp:attachment":[{"href":"https:\/\/phil.ca\/fr\/wp-json\/wp\/v2\/media?parent=61706"}],"curies":[{"name":"wp","href":"https:\/\/api.w.org\/{rel}","templated":true}]}}