{"id":61707,"date":"2024-10-08T18:47:39","date_gmt":"2024-10-08T18:47:39","guid":{"rendered":"https:\/\/phil.ca\/team-george-lahdo\/"},"modified":"2024-10-15T01:36:20","modified_gmt":"2024-10-15T01:36:20","slug":"team-george-lahdo","status":"publish","type":"page","link":"https:\/\/phil.ca\/fr\/team-george-lahdo\/","title":{"rendered":"George Lahdo"},"content":{"rendered":"\t\t<div data-elementor-type=\"wp-page\" data-elementor-id=\"61707\" class=\"elementor elementor-61707 elementor-61631\" data-elementor-post-type=\"page\">\n\t\t\t\t<div class=\"elementor-element elementor-element-15e1038 e-flex e-con-boxed wpr-particle-no wpr-jarallax-no wpr-parallax-no wpr-sticky-section-no e-con e-parent\" data-id=\"15e1038\" data-element_type=\"container\" data-settings=\"{&quot;background_background&quot;:&quot;classic&quot;}\">\n\t\t\t\t\t<div class=\"e-con-inner\">\n\t\t<div class=\"elementor-element elementor-element-6cd9d37 e-con-full e-flex wpr-particle-no wpr-jarallax-no wpr-parallax-no wpr-sticky-section-no e-con e-child\" data-id=\"6cd9d37\" data-element_type=\"container\">\n\t\t\t\t<div class=\"elementor-element elementor-element-8f6bb6c elementor-invisible elementor-widget elementor-widget-image\" data-id=\"8f6bb6c\" data-element_type=\"widget\" data-settings=\"{&quot;_animation&quot;:&quot;fadeIn&quot;,&quot;_animation_delay&quot;:200}\" data-widget_type=\"image.default\">\n\t\t\t\t<div class=\"elementor-widget-container\">\n\t\t\t\t\t\t\t\t\t\t\t\t\t\t\t<img fetchpriority=\"high\" fetchpriority=\"high\" decoding=\"async\" width=\"600\" height=\"600\" src=\"https:\/\/phil.ca\/wp-content\/uploads\/george-team-photo.jpg\" class=\"attachment-full size-full wp-image-62025\" alt=\"\" srcset=\"https:\/\/phil.ca\/wp-content\/uploads\/george-team-photo.jpg 600w, https:\/\/phil.ca\/wp-content\/uploads\/george-team-photo-480x480.jpg 480w\" sizes=\"(min-width: 0px) and (max-width: 480px) 480px, (min-width: 481px) 600px, 100vw\" \/>\t\t\t\t\t\t\t\t\t\t\t\t\t\t\t<\/div>\n\t\t\t\t<\/div>\n\t\t\t\t<div class=\"elementor-element elementor-element-32725b7 elementor-widget__width-initial elementor-widget-mobile__width-initial elementor-invisible elementor-widget elementor-widget-heading\" data-id=\"32725b7\" data-element_type=\"widget\" data-settings=\"{&quot;_animation&quot;:&quot;fadeIn&quot;,&quot;_animation_delay&quot;:400}\" data-widget_type=\"heading.default\">\n\t\t\t\t<div class=\"elementor-widget-container\">\n\t\t\t\t\t<h2 class=\"elementor-heading-title elementor-size-default\">George Lahdo<\/h2>\t\t\t\t<\/div>\n\t\t\t\t<\/div>\n\t\t\t\t<div class=\"elementor-element elementor-element-ae45552 elementor-widget__width-initial elementor-widget-mobile__width-initial elementor-invisible elementor-widget elementor-widget-heading\" data-id=\"ae45552\" data-element_type=\"widget\" data-settings=\"{&quot;_animation&quot;:&quot;fadeIn&quot;,&quot;_animation_delay&quot;:400}\" data-widget_type=\"heading.default\">\n\t\t\t\t<div class=\"elementor-widget-container\">\n\t\t\t\t\t<h2 class=\"elementor-heading-title elementor-size-default\">il<\/h2>\t\t\t\t<\/div>\n\t\t\t\t<\/div>\n\t\t\t\t<div class=\"elementor-element elementor-element-b76f68d elementor-widget-divider--view-line elementor-invisible elementor-widget elementor-widget-divider\" data-id=\"b76f68d\" data-element_type=\"widget\" data-settings=\"{&quot;_animation&quot;:&quot;fadeIn&quot;,&quot;_animation_delay&quot;:600}\" data-widget_type=\"divider.default\">\n\t\t\t\t<div class=\"elementor-widget-container\">\n\t\t\t\t\t\t\t<div class=\"elementor-divider\">\n\t\t\t<span class=\"elementor-divider-separator\">\n\t\t\t\t\t\t<\/span>\n\t\t<\/div>\n\t\t\t\t\t\t<\/div>\n\t\t\t\t<\/div>\n\t\t\t\t<div class=\"elementor-element elementor-element-69ae324 elementor-invisible elementor-widget elementor-widget-text-editor\" data-id=\"69ae324\" data-element_type=\"widget\" data-settings=\"{&quot;_animation&quot;:&quot;fadeIn&quot;,&quot;_animation_delay&quot;:800}\" data-widget_type=\"text-editor.default\">\n\t\t\t\t<div class=\"elementor-widget-container\">\n\t\t\t\t\t\t\t\t\t<p><span style=\"font-weight: 400;\">Comptabilit\u00e9<\/span><br \/>george@phil.ca<\/p>\t\t\t\t\t\t\t\t<\/div>\n\t\t\t\t<\/div>\n\t\t\t\t<div class=\"elementor-element elementor-element-a961e06 elementor-align-center elementor-mobile-align-justify elementor-widget-mobile__width-inherit elementor-invisible elementor-widget elementor-widget-button\" data-id=\"a961e06\" data-element_type=\"widget\" data-settings=\"{&quot;_animation&quot;:&quot;fadeIn&quot;,&quot;_animation_delay&quot;:1000}\" data-widget_type=\"button.default\">\n\t\t\t\t<div class=\"elementor-widget-container\">\n\t\t\t\t\t\t\t\t\t<div class=\"elementor-button-wrapper\">\n\t\t\t\t\t<a class=\"elementor-button elementor-button-link elementor-size-sm\" href=\"https:\/\/phil.ca\/fr\/equipe\/\">\n\t\t\t\t\t\t<span class=\"elementor-button-content-wrapper\">\n\t\t\t\t\t\t<span class=\"elementor-button-icon\">\n\t\t\t\t<svg aria-hidden=\"true\" class=\"e-font-icon-svg e-fas-arrow-alt-circle-right\" viewBox=\"0 0 512 512\" xmlns=\"http:\/\/www.w3.org\/2000\/svg\"><path d=\"M256 8c137 0 248 111 248 248S393 504 256 504 8 393 8 256 119 8 256 8zM140 300h116v70.9c0 10.7 13 16.1 20.5 8.5l114.3-114.9c4.7-4.7 4.7-12.2 0-16.9l-114.3-115c-7.6-7.6-20.5-2.2-20.5 8.5V212H140c-6.6 0-12 5.4-12 12v64c0 6.6 5.4 12 12 12z\"><\/path><\/svg>\t\t\t<\/span>\n\t\t\t\t\t\t\t\t\t<span class=\"elementor-button-text\">Rencontrer l'\u00e9quipe<\/span>\n\t\t\t\t\t<\/span>\n\t\t\t\t\t<\/a>\n\t\t\t\t<\/div>\n\t\t\t\t\t\t\t\t<\/div>\n\t\t\t\t<\/div>\n\t\t\t\t<\/div>\n\t\t<div class=\"elementor-element elementor-element-5d02493 e-con-full e-flex wpr-particle-no wpr-jarallax-no wpr-parallax-no wpr-sticky-section-no e-con e-child\" data-id=\"5d02493\" data-element_type=\"container\">\n\t\t\t\t<div class=\"elementor-element elementor-element-3805f10 elementor-invisible elementor-widget elementor-widget-heading\" data-id=\"3805f10\" data-element_type=\"widget\" data-settings=\"{&quot;_animation&quot;:&quot;fadeIn&quot;,&quot;_animation_delay&quot;:200}\" data-widget_type=\"heading.default\">\n\t\t\t\t<div class=\"elementor-widget-container\">\n\t\t\t\t\t<h2 class=\"elementor-heading-title elementor-size-default\">George est dou\u00e9 pour les chiffres.<\/h2>\t\t\t\t<\/div>\n\t\t\t\t<\/div>\n\t\t\t\t<div class=\"elementor-element elementor-element-3161e60 elementor-invisible elementor-widget elementor-widget-text-editor\" data-id=\"3161e60\" data-element_type=\"widget\" data-settings=\"{&quot;_animation&quot;:&quot;fadeIn&quot;,&quot;_animation_delay&quot;:400}\" data-widget_type=\"text-editor.default\">\n\t\t\t\t<div class=\"elementor-widget-container\">\n\t\t\t\t\t\t\t\t\t<p><span style=\"font-weight: 400;\">Dipl\u00f4m\u00e9 de l\u2019\u00c9cole de gestion John Molson de l\u2019Universit\u00e9 Concordia, en passant par Alep, ce ma\u00eetre d\u2019\u0153uvre zen s&rsquo;est efforc\u00e9 de faire des livres de Phil un r\u00eave pour les comptables. Seul membre de l\u2019\u00e9quipe Phil qui admet aimer \u00e0 la fois les hivers canadiens et les subtilit\u00e9s des projections financi\u00e8res, George apporte chaque jour ses comp\u00e9tences en comptabilit\u00e9 et sa vision positive de la vie.<\/span><\/p><p><span style=\"font-weight: 400;\">Afin de r\u00e9pondre aux besoins criants des jeunes touch\u00e9s par la guerre en Syrie, George a cr\u00e9\u00e9 un organisme d\u00e9di\u00e9 \u00e0 soutenir ces jeunes en leur donnant le sourire et l\u2019espoir de jours meilleurs. Il s\u2019est rendu compte que peu importe la contribution de chacun, celle-ci y fait une diff\u00e9rence positive pour les gens dans le besoin.<\/span><\/p><p><span style=\"font-weight: 400;\">George travaille pr\u00e9sentement \u00e0 l&rsquo;obtention de son titre de comptable professionnel agr\u00e9\u00e9 (CPA), conform\u00e9ment \u00e0 sa philosophie d&rsquo;apprentissage continu.\u00a0 Il y a quelques ann\u00e9es \u00e0 peine, il a fait son premier tour en deux roues ! Qu\u2019il s\u2019agisse du dernier logiciel de comptabilit\u00e9 ou des r\u00e8glements fiscaux actuels, George cherche toujours \u00e0 progresser et \u00e0 contribuer au meilleur de ses capacit\u00e9s.<\/span><\/p>\t\t\t\t\t\t\t\t<\/div>\n\t\t\t\t<\/div>\n\t\t\t\t<\/div>\n\t\t<div class=\"elementor-element elementor-element-cc0a3e6 e-con-full e-flex wpr-particle-no wpr-jarallax-no wpr-parallax-no wpr-sticky-section-no e-con e-child\" data-id=\"cc0a3e6\" data-element_type=\"container\">\n\t\t\t\t<\/div>\n\t\t\t\t\t<\/div>\n\t\t\t\t<\/div>\n\t\t\t\t<\/div>\n\t\t","protected":false},"excerpt":{"rendered":"<p>George Lahdo il Comptabilit\u00e9george@phil.ca Rencontrer l&rsquo;\u00e9quipe George est dou\u00e9 pour les chiffres. Dipl\u00f4m\u00e9 de l\u2019\u00c9cole de gestion John Molson de l\u2019Universit\u00e9 Concordia, en passant par Alep, ce ma\u00eetre d\u2019\u0153uvre zen s&rsquo;est efforc\u00e9 de faire des livres de Phil un r\u00eave pour les comptables. Seul membre de l\u2019\u00e9quipe Phil qui admet aimer \u00e0 la fois les hivers canadiens et les subtilit\u00e9s des projections financi\u00e8res, George apporte chaque jour ses comp\u00e9tences en comptabilit\u00e9 et sa vision positive de la vie. Afin de r\u00e9pondre aux besoins criants des jeunes touch\u00e9s par la guerre en Syrie, George a cr\u00e9\u00e9 un organisme d\u00e9di\u00e9 \u00e0 soutenir ces jeunes en leur donnant le sourire et l\u2019espoir de jours meilleurs. Il s\u2019est rendu compte que peu importe la contribution de chacun, celle-ci y fait une diff\u00e9rence positive pour les gens dans le besoin. George travaille pr\u00e9sentement \u00e0 l&rsquo;obtention de son titre de comptable professionnel agr\u00e9\u00e9 (CPA), conform\u00e9ment \u00e0 sa philosophie d&rsquo;apprentissage continu.\u00a0 Il y a quelques ann\u00e9es \u00e0 peine, il a fait son premier tour en deux roues ! Qu\u2019il s\u2019agisse du dernier logiciel de comptabilit\u00e9 ou des r\u00e8glements fiscaux actuels, George cherche toujours \u00e0 progresser et \u00e0 contribuer au meilleur de ses capacit\u00e9s.<\/p>\n","protected":false},"author":22,"featured_media":0,"parent":0,"menu_order":0,"comment_status":"closed","ping_status":"closed","template":"elementor_header_footer","meta":{"_et_pb_use_builder":"","_et_pb_old_content":"","_et_gb_content_width":"","inline_featured_image":false,"footnotes":""},"class_list":["post-61707","page","type-page","status-publish","hentry"],"aioseo_notices":[],"_links":{"self":[{"href":"https:\/\/phil.ca\/fr\/wp-json\/wp\/v2\/pages\/61707","targetHints":{"allow":["GET"]}}],"collection":[{"href":"https:\/\/phil.ca\/fr\/wp-json\/wp\/v2\/pages"}],"about":[{"href":"https:\/\/phil.ca\/fr\/wp-json\/wp\/v2\/types\/page"}],"author":[{"embeddable":true,"href":"https:\/\/phil.ca\/fr\/wp-json\/wp\/v2\/users\/22"}],"replies":[{"embeddable":true,"href":"https:\/\/phil.ca\/fr\/wp-json\/wp\/v2\/comments?post=61707"}],"version-history":[{"count":9,"href":"https:\/\/phil.ca\/fr\/wp-json\/wp\/v2\/pages\/61707\/revisions"}],"predecessor-version":[{"id":62102,"href":"https:\/\/phil.ca\/fr\/wp-json\/wp\/v2\/pages\/61707\/revisions\/62102"}],"wp:attachment":[{"href":"https:\/\/phil.ca\/fr\/wp-json\/wp\/v2\/media?parent=61707"}],"curies":[{"name":"wp","href":"https:\/\/api.w.org\/{rel}","templated":true}]}}