{"id":61708,"date":"2024-10-08T18:53:18","date_gmt":"2024-10-08T18:53:18","guid":{"rendered":"https:\/\/phil.ca\/team-sophie-martin\/"},"modified":"2024-12-09T01:00:47","modified_gmt":"2024-12-09T01:00:47","slug":"team-sophie-martin","status":"publish","type":"page","link":"https:\/\/phil.ca\/fr\/team-sophie-martin\/","title":{"rendered":"Sophie Martin"},"content":{"rendered":"\t\t<div data-elementor-type=\"wp-page\" data-elementor-id=\"61708\" class=\"elementor elementor-61708 elementor-61638\" data-elementor-post-type=\"page\">\n\t\t\t\t<div class=\"elementor-element elementor-element-15e1038 e-flex e-con-boxed wpr-particle-no wpr-jarallax-no wpr-parallax-no wpr-sticky-section-no e-con e-parent\" data-id=\"15e1038\" data-element_type=\"container\" data-settings=\"{&quot;background_background&quot;:&quot;classic&quot;}\">\n\t\t\t\t\t<div class=\"e-con-inner\">\n\t\t<div class=\"elementor-element elementor-element-6cd9d37 e-con-full e-flex wpr-particle-no wpr-jarallax-no wpr-parallax-no wpr-sticky-section-no e-con e-child\" data-id=\"6cd9d37\" data-element_type=\"container\">\n\t\t\t\t<div class=\"elementor-element elementor-element-8f6bb6c elementor-invisible elementor-widget elementor-widget-image\" data-id=\"8f6bb6c\" data-element_type=\"widget\" data-settings=\"{&quot;_animation&quot;:&quot;fadeIn&quot;,&quot;_animation_delay&quot;:200}\" data-widget_type=\"image.default\">\n\t\t\t\t<div class=\"elementor-widget-container\">\n\t\t\t\t\t\t\t\t\t\t\t\t\t\t\t<img fetchpriority=\"high\" fetchpriority=\"high\" decoding=\"async\" width=\"500\" height=\"500\" src=\"https:\/\/phil.ca\/wp-content\/uploads\/sophie_new_team.png\" class=\"attachment-full size-full wp-image-62507\" alt=\"\" srcset=\"https:\/\/phil.ca\/wp-content\/uploads\/sophie_new_team.png 500w, https:\/\/phil.ca\/wp-content\/uploads\/sophie_new_team-480x480.png 480w\" sizes=\"(min-width: 0px) and (max-width: 480px) 480px, (min-width: 481px) 500px, 100vw\" \/>\t\t\t\t\t\t\t\t\t\t\t\t\t\t\t<\/div>\n\t\t\t\t<\/div>\n\t\t\t\t<div class=\"elementor-element elementor-element-32725b7 elementor-widget__width-initial elementor-widget-mobile__width-initial elementor-invisible elementor-widget elementor-widget-heading\" data-id=\"32725b7\" data-element_type=\"widget\" data-settings=\"{&quot;_animation&quot;:&quot;fadeIn&quot;,&quot;_animation_delay&quot;:400}\" data-widget_type=\"heading.default\">\n\t\t\t\t<div class=\"elementor-widget-container\">\n\t\t\t\t\t<h2 class=\"elementor-heading-title elementor-size-default\">Sophie Martin<\/h2>\t\t\t\t<\/div>\n\t\t\t\t<\/div>\n\t\t\t\t<div class=\"elementor-element elementor-element-ae45552 elementor-widget__width-initial elementor-widget-mobile__width-initial elementor-invisible elementor-widget elementor-widget-heading\" data-id=\"ae45552\" data-element_type=\"widget\" data-settings=\"{&quot;_animation&quot;:&quot;fadeIn&quot;,&quot;_animation_delay&quot;:400}\" data-widget_type=\"heading.default\">\n\t\t\t\t<div class=\"elementor-widget-container\">\n\t\t\t\t\t<h2 class=\"elementor-heading-title elementor-size-default\">elle<\/h2>\t\t\t\t<\/div>\n\t\t\t\t<\/div>\n\t\t\t\t<div class=\"elementor-element elementor-element-b76f68d elementor-widget-divider--view-line elementor-invisible elementor-widget elementor-widget-divider\" data-id=\"b76f68d\" data-element_type=\"widget\" data-settings=\"{&quot;_animation&quot;:&quot;fadeIn&quot;,&quot;_animation_delay&quot;:600}\" data-widget_type=\"divider.default\">\n\t\t\t\t<div class=\"elementor-widget-container\">\n\t\t\t\t\t\t\t<div class=\"elementor-divider\">\n\t\t\t<span class=\"elementor-divider-separator\">\n\t\t\t\t\t\t<\/span>\n\t\t<\/div>\n\t\t\t\t\t\t<\/div>\n\t\t\t\t<\/div>\n\t\t\t\t<div class=\"elementor-element elementor-element-69ae324 elementor-invisible elementor-widget elementor-widget-text-editor\" data-id=\"69ae324\" data-element_type=\"widget\" data-settings=\"{&quot;_animation&quot;:&quot;fadeIn&quot;,&quot;_animation_delay&quot;:800}\" data-widget_type=\"text-editor.default\">\n\t\t\t\t<div class=\"elementor-widget-container\">\n\t\t\t\t\t\t\t\t\t<p><span style=\"font-weight: 400;\">Conseill\u00e8re en communication<\/span><br \/>sophie@phil.ca<\/p>\t\t\t\t\t\t\t\t<\/div>\n\t\t\t\t<\/div>\n\t\t\t\t<div class=\"elementor-element elementor-element-a961e06 elementor-align-center elementor-mobile-align-justify elementor-widget-mobile__width-inherit elementor-invisible elementor-widget elementor-widget-button\" data-id=\"a961e06\" data-element_type=\"widget\" data-settings=\"{&quot;_animation&quot;:&quot;fadeIn&quot;,&quot;_animation_delay&quot;:1000}\" data-widget_type=\"button.default\">\n\t\t\t\t<div class=\"elementor-widget-container\">\n\t\t\t\t\t\t\t\t\t<div class=\"elementor-button-wrapper\">\n\t\t\t\t\t<a class=\"elementor-button elementor-button-link elementor-size-sm\" href=\"https:\/\/phil.ca\/fr\/equipe\/\">\n\t\t\t\t\t\t<span class=\"elementor-button-content-wrapper\">\n\t\t\t\t\t\t<span class=\"elementor-button-icon\">\n\t\t\t\t<svg aria-hidden=\"true\" class=\"e-font-icon-svg e-fas-arrow-alt-circle-right\" viewBox=\"0 0 512 512\" xmlns=\"http:\/\/www.w3.org\/2000\/svg\"><path d=\"M256 8c137 0 248 111 248 248S393 504 256 504 8 393 8 256 119 8 256 8zM140 300h116v70.9c0 10.7 13 16.1 20.5 8.5l114.3-114.9c4.7-4.7 4.7-12.2 0-16.9l-114.3-115c-7.6-7.6-20.5-2.2-20.5 8.5V212H140c-6.6 0-12 5.4-12 12v64c0 6.6 5.4 12 12 12z\"><\/path><\/svg>\t\t\t<\/span>\n\t\t\t\t\t\t\t\t\t<span class=\"elementor-button-text\">Rencontrer l'\u00e9quipe<\/span>\n\t\t\t\t\t<\/span>\n\t\t\t\t\t<\/a>\n\t\t\t\t<\/div>\n\t\t\t\t\t\t\t\t<\/div>\n\t\t\t\t<\/div>\n\t\t\t\t<\/div>\n\t\t<div class=\"elementor-element elementor-element-5d02493 e-con-full e-flex wpr-particle-no wpr-jarallax-no wpr-parallax-no wpr-sticky-section-no e-con e-child\" data-id=\"5d02493\" data-element_type=\"container\">\n\t\t\t\t<div class=\"elementor-element elementor-element-3805f10 elementor-invisible elementor-widget elementor-widget-heading\" data-id=\"3805f10\" data-element_type=\"widget\" data-settings=\"{&quot;_animation&quot;:&quot;fadeIn&quot;,&quot;_animation_delay&quot;:200}\" data-widget_type=\"heading.default\">\n\t\t\t\t<div class=\"elementor-widget-container\">\n\t\t\t\t\t<h2 class=\"elementor-heading-title elementor-size-default\">Cette b\u00e2tisseuse communautaire bilingue incarne la confiance et la volont\u00e9 de cr\u00e9er des liens, d\u00e9velopper des relations et soutenir les gens autour d\u2019elle.<\/h2>\t\t\t\t<\/div>\n\t\t\t\t<\/div>\n\t\t\t\t<div class=\"elementor-element elementor-element-3161e60 elementor-invisible elementor-widget elementor-widget-text-editor\" data-id=\"3161e60\" data-element_type=\"widget\" data-settings=\"{&quot;_animation&quot;:&quot;fadeIn&quot;,&quot;_animation_delay&quot;:400}\" data-widget_type=\"text-editor.default\">\n\t\t\t\t<div class=\"elementor-widget-container\">\n\t\t\t\t\t\t\t\t\t<p><span style=\"font-weight: 400;\">Sophie aime r\u00e9fl\u00e9chir longuement et s\u2019attarder aux d\u00e9tails pour offrir une exp\u00e9rience client positive de A \u00e0 Z. Convaincue de l\u2019importance de l\u2019\u00e9coute, elle consacre \u00e9norm\u00e9ment d\u2019\u00e9nergie \u00e0 comprendre les besoins particuliers des clients et incarne parfaitement l\u2019approche collaborative de Phil.\u00a0<\/span><\/p><p><span style=\"font-weight: 400;\">Sophie d\u00e9tient un dipl\u00f4me d\u2019\u00e9tudes sup\u00e9rieures en gestion des communications et des relations publiques de l\u2019Universit\u00e9 McGill. Pendant ses \u00e9tudes, elle s\u2019est occup\u00e9e des communications d\u2019une association professionnelle \u00e0 temps plein, et a d\u00e9couvert sur le terrain toutes les \u00e9tapes n\u00e9cessaires pour mener une \u00e9quipe \u00e0 la ligne d\u2019arriv\u00e9e. Elle a accumul\u00e9 plus de 15 ans d\u2019exp\u00e9rience au sein des secteurs \u00e0 but non lucratif, gouvernemental et commercial, \u00e0 la fois dans les communications internes et les communications d\u2019entreprise. Lorsqu\u2019elle travaillait dans l\u2019industrie de l\u2019\u00e9nergie g\u00e9othermique, Sophie a \u00e9labor\u00e9 la feuille de route de l\u2019industrie canadienne en \u00e9tablissant le cadre de la strat\u00e9gie d\u00e9cennale, et a d\u00e9montr\u00e9 ainsi son sens de la planification et de la mise en \u0153uvre de projets complexes.<\/span><\/p>\t\t\t\t\t\t\t\t<\/div>\n\t\t\t\t<\/div>\n\t\t\t\t<\/div>\n\t\t<div class=\"elementor-element elementor-element-cc0a3e6 e-con-full e-flex wpr-particle-no wpr-jarallax-no wpr-parallax-no wpr-sticky-section-no e-con e-child\" data-id=\"cc0a3e6\" data-element_type=\"container\">\n\t\t\t\t<div class=\"elementor-element elementor-element-d50d371 elementor-widget__width-initial elementor-widget-mobile__width-initial elementor-invisible elementor-widget elementor-widget-heading\" data-id=\"d50d371\" data-element_type=\"widget\" data-settings=\"{&quot;_animation&quot;:&quot;fadeIn&quot;,&quot;_animation_delay&quot;:200}\" data-widget_type=\"heading.default\">\n\t\t\t\t<div class=\"elementor-widget-container\">\n\t\t\t\t\t<h2 class=\"elementor-heading-title elementor-size-default\">Un coup d\u2019\u0153il dans la vie de Sophie<\/h2>\t\t\t\t<\/div>\n\t\t\t\t<\/div>\n\t\t\t\t<div class=\"elementor-element elementor-element-48d89ee elementor-widget-divider--view-line elementor-invisible elementor-widget elementor-widget-divider\" data-id=\"48d89ee\" data-element_type=\"widget\" data-settings=\"{&quot;_animation&quot;:&quot;fadeIn&quot;,&quot;_animation_delay&quot;:400}\" data-widget_type=\"divider.default\">\n\t\t\t\t<div class=\"elementor-widget-container\">\n\t\t\t\t\t\t\t<div class=\"elementor-divider\">\n\t\t\t<span class=\"elementor-divider-separator\">\n\t\t\t\t\t\t<\/span>\n\t\t<\/div>\n\t\t\t\t\t\t<\/div>\n\t\t\t\t<\/div>\n\t\t\t\t<div class=\"elementor-element elementor-element-78b6613 elementor-invisible elementor-widget elementor-widget-text-editor\" data-id=\"78b6613\" data-element_type=\"widget\" data-settings=\"{&quot;_animation&quot;:&quot;fadeIn&quot;,&quot;_animation_delay&quot;:600}\" data-widget_type=\"text-editor.default\">\n\t\t\t\t<div class=\"elementor-widget-container\">\n\t\t\t\t\t\t\t\t\t<p>Elle souhaite enseigner \u00e0 ses enfants que la nature est une force pour la communaut\u00e9, la paix et la r\u00e9silience. Selon sa citation pr\u00e9f\u00e9r\u00e9e, \u00ab le plus grand risque de tous est de n\u2019en prendre aucun. \u00bb<\/p>\t\t\t\t\t\t\t\t<\/div>\n\t\t\t\t<\/div>\n\t\t\t\t<div class=\"elementor-element elementor-element-9825afd elementor-invisible elementor-widget elementor-widget-image\" data-id=\"9825afd\" data-element_type=\"widget\" data-settings=\"{&quot;_animation&quot;:&quot;fadeIn&quot;,&quot;_animation_delay&quot;:1000}\" data-widget_type=\"image.default\">\n\t\t\t\t<div class=\"elementor-widget-container\">\n\t\t\t\t\t\t\t\t\t\t\t\t\t\t\t<img decoding=\"async\" width=\"320\" height=\"190\" src=\"https:\/\/phil.ca\/wp-content\/uploads\/Sophie-personal-images-1.jpg\" class=\"attachment-full size-full wp-image-57991\" alt=\"\" srcset=\"https:\/\/phil.ca\/wp-content\/uploads\/Sophie-personal-images-1.jpg 320w, https:\/\/phil.ca\/wp-content\/uploads\/Sophie-personal-images-1-300x178.jpg 300w\" sizes=\"(max-width: 320px) 100vw, 320px\" \/>\t\t\t\t\t\t\t\t\t\t\t\t\t\t\t<\/div>\n\t\t\t\t<\/div>\n\t\t\t\t<div class=\"elementor-element elementor-element-36b4a65 elementor-invisible elementor-widget elementor-widget-image\" data-id=\"36b4a65\" data-element_type=\"widget\" data-settings=\"{&quot;_animation&quot;:&quot;fadeIn&quot;,&quot;_animation_delay&quot;:1100}\" data-widget_type=\"image.default\">\n\t\t\t\t<div class=\"elementor-widget-container\">\n\t\t\t\t\t\t\t\t\t\t\t\t\t\t\t<img decoding=\"async\" width=\"320\" height=\"190\" src=\"https:\/\/phil.ca\/wp-content\/uploads\/Sophie-personal-images-2.jpg\" class=\"attachment-full size-full wp-image-57993\" alt=\"\" srcset=\"https:\/\/phil.ca\/wp-content\/uploads\/Sophie-personal-images-2.jpg 320w, https:\/\/phil.ca\/wp-content\/uploads\/Sophie-personal-images-2-300x178.jpg 300w\" sizes=\"(max-width: 320px) 100vw, 320px\" \/>\t\t\t\t\t\t\t\t\t\t\t\t\t\t\t<\/div>\n\t\t\t\t<\/div>\n\t\t\t\t<div class=\"elementor-element elementor-element-2d751f9 elementor-invisible elementor-widget elementor-widget-image\" data-id=\"2d751f9\" data-element_type=\"widget\" data-settings=\"{&quot;_animation&quot;:&quot;fadeIn&quot;,&quot;_animation_delay&quot;:1200}\" data-widget_type=\"image.default\">\n\t\t\t\t<div class=\"elementor-widget-container\">\n\t\t\t\t\t\t\t\t\t\t\t\t\t\t\t<img loading=\"lazy\" loading=\"lazy\" decoding=\"async\" width=\"320\" height=\"190\" src=\"https:\/\/phil.ca\/wp-content\/uploads\/Sophie-personal-images-3.jpg\" class=\"attachment-full size-full wp-image-57995\" alt=\"\" srcset=\"https:\/\/phil.ca\/wp-content\/uploads\/Sophie-personal-images-3.jpg 320w, https:\/\/phil.ca\/wp-content\/uploads\/Sophie-personal-images-3-300x178.jpg 300w\" sizes=\"(max-width: 320px) 100vw, 320px\" \/>\t\t\t\t\t\t\t\t\t\t\t\t\t\t\t<\/div>\n\t\t\t\t<\/div>\n\t\t\t\t<\/div>\n\t\t\t\t\t<\/div>\n\t\t\t\t<\/div>\n\t\t\t\t<\/div>\n\t\t","protected":false},"excerpt":{"rendered":"<p>Sophie Martin elle Conseill\u00e8re en communicationsophie@phil.ca Rencontrer l&rsquo;\u00e9quipe Cette b\u00e2tisseuse communautaire bilingue incarne la confiance et la volont\u00e9 de cr\u00e9er des liens, d\u00e9velopper des relations et soutenir les gens autour d\u2019elle. Sophie aime r\u00e9fl\u00e9chir longuement et s\u2019attarder aux d\u00e9tails pour offrir une exp\u00e9rience client positive de A \u00e0 Z. Convaincue de l\u2019importance de l\u2019\u00e9coute, elle consacre \u00e9norm\u00e9ment d\u2019\u00e9nergie \u00e0 comprendre les besoins particuliers des clients et incarne parfaitement l\u2019approche collaborative de Phil.\u00a0 Sophie d\u00e9tient un dipl\u00f4me d\u2019\u00e9tudes sup\u00e9rieures en gestion des communications et des relations publiques de l\u2019Universit\u00e9 McGill. Pendant ses \u00e9tudes, elle s\u2019est occup\u00e9e des communications d\u2019une association professionnelle \u00e0 temps plein, et a d\u00e9couvert sur le terrain toutes les \u00e9tapes n\u00e9cessaires pour mener une \u00e9quipe \u00e0 la ligne d\u2019arriv\u00e9e. Elle a accumul\u00e9 plus de 15 ans d\u2019exp\u00e9rience au sein des secteurs \u00e0 but non lucratif, gouvernemental et commercial, \u00e0 la fois dans les communications internes et les communications d\u2019entreprise. Lorsqu\u2019elle travaillait dans l\u2019industrie de l\u2019\u00e9nergie g\u00e9othermique, Sophie a \u00e9labor\u00e9 la feuille de route de l\u2019industrie canadienne en \u00e9tablissant le cadre de la strat\u00e9gie d\u00e9cennale, et a d\u00e9montr\u00e9 ainsi son sens de la planification et de la mise en \u0153uvre de projets complexes. Un coup d\u2019\u0153il dans la vie de Sophie Elle souhaite enseigner \u00e0 ses enfants que la nature est une force pour la communaut\u00e9, la paix et la r\u00e9silience. Selon sa citation pr\u00e9f\u00e9r\u00e9e, \u00ab le plus grand risque de tous est de n\u2019en prendre aucun. \u00bb<\/p>\n","protected":false},"author":22,"featured_media":0,"parent":0,"menu_order":0,"comment_status":"closed","ping_status":"closed","template":"elementor_header_footer","meta":{"_et_pb_use_builder":"","_et_pb_old_content":"","_et_gb_content_width":"","inline_featured_image":false,"footnotes":""},"class_list":["post-61708","page","type-page","status-publish","hentry"],"aioseo_notices":[],"_links":{"self":[{"href":"https:\/\/phil.ca\/fr\/wp-json\/wp\/v2\/pages\/61708","targetHints":{"allow":["GET"]}}],"collection":[{"href":"https:\/\/phil.ca\/fr\/wp-json\/wp\/v2\/pages"}],"about":[{"href":"https:\/\/phil.ca\/fr\/wp-json\/wp\/v2\/types\/page"}],"author":[{"embeddable":true,"href":"https:\/\/phil.ca\/fr\/wp-json\/wp\/v2\/users\/22"}],"replies":[{"embeddable":true,"href":"https:\/\/phil.ca\/fr\/wp-json\/wp\/v2\/comments?post=61708"}],"version-history":[{"count":9,"href":"https:\/\/phil.ca\/fr\/wp-json\/wp\/v2\/pages\/61708\/revisions"}],"predecessor-version":[{"id":62557,"href":"https:\/\/phil.ca\/fr\/wp-json\/wp\/v2\/pages\/61708\/revisions\/62557"}],"wp:attachment":[{"href":"https:\/\/phil.ca\/fr\/wp-json\/wp\/v2\/media?parent=61708"}],"curies":[{"name":"wp","href":"https:\/\/api.w.org\/{rel}","templated":true}]}}