{"id":61709,"date":"2024-10-08T18:57:36","date_gmt":"2024-10-08T18:57:36","guid":{"rendered":"https:\/\/phil.ca\/team-patricia-fillmore\/"},"modified":"2024-10-15T01:35:31","modified_gmt":"2024-10-15T01:35:31","slug":"team-patricia-fillmore","status":"publish","type":"page","link":"https:\/\/phil.ca\/fr\/team-patricia-fillmore\/","title":{"rendered":"Patricia Fillmore"},"content":{"rendered":"\t\t<div data-elementor-type=\"wp-page\" data-elementor-id=\"61709\" class=\"elementor elementor-61709 elementor-61645\" data-elementor-post-type=\"page\">\n\t\t\t\t<div class=\"elementor-element elementor-element-15e1038 e-flex e-con-boxed wpr-particle-no wpr-jarallax-no wpr-parallax-no wpr-sticky-section-no e-con e-parent\" data-id=\"15e1038\" data-element_type=\"container\" data-settings=\"{&quot;background_background&quot;:&quot;classic&quot;}\">\n\t\t\t\t\t<div class=\"e-con-inner\">\n\t\t<div class=\"elementor-element elementor-element-6cd9d37 e-con-full e-flex wpr-particle-no wpr-jarallax-no wpr-parallax-no wpr-sticky-section-no e-con e-child\" data-id=\"6cd9d37\" data-element_type=\"container\">\n\t\t\t\t<div class=\"elementor-element elementor-element-8f6bb6c elementor-invisible elementor-widget elementor-widget-image\" data-id=\"8f6bb6c\" data-element_type=\"widget\" data-settings=\"{&quot;_animation&quot;:&quot;fadeIn&quot;,&quot;_animation_delay&quot;:200}\" data-widget_type=\"image.default\">\n\t\t\t\t<div class=\"elementor-widget-container\">\n\t\t\t\t\t\t\t\t\t\t\t\t\t\t\t<img fetchpriority=\"high\" fetchpriority=\"high\" decoding=\"async\" width=\"600\" height=\"600\" src=\"https:\/\/phil.ca\/wp-content\/uploads\/paatricia-team-photo.jpg\" class=\"attachment-full size-full wp-image-62015\" alt=\"\" srcset=\"https:\/\/phil.ca\/wp-content\/uploads\/paatricia-team-photo.jpg 600w, https:\/\/phil.ca\/wp-content\/uploads\/paatricia-team-photo-480x480.jpg 480w\" sizes=\"(min-width: 0px) and (max-width: 480px) 480px, (min-width: 481px) 600px, 100vw\" \/>\t\t\t\t\t\t\t\t\t\t\t\t\t\t\t<\/div>\n\t\t\t\t<\/div>\n\t\t\t\t<div class=\"elementor-element elementor-element-32725b7 elementor-widget__width-initial elementor-widget-mobile__width-initial elementor-invisible elementor-widget elementor-widget-heading\" data-id=\"32725b7\" data-element_type=\"widget\" data-settings=\"{&quot;_animation&quot;:&quot;fadeIn&quot;,&quot;_animation_delay&quot;:400}\" data-widget_type=\"heading.default\">\n\t\t\t\t<div class=\"elementor-widget-container\">\n\t\t\t\t\t<h2 class=\"elementor-heading-title elementor-size-default\">Patricia Fillmore<\/h2>\t\t\t\t<\/div>\n\t\t\t\t<\/div>\n\t\t\t\t<div class=\"elementor-element elementor-element-ae45552 elementor-widget__width-initial elementor-widget-mobile__width-initial elementor-invisible elementor-widget elementor-widget-heading\" data-id=\"ae45552\" data-element_type=\"widget\" data-settings=\"{&quot;_animation&quot;:&quot;fadeIn&quot;,&quot;_animation_delay&quot;:400}\" data-widget_type=\"heading.default\">\n\t\t\t\t<div class=\"elementor-widget-container\">\n\t\t\t\t\t<h2 class=\"elementor-heading-title elementor-size-default\">elle<\/h2>\t\t\t\t<\/div>\n\t\t\t\t<\/div>\n\t\t\t\t<div class=\"elementor-element elementor-element-b76f68d elementor-widget-divider--view-line elementor-invisible elementor-widget elementor-widget-divider\" data-id=\"b76f68d\" data-element_type=\"widget\" data-settings=\"{&quot;_animation&quot;:&quot;fadeIn&quot;,&quot;_animation_delay&quot;:600}\" data-widget_type=\"divider.default\">\n\t\t\t\t<div class=\"elementor-widget-container\">\n\t\t\t\t\t\t\t<div class=\"elementor-divider\">\n\t\t\t<span class=\"elementor-divider-separator\">\n\t\t\t\t\t\t<\/span>\n\t\t<\/div>\n\t\t\t\t\t\t<\/div>\n\t\t\t\t<\/div>\n\t\t\t\t<div class=\"elementor-element elementor-element-69ae324 elementor-invisible elementor-widget elementor-widget-text-editor\" data-id=\"69ae324\" data-element_type=\"widget\" data-settings=\"{&quot;_animation&quot;:&quot;fadeIn&quot;,&quot;_animation_delay&quot;:800}\" data-widget_type=\"text-editor.default\">\n\t\t\t\t<div class=\"elementor-widget-container\">\n\t\t\t\t\t\t\t\t\t<p><span style=\"font-weight: 400;\">Traduction<\/span><br \/>patricia@phil.ca<\/p>\t\t\t\t\t\t\t\t<\/div>\n\t\t\t\t<\/div>\n\t\t\t\t<div class=\"elementor-element elementor-element-a961e06 elementor-align-center elementor-mobile-align-justify elementor-widget-mobile__width-inherit elementor-invisible elementor-widget elementor-widget-button\" data-id=\"a961e06\" data-element_type=\"widget\" data-settings=\"{&quot;_animation&quot;:&quot;fadeIn&quot;,&quot;_animation_delay&quot;:1000}\" data-widget_type=\"button.default\">\n\t\t\t\t<div class=\"elementor-widget-container\">\n\t\t\t\t\t\t\t\t\t<div class=\"elementor-button-wrapper\">\n\t\t\t\t\t<a class=\"elementor-button elementor-button-link elementor-size-sm\" href=\"https:\/\/phil.ca\/fr\/equipe\/\">\n\t\t\t\t\t\t<span class=\"elementor-button-content-wrapper\">\n\t\t\t\t\t\t<span class=\"elementor-button-icon\">\n\t\t\t\t<svg aria-hidden=\"true\" class=\"e-font-icon-svg e-fas-arrow-alt-circle-right\" viewBox=\"0 0 512 512\" xmlns=\"http:\/\/www.w3.org\/2000\/svg\"><path d=\"M256 8c137 0 248 111 248 248S393 504 256 504 8 393 8 256 119 8 256 8zM140 300h116v70.9c0 10.7 13 16.1 20.5 8.5l114.3-114.9c4.7-4.7 4.7-12.2 0-16.9l-114.3-115c-7.6-7.6-20.5-2.2-20.5 8.5V212H140c-6.6 0-12 5.4-12 12v64c0 6.6 5.4 12 12 12z\"><\/path><\/svg>\t\t\t<\/span>\n\t\t\t\t\t\t\t\t\t<span class=\"elementor-button-text\">Rencontrer l'\u00e9quipe<\/span>\n\t\t\t\t\t<\/span>\n\t\t\t\t\t<\/a>\n\t\t\t\t<\/div>\n\t\t\t\t\t\t\t\t<\/div>\n\t\t\t\t<\/div>\n\t\t\t\t<\/div>\n\t\t<div class=\"elementor-element elementor-element-5d02493 e-con-full e-flex wpr-particle-no wpr-jarallax-no wpr-parallax-no wpr-sticky-section-no e-con e-child\" data-id=\"5d02493\" data-element_type=\"container\">\n\t\t\t\t<div class=\"elementor-element elementor-element-3805f10 elementor-invisible elementor-widget elementor-widget-heading\" data-id=\"3805f10\" data-element_type=\"widget\" data-settings=\"{&quot;_animation&quot;:&quot;fadeIn&quot;,&quot;_animation_delay&quot;:200}\" data-widget_type=\"heading.default\">\n\t\t\t\t<div class=\"elementor-widget-container\">\n\t\t\t\t\t<h2 class=\"elementor-heading-title elementor-size-default\">Patricia sait traduire harmonieusement les messages cl\u00e9s d\u2019une organisation et toucher tous ses publics.<\/h2>\t\t\t\t<\/div>\n\t\t\t\t<\/div>\n\t\t\t\t<div class=\"elementor-element elementor-element-3161e60 elementor-invisible elementor-widget elementor-widget-text-editor\" data-id=\"3161e60\" data-element_type=\"widget\" data-settings=\"{&quot;_animation&quot;:&quot;fadeIn&quot;,&quot;_animation_delay&quot;:400}\" data-widget_type=\"text-editor.default\">\n\t\t\t\t<div class=\"elementor-widget-container\">\n\t\t\t\t\t\t\t\t\t<p><span style=\"font-weight: 400;\">Elle respecte \u00e0 la fois le fond et la forme afin de transmettre aussi bien le sens que le niveau de langage. Constamment \u00e0 la recherche de nouvelles occasions d\u2019\u00e9largir et d\u2019appliquer ses connaissances, Patricia aime travailler avec des clients qui \u0153uvrent dans des domaines innovants \u00e0 fort impact social.<\/span><\/p><p><span style=\"font-weight: 400;\">Patricia est titulaire d\u2019un baccalaur\u00e9at et d\u2019une ma\u00eetrise en litt\u00e9rature fran\u00e7aise de l\u2019Universit\u00e9 McGill. Elle a travaill\u00e9 pendant 20 ans \u00e0 l\u2019\u00e9cole secondaire Villa Maria, \u00e0 Montr\u00e9al, o\u00f9 elle enseignait le fran\u00e7ais langue seconde. Ayant \u00e9crit une collection de nouvelles sur le th\u00e8me des relations m\u00e8re-fille pendant sa ma\u00eetrise en cr\u00e9ation litt\u00e9raire, elle sait tisser avec soin les phrases pour que chaque histoire touche son public.<\/span><\/p>\t\t\t\t\t\t\t\t<\/div>\n\t\t\t\t<\/div>\n\t\t\t\t<\/div>\n\t\t<div class=\"elementor-element elementor-element-cc0a3e6 e-con-full e-flex wpr-particle-no wpr-jarallax-no wpr-parallax-no wpr-sticky-section-no e-con e-child\" data-id=\"cc0a3e6\" data-element_type=\"container\">\n\t\t\t\t<div class=\"elementor-element elementor-element-d50d371 elementor-widget__width-initial elementor-widget-mobile__width-initial elementor-invisible elementor-widget elementor-widget-heading\" data-id=\"d50d371\" data-element_type=\"widget\" data-settings=\"{&quot;_animation&quot;:&quot;fadeIn&quot;,&quot;_animation_delay&quot;:200}\" data-widget_type=\"heading.default\">\n\t\t\t\t<div class=\"elementor-widget-container\">\n\t\t\t\t\t<h2 class=\"elementor-heading-title elementor-size-default\">Un coup d\u2019\u0153il dans la vie de Patricia<\/h2>\t\t\t\t<\/div>\n\t\t\t\t<\/div>\n\t\t\t\t<div class=\"elementor-element elementor-element-48d89ee elementor-widget-divider--view-line elementor-invisible elementor-widget elementor-widget-divider\" data-id=\"48d89ee\" data-element_type=\"widget\" data-settings=\"{&quot;_animation&quot;:&quot;fadeIn&quot;,&quot;_animation_delay&quot;:400}\" data-widget_type=\"divider.default\">\n\t\t\t\t<div class=\"elementor-widget-container\">\n\t\t\t\t\t\t\t<div class=\"elementor-divider\">\n\t\t\t<span class=\"elementor-divider-separator\">\n\t\t\t\t\t\t<\/span>\n\t\t<\/div>\n\t\t\t\t\t\t<\/div>\n\t\t\t\t<\/div>\n\t\t\t\t<div class=\"elementor-element elementor-element-ddc13e4 elementor-invisible elementor-widget elementor-widget-text-editor\" data-id=\"ddc13e4\" data-element_type=\"widget\" data-settings=\"{&quot;_animation&quot;:&quot;fadeIn&quot;,&quot;_animation_delay&quot;:800}\" data-widget_type=\"text-editor.default\">\n\t\t\t\t<div class=\"elementor-widget-container\">\n\t\t\t\t\t\t\t\t\t<p>Elle affectionne particuli\u00e8rement ces paroles de Vincent Van Gogh : \u00ab Si vous aimez vraiment la nature, vous trouverez de la beaut\u00e9 partout. \u00bb<\/p>\t\t\t\t\t\t\t\t<\/div>\n\t\t\t\t<\/div>\n\t\t\t\t<div class=\"elementor-element elementor-element-9825afd elementor-invisible elementor-widget elementor-widget-image\" data-id=\"9825afd\" data-element_type=\"widget\" data-settings=\"{&quot;_animation&quot;:&quot;fadeIn&quot;,&quot;_animation_delay&quot;:1000}\" data-widget_type=\"image.default\">\n\t\t\t\t<div class=\"elementor-widget-container\">\n\t\t\t\t\t\t\t\t\t\t\t\t\t\t\t<img decoding=\"async\" width=\"320\" height=\"190\" src=\"https:\/\/phil.ca\/wp-content\/uploads\/Patricia-personal-images-1.jpg\" class=\"attachment-full size-full wp-image-58072\" alt=\"\" srcset=\"https:\/\/phil.ca\/wp-content\/uploads\/Patricia-personal-images-1.jpg 320w, https:\/\/phil.ca\/wp-content\/uploads\/Patricia-personal-images-1-300x178.jpg 300w\" sizes=\"(max-width: 320px) 100vw, 320px\" \/>\t\t\t\t\t\t\t\t\t\t\t\t\t\t\t<\/div>\n\t\t\t\t<\/div>\n\t\t\t\t<div class=\"elementor-element elementor-element-36b4a65 elementor-invisible elementor-widget elementor-widget-image\" data-id=\"36b4a65\" data-element_type=\"widget\" data-settings=\"{&quot;_animation&quot;:&quot;fadeIn&quot;,&quot;_animation_delay&quot;:1100}\" data-widget_type=\"image.default\">\n\t\t\t\t<div class=\"elementor-widget-container\">\n\t\t\t\t\t\t\t\t\t\t\t\t\t\t\t<img decoding=\"async\" width=\"320\" height=\"190\" src=\"https:\/\/phil.ca\/wp-content\/uploads\/Patricia-personal-images-2.jpg\" class=\"attachment-full size-full wp-image-58074\" alt=\"\" srcset=\"https:\/\/phil.ca\/wp-content\/uploads\/Patricia-personal-images-2.jpg 320w, https:\/\/phil.ca\/wp-content\/uploads\/Patricia-personal-images-2-300x178.jpg 300w\" sizes=\"(max-width: 320px) 100vw, 320px\" \/>\t\t\t\t\t\t\t\t\t\t\t\t\t\t\t<\/div>\n\t\t\t\t<\/div>\n\t\t\t\t<div class=\"elementor-element elementor-element-2d751f9 elementor-invisible elementor-widget elementor-widget-image\" data-id=\"2d751f9\" data-element_type=\"widget\" data-settings=\"{&quot;_animation&quot;:&quot;fadeIn&quot;,&quot;_animation_delay&quot;:1200}\" data-widget_type=\"image.default\">\n\t\t\t\t<div class=\"elementor-widget-container\">\n\t\t\t\t\t\t\t\t\t\t\t\t\t\t\t<img loading=\"lazy\" loading=\"lazy\" decoding=\"async\" width=\"320\" height=\"190\" src=\"https:\/\/phil.ca\/wp-content\/uploads\/Patricia-personal-images-3.jpg\" class=\"attachment-full size-full wp-image-58076\" alt=\"\" srcset=\"https:\/\/phil.ca\/wp-content\/uploads\/Patricia-personal-images-3.jpg 320w, https:\/\/phil.ca\/wp-content\/uploads\/Patricia-personal-images-3-300x178.jpg 300w\" sizes=\"(max-width: 320px) 100vw, 320px\" \/>\t\t\t\t\t\t\t\t\t\t\t\t\t\t\t<\/div>\n\t\t\t\t<\/div>\n\t\t\t\t<\/div>\n\t\t\t\t\t<\/div>\n\t\t\t\t<\/div>\n\t\t\t\t<\/div>\n\t\t","protected":false},"excerpt":{"rendered":"<p>Patricia Fillmore elle Traductionpatricia@phil.ca Rencontrer l&rsquo;\u00e9quipe Patricia sait traduire harmonieusement les messages cl\u00e9s d\u2019une organisation et toucher tous ses publics. Elle respecte \u00e0 la fois le fond et la forme afin de transmettre aussi bien le sens que le niveau de langage. Constamment \u00e0 la recherche de nouvelles occasions d\u2019\u00e9largir et d\u2019appliquer ses connaissances, Patricia aime travailler avec des clients qui \u0153uvrent dans des domaines innovants \u00e0 fort impact social. Patricia est titulaire d\u2019un baccalaur\u00e9at et d\u2019une ma\u00eetrise en litt\u00e9rature fran\u00e7aise de l\u2019Universit\u00e9 McGill. Elle a travaill\u00e9 pendant 20 ans \u00e0 l\u2019\u00e9cole secondaire Villa Maria, \u00e0 Montr\u00e9al, o\u00f9 elle enseignait le fran\u00e7ais langue seconde. Ayant \u00e9crit une collection de nouvelles sur le th\u00e8me des relations m\u00e8re-fille pendant sa ma\u00eetrise en cr\u00e9ation litt\u00e9raire, elle sait tisser avec soin les phrases pour que chaque histoire touche son public. Un coup d\u2019\u0153il dans la vie de Patricia Elle affectionne particuli\u00e8rement ces paroles de Vincent Van Gogh : \u00ab Si vous aimez vraiment la nature, vous trouverez de la beaut\u00e9 partout. \u00bb<\/p>\n","protected":false},"author":22,"featured_media":0,"parent":0,"menu_order":0,"comment_status":"closed","ping_status":"closed","template":"elementor_header_footer","meta":{"_et_pb_use_builder":"","_et_pb_old_content":"","_et_gb_content_width":"","inline_featured_image":false,"footnotes":""},"class_list":["post-61709","page","type-page","status-publish","hentry"],"aioseo_notices":[],"_links":{"self":[{"href":"https:\/\/phil.ca\/fr\/wp-json\/wp\/v2\/pages\/61709","targetHints":{"allow":["GET"]}}],"collection":[{"href":"https:\/\/phil.ca\/fr\/wp-json\/wp\/v2\/pages"}],"about":[{"href":"https:\/\/phil.ca\/fr\/wp-json\/wp\/v2\/types\/page"}],"author":[{"embeddable":true,"href":"https:\/\/phil.ca\/fr\/wp-json\/wp\/v2\/users\/22"}],"replies":[{"embeddable":true,"href":"https:\/\/phil.ca\/fr\/wp-json\/wp\/v2\/comments?post=61709"}],"version-history":[{"count":6,"href":"https:\/\/phil.ca\/fr\/wp-json\/wp\/v2\/pages\/61709\/revisions"}],"predecessor-version":[{"id":62093,"href":"https:\/\/phil.ca\/fr\/wp-json\/wp\/v2\/pages\/61709\/revisions\/62093"}],"wp:attachment":[{"href":"https:\/\/phil.ca\/fr\/wp-json\/wp\/v2\/media?parent=61709"}],"curies":[{"name":"wp","href":"https:\/\/api.w.org\/{rel}","templated":true}]}}