{"id":61710,"date":"2024-10-08T19:01:32","date_gmt":"2024-10-08T19:01:32","guid":{"rendered":"https:\/\/phil.ca\/team-mj-plebon\/"},"modified":"2025-01-05T16:47:00","modified_gmt":"2025-01-05T16:47:00","slug":"team-mj-plebon","status":"publish","type":"page","link":"https:\/\/phil.ca\/fr\/team-mj-plebon\/","title":{"rendered":"M.J. Plebon"},"content":{"rendered":"\t\t<div data-elementor-type=\"wp-page\" data-elementor-id=\"61710\" class=\"elementor elementor-61710 elementor-61651\" data-elementor-post-type=\"page\">\n\t\t\t\t<div class=\"elementor-element elementor-element-15e1038 e-flex e-con-boxed wpr-particle-no wpr-jarallax-no wpr-parallax-no wpr-sticky-section-no e-con e-parent\" data-id=\"15e1038\" data-element_type=\"container\" data-settings=\"{&quot;background_background&quot;:&quot;classic&quot;}\">\n\t\t\t\t\t<div class=\"e-con-inner\">\n\t\t<div class=\"elementor-element elementor-element-6cd9d37 e-con-full e-flex wpr-particle-no wpr-jarallax-no wpr-parallax-no wpr-sticky-section-no e-con e-child\" data-id=\"6cd9d37\" data-element_type=\"container\">\n\t\t\t\t<div class=\"elementor-element elementor-element-8f6bb6c elementor-invisible elementor-widget elementor-widget-image\" data-id=\"8f6bb6c\" data-element_type=\"widget\" data-settings=\"{&quot;_animation&quot;:&quot;fadeIn&quot;,&quot;_animation_delay&quot;:200}\" data-widget_type=\"image.default\">\n\t\t\t\t<div class=\"elementor-widget-container\">\n\t\t\t\t\t\t\t\t\t\t\t\t\t\t\t<img fetchpriority=\"high\" fetchpriority=\"high\" decoding=\"async\" width=\"600\" height=\"602\" src=\"https:\/\/phil.ca\/wp-content\/uploads\/mj-team-photo.jpg\" class=\"attachment-full size-full wp-image-62010\" alt=\"\" srcset=\"https:\/\/phil.ca\/wp-content\/uploads\/mj-team-photo.jpg 600w, https:\/\/phil.ca\/wp-content\/uploads\/mj-team-photo-480x482.jpg 480w\" sizes=\"(min-width: 0px) and (max-width: 480px) 480px, (min-width: 481px) 600px, 100vw\" \/>\t\t\t\t\t\t\t\t\t\t\t\t\t\t\t<\/div>\n\t\t\t\t<\/div>\n\t\t\t\t<div class=\"elementor-element elementor-element-32725b7 elementor-widget__width-initial elementor-widget-mobile__width-initial elementor-invisible elementor-widget elementor-widget-heading\" data-id=\"32725b7\" data-element_type=\"widget\" data-settings=\"{&quot;_animation&quot;:&quot;fadeIn&quot;,&quot;_animation_delay&quot;:400}\" data-widget_type=\"heading.default\">\n\t\t\t\t<div class=\"elementor-widget-container\">\n\t\t\t\t\t<h2 class=\"elementor-heading-title elementor-size-default\">M.J. Plebon<\/h2>\t\t\t\t<\/div>\n\t\t\t\t<\/div>\n\t\t\t\t<div class=\"elementor-element elementor-element-ae45552 elementor-widget__width-initial elementor-widget-mobile__width-initial elementor-invisible elementor-widget elementor-widget-heading\" data-id=\"ae45552\" data-element_type=\"widget\" data-settings=\"{&quot;_animation&quot;:&quot;fadeIn&quot;,&quot;_animation_delay&quot;:400}\" data-widget_type=\"heading.default\">\n\t\t\t\t<div class=\"elementor-widget-container\">\n\t\t\t\t\t<h2 class=\"elementor-heading-title elementor-size-default\">il<\/h2>\t\t\t\t<\/div>\n\t\t\t\t<\/div>\n\t\t\t\t<div class=\"elementor-element elementor-element-b76f68d elementor-widget-divider--view-line elementor-invisible elementor-widget elementor-widget-divider\" data-id=\"b76f68d\" data-element_type=\"widget\" data-settings=\"{&quot;_animation&quot;:&quot;fadeIn&quot;,&quot;_animation_delay&quot;:600}\" data-widget_type=\"divider.default\">\n\t\t\t\t<div class=\"elementor-widget-container\">\n\t\t\t\t\t\t\t<div class=\"elementor-divider\">\n\t\t\t<span class=\"elementor-divider-separator\">\n\t\t\t\t\t\t<\/span>\n\t\t<\/div>\n\t\t\t\t\t\t<\/div>\n\t\t\t\t<\/div>\n\t\t\t\t<div class=\"elementor-element elementor-element-69ae324 elementor-invisible elementor-widget elementor-widget-text-editor\" data-id=\"69ae324\" data-element_type=\"widget\" data-settings=\"{&quot;_animation&quot;:&quot;fadeIn&quot;,&quot;_animation_delay&quot;:800}\" data-widget_type=\"text-editor.default\">\n\t\t\t\t<div class=\"elementor-widget-container\">\n\t\t\t\t\t\t\t\t\t<p>R\u00e9f\u00e9rencement naturel (SEO)<br \/>mj@phil.ca<\/p>\t\t\t\t\t\t\t\t<\/div>\n\t\t\t\t<\/div>\n\t\t\t\t<div class=\"elementor-element elementor-element-a961e06 elementor-align-center elementor-mobile-align-justify elementor-widget-mobile__width-inherit elementor-invisible elementor-widget elementor-widget-button\" data-id=\"a961e06\" data-element_type=\"widget\" data-settings=\"{&quot;_animation&quot;:&quot;fadeIn&quot;,&quot;_animation_delay&quot;:1000}\" data-widget_type=\"button.default\">\n\t\t\t\t<div class=\"elementor-widget-container\">\n\t\t\t\t\t\t\t\t\t<div class=\"elementor-button-wrapper\">\n\t\t\t\t\t<a class=\"elementor-button elementor-button-link elementor-size-sm\" href=\"https:\/\/phil.ca\/fr\/equipe\/\">\n\t\t\t\t\t\t<span class=\"elementor-button-content-wrapper\">\n\t\t\t\t\t\t<span class=\"elementor-button-icon\">\n\t\t\t\t<svg aria-hidden=\"true\" class=\"e-font-icon-svg e-fas-arrow-alt-circle-right\" viewBox=\"0 0 512 512\" xmlns=\"http:\/\/www.w3.org\/2000\/svg\"><path d=\"M256 8c137 0 248 111 248 248S393 504 256 504 8 393 8 256 119 8 256 8zM140 300h116v70.9c0 10.7 13 16.1 20.5 8.5l114.3-114.9c4.7-4.7 4.7-12.2 0-16.9l-114.3-115c-7.6-7.6-20.5-2.2-20.5 8.5V212H140c-6.6 0-12 5.4-12 12v64c0 6.6 5.4 12 12 12z\"><\/path><\/svg>\t\t\t<\/span>\n\t\t\t\t\t\t\t\t\t<span class=\"elementor-button-text\">Rencontrer l'\u00e9quipe<\/span>\n\t\t\t\t\t<\/span>\n\t\t\t\t\t<\/a>\n\t\t\t\t<\/div>\n\t\t\t\t\t\t\t\t<\/div>\n\t\t\t\t<\/div>\n\t\t\t\t<\/div>\n\t\t<div class=\"elementor-element elementor-element-5d02493 e-con-full e-flex wpr-particle-no wpr-jarallax-no wpr-parallax-no wpr-sticky-section-no e-con e-child\" data-id=\"5d02493\" data-element_type=\"container\">\n\t\t\t\t<div class=\"elementor-element elementor-element-3805f10 elementor-invisible elementor-widget elementor-widget-heading\" data-id=\"3805f10\" data-element_type=\"widget\" data-settings=\"{&quot;_animation&quot;:&quot;fadeIn&quot;,&quot;_animation_delay&quot;:200}\" data-widget_type=\"heading.default\">\n\t\t\t\t<div class=\"elementor-widget-container\">\n\t\t\t\t\t<h2 class=\"elementor-heading-title elementor-size-default\">M.J. \u00e9labore une strat\u00e9gie convaincante qui emploie les derni\u00e8res tactiques de marketing num\u00e9rique pour parler aux publics les plus importants de votre organisation.<\/h2>\t\t\t\t<\/div>\n\t\t\t\t<\/div>\n\t\t\t\t<div class=\"elementor-element elementor-element-3161e60 elementor-invisible elementor-widget elementor-widget-text-editor\" data-id=\"3161e60\" data-element_type=\"widget\" data-settings=\"{&quot;_animation&quot;:&quot;fadeIn&quot;,&quot;_animation_delay&quot;:400}\" data-widget_type=\"text-editor.default\">\n\t\t\t\t<div class=\"elementor-widget-container\">\n\t\t\t\t\t\t\t\t\t<p><span style=\"font-weight: 400;\">M. J. est un conf\u00e9rencier d\u2019exp\u00e9rience et un expert en strat\u00e9gie de m\u00e9dias sociaux et d\u2019optimisation des moteurs de recherche (SEO). Avec plus de 45 ans de m\u00e9tier \u00e0 donner des pr\u00e9sentations sur la technologie, il ma\u00eetrise l\u2019art d\u00e9licat de capter l\u2019attention du public. Il est un acteur formidable dans le jeu de la visibilit\u00e9 en ligne, s\u2019effor\u00e7ant toujours de r\u00e9pondre aux exigences d\u2019un paysage technologique et social qui \u00e9volue rapidement.<\/span><\/p><p><span style=\"font-weight: 400;\">Au d\u00e9but de sa carri\u00e8re, M. J. a explor\u00e9 le secteur priv\u00e9 dans les domaines des ventes, du marketing et de la gestion. Lorsque la vie l\u2019a contraint \u00e0 cr\u00e9er sa propre agence de marketing en 2008, il a d\u00e9couvert un profond plaisir \u00e0 aider les gens \u00e0 r\u00e9aliser leurs r\u00eaves organisationnels. \u00c0 titre d\u2019instructeur aux universit\u00e9s Concordia et York, M. J. offre aux \u00e9tudiants des cours enrichissants sur les m\u00e9dias sociaux, le r\u00e9f\u00e9rencement, la prise de parole efficace et le marketing en ligne. La possibilit\u00e9 d\u2019augmenter le trafic vers un site web gr\u00e2ce au codage et \u00e0 la strat\u00e9gie \u00ab en coulisses \u00bb n\u2019est pas prise \u00e0 la l\u00e9g\u00e8re : M. J. consacre beaucoup de temps \u00e0 soutenir des OBNL comme Adoption animale Rosie et la Soci\u00e9t\u00e9 canadienne de la SP pour leur donner une plus grande visibilit\u00e9 sur le web et les r\u00e9seaux sociaux.<\/span><\/p>\t\t\t\t\t\t\t\t<\/div>\n\t\t\t\t<\/div>\n\t\t\t\t<\/div>\n\t\t<div class=\"elementor-element elementor-element-cc0a3e6 e-con-full e-flex wpr-particle-no wpr-jarallax-no wpr-parallax-no wpr-sticky-section-no e-con e-child\" data-id=\"cc0a3e6\" data-element_type=\"container\">\n\t\t\t\t<div class=\"elementor-element elementor-element-d50d371 elementor-widget__width-initial elementor-widget-mobile__width-initial elementor-invisible elementor-widget elementor-widget-heading\" data-id=\"d50d371\" data-element_type=\"widget\" data-settings=\"{&quot;_animation&quot;:&quot;fadeIn&quot;,&quot;_animation_delay&quot;:200}\" data-widget_type=\"heading.default\">\n\t\t\t\t<div class=\"elementor-widget-container\">\n\t\t\t\t\t<h2 class=\"elementor-heading-title elementor-size-default\">Un coup d\u2019\u0153il dans la vie de MJ<\/h2>\t\t\t\t<\/div>\n\t\t\t\t<\/div>\n\t\t\t\t<div class=\"elementor-element elementor-element-48d89ee elementor-widget-divider--view-line elementor-invisible elementor-widget elementor-widget-divider\" data-id=\"48d89ee\" data-element_type=\"widget\" data-settings=\"{&quot;_animation&quot;:&quot;fadeIn&quot;,&quot;_animation_delay&quot;:400}\" data-widget_type=\"divider.default\">\n\t\t\t\t<div class=\"elementor-widget-container\">\n\t\t\t\t\t\t\t<div class=\"elementor-divider\">\n\t\t\t<span class=\"elementor-divider-separator\">\n\t\t\t\t\t\t<\/span>\n\t\t<\/div>\n\t\t\t\t\t\t<\/div>\n\t\t\t\t<\/div>\n\t\t\t\t<div class=\"elementor-element elementor-element-ddc13e4 elementor-invisible elementor-widget elementor-widget-text-editor\" data-id=\"ddc13e4\" data-element_type=\"widget\" data-settings=\"{&quot;_animation&quot;:&quot;fadeIn&quot;,&quot;_animation_delay&quot;:800}\" data-widget_type=\"text-editor.default\">\n\t\t\t\t<div class=\"elementor-widget-container\">\n\t\t\t\t\t\t\t\t\t<p>Quand il n\u2019est pas dans sa zone de marketing, M.J. aime passer du temps avec sa famille et son chien Cooper.<\/p>\t\t\t\t\t\t\t\t<\/div>\n\t\t\t\t<\/div>\n\t\t\t\t<div class=\"elementor-element elementor-element-9825afd elementor-invisible elementor-widget elementor-widget-image\" data-id=\"9825afd\" data-element_type=\"widget\" data-settings=\"{&quot;_animation&quot;:&quot;fadeIn&quot;,&quot;_animation_delay&quot;:1000}\" data-widget_type=\"image.default\">\n\t\t\t\t<div class=\"elementor-widget-container\">\n\t\t\t\t\t\t\t\t\t\t\t\t\t\t\t<img decoding=\"async\" width=\"320\" height=\"190\" src=\"https:\/\/phil.ca\/wp-content\/uploads\/MJ-personal-images-1.jpg\" class=\"attachment-full size-full wp-image-58010\" alt=\"\" srcset=\"https:\/\/phil.ca\/wp-content\/uploads\/MJ-personal-images-1.jpg 320w, https:\/\/phil.ca\/wp-content\/uploads\/MJ-personal-images-1-300x178.jpg 300w\" sizes=\"(max-width: 320px) 100vw, 320px\" \/>\t\t\t\t\t\t\t\t\t\t\t\t\t\t\t<\/div>\n\t\t\t\t<\/div>\n\t\t\t\t<div class=\"elementor-element elementor-element-36b4a65 elementor-invisible elementor-widget elementor-widget-image\" data-id=\"36b4a65\" data-element_type=\"widget\" data-settings=\"{&quot;_animation&quot;:&quot;fadeIn&quot;,&quot;_animation_delay&quot;:1100}\" data-widget_type=\"image.default\">\n\t\t\t\t<div class=\"elementor-widget-container\">\n\t\t\t\t\t\t\t\t\t\t\t\t\t\t\t<img decoding=\"async\" width=\"320\" height=\"190\" src=\"https:\/\/phil.ca\/wp-content\/uploads\/MJ-personal-images-2.jpg\" class=\"attachment-full size-full wp-image-58014\" alt=\"\" srcset=\"https:\/\/phil.ca\/wp-content\/uploads\/MJ-personal-images-2.jpg 320w, https:\/\/phil.ca\/wp-content\/uploads\/MJ-personal-images-2-300x178.jpg 300w\" sizes=\"(max-width: 320px) 100vw, 320px\" \/>\t\t\t\t\t\t\t\t\t\t\t\t\t\t\t<\/div>\n\t\t\t\t<\/div>\n\t\t\t\t<div class=\"elementor-element elementor-element-2d751f9 elementor-invisible elementor-widget elementor-widget-image\" data-id=\"2d751f9\" data-element_type=\"widget\" data-settings=\"{&quot;_animation&quot;:&quot;fadeIn&quot;,&quot;_animation_delay&quot;:1200}\" data-widget_type=\"image.default\">\n\t\t\t\t<div class=\"elementor-widget-container\">\n\t\t\t\t\t\t\t\t\t\t\t\t\t\t\t<img loading=\"lazy\" loading=\"lazy\" decoding=\"async\" width=\"320\" height=\"190\" src=\"https:\/\/phil.ca\/wp-content\/uploads\/MJ-personal-images-3.jpg\" class=\"attachment-full size-full wp-image-58007\" alt=\"\" srcset=\"https:\/\/phil.ca\/wp-content\/uploads\/MJ-personal-images-3.jpg 320w, https:\/\/phil.ca\/wp-content\/uploads\/MJ-personal-images-3-300x178.jpg 300w\" sizes=\"(max-width: 320px) 100vw, 320px\" \/>\t\t\t\t\t\t\t\t\t\t\t\t\t\t\t<\/div>\n\t\t\t\t<\/div>\n\t\t\t\t<\/div>\n\t\t\t\t\t<\/div>\n\t\t\t\t<\/div>\n\t\t\t\t<\/div>\n\t\t","protected":false},"excerpt":{"rendered":"<p>M.J. Plebon il R\u00e9f\u00e9rencement naturel (SEO)mj@phil.ca Rencontrer l&rsquo;\u00e9quipe M.J. \u00e9labore une strat\u00e9gie convaincante qui emploie les derni\u00e8res tactiques de marketing num\u00e9rique pour parler aux publics les plus importants de votre organisation. M. J. est un conf\u00e9rencier d\u2019exp\u00e9rience et un expert en strat\u00e9gie de m\u00e9dias sociaux et d\u2019optimisation des moteurs de recherche (SEO). Avec plus de 45 ans de m\u00e9tier \u00e0 donner des pr\u00e9sentations sur la technologie, il ma\u00eetrise l\u2019art d\u00e9licat de capter l\u2019attention du public. Il est un acteur formidable dans le jeu de la visibilit\u00e9 en ligne, s\u2019effor\u00e7ant toujours de r\u00e9pondre aux exigences d\u2019un paysage technologique et social qui \u00e9volue rapidement. Au d\u00e9but de sa carri\u00e8re, M. J. a explor\u00e9 le secteur priv\u00e9 dans les domaines des ventes, du marketing et de la gestion. Lorsque la vie l\u2019a contraint \u00e0 cr\u00e9er sa propre agence de marketing en 2008, il a d\u00e9couvert un profond plaisir \u00e0 aider les gens \u00e0 r\u00e9aliser leurs r\u00eaves organisationnels. \u00c0 titre d\u2019instructeur aux universit\u00e9s Concordia et York, M. J. offre aux \u00e9tudiants des cours enrichissants sur les m\u00e9dias sociaux, le r\u00e9f\u00e9rencement, la prise de parole efficace et le marketing en ligne. La possibilit\u00e9 d\u2019augmenter le trafic vers un site web gr\u00e2ce au codage et \u00e0 la strat\u00e9gie \u00ab en coulisses \u00bb n\u2019est pas prise \u00e0 la l\u00e9g\u00e8re : M. J. consacre beaucoup de temps \u00e0 soutenir des OBNL comme Adoption animale Rosie et la Soci\u00e9t\u00e9 canadienne de la SP pour leur donner une plus grande visibilit\u00e9 sur le web et les r\u00e9seaux sociaux. Un coup d\u2019\u0153il dans la vie de MJ Quand il n\u2019est pas dans sa zone de marketing, M.J. aime passer du temps avec sa famille et son chien Cooper.<\/p>\n","protected":false},"author":22,"featured_media":0,"parent":0,"menu_order":0,"comment_status":"closed","ping_status":"closed","template":"elementor_header_footer","meta":{"_et_pb_use_builder":"","_et_pb_old_content":"","_et_gb_content_width":"","inline_featured_image":false,"footnotes":""},"class_list":["post-61710","page","type-page","status-publish","hentry"],"aioseo_notices":[],"_links":{"self":[{"href":"https:\/\/phil.ca\/fr\/wp-json\/wp\/v2\/pages\/61710","targetHints":{"allow":["GET"]}}],"collection":[{"href":"https:\/\/phil.ca\/fr\/wp-json\/wp\/v2\/pages"}],"about":[{"href":"https:\/\/phil.ca\/fr\/wp-json\/wp\/v2\/types\/page"}],"author":[{"embeddable":true,"href":"https:\/\/phil.ca\/fr\/wp-json\/wp\/v2\/users\/22"}],"replies":[{"embeddable":true,"href":"https:\/\/phil.ca\/fr\/wp-json\/wp\/v2\/comments?post=61710"}],"version-history":[{"count":9,"href":"https:\/\/phil.ca\/fr\/wp-json\/wp\/v2\/pages\/61710\/revisions"}],"predecessor-version":[{"id":62699,"href":"https:\/\/phil.ca\/fr\/wp-json\/wp\/v2\/pages\/61710\/revisions\/62699"}],"wp:attachment":[{"href":"https:\/\/phil.ca\/fr\/wp-json\/wp\/v2\/media?parent=61710"}],"curies":[{"name":"wp","href":"https:\/\/api.w.org\/{rel}","templated":true}]}}