{"id":61711,"date":"2024-10-08T19:04:49","date_gmt":"2024-10-08T19:04:49","guid":{"rendered":"https:\/\/phil.ca\/team-melody-laye\/"},"modified":"2025-08-18T16:42:51","modified_gmt":"2025-08-18T16:42:51","slug":"team-melody-laye","status":"publish","type":"page","link":"https:\/\/phil.ca\/fr\/team-melody-laye\/","title":{"rendered":"M\u00e9lody Laye"},"content":{"rendered":"\t\t<div data-elementor-type=\"wp-page\" data-elementor-id=\"61711\" class=\"elementor elementor-61711 elementor-61656\" data-elementor-post-type=\"page\">\n\t\t\t\t<div class=\"elementor-element elementor-element-15e1038 e-flex e-con-boxed wpr-particle-no wpr-jarallax-no wpr-parallax-no wpr-sticky-section-no e-con e-parent\" data-id=\"15e1038\" data-element_type=\"container\" data-settings=\"{&quot;background_background&quot;:&quot;classic&quot;}\">\n\t\t\t\t\t<div class=\"e-con-inner\">\n\t\t<div class=\"elementor-element elementor-element-6cd9d37 e-con-full e-flex wpr-particle-no wpr-jarallax-no wpr-parallax-no wpr-sticky-section-no e-con e-child\" data-id=\"6cd9d37\" data-element_type=\"container\">\n\t\t\t\t<div class=\"elementor-element elementor-element-8f6bb6c elementor-invisible elementor-widget elementor-widget-image\" data-id=\"8f6bb6c\" data-element_type=\"widget\" data-settings=\"{&quot;_animation&quot;:&quot;fadeIn&quot;,&quot;_animation_delay&quot;:200}\" data-widget_type=\"image.default\">\n\t\t\t\t<div class=\"elementor-widget-container\">\n\t\t\t\t\t\t\t\t\t\t\t\t\t\t\t<img fetchpriority=\"high\" fetchpriority=\"high\" decoding=\"async\" width=\"600\" height=\"600\" src=\"https:\/\/phil.ca\/wp-content\/uploads\/melody-team-photo.jpg\" class=\"attachment-full size-full wp-image-62005\" alt=\"\" srcset=\"https:\/\/phil.ca\/wp-content\/uploads\/melody-team-photo.jpg 600w, https:\/\/phil.ca\/wp-content\/uploads\/melody-team-photo-480x480.jpg 480w\" sizes=\"(min-width: 0px) and (max-width: 480px) 480px, (min-width: 481px) 600px, 100vw\" \/>\t\t\t\t\t\t\t\t\t\t\t\t\t\t\t<\/div>\n\t\t\t\t<\/div>\n\t\t\t\t<div class=\"elementor-element elementor-element-32725b7 elementor-widget__width-initial elementor-widget-mobile__width-initial elementor-invisible elementor-widget elementor-widget-heading\" data-id=\"32725b7\" data-element_type=\"widget\" data-settings=\"{&quot;_animation&quot;:&quot;fadeIn&quot;,&quot;_animation_delay&quot;:400}\" data-widget_type=\"heading.default\">\n\t\t\t\t<div class=\"elementor-widget-container\">\n\t\t\t\t\t<h2 class=\"elementor-heading-title elementor-size-default\">M\u00e9lody Laye<\/h2>\t\t\t\t<\/div>\n\t\t\t\t<\/div>\n\t\t\t\t<div class=\"elementor-element elementor-element-ae45552 elementor-widget__width-initial elementor-widget-mobile__width-initial elementor-invisible elementor-widget elementor-widget-heading\" data-id=\"ae45552\" data-element_type=\"widget\" data-settings=\"{&quot;_animation&quot;:&quot;fadeIn&quot;,&quot;_animation_delay&quot;:400}\" data-widget_type=\"heading.default\">\n\t\t\t\t<div class=\"elementor-widget-container\">\n\t\t\t\t\t<h2 class=\"elementor-heading-title elementor-size-default\">elle<\/h2>\t\t\t\t<\/div>\n\t\t\t\t<\/div>\n\t\t\t\t<div class=\"elementor-element elementor-element-b76f68d elementor-widget-divider--view-line elementor-invisible elementor-widget elementor-widget-divider\" data-id=\"b76f68d\" data-element_type=\"widget\" data-settings=\"{&quot;_animation&quot;:&quot;fadeIn&quot;,&quot;_animation_delay&quot;:600}\" data-widget_type=\"divider.default\">\n\t\t\t\t<div class=\"elementor-widget-container\">\n\t\t\t\t\t\t\t<div class=\"elementor-divider\">\n\t\t\t<span class=\"elementor-divider-separator\">\n\t\t\t\t\t\t<\/span>\n\t\t<\/div>\n\t\t\t\t\t\t<\/div>\n\t\t\t\t<\/div>\n\t\t\t\t<div class=\"elementor-element elementor-element-69ae324 elementor-invisible elementor-widget elementor-widget-text-editor\" data-id=\"69ae324\" data-element_type=\"widget\" data-settings=\"{&quot;_animation&quot;:&quot;fadeIn&quot;,&quot;_animation_delay&quot;:800}\" data-widget_type=\"text-editor.default\">\n\t\t\t\t<div class=\"elementor-widget-container\">\n\t\t\t\t\t\t\t\t\t<p>Communications et d\u00e9veloppement<br \/>melody@phil.ca<\/p>\t\t\t\t\t\t\t\t<\/div>\n\t\t\t\t<\/div>\n\t\t\t\t<div class=\"elementor-element elementor-element-a961e06 elementor-align-center elementor-mobile-align-justify elementor-widget-mobile__width-inherit elementor-invisible elementor-widget elementor-widget-button\" data-id=\"a961e06\" data-element_type=\"widget\" data-settings=\"{&quot;_animation&quot;:&quot;fadeIn&quot;,&quot;_animation_delay&quot;:1000}\" data-widget_type=\"button.default\">\n\t\t\t\t<div class=\"elementor-widget-container\">\n\t\t\t\t\t\t\t\t\t<div class=\"elementor-button-wrapper\">\n\t\t\t\t\t<a class=\"elementor-button elementor-button-link elementor-size-sm\" href=\"https:\/\/phil.ca\/fr\/equipe\/\">\n\t\t\t\t\t\t<span class=\"elementor-button-content-wrapper\">\n\t\t\t\t\t\t<span class=\"elementor-button-icon\">\n\t\t\t\t<svg aria-hidden=\"true\" class=\"e-font-icon-svg e-fas-arrow-alt-circle-right\" viewBox=\"0 0 512 512\" xmlns=\"http:\/\/www.w3.org\/2000\/svg\"><path d=\"M256 8c137 0 248 111 248 248S393 504 256 504 8 393 8 256 119 8 256 8zM140 300h116v70.9c0 10.7 13 16.1 20.5 8.5l114.3-114.9c4.7-4.7 4.7-12.2 0-16.9l-114.3-115c-7.6-7.6-20.5-2.2-20.5 8.5V212H140c-6.6 0-12 5.4-12 12v64c0 6.6 5.4 12 12 12z\"><\/path><\/svg>\t\t\t<\/span>\n\t\t\t\t\t\t\t\t\t<span class=\"elementor-button-text\">Rencontrer l'\u00e9quipe<\/span>\n\t\t\t\t\t<\/span>\n\t\t\t\t\t<\/a>\n\t\t\t\t<\/div>\n\t\t\t\t\t\t\t\t<\/div>\n\t\t\t\t<\/div>\n\t\t\t\t<\/div>\n\t\t<div class=\"elementor-element elementor-element-5d02493 e-con-full e-flex wpr-particle-no wpr-jarallax-no wpr-parallax-no wpr-sticky-section-no e-con e-child\" data-id=\"5d02493\" data-element_type=\"container\">\n\t\t\t\t<div class=\"elementor-element elementor-element-3805f10 elementor-invisible elementor-widget elementor-widget-heading\" data-id=\"3805f10\" data-element_type=\"widget\" data-settings=\"{&quot;_animation&quot;:&quot;fadeIn&quot;,&quot;_animation_delay&quot;:200}\" data-widget_type=\"heading.default\">\n\t\t\t\t<div class=\"elementor-widget-container\">\n\t\t\t\t\t<h2 class=\"elementor-heading-title elementor-size-default\">M\u00e9lody est une experte en strat\u00e9gie, recherche de financement et r\u00e9daction pour des projets \u00e0 impact social.<\/h2>\t\t\t\t<\/div>\n\t\t\t\t<\/div>\n\t\t\t\t<div class=\"elementor-element elementor-element-3161e60 elementor-invisible elementor-widget elementor-widget-text-editor\" data-id=\"3161e60\" data-element_type=\"widget\" data-settings=\"{&quot;_animation&quot;:&quot;fadeIn&quot;,&quot;_animation_delay&quot;:400}\" data-widget_type=\"text-editor.default\">\n\t\t\t\t<div class=\"elementor-widget-container\">\n\t\t\t\t\t\t\t\t\t<p><span style=\"font-weight: 400;\">Habile dans l&rsquo;\u00e9laboration de strat\u00e9gies de communication sur l&rsquo;ensemble des outils de communication, comme celles qu&rsquo;elle a r\u00e9alis\u00e9es pour Culture Laval ou les Centres de p\u00e9diatrie Centre-Sud et Argenteuil, M\u00e9lody a \u00e9galement des comp\u00e9tences en analyse et en r\u00e9daction qui lui sont tr\u00e8s utiles quand il s&rsquo;agit de d\u00e9velopper des campagnes cr\u00e9atives et engageantes pour vos audiences.<\/span><\/p><p><span style=\"font-weight: 400;\">Elle adore pr\u00eater main forte aux organisations en aidant leurs projets \u00e0 se r\u00e9aliser gr\u00e2ce \u00e0 la recherche de financement. Elle peut \u00e0 la fois vous aider \u00e0 d\u00e9velopper une strat\u00e9gie de financement et vous soutenir dans votre processus de demande de financement. Versatile, elle conna\u00eet les diff\u00e9rents acteurs du financement public, les commandites et ne manque pas d&rsquo;id\u00e9es pour que vos collectes de fonds aient le plus de succ\u00e8s possible. Elle a \u00e0 coeur de r\u00e9fl\u00e9chir \u00e0 comment assurer une bonne p\u00e9rennit\u00e9 de vos financements sur le long-terme.<\/span><\/p><p><span style=\"font-weight: 400;\">De nature exploratrice, elle a v\u00e9cu plusieurs mois dans des pays comme les Etats-Unis, l&rsquo;Espagne, la Gr\u00e8ce, le Portugal, le Mexique et la Colombie.<\/span><\/p>\t\t\t\t\t\t\t\t<\/div>\n\t\t\t\t<\/div>\n\t\t\t\t<\/div>\n\t\t<div class=\"elementor-element elementor-element-cc0a3e6 e-con-full e-flex wpr-particle-no wpr-jarallax-no wpr-parallax-no wpr-sticky-section-no e-con e-child\" data-id=\"cc0a3e6\" data-element_type=\"container\">\n\t\t\t\t<\/div>\n\t\t\t\t\t<\/div>\n\t\t\t\t<\/div>\n\t\t\t\t<\/div>\n\t\t","protected":false},"excerpt":{"rendered":"<p>M\u00e9lody Laye elle Communications et d\u00e9veloppementmelody@phil.ca Rencontrer l&rsquo;\u00e9quipe M\u00e9lody est une experte en strat\u00e9gie, recherche de financement et r\u00e9daction pour des projets \u00e0 impact social. Habile dans l&rsquo;\u00e9laboration de strat\u00e9gies de communication sur l&rsquo;ensemble des outils de communication, comme celles qu&rsquo;elle a r\u00e9alis\u00e9es pour Culture Laval ou les Centres de p\u00e9diatrie Centre-Sud et Argenteuil, M\u00e9lody a \u00e9galement des comp\u00e9tences en analyse et en r\u00e9daction qui lui sont tr\u00e8s utiles quand il s&rsquo;agit de d\u00e9velopper des campagnes cr\u00e9atives et engageantes pour vos audiences. Elle adore pr\u00eater main forte aux organisations en aidant leurs projets \u00e0 se r\u00e9aliser gr\u00e2ce \u00e0 la recherche de financement. Elle peut \u00e0 la fois vous aider \u00e0 d\u00e9velopper une strat\u00e9gie de financement et vous soutenir dans votre processus de demande de financement. Versatile, elle conna\u00eet les diff\u00e9rents acteurs du financement public, les commandites et ne manque pas d&rsquo;id\u00e9es pour que vos collectes de fonds aient le plus de succ\u00e8s possible. Elle a \u00e0 coeur de r\u00e9fl\u00e9chir \u00e0 comment assurer une bonne p\u00e9rennit\u00e9 de vos financements sur le long-terme. De nature exploratrice, elle a v\u00e9cu plusieurs mois dans des pays comme les Etats-Unis, l&rsquo;Espagne, la Gr\u00e8ce, le Portugal, le Mexique et la Colombie.<\/p>\n","protected":false},"author":22,"featured_media":0,"parent":0,"menu_order":0,"comment_status":"closed","ping_status":"closed","template":"elementor_header_footer","meta":{"_et_pb_use_builder":"","_et_pb_old_content":"","_et_gb_content_width":"","inline_featured_image":false,"footnotes":""},"class_list":["post-61711","page","type-page","status-publish","hentry"],"aioseo_notices":[],"_links":{"self":[{"href":"https:\/\/phil.ca\/fr\/wp-json\/wp\/v2\/pages\/61711","targetHints":{"allow":["GET"]}}],"collection":[{"href":"https:\/\/phil.ca\/fr\/wp-json\/wp\/v2\/pages"}],"about":[{"href":"https:\/\/phil.ca\/fr\/wp-json\/wp\/v2\/types\/page"}],"author":[{"embeddable":true,"href":"https:\/\/phil.ca\/fr\/wp-json\/wp\/v2\/users\/22"}],"replies":[{"embeddable":true,"href":"https:\/\/phil.ca\/fr\/wp-json\/wp\/v2\/comments?post=61711"}],"version-history":[{"count":9,"href":"https:\/\/phil.ca\/fr\/wp-json\/wp\/v2\/pages\/61711\/revisions"}],"predecessor-version":[{"id":63420,"href":"https:\/\/phil.ca\/fr\/wp-json\/wp\/v2\/pages\/61711\/revisions\/63420"}],"wp:attachment":[{"href":"https:\/\/phil.ca\/fr\/wp-json\/wp\/v2\/media?parent=61711"}],"curies":[{"name":"wp","href":"https:\/\/api.w.org\/{rel}","templated":true}]}}