{"id":61712,"date":"2024-10-08T19:07:47","date_gmt":"2024-10-08T19:07:47","guid":{"rendered":"https:\/\/phil.ca\/team-sabrina-sassi\/"},"modified":"2024-12-09T00:59:44","modified_gmt":"2024-12-09T00:59:44","slug":"team-sabrina-sassi","status":"publish","type":"page","link":"https:\/\/phil.ca\/fr\/team-sabrina-sassi\/","title":{"rendered":"Sabrina Sassi"},"content":{"rendered":"\t\t<div data-elementor-type=\"wp-page\" data-elementor-id=\"61712\" class=\"elementor elementor-61712 elementor-61662\" data-elementor-post-type=\"page\">\n\t\t\t\t<div class=\"elementor-element elementor-element-15e1038 e-flex e-con-boxed wpr-particle-no wpr-jarallax-no wpr-parallax-no wpr-sticky-section-no e-con e-parent\" data-id=\"15e1038\" data-element_type=\"container\" data-settings=\"{&quot;background_background&quot;:&quot;classic&quot;}\">\n\t\t\t\t\t<div class=\"e-con-inner\">\n\t\t<div class=\"elementor-element elementor-element-6cd9d37 e-con-full e-flex wpr-particle-no wpr-jarallax-no wpr-parallax-no wpr-sticky-section-no e-con e-child\" data-id=\"6cd9d37\" data-element_type=\"container\">\n\t\t\t\t<div class=\"elementor-element elementor-element-8f6bb6c elementor-invisible elementor-widget elementor-widget-image\" data-id=\"8f6bb6c\" data-element_type=\"widget\" data-settings=\"{&quot;_animation&quot;:&quot;fadeIn&quot;,&quot;_animation_delay&quot;:200}\" data-widget_type=\"image.default\">\n\t\t\t\t<div class=\"elementor-widget-container\">\n\t\t\t\t\t\t\t\t\t\t\t\t\t\t\t<img fetchpriority=\"high\" fetchpriority=\"high\" decoding=\"async\" width=\"500\" height=\"500\" src=\"https:\/\/phil.ca\/wp-content\/uploads\/sabrina_team_new.png\" class=\"attachment-full size-full wp-image-62523\" alt=\"\" srcset=\"https:\/\/phil.ca\/wp-content\/uploads\/sabrina_team_new.png 500w, https:\/\/phil.ca\/wp-content\/uploads\/sabrina_team_new-480x480.png 480w\" sizes=\"(min-width: 0px) and (max-width: 480px) 480px, (min-width: 481px) 500px, 100vw\" \/>\t\t\t\t\t\t\t\t\t\t\t\t\t\t\t<\/div>\n\t\t\t\t<\/div>\n\t\t\t\t<div class=\"elementor-element elementor-element-32725b7 elementor-widget__width-initial elementor-widget-mobile__width-initial elementor-invisible elementor-widget elementor-widget-heading\" data-id=\"32725b7\" data-element_type=\"widget\" data-settings=\"{&quot;_animation&quot;:&quot;fadeIn&quot;,&quot;_animation_delay&quot;:400}\" data-widget_type=\"heading.default\">\n\t\t\t\t<div class=\"elementor-widget-container\">\n\t\t\t\t\t<h2 class=\"elementor-heading-title elementor-size-default\">Sabrina Sassi<\/h2>\t\t\t\t<\/div>\n\t\t\t\t<\/div>\n\t\t\t\t<div class=\"elementor-element elementor-element-ae45552 elementor-widget__width-initial elementor-widget-mobile__width-initial elementor-invisible elementor-widget elementor-widget-heading\" data-id=\"ae45552\" data-element_type=\"widget\" data-settings=\"{&quot;_animation&quot;:&quot;fadeIn&quot;,&quot;_animation_delay&quot;:400}\" data-widget_type=\"heading.default\">\n\t\t\t\t<div class=\"elementor-widget-container\">\n\t\t\t\t\t<h2 class=\"elementor-heading-title elementor-size-default\">elle<\/h2>\t\t\t\t<\/div>\n\t\t\t\t<\/div>\n\t\t\t\t<div class=\"elementor-element elementor-element-b76f68d elementor-widget-divider--view-line elementor-invisible elementor-widget elementor-widget-divider\" data-id=\"b76f68d\" data-element_type=\"widget\" data-settings=\"{&quot;_animation&quot;:&quot;fadeIn&quot;,&quot;_animation_delay&quot;:600}\" data-widget_type=\"divider.default\">\n\t\t\t\t<div class=\"elementor-widget-container\">\n\t\t\t\t\t\t\t<div class=\"elementor-divider\">\n\t\t\t<span class=\"elementor-divider-separator\">\n\t\t\t\t\t\t<\/span>\n\t\t<\/div>\n\t\t\t\t\t\t<\/div>\n\t\t\t\t<\/div>\n\t\t\t\t<div class=\"elementor-element elementor-element-69ae324 elementor-invisible elementor-widget elementor-widget-text-editor\" data-id=\"69ae324\" data-element_type=\"widget\" data-settings=\"{&quot;_animation&quot;:&quot;fadeIn&quot;,&quot;_animation_delay&quot;:800}\" data-widget_type=\"text-editor.default\">\n\t\t\t\t<div class=\"elementor-widget-container\">\n\t\t\t\t\t\t\t\t\t<p><span style=\"font-weight: 400;\">Strat\u00e9gie et communication<\/span><br \/>sabrina@phil.ca<\/p>\t\t\t\t\t\t\t\t<\/div>\n\t\t\t\t<\/div>\n\t\t\t\t<div class=\"elementor-element elementor-element-a961e06 elementor-align-center elementor-mobile-align-justify elementor-widget-mobile__width-inherit elementor-invisible elementor-widget elementor-widget-button\" data-id=\"a961e06\" data-element_type=\"widget\" data-settings=\"{&quot;_animation&quot;:&quot;fadeIn&quot;,&quot;_animation_delay&quot;:1000}\" data-widget_type=\"button.default\">\n\t\t\t\t<div class=\"elementor-widget-container\">\n\t\t\t\t\t\t\t\t\t<div class=\"elementor-button-wrapper\">\n\t\t\t\t\t<a class=\"elementor-button elementor-button-link elementor-size-sm\" href=\"https:\/\/phil.ca\/fr\/equipe\/\">\n\t\t\t\t\t\t<span class=\"elementor-button-content-wrapper\">\n\t\t\t\t\t\t<span class=\"elementor-button-icon\">\n\t\t\t\t<svg aria-hidden=\"true\" class=\"e-font-icon-svg e-fas-arrow-alt-circle-right\" viewBox=\"0 0 512 512\" xmlns=\"http:\/\/www.w3.org\/2000\/svg\"><path d=\"M256 8c137 0 248 111 248 248S393 504 256 504 8 393 8 256 119 8 256 8zM140 300h116v70.9c0 10.7 13 16.1 20.5 8.5l114.3-114.9c4.7-4.7 4.7-12.2 0-16.9l-114.3-115c-7.6-7.6-20.5-2.2-20.5 8.5V212H140c-6.6 0-12 5.4-12 12v64c0 6.6 5.4 12 12 12z\"><\/path><\/svg>\t\t\t<\/span>\n\t\t\t\t\t\t\t\t\t<span class=\"elementor-button-text\">Rencontrer l'\u00e9quipe<\/span>\n\t\t\t\t\t<\/span>\n\t\t\t\t\t<\/a>\n\t\t\t\t<\/div>\n\t\t\t\t\t\t\t\t<\/div>\n\t\t\t\t<\/div>\n\t\t\t\t<\/div>\n\t\t<div class=\"elementor-element elementor-element-5d02493 e-con-full e-flex wpr-particle-no wpr-jarallax-no wpr-parallax-no wpr-sticky-section-no e-con e-child\" data-id=\"5d02493\" data-element_type=\"container\">\n\t\t\t\t<div class=\"elementor-element elementor-element-3805f10 elementor-invisible elementor-widget elementor-widget-heading\" data-id=\"3805f10\" data-element_type=\"widget\" data-settings=\"{&quot;_animation&quot;:&quot;fadeIn&quot;,&quot;_animation_delay&quot;:200}\" data-widget_type=\"heading.default\">\n\t\t\t\t<div class=\"elementor-widget-container\">\n\t\t\t\t\t<h2 class=\"elementor-heading-title elementor-size-default\">Avec une volont\u00e9 d\u2019instaurer des soci\u00e9t\u00e9s socialement et culturellement inclusives, Sabrina place toujours les gens et l\u2019\u00e9thique au c\u0153ur de ses actions.<\/h2>\t\t\t\t<\/div>\n\t\t\t\t<\/div>\n\t\t\t\t<div class=\"elementor-element elementor-element-3161e60 elementor-invisible elementor-widget elementor-widget-text-editor\" data-id=\"3161e60\" data-element_type=\"widget\" data-settings=\"{&quot;_animation&quot;:&quot;fadeIn&quot;,&quot;_animation_delay&quot;:400}\" data-widget_type=\"text-editor.default\">\n\t\t\t\t<div class=\"elementor-widget-container\">\n\t\t\t\t\t\t\t\t\t<p><span style=\"font-weight: 400;\">Elle comprend les tenants et les aboutissants du secteur social, ainsi que les nombreux d\u00e9fis strat\u00e9giques et de communication auxquels sont confront\u00e9s les OBNL \u00e0 l\u2019\u00e9chelle globale. Qu&rsquo;il s&rsquo;agisse de soutenir et de former la Soci\u00e9t\u00e9 canadienne des neurophysiologistes cliniques (CSCN), ou d\u2019\u00eatre b\u00e9n\u00e9vole en tant que consultante en communication et strat\u00e9gie pour le R\u00e9seau des jeunes de la diaspora africaine en Europe (ADYNE), elle tire part de son esprit innovant.<\/span><\/p><p><span style=\"font-weight: 400;\">Apr\u00e8s avoir compl\u00e9t\u00e9 sa ma\u00eetrise en marketing et communication (double dipl\u00f4me) et le programme de certificat ex\u00e9cutif en r\u00e9conciliation, pr\u00e9vention des conflits et promotion de soci\u00e9t\u00e9s plus inclusives, Sabrina est devenue doctorante en communication publique, avec une sp\u00e9cialisation en justice sociale et une formation IA au service des citoyens (OBVIA). \u00c9tant un fellow de la Fondation Jeanne Sauv\u00e9, elle a eu l\u2019occasion de co-organiser de nombreuses initiatives de communication sur l\u2019inclusion des r\u00e9fugi\u00e9s internationaux.\u00a0<\/span><\/p><p><span style=\"font-weight: 400;\">Sabrina est \u00e9galement une passionn\u00e9e de langues et parle couramment l\u2019anglais, le fran\u00e7ais, l\u2019arabe et l\u2019espagnol.\u00a0<\/span><\/p>\t\t\t\t\t\t\t\t<\/div>\n\t\t\t\t<\/div>\n\t\t\t\t<\/div>\n\t\t<div class=\"elementor-element elementor-element-cc0a3e6 e-con-full e-flex wpr-particle-no wpr-jarallax-no wpr-parallax-no wpr-sticky-section-no e-con e-child\" data-id=\"cc0a3e6\" data-element_type=\"container\">\n\t\t\t\t<\/div>\n\t\t\t\t\t<\/div>\n\t\t\t\t<\/div>\n\t\t\t\t<\/div>\n\t\t","protected":false},"excerpt":{"rendered":"<p>Sabrina Sassi elle Strat\u00e9gie et communicationsabrina@phil.ca Rencontrer l&rsquo;\u00e9quipe Avec une volont\u00e9 d\u2019instaurer des soci\u00e9t\u00e9s socialement et culturellement inclusives, Sabrina place toujours les gens et l\u2019\u00e9thique au c\u0153ur de ses actions. Elle comprend les tenants et les aboutissants du secteur social, ainsi que les nombreux d\u00e9fis strat\u00e9giques et de communication auxquels sont confront\u00e9s les OBNL \u00e0 l\u2019\u00e9chelle globale. Qu&rsquo;il s&rsquo;agisse de soutenir et de former la Soci\u00e9t\u00e9 canadienne des neurophysiologistes cliniques (CSCN), ou d\u2019\u00eatre b\u00e9n\u00e9vole en tant que consultante en communication et strat\u00e9gie pour le R\u00e9seau des jeunes de la diaspora africaine en Europe (ADYNE), elle tire part de son esprit innovant. Apr\u00e8s avoir compl\u00e9t\u00e9 sa ma\u00eetrise en marketing et communication (double dipl\u00f4me) et le programme de certificat ex\u00e9cutif en r\u00e9conciliation, pr\u00e9vention des conflits et promotion de soci\u00e9t\u00e9s plus inclusives, Sabrina est devenue doctorante en communication publique, avec une sp\u00e9cialisation en justice sociale et une formation IA au service des citoyens (OBVIA). \u00c9tant un fellow de la Fondation Jeanne Sauv\u00e9, elle a eu l\u2019occasion de co-organiser de nombreuses initiatives de communication sur l\u2019inclusion des r\u00e9fugi\u00e9s internationaux.\u00a0 Sabrina est \u00e9galement une passionn\u00e9e de langues et parle couramment l\u2019anglais, le fran\u00e7ais, l\u2019arabe et l\u2019espagnol.\u00a0<\/p>\n","protected":false},"author":22,"featured_media":0,"parent":0,"menu_order":0,"comment_status":"closed","ping_status":"closed","template":"elementor_header_footer","meta":{"_et_pb_use_builder":"","_et_pb_old_content":"","_et_gb_content_width":"","inline_featured_image":false,"footnotes":""},"class_list":["post-61712","page","type-page","status-publish","hentry"],"aioseo_notices":[],"_links":{"self":[{"href":"https:\/\/phil.ca\/fr\/wp-json\/wp\/v2\/pages\/61712","targetHints":{"allow":["GET"]}}],"collection":[{"href":"https:\/\/phil.ca\/fr\/wp-json\/wp\/v2\/pages"}],"about":[{"href":"https:\/\/phil.ca\/fr\/wp-json\/wp\/v2\/types\/page"}],"author":[{"embeddable":true,"href":"https:\/\/phil.ca\/fr\/wp-json\/wp\/v2\/users\/22"}],"replies":[{"embeddable":true,"href":"https:\/\/phil.ca\/fr\/wp-json\/wp\/v2\/comments?post=61712"}],"version-history":[{"count":9,"href":"https:\/\/phil.ca\/fr\/wp-json\/wp\/v2\/pages\/61712\/revisions"}],"predecessor-version":[{"id":62548,"href":"https:\/\/phil.ca\/fr\/wp-json\/wp\/v2\/pages\/61712\/revisions\/62548"}],"wp:attachment":[{"href":"https:\/\/phil.ca\/fr\/wp-json\/wp\/v2\/media?parent=61712"}],"curies":[{"name":"wp","href":"https:\/\/api.w.org\/{rel}","templated":true}]}}