{"id":61713,"date":"2024-10-08T19:09:54","date_gmt":"2024-10-08T19:09:54","guid":{"rendered":"https:\/\/phil.ca\/team-michel-sleiman\/"},"modified":"2024-10-15T01:35:06","modified_gmt":"2024-10-15T01:35:06","slug":"team-michel-sleiman","status":"publish","type":"page","link":"https:\/\/phil.ca\/fr\/team-michel-sleiman\/","title":{"rendered":"Michel Sleiman"},"content":{"rendered":"\t\t<div data-elementor-type=\"wp-page\" data-elementor-id=\"61713\" class=\"elementor elementor-61713 elementor-61669\" data-elementor-post-type=\"page\">\n\t\t\t\t<div class=\"elementor-element elementor-element-15e1038 e-flex e-con-boxed wpr-particle-no wpr-jarallax-no wpr-parallax-no wpr-sticky-section-no e-con e-parent\" data-id=\"15e1038\" data-element_type=\"container\" data-settings=\"{&quot;background_background&quot;:&quot;classic&quot;}\">\n\t\t\t\t\t<div class=\"e-con-inner\">\n\t\t<div class=\"elementor-element elementor-element-6cd9d37 e-con-full e-flex wpr-particle-no wpr-jarallax-no wpr-parallax-no wpr-sticky-section-no e-con e-child\" data-id=\"6cd9d37\" data-element_type=\"container\">\n\t\t\t\t<div class=\"elementor-element elementor-element-8f6bb6c elementor-invisible elementor-widget elementor-widget-image\" data-id=\"8f6bb6c\" data-element_type=\"widget\" data-settings=\"{&quot;_animation&quot;:&quot;fadeIn&quot;,&quot;_animation_delay&quot;:200}\" data-widget_type=\"image.default\">\n\t\t\t\t<div class=\"elementor-widget-container\">\n\t\t\t\t\t\t\t\t\t\t\t\t\t\t\t<img fetchpriority=\"high\" fetchpriority=\"high\" decoding=\"async\" width=\"600\" height=\"600\" src=\"https:\/\/phil.ca\/wp-content\/uploads\/michel-team-photo.jpg\" class=\"attachment-full size-full wp-image-61995\" alt=\"\" srcset=\"https:\/\/phil.ca\/wp-content\/uploads\/michel-team-photo.jpg 600w, https:\/\/phil.ca\/wp-content\/uploads\/michel-team-photo-480x480.jpg 480w\" sizes=\"(min-width: 0px) and (max-width: 480px) 480px, (min-width: 481px) 600px, 100vw\" \/>\t\t\t\t\t\t\t\t\t\t\t\t\t\t\t<\/div>\n\t\t\t\t<\/div>\n\t\t\t\t<div class=\"elementor-element elementor-element-32725b7 elementor-widget__width-initial elementor-widget-mobile__width-initial elementor-invisible elementor-widget elementor-widget-heading\" data-id=\"32725b7\" data-element_type=\"widget\" data-settings=\"{&quot;_animation&quot;:&quot;fadeIn&quot;,&quot;_animation_delay&quot;:400}\" data-widget_type=\"heading.default\">\n\t\t\t\t<div class=\"elementor-widget-container\">\n\t\t\t\t\t<h2 class=\"elementor-heading-title elementor-size-default\">Michel Sleiman<\/h2>\t\t\t\t<\/div>\n\t\t\t\t<\/div>\n\t\t\t\t<div class=\"elementor-element elementor-element-ae45552 elementor-widget__width-initial elementor-widget-mobile__width-initial elementor-invisible elementor-widget elementor-widget-heading\" data-id=\"ae45552\" data-element_type=\"widget\" data-settings=\"{&quot;_animation&quot;:&quot;fadeIn&quot;,&quot;_animation_delay&quot;:400}\" data-widget_type=\"heading.default\">\n\t\t\t\t<div class=\"elementor-widget-container\">\n\t\t\t\t\t<h2 class=\"elementor-heading-title elementor-size-default\">il<\/h2>\t\t\t\t<\/div>\n\t\t\t\t<\/div>\n\t\t\t\t<div class=\"elementor-element elementor-element-b76f68d elementor-widget-divider--view-line elementor-invisible elementor-widget elementor-widget-divider\" data-id=\"b76f68d\" data-element_type=\"widget\" data-settings=\"{&quot;_animation&quot;:&quot;fadeIn&quot;,&quot;_animation_delay&quot;:600}\" data-widget_type=\"divider.default\">\n\t\t\t\t<div class=\"elementor-widget-container\">\n\t\t\t\t\t\t\t<div class=\"elementor-divider\">\n\t\t\t<span class=\"elementor-divider-separator\">\n\t\t\t\t\t\t<\/span>\n\t\t<\/div>\n\t\t\t\t\t\t<\/div>\n\t\t\t\t<\/div>\n\t\t\t\t<div class=\"elementor-element elementor-element-69ae324 elementor-invisible elementor-widget elementor-widget-text-editor\" data-id=\"69ae324\" data-element_type=\"widget\" data-settings=\"{&quot;_animation&quot;:&quot;fadeIn&quot;,&quot;_animation_delay&quot;:800}\" data-widget_type=\"text-editor.default\">\n\t\t\t\t<div class=\"elementor-widget-container\">\n\t\t\t\t\t\t\t\t\t<p><span style=\"font-weight: 400;\">Concepteur et d\u00e9veloppeur web<\/span><br \/>michel@phil.ca<\/p>\t\t\t\t\t\t\t\t<\/div>\n\t\t\t\t<\/div>\n\t\t\t\t<div class=\"elementor-element elementor-element-a961e06 elementor-align-center elementor-mobile-align-justify elementor-widget-mobile__width-inherit elementor-invisible elementor-widget elementor-widget-button\" data-id=\"a961e06\" data-element_type=\"widget\" data-settings=\"{&quot;_animation&quot;:&quot;fadeIn&quot;,&quot;_animation_delay&quot;:1000}\" data-widget_type=\"button.default\">\n\t\t\t\t<div class=\"elementor-widget-container\">\n\t\t\t\t\t\t\t\t\t<div class=\"elementor-button-wrapper\">\n\t\t\t\t\t<a class=\"elementor-button elementor-button-link elementor-size-sm\" href=\"https:\/\/phil.ca\/fr\/equipe\/\">\n\t\t\t\t\t\t<span class=\"elementor-button-content-wrapper\">\n\t\t\t\t\t\t<span class=\"elementor-button-icon\">\n\t\t\t\t<svg aria-hidden=\"true\" class=\"e-font-icon-svg e-fas-arrow-alt-circle-right\" viewBox=\"0 0 512 512\" xmlns=\"http:\/\/www.w3.org\/2000\/svg\"><path d=\"M256 8c137 0 248 111 248 248S393 504 256 504 8 393 8 256 119 8 256 8zM140 300h116v70.9c0 10.7 13 16.1 20.5 8.5l114.3-114.9c4.7-4.7 4.7-12.2 0-16.9l-114.3-115c-7.6-7.6-20.5-2.2-20.5 8.5V212H140c-6.6 0-12 5.4-12 12v64c0 6.6 5.4 12 12 12z\"><\/path><\/svg>\t\t\t<\/span>\n\t\t\t\t\t\t\t\t\t<span class=\"elementor-button-text\">Rencontrer l'\u00e9quipe<\/span>\n\t\t\t\t\t<\/span>\n\t\t\t\t\t<\/a>\n\t\t\t\t<\/div>\n\t\t\t\t\t\t\t\t<\/div>\n\t\t\t\t<\/div>\n\t\t\t\t<\/div>\n\t\t<div class=\"elementor-element elementor-element-5d02493 e-con-full e-flex wpr-particle-no wpr-jarallax-no wpr-parallax-no wpr-sticky-section-no e-con e-child\" data-id=\"5d02493\" data-element_type=\"container\">\n\t\t\t\t<div class=\"elementor-element elementor-element-3805f10 elementor-invisible elementor-widget elementor-widget-heading\" data-id=\"3805f10\" data-element_type=\"widget\" data-settings=\"{&quot;_animation&quot;:&quot;fadeIn&quot;,&quot;_animation_delay&quot;:200}\" data-widget_type=\"heading.default\">\n\t\t\t\t<div class=\"elementor-widget-container\">\n\t\t\t\t\t<h2 class=\"elementor-heading-title elementor-size-default\">Michel est un strat\u00e8ge et un int\u00e9grateur de conception web talentueux qui rejoint son public gr\u00e2ce \u00e0 des sites web fort inspirants. <\/h2>\t\t\t\t<\/div>\n\t\t\t\t<\/div>\n\t\t\t\t<div class=\"elementor-element elementor-element-3161e60 elementor-invisible elementor-widget elementor-widget-text-editor\" data-id=\"3161e60\" data-element_type=\"widget\" data-settings=\"{&quot;_animation&quot;:&quot;fadeIn&quot;,&quot;_animation_delay&quot;:400}\" data-widget_type=\"text-editor.default\">\n\t\t\t\t<div class=\"elementor-widget-container\">\n\t\t\t\t\t\t\t\t\t<p><span style=\"font-weight: 400;\">Privil\u00e9giant l\u2019efficacit\u00e9 de l\u2019exp\u00e9rience utilisateur et le souci du d\u00e9tail, Michel a ce qu\u2019il faut pour mettre la technologie au service du bien commun, en dotant chaque page web d\u2019objectifs sociaux et d\u2019\u00e9l\u00e9ments r\u00e9actifs. Concepteur exp\u00e9riment\u00e9 poss\u00e9dant une ma\u00eetrise en design d\u2019entreprise, Michel est habile \u00e0 g\u00e9rer tous les aspects de la cr\u00e9ation de sites web et aime partager ses connaissances avec les secteurs de la sant\u00e9 et de l\u2019\u00e9ducation, qui profiteraient grandement de sites web efficaces.<\/span><\/p><p><span style=\"font-weight: 400;\">Sa cr\u00e9ativit\u00e9 et sa capacit\u00e9 \u00e0 rester \u00e0 l\u2019aff\u00fbt des tendances et des nouveaut\u00e9s font de chacun de ses designs une cr\u00e9ation remarquable et pertinente.<\/span><\/p><p><span style=\"font-weight: 400;\">Michel a \u00e9galement \u0153uvr\u00e9 comme b\u00e9n\u00e9vole pour la Croix-Rouge libanaise dans les secours humanitaires, et a fourni les premiers secours en r\u00e9ponse aux appels d\u2019urgence lors de catastrophes nationales. Michel est un designer r\u00e9silient et allum\u00e9 qui assure toujours un travail de qualit\u00e9, quelle que soit la t\u00e2che \u00e0 accomplir.<\/span><\/p>\t\t\t\t\t\t\t\t<\/div>\n\t\t\t\t<\/div>\n\t\t\t\t<\/div>\n\t\t<div class=\"elementor-element elementor-element-cc0a3e6 e-con-full e-flex wpr-particle-no wpr-jarallax-no wpr-parallax-no wpr-sticky-section-no e-con e-child\" data-id=\"cc0a3e6\" data-element_type=\"container\">\n\t\t\t\t<\/div>\n\t\t\t\t\t<\/div>\n\t\t\t\t<\/div>\n\t\t\t\t<\/div>\n\t\t","protected":false},"excerpt":{"rendered":"<p>Michel Sleiman il Concepteur et d\u00e9veloppeur webmichel@phil.ca Rencontrer l&rsquo;\u00e9quipe Michel est un strat\u00e8ge et un int\u00e9grateur de conception web talentueux qui rejoint son public gr\u00e2ce \u00e0 des sites web fort inspirants. Privil\u00e9giant l\u2019efficacit\u00e9 de l\u2019exp\u00e9rience utilisateur et le souci du d\u00e9tail, Michel a ce qu\u2019il faut pour mettre la technologie au service du bien commun, en dotant chaque page web d\u2019objectifs sociaux et d\u2019\u00e9l\u00e9ments r\u00e9actifs. Concepteur exp\u00e9riment\u00e9 poss\u00e9dant une ma\u00eetrise en design d\u2019entreprise, Michel est habile \u00e0 g\u00e9rer tous les aspects de la cr\u00e9ation de sites web et aime partager ses connaissances avec les secteurs de la sant\u00e9 et de l\u2019\u00e9ducation, qui profiteraient grandement de sites web efficaces. Sa cr\u00e9ativit\u00e9 et sa capacit\u00e9 \u00e0 rester \u00e0 l\u2019aff\u00fbt des tendances et des nouveaut\u00e9s font de chacun de ses designs une cr\u00e9ation remarquable et pertinente. Michel a \u00e9galement \u0153uvr\u00e9 comme b\u00e9n\u00e9vole pour la Croix-Rouge libanaise dans les secours humanitaires, et a fourni les premiers secours en r\u00e9ponse aux appels d\u2019urgence lors de catastrophes nationales. Michel est un designer r\u00e9silient et allum\u00e9 qui assure toujours un travail de qualit\u00e9, quelle que soit la t\u00e2che \u00e0 accomplir.<\/p>\n","protected":false},"author":22,"featured_media":0,"parent":0,"menu_order":0,"comment_status":"closed","ping_status":"closed","template":"elementor_header_footer","meta":{"_et_pb_use_builder":"","_et_pb_old_content":"","_et_gb_content_width":"","inline_featured_image":false,"footnotes":""},"class_list":["post-61713","page","type-page","status-publish","hentry"],"aioseo_notices":[],"_links":{"self":[{"href":"https:\/\/phil.ca\/fr\/wp-json\/wp\/v2\/pages\/61713","targetHints":{"allow":["GET"]}}],"collection":[{"href":"https:\/\/phil.ca\/fr\/wp-json\/wp\/v2\/pages"}],"about":[{"href":"https:\/\/phil.ca\/fr\/wp-json\/wp\/v2\/types\/page"}],"author":[{"embeddable":true,"href":"https:\/\/phil.ca\/fr\/wp-json\/wp\/v2\/users\/22"}],"replies":[{"embeddable":true,"href":"https:\/\/phil.ca\/fr\/wp-json\/wp\/v2\/comments?post=61713"}],"version-history":[{"count":6,"href":"https:\/\/phil.ca\/fr\/wp-json\/wp\/v2\/pages\/61713\/revisions"}],"predecessor-version":[{"id":62081,"href":"https:\/\/phil.ca\/fr\/wp-json\/wp\/v2\/pages\/61713\/revisions\/62081"}],"wp:attachment":[{"href":"https:\/\/phil.ca\/fr\/wp-json\/wp\/v2\/media?parent=61713"}],"curies":[{"name":"wp","href":"https:\/\/api.w.org\/{rel}","templated":true}]}}