{"id":62488,"date":"2024-12-09T00:28:02","date_gmt":"2024-12-09T00:28:02","guid":{"rendered":"https:\/\/phil.ca\/team-julie-kong\/"},"modified":"2024-12-09T00:33:04","modified_gmt":"2024-12-09T00:33:04","slug":"team-julie-kong","status":"publish","type":"page","link":"https:\/\/phil.ca\/fr\/team-julie-kong\/","title":{"rendered":"Julie Kon Kam King"},"content":{"rendered":"\t\t<div data-elementor-type=\"wp-page\" data-elementor-id=\"62488\" class=\"elementor elementor-62488 elementor-62478\" data-elementor-post-type=\"page\">\n\t\t\t\t<div class=\"elementor-element elementor-element-15e1038 e-flex e-con-boxed wpr-particle-no wpr-jarallax-no wpr-parallax-no wpr-sticky-section-no e-con e-parent\" data-id=\"15e1038\" data-element_type=\"container\" data-settings=\"{&quot;background_background&quot;:&quot;classic&quot;}\">\n\t\t\t\t\t<div class=\"e-con-inner\">\n\t\t<div class=\"elementor-element elementor-element-6cd9d37 e-con-full e-flex wpr-particle-no wpr-jarallax-no wpr-parallax-no wpr-sticky-section-no e-con e-child\" data-id=\"6cd9d37\" data-element_type=\"container\">\n\t\t\t\t<div class=\"elementor-element elementor-element-8f6bb6c elementor-invisible elementor-widget elementor-widget-image\" data-id=\"8f6bb6c\" data-element_type=\"widget\" data-settings=\"{&quot;_animation&quot;:&quot;fadeIn&quot;,&quot;_animation_delay&quot;:200}\" data-widget_type=\"image.default\">\n\t\t\t\t<div class=\"elementor-widget-container\">\n\t\t\t\t\t\t\t\t\t\t\t\t\t\t\t<img fetchpriority=\"high\" fetchpriority=\"high\" decoding=\"async\" width=\"500\" height=\"500\" src=\"https:\/\/phil.ca\/wp-content\/uploads\/julie_king_team.png\" class=\"attachment-full size-full wp-image-62484\" alt=\"\" srcset=\"https:\/\/phil.ca\/wp-content\/uploads\/julie_king_team.png 500w, https:\/\/phil.ca\/wp-content\/uploads\/julie_king_team-480x480.png 480w\" sizes=\"(min-width: 0px) and (max-width: 480px) 480px, (min-width: 481px) 500px, 100vw\" \/>\t\t\t\t\t\t\t\t\t\t\t\t\t\t\t<\/div>\n\t\t\t\t<\/div>\n\t\t\t\t<div class=\"elementor-element elementor-element-32725b7 elementor-widget__width-initial elementor-widget-mobile__width-initial elementor-invisible elementor-widget elementor-widget-heading\" data-id=\"32725b7\" data-element_type=\"widget\" data-settings=\"{&quot;_animation&quot;:&quot;fadeIn&quot;,&quot;_animation_delay&quot;:400}\" data-widget_type=\"heading.default\">\n\t\t\t\t<div class=\"elementor-widget-container\">\n\t\t\t\t\t<h2 class=\"elementor-heading-title elementor-size-default\">Julie Kon Kam King<\/h2>\t\t\t\t<\/div>\n\t\t\t\t<\/div>\n\t\t\t\t<div class=\"elementor-element elementor-element-ae45552 elementor-widget__width-initial elementor-widget-mobile__width-initial elementor-invisible elementor-widget elementor-widget-heading\" data-id=\"ae45552\" data-element_type=\"widget\" data-settings=\"{&quot;_animation&quot;:&quot;fadeIn&quot;,&quot;_animation_delay&quot;:400}\" data-widget_type=\"heading.default\">\n\t\t\t\t<div class=\"elementor-widget-container\">\n\t\t\t\t\t<h2 class=\"elementor-heading-title elementor-size-default\">elle<\/h2>\t\t\t\t<\/div>\n\t\t\t\t<\/div>\n\t\t\t\t<div class=\"elementor-element elementor-element-b76f68d elementor-widget-divider--view-line elementor-invisible elementor-widget elementor-widget-divider\" data-id=\"b76f68d\" data-element_type=\"widget\" data-settings=\"{&quot;_animation&quot;:&quot;fadeIn&quot;,&quot;_animation_delay&quot;:600}\" data-widget_type=\"divider.default\">\n\t\t\t\t<div class=\"elementor-widget-container\">\n\t\t\t\t\t\t\t<div class=\"elementor-divider\">\n\t\t\t<span class=\"elementor-divider-separator\">\n\t\t\t\t\t\t<\/span>\n\t\t<\/div>\n\t\t\t\t\t\t<\/div>\n\t\t\t\t<\/div>\n\t\t\t\t<div class=\"elementor-element elementor-element-69ae324 elementor-invisible elementor-widget elementor-widget-text-editor\" data-id=\"69ae324\" data-element_type=\"widget\" data-settings=\"{&quot;_animation&quot;:&quot;fadeIn&quot;,&quot;_animation_delay&quot;:800}\" data-widget_type=\"text-editor.default\">\n\t\t\t\t<div class=\"elementor-widget-container\">\n\t\t\t\t\t\t\t\t\t<p><span style=\"font-weight: 400;\">Strategiste<\/span><br \/>julieking@phil.ca<\/p>\t\t\t\t\t\t\t\t<\/div>\n\t\t\t\t<\/div>\n\t\t\t\t<div class=\"elementor-element elementor-element-a961e06 elementor-align-center elementor-mobile-align-justify elementor-widget-mobile__width-inherit elementor-invisible elementor-widget elementor-widget-button\" data-id=\"a961e06\" data-element_type=\"widget\" data-settings=\"{&quot;_animation&quot;:&quot;fadeIn&quot;,&quot;_animation_delay&quot;:1000}\" data-widget_type=\"button.default\">\n\t\t\t\t<div class=\"elementor-widget-container\">\n\t\t\t\t\t\t\t\t\t<div class=\"elementor-button-wrapper\">\n\t\t\t\t\t<a class=\"elementor-button elementor-button-link elementor-size-sm\" href=\"https:\/\/phil.ca\/fr\/equipe\/\">\n\t\t\t\t\t\t<span class=\"elementor-button-content-wrapper\">\n\t\t\t\t\t\t<span class=\"elementor-button-icon\">\n\t\t\t\t<svg aria-hidden=\"true\" class=\"e-font-icon-svg e-fas-arrow-alt-circle-right\" viewBox=\"0 0 512 512\" xmlns=\"http:\/\/www.w3.org\/2000\/svg\"><path d=\"M256 8c137 0 248 111 248 248S393 504 256 504 8 393 8 256 119 8 256 8zM140 300h116v70.9c0 10.7 13 16.1 20.5 8.5l114.3-114.9c4.7-4.7 4.7-12.2 0-16.9l-114.3-115c-7.6-7.6-20.5-2.2-20.5 8.5V212H140c-6.6 0-12 5.4-12 12v64c0 6.6 5.4 12 12 12z\"><\/path><\/svg>\t\t\t<\/span>\n\t\t\t\t\t\t\t\t\t<span class=\"elementor-button-text\">Rencontrer l'\u00e9quipe<\/span>\n\t\t\t\t\t<\/span>\n\t\t\t\t\t<\/a>\n\t\t\t\t<\/div>\n\t\t\t\t\t\t\t\t<\/div>\n\t\t\t\t<\/div>\n\t\t\t\t<\/div>\n\t\t<div class=\"elementor-element elementor-element-5d02493 e-con-full e-flex wpr-particle-no wpr-jarallax-no wpr-parallax-no wpr-sticky-section-no e-con e-child\" data-id=\"5d02493\" data-element_type=\"container\">\n\t\t\t\t<div class=\"elementor-element elementor-element-3805f10 elementor-invisible elementor-widget elementor-widget-heading\" data-id=\"3805f10\" data-element_type=\"widget\" data-settings=\"{&quot;_animation&quot;:&quot;fadeIn&quot;,&quot;_animation_delay&quot;:200}\" data-widget_type=\"heading.default\">\n\t\t\t\t<div class=\"elementor-widget-container\">\n\t\t\t\t\t<h2 class=\"elementor-heading-title elementor-size-default\">Julie a plus de 15 ans d'exp\u00e9rience dans le d\u00e9veloppement strat\u00e9gique et la gestion d'initiatives de renforcement des capacit\u00e9s qui renforcent les communaut\u00e9s inclusives et le changement social au Canada et \u00e0 l'\u00e9tranger. <\/h2>\t\t\t\t<\/div>\n\t\t\t\t<\/div>\n\t\t\t\t<div class=\"elementor-element elementor-element-3161e60 elementor-invisible elementor-widget elementor-widget-text-editor\" data-id=\"3161e60\" data-element_type=\"widget\" data-settings=\"{&quot;_animation&quot;:&quot;fadeIn&quot;,&quot;_animation_delay&quot;:400}\" data-widget_type=\"text-editor.default\">\n\t\t\t\t<div class=\"elementor-widget-container\">\n\t\t\t\t\t\t\t\t\t<p><span style=\"font-weight: 400;\">Pendant plus de 12 ans chez Equitas, Julie a dirig\u00e9 le d\u00e9veloppement strat\u00e9gique de programmes dans plus de 50 communaut\u00e9s au Canada et a favoris\u00e9 les relations de d\u00e9veloppement de fonds et les partenariats cl\u00e9s.\u00a0<\/span><\/p><p><span style=\"font-weight: 400;\">Forte d&rsquo;une longue exp\u00e9rience dans le soutien aux organisations pour la conception de processus et de programmes dans une optique d&rsquo;\u00e9quit\u00e9 et d&rsquo;intersectionnalit\u00e9, Julie s&rsquo;\u00e9panouit dans la co-cr\u00e9ation d&rsquo;initiatives pour un plus grand impact collectif.\u00a0\u00a0<\/span><\/p><p><span style=\"font-weight: 400;\">Elle est inspir\u00e9e par les partenariats innovants entre les secteurs public, priv\u00e9 et communautaire pour collaborer sur des d\u00e9fis locaux et mondiaux complexes et faire avancer ensemble le changement social. Elle poss\u00e8de une grande exp\u00e9rience dans l&rsquo;\u00e9laboration de propositions de subventions r\u00e9ussies et dans le partage cr\u00e9atif de l&rsquo;impact et des r\u00e9sultats afin d&rsquo;impliquer la communaut\u00e9 dans son ensemble.<\/span><\/p>\t\t\t\t\t\t\t\t<\/div>\n\t\t\t\t<\/div>\n\t\t\t\t<\/div>\n\t\t<div class=\"elementor-element elementor-element-cc0a3e6 e-con-full e-flex wpr-particle-no wpr-jarallax-no wpr-parallax-no wpr-sticky-section-no e-con e-child\" data-id=\"cc0a3e6\" data-element_type=\"container\">\n\t\t\t\t<\/div>\n\t\t\t\t\t<\/div>\n\t\t\t\t<\/div>\n\t\t\t\t<\/div>\n\t\t","protected":false},"excerpt":{"rendered":"<p>Julie Kon Kam King elle Strategistejulieking@phil.ca Rencontrer l&rsquo;\u00e9quipe Julie a plus de 15 ans d&rsquo;exp\u00e9rience dans le d\u00e9veloppement strat\u00e9gique et la gestion d&rsquo;initiatives de renforcement des capacit\u00e9s qui renforcent les communaut\u00e9s inclusives et le changement social au Canada et \u00e0 l&rsquo;\u00e9tranger. Pendant plus de 12 ans chez Equitas, Julie a dirig\u00e9 le d\u00e9veloppement strat\u00e9gique de programmes dans plus de 50 communaut\u00e9s au Canada et a favoris\u00e9 les relations de d\u00e9veloppement de fonds et les partenariats cl\u00e9s.\u00a0 Forte d&rsquo;une longue exp\u00e9rience dans le soutien aux organisations pour la conception de processus et de programmes dans une optique d&rsquo;\u00e9quit\u00e9 et d&rsquo;intersectionnalit\u00e9, Julie s&rsquo;\u00e9panouit dans la co-cr\u00e9ation d&rsquo;initiatives pour un plus grand impact collectif.\u00a0\u00a0 Elle est inspir\u00e9e par les partenariats innovants entre les secteurs public, priv\u00e9 et communautaire pour collaborer sur des d\u00e9fis locaux et mondiaux complexes et faire avancer ensemble le changement social. Elle poss\u00e8de une grande exp\u00e9rience dans l&rsquo;\u00e9laboration de propositions de subventions r\u00e9ussies et dans le partage cr\u00e9atif de l&rsquo;impact et des r\u00e9sultats afin d&rsquo;impliquer la communaut\u00e9 dans son ensemble.<\/p>\n","protected":false},"author":22,"featured_media":0,"parent":0,"menu_order":0,"comment_status":"closed","ping_status":"closed","template":"elementor_header_footer","meta":{"_et_pb_use_builder":"","_et_pb_old_content":"","_et_gb_content_width":"","inline_featured_image":false,"footnotes":""},"class_list":["post-62488","page","type-page","status-publish","hentry"],"aioseo_notices":[],"_links":{"self":[{"href":"https:\/\/phil.ca\/fr\/wp-json\/wp\/v2\/pages\/62488","targetHints":{"allow":["GET"]}}],"collection":[{"href":"https:\/\/phil.ca\/fr\/wp-json\/wp\/v2\/pages"}],"about":[{"href":"https:\/\/phil.ca\/fr\/wp-json\/wp\/v2\/types\/page"}],"author":[{"embeddable":true,"href":"https:\/\/phil.ca\/fr\/wp-json\/wp\/v2\/users\/22"}],"replies":[{"embeddable":true,"href":"https:\/\/phil.ca\/fr\/wp-json\/wp\/v2\/comments?post=62488"}],"version-history":[{"count":6,"href":"https:\/\/phil.ca\/fr\/wp-json\/wp\/v2\/pages\/62488\/revisions"}],"predecessor-version":[{"id":62494,"href":"https:\/\/phil.ca\/fr\/wp-json\/wp\/v2\/pages\/62488\/revisions\/62494"}],"wp:attachment":[{"href":"https:\/\/phil.ca\/fr\/wp-json\/wp\/v2\/media?parent=62488"}],"curies":[{"name":"wp","href":"https:\/\/api.w.org\/{rel}","templated":true}]}}