{"id":62536,"date":"2024-12-09T00:47:51","date_gmt":"2024-12-09T00:47:51","guid":{"rendered":"https:\/\/phil.ca\/team-jf-major\/"},"modified":"2024-12-09T00:57:03","modified_gmt":"2024-12-09T00:57:03","slug":"team-jf-major","status":"publish","type":"page","link":"https:\/\/phil.ca\/fr\/team-jf-major\/","title":{"rendered":"Jean-Fran\u00e7ois Major"},"content":{"rendered":"\t\t<div data-elementor-type=\"wp-page\" data-elementor-id=\"62536\" class=\"elementor elementor-62536 elementor-62531\" data-elementor-post-type=\"page\">\n\t\t\t\t<div class=\"elementor-element elementor-element-15e1038 e-flex e-con-boxed wpr-particle-no wpr-jarallax-no wpr-parallax-no wpr-sticky-section-no e-con e-parent\" data-id=\"15e1038\" data-element_type=\"container\" data-settings=\"{&quot;background_background&quot;:&quot;classic&quot;}\">\n\t\t\t\t\t<div class=\"e-con-inner\">\n\t\t<div class=\"elementor-element elementor-element-6cd9d37 e-con-full e-flex wpr-particle-no wpr-jarallax-no wpr-parallax-no wpr-sticky-section-no e-con e-child\" data-id=\"6cd9d37\" data-element_type=\"container\">\n\t\t\t\t<div class=\"elementor-element elementor-element-8f6bb6c elementor-invisible elementor-widget elementor-widget-image\" data-id=\"8f6bb6c\" data-element_type=\"widget\" data-settings=\"{&quot;_animation&quot;:&quot;fadeIn&quot;,&quot;_animation_delay&quot;:200}\" data-widget_type=\"image.default\">\n\t\t\t\t<div class=\"elementor-widget-container\">\n\t\t\t\t\t\t\t\t\t\t\t\t\t\t\t<img fetchpriority=\"high\" fetchpriority=\"high\" decoding=\"async\" width=\"500\" height=\"500\" src=\"https:\/\/phil.ca\/wp-content\/uploads\/jf_team.png\" class=\"attachment-full size-full wp-image-62525\" alt=\"\" srcset=\"https:\/\/phil.ca\/wp-content\/uploads\/jf_team.png 500w, https:\/\/phil.ca\/wp-content\/uploads\/jf_team-480x480.png 480w\" sizes=\"(min-width: 0px) and (max-width: 480px) 480px, (min-width: 481px) 500px, 100vw\" \/>\t\t\t\t\t\t\t\t\t\t\t\t\t\t\t<\/div>\n\t\t\t\t<\/div>\n\t\t\t\t<div class=\"elementor-element elementor-element-32725b7 elementor-widget__width-initial elementor-widget-mobile__width-initial elementor-invisible elementor-widget elementor-widget-heading\" data-id=\"32725b7\" data-element_type=\"widget\" data-settings=\"{&quot;_animation&quot;:&quot;fadeIn&quot;,&quot;_animation_delay&quot;:400}\" data-widget_type=\"heading.default\">\n\t\t\t\t<div class=\"elementor-widget-container\">\n\t\t\t\t\t<h2 class=\"elementor-heading-title elementor-size-default\">Jean-Fran\u00e7ois Major<\/h2>\t\t\t\t<\/div>\n\t\t\t\t<\/div>\n\t\t\t\t<div class=\"elementor-element elementor-element-ae45552 elementor-widget__width-initial elementor-widget-mobile__width-initial elementor-invisible elementor-widget elementor-widget-heading\" data-id=\"ae45552\" data-element_type=\"widget\" data-settings=\"{&quot;_animation&quot;:&quot;fadeIn&quot;,&quot;_animation_delay&quot;:400}\" data-widget_type=\"heading.default\">\n\t\t\t\t<div class=\"elementor-widget-container\">\n\t\t\t\t\t<h2 class=\"elementor-heading-title elementor-size-default\">il<\/h2>\t\t\t\t<\/div>\n\t\t\t\t<\/div>\n\t\t\t\t<div class=\"elementor-element elementor-element-b76f68d elementor-widget-divider--view-line elementor-invisible elementor-widget elementor-widget-divider\" data-id=\"b76f68d\" data-element_type=\"widget\" data-settings=\"{&quot;_animation&quot;:&quot;fadeIn&quot;,&quot;_animation_delay&quot;:600}\" data-widget_type=\"divider.default\">\n\t\t\t\t<div class=\"elementor-widget-container\">\n\t\t\t\t\t\t\t<div class=\"elementor-divider\">\n\t\t\t<span class=\"elementor-divider-separator\">\n\t\t\t\t\t\t<\/span>\n\t\t<\/div>\n\t\t\t\t\t\t<\/div>\n\t\t\t\t<\/div>\n\t\t\t\t<div class=\"elementor-element elementor-element-69ae324 elementor-invisible elementor-widget elementor-widget-text-editor\" data-id=\"69ae324\" data-element_type=\"widget\" data-settings=\"{&quot;_animation&quot;:&quot;fadeIn&quot;,&quot;_animation_delay&quot;:800}\" data-widget_type=\"text-editor.default\">\n\t\t\t\t<div class=\"elementor-widget-container\">\n\t\t\t\t\t\t\t\t\t<p><span style=\"font-weight: 400;\">R\u00e9dacteur<\/span><\/p>\t\t\t\t\t\t\t\t<\/div>\n\t\t\t\t<\/div>\n\t\t\t\t<div class=\"elementor-element elementor-element-a961e06 elementor-align-center elementor-mobile-align-justify elementor-widget-mobile__width-inherit elementor-invisible elementor-widget elementor-widget-button\" data-id=\"a961e06\" data-element_type=\"widget\" data-settings=\"{&quot;_animation&quot;:&quot;fadeIn&quot;,&quot;_animation_delay&quot;:1000}\" data-widget_type=\"button.default\">\n\t\t\t\t<div class=\"elementor-widget-container\">\n\t\t\t\t\t\t\t\t\t<div class=\"elementor-button-wrapper\">\n\t\t\t\t\t<a class=\"elementor-button elementor-button-link elementor-size-sm\" href=\"https:\/\/phil.ca\/fr\/equipe\/\">\n\t\t\t\t\t\t<span class=\"elementor-button-content-wrapper\">\n\t\t\t\t\t\t<span class=\"elementor-button-icon\">\n\t\t\t\t<svg aria-hidden=\"true\" class=\"e-font-icon-svg e-fas-arrow-alt-circle-right\" viewBox=\"0 0 512 512\" xmlns=\"http:\/\/www.w3.org\/2000\/svg\"><path d=\"M256 8c137 0 248 111 248 248S393 504 256 504 8 393 8 256 119 8 256 8zM140 300h116v70.9c0 10.7 13 16.1 20.5 8.5l114.3-114.9c4.7-4.7 4.7-12.2 0-16.9l-114.3-115c-7.6-7.6-20.5-2.2-20.5 8.5V212H140c-6.6 0-12 5.4-12 12v64c0 6.6 5.4 12 12 12z\"><\/path><\/svg>\t\t\t<\/span>\n\t\t\t\t\t\t\t\t\t<span class=\"elementor-button-text\">Rencontrer l'\u00e9quipe<\/span>\n\t\t\t\t\t<\/span>\n\t\t\t\t\t<\/a>\n\t\t\t\t<\/div>\n\t\t\t\t\t\t\t\t<\/div>\n\t\t\t\t<\/div>\n\t\t\t\t<\/div>\n\t\t<div class=\"elementor-element elementor-element-5d02493 e-con-full e-flex wpr-particle-no wpr-jarallax-no wpr-parallax-no wpr-sticky-section-no e-con e-child\" data-id=\"5d02493\" data-element_type=\"container\">\n\t\t\t\t<div class=\"elementor-element elementor-element-3805f10 elementor-invisible elementor-widget elementor-widget-heading\" data-id=\"3805f10\" data-element_type=\"widget\" data-settings=\"{&quot;_animation&quot;:&quot;fadeIn&quot;,&quot;_animation_delay&quot;:200}\" data-widget_type=\"heading.default\">\n\t\t\t\t<div class=\"elementor-widget-container\">\n\t\t\t\t\t<h2 class=\"elementor-heading-title elementor-size-default\">Jean-Fran\u00e7ois Major est un r\u00e9dacteur agr\u00e9\u00e9 qui \u00e9crit du contenu de marque utile, qui inspire l\u2019action. <\/h2>\t\t\t\t<\/div>\n\t\t\t\t<\/div>\n\t\t\t\t<div class=\"elementor-element elementor-element-3161e60 elementor-invisible elementor-widget elementor-widget-text-editor\" data-id=\"3161e60\" data-element_type=\"widget\" data-settings=\"{&quot;_animation&quot;:&quot;fadeIn&quot;,&quot;_animation_delay&quot;:400}\" data-widget_type=\"text-editor.default\">\n\t\t\t\t<div class=\"elementor-widget-container\">\n\t\t\t\t\t\t\t\t\t<p><span style=\"font-weight: 400;\">Membre de la Soci\u00e9t\u00e9 qu\u00e9b\u00e9coise de la r\u00e9daction professionnelle depuis 2016, Jean-Fran\u00e7ois \u00e9veille la curiosit\u00e9 et la sensibilit\u00e9 du public sur des d\u00e9fis d\u2019actualit\u00e9 tels que la sant\u00e9, la diversit\u00e9 et l\u2019inclusion, la litt\u00e9ratie financi\u00e8re et la s\u00e9curit\u00e9 alimentaire. Il sait habilement rendre int\u00e9ressants des sujets qui, \u00e0 premi\u00e8re vue, semblent peu excitants. Il a l\u2019habitude de livrer un haut volume de textes de qualit\u00e9 dans les d\u00e9lais convenus \u2014 et bien souvent, d\u2019avance\u2009! Il s\u2019investit avec soin de trouver les v\u00e9rit\u00e9s les plus utiles d&rsquo;un sujet et de d\u00e9montrer \u00e0 des publics vari\u00e9s pourquoi ce sujet est si essentiel.<\/span><\/p><p><span style=\"font-weight: 400;\">Il consid\u00e8re que ses clients sont bien plus que des partenaires d\u2019affaires : ce sont des gens et des coll\u00e8gues avec qui il prend grand plaisir \u00e0 collaborer.\u00a0<\/span><\/p><p><span style=\"font-weight: 400;\">Lorsqu\u2019il ne r\u00e9vise pas ses textes \u00e0 voix haute en adoptant une dr\u00f4le de voix, il aime lire, pratiquer le tai chi et la callisth\u00e9nie, un type d&rsquo;entra\u00eenement qui utilise le poids du corps d&rsquo;une personne avec peu ou pas d&rsquo;\u00e9quipement.<\/span><\/p>\t\t\t\t\t\t\t\t<\/div>\n\t\t\t\t<\/div>\n\t\t\t\t<\/div>\n\t\t<div class=\"elementor-element elementor-element-cc0a3e6 e-con-full e-flex wpr-particle-no wpr-jarallax-no wpr-parallax-no wpr-sticky-section-no e-con e-child\" data-id=\"cc0a3e6\" data-element_type=\"container\">\n\t\t\t\t<\/div>\n\t\t\t\t\t<\/div>\n\t\t\t\t<\/div>\n\t\t\t\t<\/div>\n\t\t","protected":false},"excerpt":{"rendered":"<p>Jean-Fran\u00e7ois Major il R\u00e9dacteur Rencontrer l&rsquo;\u00e9quipe Jean-Fran\u00e7ois Major est un r\u00e9dacteur agr\u00e9\u00e9 qui \u00e9crit du contenu de marque utile, qui inspire l\u2019action. Membre de la Soci\u00e9t\u00e9 qu\u00e9b\u00e9coise de la r\u00e9daction professionnelle depuis 2016, Jean-Fran\u00e7ois \u00e9veille la curiosit\u00e9 et la sensibilit\u00e9 du public sur des d\u00e9fis d\u2019actualit\u00e9 tels que la sant\u00e9, la diversit\u00e9 et l\u2019inclusion, la litt\u00e9ratie financi\u00e8re et la s\u00e9curit\u00e9 alimentaire. Il sait habilement rendre int\u00e9ressants des sujets qui, \u00e0 premi\u00e8re vue, semblent peu excitants. Il a l\u2019habitude de livrer un haut volume de textes de qualit\u00e9 dans les d\u00e9lais convenus \u2014 et bien souvent, d\u2019avance\u2009! Il s\u2019investit avec soin de trouver les v\u00e9rit\u00e9s les plus utiles d&rsquo;un sujet et de d\u00e9montrer \u00e0 des publics vari\u00e9s pourquoi ce sujet est si essentiel. Il consid\u00e8re que ses clients sont bien plus que des partenaires d\u2019affaires : ce sont des gens et des coll\u00e8gues avec qui il prend grand plaisir \u00e0 collaborer.\u00a0 Lorsqu\u2019il ne r\u00e9vise pas ses textes \u00e0 voix haute en adoptant une dr\u00f4le de voix, il aime lire, pratiquer le tai chi et la callisth\u00e9nie, un type d&rsquo;entra\u00eenement qui utilise le poids du corps d&rsquo;une personne avec peu ou pas d&rsquo;\u00e9quipement.<\/p>\n","protected":false},"author":22,"featured_media":0,"parent":0,"menu_order":0,"comment_status":"closed","ping_status":"closed","template":"elementor_header_footer","meta":{"_et_pb_use_builder":"","_et_pb_old_content":"","_et_gb_content_width":"","inline_featured_image":false,"footnotes":""},"class_list":["post-62536","page","type-page","status-publish","hentry"],"aioseo_notices":[],"_links":{"self":[{"href":"https:\/\/phil.ca\/fr\/wp-json\/wp\/v2\/pages\/62536","targetHints":{"allow":["GET"]}}],"collection":[{"href":"https:\/\/phil.ca\/fr\/wp-json\/wp\/v2\/pages"}],"about":[{"href":"https:\/\/phil.ca\/fr\/wp-json\/wp\/v2\/types\/page"}],"author":[{"embeddable":true,"href":"https:\/\/phil.ca\/fr\/wp-json\/wp\/v2\/users\/22"}],"replies":[{"embeddable":true,"href":"https:\/\/phil.ca\/fr\/wp-json\/wp\/v2\/comments?post=62536"}],"version-history":[{"count":3,"href":"https:\/\/phil.ca\/fr\/wp-json\/wp\/v2\/pages\/62536\/revisions"}],"predecessor-version":[{"id":62539,"href":"https:\/\/phil.ca\/fr\/wp-json\/wp\/v2\/pages\/62536\/revisions\/62539"}],"wp:attachment":[{"href":"https:\/\/phil.ca\/fr\/wp-json\/wp\/v2\/media?parent=62536"}],"curies":[{"name":"wp","href":"https:\/\/api.w.org\/{rel}","templated":true}]}}