{"id":62924,"date":"2025-04-03T18:30:37","date_gmt":"2025-04-03T18:30:37","guid":{"rendered":"https:\/\/phil.ca\/marie-louise-kalonji\/"},"modified":"2025-04-03T18:36:58","modified_gmt":"2025-04-03T18:36:58","slug":"marie-louise-kalonji","status":"publish","type":"page","link":"https:\/\/phil.ca\/fr\/marie-louise-kalonji\/","title":{"rendered":"Marie-Louise Kalonji\u200b"},"content":{"rendered":"\t\t<div data-elementor-type=\"wp-page\" data-elementor-id=\"62924\" class=\"elementor elementor-62924 elementor-62920\" data-elementor-post-type=\"page\">\n\t\t\t\t<div class=\"elementor-element elementor-element-15e1038 e-flex e-con-boxed wpr-particle-no wpr-jarallax-no wpr-parallax-no wpr-sticky-section-no e-con e-parent\" data-id=\"15e1038\" data-element_type=\"container\" data-settings=\"{&quot;background_background&quot;:&quot;classic&quot;}\">\n\t\t\t\t\t<div class=\"e-con-inner\">\n\t\t<div class=\"elementor-element elementor-element-6cd9d37 e-con-full e-flex wpr-particle-no wpr-jarallax-no wpr-parallax-no wpr-sticky-section-no e-con e-child\" data-id=\"6cd9d37\" data-element_type=\"container\">\n\t\t\t\t<div class=\"elementor-element elementor-element-8f6bb6c elementor-invisible elementor-widget elementor-widget-image\" data-id=\"8f6bb6c\" data-element_type=\"widget\" data-settings=\"{&quot;_animation&quot;:&quot;fadeIn&quot;,&quot;_animation_delay&quot;:200}\" data-widget_type=\"image.default\">\n\t\t\t\t<div class=\"elementor-widget-container\">\n\t\t\t\t\t\t\t\t\t\t\t\t\t\t\t<img fetchpriority=\"high\" fetchpriority=\"high\" decoding=\"async\" width=\"560\" height=\"560\" src=\"https:\/\/phil.ca\/wp-content\/uploads\/marie-lou_headshot.png\" class=\"attachment-full size-full wp-image-62917\" alt=\"\" srcset=\"https:\/\/phil.ca\/wp-content\/uploads\/marie-lou_headshot.png 560w, https:\/\/phil.ca\/wp-content\/uploads\/marie-lou_headshot-480x480.png 480w\" sizes=\"(min-width: 0px) and (max-width: 480px) 480px, (min-width: 481px) 560px, 100vw\" \/>\t\t\t\t\t\t\t\t\t\t\t\t\t\t\t<\/div>\n\t\t\t\t<\/div>\n\t\t\t\t<div class=\"elementor-element elementor-element-32725b7 elementor-widget__width-initial elementor-widget-mobile__width-initial elementor-invisible elementor-widget elementor-widget-heading\" data-id=\"32725b7\" data-element_type=\"widget\" data-settings=\"{&quot;_animation&quot;:&quot;fadeIn&quot;,&quot;_animation_delay&quot;:400}\" data-widget_type=\"heading.default\">\n\t\t\t\t<div class=\"elementor-widget-container\">\n\t\t\t\t\t<h2 class=\"elementor-heading-title elementor-size-default\">Marie-Louise Kalonji<\/h2>\t\t\t\t<\/div>\n\t\t\t\t<\/div>\n\t\t\t\t<div class=\"elementor-element elementor-element-ae45552 elementor-widget__width-initial elementor-widget-mobile__width-initial elementor-invisible elementor-widget elementor-widget-heading\" data-id=\"ae45552\" data-element_type=\"widget\" data-settings=\"{&quot;_animation&quot;:&quot;fadeIn&quot;,&quot;_animation_delay&quot;:400}\" data-widget_type=\"heading.default\">\n\t\t\t\t<div class=\"elementor-widget-container\">\n\t\t\t\t\t<h2 class=\"elementor-heading-title elementor-size-default\">elle<\/h2>\t\t\t\t<\/div>\n\t\t\t\t<\/div>\n\t\t\t\t<div class=\"elementor-element elementor-element-b76f68d elementor-widget-divider--view-line elementor-invisible elementor-widget elementor-widget-divider\" data-id=\"b76f68d\" data-element_type=\"widget\" data-settings=\"{&quot;_animation&quot;:&quot;fadeIn&quot;,&quot;_animation_delay&quot;:600}\" data-widget_type=\"divider.default\">\n\t\t\t\t<div class=\"elementor-widget-container\">\n\t\t\t\t\t\t\t<div class=\"elementor-divider\">\n\t\t\t<span class=\"elementor-divider-separator\">\n\t\t\t\t\t\t<\/span>\n\t\t<\/div>\n\t\t\t\t\t\t<\/div>\n\t\t\t\t<\/div>\n\t\t\t\t<div class=\"elementor-element elementor-element-69ae324 elementor-invisible elementor-widget elementor-widget-text-editor\" data-id=\"69ae324\" data-element_type=\"widget\" data-settings=\"{&quot;_animation&quot;:&quot;fadeIn&quot;,&quot;_animation_delay&quot;:800}\" data-widget_type=\"text-editor.default\">\n\t\t\t\t<div class=\"elementor-widget-container\">\n\t\t\t\t\t\t\t\t\t<p>Charg\u00e9e de projet<br \/>marie-lou@phil.ca<\/p>\t\t\t\t\t\t\t\t<\/div>\n\t\t\t\t<\/div>\n\t\t\t\t<div class=\"elementor-element elementor-element-a961e06 elementor-align-center elementor-mobile-align-justify elementor-widget-mobile__width-inherit elementor-invisible elementor-widget elementor-widget-button\" data-id=\"a961e06\" data-element_type=\"widget\" data-settings=\"{&quot;_animation&quot;:&quot;fadeIn&quot;,&quot;_animation_delay&quot;:1000}\" data-widget_type=\"button.default\">\n\t\t\t\t<div class=\"elementor-widget-container\">\n\t\t\t\t\t\t\t\t\t<div class=\"elementor-button-wrapper\">\n\t\t\t\t\t<a class=\"elementor-button elementor-button-link elementor-size-sm\" href=\"https:\/\/phil.ca\/fr\/equipe\/\">\n\t\t\t\t\t\t<span class=\"elementor-button-content-wrapper\">\n\t\t\t\t\t\t<span class=\"elementor-button-icon\">\n\t\t\t\t<svg aria-hidden=\"true\" class=\"e-font-icon-svg e-fas-arrow-alt-circle-right\" viewBox=\"0 0 512 512\" xmlns=\"http:\/\/www.w3.org\/2000\/svg\"><path d=\"M256 8c137 0 248 111 248 248S393 504 256 504 8 393 8 256 119 8 256 8zM140 300h116v70.9c0 10.7 13 16.1 20.5 8.5l114.3-114.9c4.7-4.7 4.7-12.2 0-16.9l-114.3-115c-7.6-7.6-20.5-2.2-20.5 8.5V212H140c-6.6 0-12 5.4-12 12v64c0 6.6 5.4 12 12 12z\"><\/path><\/svg>\t\t\t<\/span>\n\t\t\t\t\t\t\t\t\t<span class=\"elementor-button-text\">Rencontrer l'\u00e9quipe<\/span>\n\t\t\t\t\t<\/span>\n\t\t\t\t\t<\/a>\n\t\t\t\t<\/div>\n\t\t\t\t\t\t\t\t<\/div>\n\t\t\t\t<\/div>\n\t\t\t\t<\/div>\n\t\t<div class=\"elementor-element elementor-element-5d02493 e-con-full e-flex wpr-particle-no wpr-jarallax-no wpr-parallax-no wpr-sticky-section-no e-con e-child\" data-id=\"5d02493\" data-element_type=\"container\">\n\t\t\t\t<div class=\"elementor-element elementor-element-3805f10 elementor-invisible elementor-widget elementor-widget-heading\" data-id=\"3805f10\" data-element_type=\"widget\" data-settings=\"{&quot;_animation&quot;:&quot;fadeIn&quot;,&quot;_animation_delay&quot;:200}\" data-widget_type=\"heading.default\">\n\t\t\t\t<div class=\"elementor-widget-container\">\n\t\t\t\t\t<h2 class=\"elementor-heading-title elementor-size-default\">Offrir aux OSBL les outils pour prosp\u00e9rer : la mission de Marie-Louise d\u2019apporter un soutien de calibre mondial aux b\u00e2tisseurs de communaut\u00e9<\/h2>\t\t\t\t<\/div>\n\t\t\t\t<\/div>\n\t\t\t\t<div class=\"elementor-element elementor-element-3161e60 elementor-invisible elementor-widget elementor-widget-text-editor\" data-id=\"3161e60\" data-element_type=\"widget\" data-settings=\"{&quot;_animation&quot;:&quot;fadeIn&quot;,&quot;_animation_delay&quot;:400}\" data-widget_type=\"text-editor.default\">\n\t\t\t\t<div class=\"elementor-widget-container\">\n\t\t\t\t\t\t\t\t\t<p><span style=\"font-weight: 400;\">Avec plus de 15 ans d\u2019exp\u00e9rience en gestion de projets dans divers OBNL et pays, Marie-Louise (ou simplement Marie-Lou chez Phil) a \u00e9t\u00e9 t\u00e9moin de premi\u00e8re main des d\u00e9fis auxquels font face les OBNL dans leur cheminement vers l\u2019efficacit\u00e9, la croissance et le maintien d\u2019un \u00e9quilibre sain entre le travail et la vie personnelle.<\/span><\/p><p><span style=\"font-weight: 400;\">Ayant identifi\u00e9 une lacune importante dans le soutien offert dans le secteur philanthropique, la mission de Marie-Lou est devenue claire : offrir les m\u00eames services, connaissances et expertises de classe mondiale dont b\u00e9n\u00e9ficient les entreprises \u00e0 ceux qui forment l\u2019\u00e9pine dorsale de nos communaut\u00e9s \u2014 les organismes \u00e0 but non lucratif. Convaincue que les OBNL fournissent des services essentiels et contribuent de mani\u00e8re significative au bien-\u00eatre de leurs communaut\u00e9s, sa conviction se traduit dans sa vision et son objectif de stimuler le changement organisationnel.<\/span><\/p><p><span style=\"font-weight: 400;\">En tant que cr\u00e9atrice naturelle de relations, elle reste flexible et capable de s\u2019adapter positivement \u00e0 tous les d\u00e9fis qui se pr\u00e9sentent. Elle est enthousiaste \u00e0 l\u2019id\u00e9e de s\u2019occuper des t\u00e2ches quotidiennes pendant que vous vous concentrez sur le soutien de votre communaut\u00e9 et sur la r\u00e9alisation de votre vision.<\/span><\/p>\t\t\t\t\t\t\t\t<\/div>\n\t\t\t\t<\/div>\n\t\t\t\t<\/div>\n\t\t<div class=\"elementor-element elementor-element-cc0a3e6 e-con-full e-flex wpr-particle-no wpr-jarallax-no wpr-parallax-no wpr-sticky-section-no e-con e-child\" data-id=\"cc0a3e6\" data-element_type=\"container\">\n\t\t\t\t<div class=\"elementor-element elementor-element-48d89ee elementor-widget-divider--view-line elementor-invisible elementor-widget elementor-widget-divider\" data-id=\"48d89ee\" data-element_type=\"widget\" data-settings=\"{&quot;_animation&quot;:&quot;fadeIn&quot;,&quot;_animation_delay&quot;:400}\" data-widget_type=\"divider.default\">\n\t\t\t\t<div class=\"elementor-widget-container\">\n\t\t\t\t\t\t\t<div class=\"elementor-divider\">\n\t\t\t<span class=\"elementor-divider-separator\">\n\t\t\t\t\t\t<\/span>\n\t\t<\/div>\n\t\t\t\t\t\t<\/div>\n\t\t\t\t<\/div>\n\t\t\t\t<\/div>\n\t\t\t\t\t<\/div>\n\t\t\t\t<\/div>\n\t\t\t\t<\/div>\n\t\t","protected":false},"excerpt":{"rendered":"<p>Marie-Louise Kalonji elle Charg\u00e9e de projetmarie-lou@phil.ca Rencontrer l&rsquo;\u00e9quipe Offrir aux OSBL les outils pour prosp\u00e9rer : la mission de Marie-Louise d\u2019apporter un soutien de calibre mondial aux b\u00e2tisseurs de communaut\u00e9 Avec plus de 15 ans d\u2019exp\u00e9rience en gestion de projets dans divers OBNL et pays, Marie-Louise (ou simplement Marie-Lou chez Phil) a \u00e9t\u00e9 t\u00e9moin de premi\u00e8re main des d\u00e9fis auxquels font face les OBNL dans leur cheminement vers l\u2019efficacit\u00e9, la croissance et le maintien d\u2019un \u00e9quilibre sain entre le travail et la vie personnelle. Ayant identifi\u00e9 une lacune importante dans le soutien offert dans le secteur philanthropique, la mission de Marie-Lou est devenue claire : offrir les m\u00eames services, connaissances et expertises de classe mondiale dont b\u00e9n\u00e9ficient les entreprises \u00e0 ceux qui forment l\u2019\u00e9pine dorsale de nos communaut\u00e9s \u2014 les organismes \u00e0 but non lucratif. Convaincue que les OBNL fournissent des services essentiels et contribuent de mani\u00e8re significative au bien-\u00eatre de leurs communaut\u00e9s, sa conviction se traduit dans sa vision et son objectif de stimuler le changement organisationnel. En tant que cr\u00e9atrice naturelle de relations, elle reste flexible et capable de s\u2019adapter positivement \u00e0 tous les d\u00e9fis qui se pr\u00e9sentent. Elle est enthousiaste \u00e0 l\u2019id\u00e9e de s\u2019occuper des t\u00e2ches quotidiennes pendant que vous vous concentrez sur le soutien de votre communaut\u00e9 et sur la r\u00e9alisation de votre vision.<\/p>\n","protected":false},"author":12,"featured_media":0,"parent":0,"menu_order":0,"comment_status":"closed","ping_status":"closed","template":"elementor_header_footer","meta":{"_et_pb_use_builder":"","_et_pb_old_content":"","_et_gb_content_width":"","inline_featured_image":false,"footnotes":""},"class_list":["post-62924","page","type-page","status-publish","hentry"],"aioseo_notices":[],"_links":{"self":[{"href":"https:\/\/phil.ca\/fr\/wp-json\/wp\/v2\/pages\/62924","targetHints":{"allow":["GET"]}}],"collection":[{"href":"https:\/\/phil.ca\/fr\/wp-json\/wp\/v2\/pages"}],"about":[{"href":"https:\/\/phil.ca\/fr\/wp-json\/wp\/v2\/types\/page"}],"author":[{"embeddable":true,"href":"https:\/\/phil.ca\/fr\/wp-json\/wp\/v2\/users\/12"}],"replies":[{"embeddable":true,"href":"https:\/\/phil.ca\/fr\/wp-json\/wp\/v2\/comments?post=62924"}],"version-history":[{"count":3,"href":"https:\/\/phil.ca\/fr\/wp-json\/wp\/v2\/pages\/62924\/revisions"}],"predecessor-version":[{"id":62927,"href":"https:\/\/phil.ca\/fr\/wp-json\/wp\/v2\/pages\/62924\/revisions\/62927"}],"wp:attachment":[{"href":"https:\/\/phil.ca\/fr\/wp-json\/wp\/v2\/media?parent=62924"}],"curies":[{"name":"wp","href":"https:\/\/api.w.org\/{rel}","templated":true}]}}