{"id":62934,"date":"2025-04-03T18:38:47","date_gmt":"2025-04-03T18:38:47","guid":{"rendered":"https:\/\/phil.ca\/emma-chilton\/"},"modified":"2025-08-18T16:39:37","modified_gmt":"2025-08-18T16:39:37","slug":"emma-chilton","status":"publish","type":"page","link":"https:\/\/phil.ca\/fr\/emma-chilton\/","title":{"rendered":"Emma Chilton"},"content":{"rendered":"\t\t<div data-elementor-type=\"wp-page\" data-elementor-id=\"62934\" class=\"elementor elementor-62934 elementor-62930\" data-elementor-post-type=\"page\">\n\t\t\t\t<div class=\"elementor-element elementor-element-15e1038 e-flex e-con-boxed wpr-particle-no wpr-jarallax-no wpr-parallax-no wpr-sticky-section-no e-con e-parent\" data-id=\"15e1038\" data-element_type=\"container\" data-settings=\"{&quot;background_background&quot;:&quot;classic&quot;}\">\n\t\t\t\t\t<div class=\"e-con-inner\">\n\t\t<div class=\"elementor-element elementor-element-6cd9d37 e-con-full e-flex wpr-particle-no wpr-jarallax-no wpr-parallax-no wpr-sticky-section-no e-con e-child\" data-id=\"6cd9d37\" data-element_type=\"container\">\n\t\t\t\t<div class=\"elementor-element elementor-element-8f6bb6c elementor-invisible elementor-widget elementor-widget-image\" data-id=\"8f6bb6c\" data-element_type=\"widget\" data-settings=\"{&quot;_animation&quot;:&quot;fadeIn&quot;,&quot;_animation_delay&quot;:200}\" data-widget_type=\"image.default\">\n\t\t\t\t<div class=\"elementor-widget-container\">\n\t\t\t\t\t\t\t\t\t\t\t\t\t\t\t<img fetchpriority=\"high\" fetchpriority=\"high\" decoding=\"async\" width=\"557\" height=\"557\" src=\"https:\/\/phil.ca\/wp-content\/uploads\/emma_headshot.png\" class=\"attachment-full size-full wp-image-62919\" alt=\"\" srcset=\"https:\/\/phil.ca\/wp-content\/uploads\/emma_headshot.png 557w, https:\/\/phil.ca\/wp-content\/uploads\/emma_headshot-480x480.png 480w\" sizes=\"(min-width: 0px) and (max-width: 480px) 480px, (min-width: 481px) 557px, 100vw\" \/>\t\t\t\t\t\t\t\t\t\t\t\t\t\t\t<\/div>\n\t\t\t\t<\/div>\n\t\t\t\t<div class=\"elementor-element elementor-element-32725b7 elementor-widget__width-initial elementor-widget-mobile__width-initial elementor-invisible elementor-widget elementor-widget-heading\" data-id=\"32725b7\" data-element_type=\"widget\" data-settings=\"{&quot;_animation&quot;:&quot;fadeIn&quot;,&quot;_animation_delay&quot;:400}\" data-widget_type=\"heading.default\">\n\t\t\t\t<div class=\"elementor-widget-container\">\n\t\t\t\t\t<h2 class=\"elementor-heading-title elementor-size-default\">Emma Chilton<\/h2>\t\t\t\t<\/div>\n\t\t\t\t<\/div>\n\t\t\t\t<div class=\"elementor-element elementor-element-ae45552 elementor-widget__width-initial elementor-widget-mobile__width-initial elementor-invisible elementor-widget elementor-widget-heading\" data-id=\"ae45552\" data-element_type=\"widget\" data-settings=\"{&quot;_animation&quot;:&quot;fadeIn&quot;,&quot;_animation_delay&quot;:400}\" data-widget_type=\"heading.default\">\n\t\t\t\t<div class=\"elementor-widget-container\">\n\t\t\t\t\t<h2 class=\"elementor-heading-title elementor-size-default\">elle<\/h2>\t\t\t\t<\/div>\n\t\t\t\t<\/div>\n\t\t\t\t<div class=\"elementor-element elementor-element-b76f68d elementor-widget-divider--view-line elementor-invisible elementor-widget elementor-widget-divider\" data-id=\"b76f68d\" data-element_type=\"widget\" data-settings=\"{&quot;_animation&quot;:&quot;fadeIn&quot;,&quot;_animation_delay&quot;:600}\" data-widget_type=\"divider.default\">\n\t\t\t\t<div class=\"elementor-widget-container\">\n\t\t\t\t\t\t\t<div class=\"elementor-divider\">\n\t\t\t<span class=\"elementor-divider-separator\">\n\t\t\t\t\t\t<\/span>\n\t\t<\/div>\n\t\t\t\t\t\t<\/div>\n\t\t\t\t<\/div>\n\t\t\t\t<div class=\"elementor-element elementor-element-69ae324 elementor-invisible elementor-widget elementor-widget-text-editor\" data-id=\"69ae324\" data-element_type=\"widget\" data-settings=\"{&quot;_animation&quot;:&quot;fadeIn&quot;,&quot;_animation_delay&quot;:800}\" data-widget_type=\"text-editor.default\">\n\t\t\t\t<div class=\"elementor-widget-container\">\n\t\t\t\t\t\t\t\t\t<p>Communications et d\u00e9veloppement<\/p><p>emma@phil.ca<\/p>\t\t\t\t\t\t\t\t<\/div>\n\t\t\t\t<\/div>\n\t\t\t\t<div class=\"elementor-element elementor-element-a961e06 elementor-align-center elementor-mobile-align-justify elementor-widget-mobile__width-inherit elementor-invisible elementor-widget elementor-widget-button\" data-id=\"a961e06\" data-element_type=\"widget\" data-settings=\"{&quot;_animation&quot;:&quot;fadeIn&quot;,&quot;_animation_delay&quot;:1000}\" data-widget_type=\"button.default\">\n\t\t\t\t<div class=\"elementor-widget-container\">\n\t\t\t\t\t\t\t\t\t<div class=\"elementor-button-wrapper\">\n\t\t\t\t\t<a class=\"elementor-button elementor-button-link elementor-size-sm\" href=\"https:\/\/phil.ca\/team\/\">\n\t\t\t\t\t\t<span class=\"elementor-button-content-wrapper\">\n\t\t\t\t\t\t<span class=\"elementor-button-icon\">\n\t\t\t\t<svg aria-hidden=\"true\" class=\"e-font-icon-svg e-fas-arrow-alt-circle-right\" viewBox=\"0 0 512 512\" xmlns=\"http:\/\/www.w3.org\/2000\/svg\"><path d=\"M256 8c137 0 248 111 248 248S393 504 256 504 8 393 8 256 119 8 256 8zM140 300h116v70.9c0 10.7 13 16.1 20.5 8.5l114.3-114.9c4.7-4.7 4.7-12.2 0-16.9l-114.3-115c-7.6-7.6-20.5-2.2-20.5 8.5V212H140c-6.6 0-12 5.4-12 12v64c0 6.6 5.4 12 12 12z\"><\/path><\/svg>\t\t\t<\/span>\n\t\t\t\t\t\t\t\t\t<span class=\"elementor-button-text\">rencontrer l'\u00e9quipe<\/span>\n\t\t\t\t\t<\/span>\n\t\t\t\t\t<\/a>\n\t\t\t\t<\/div>\n\t\t\t\t\t\t\t\t<\/div>\n\t\t\t\t<\/div>\n\t\t\t\t<\/div>\n\t\t<div class=\"elementor-element elementor-element-5d02493 e-con-full e-flex wpr-particle-no wpr-jarallax-no wpr-parallax-no wpr-sticky-section-no e-con e-child\" data-id=\"5d02493\" data-element_type=\"container\">\n\t\t\t\t<div class=\"elementor-element elementor-element-3805f10 elementor-invisible elementor-widget elementor-widget-heading\" data-id=\"3805f10\" data-element_type=\"widget\" data-settings=\"{&quot;_animation&quot;:&quot;fadeIn&quot;,&quot;_animation_delay&quot;:200}\" data-widget_type=\"heading.default\">\n\t\t\t\t<div class=\"elementor-widget-container\">\n\t\t\t\t\t<h2 class=\"elementor-heading-title elementor-size-default\">Emma est une strat\u00e9giste r\u00e9fl\u00e9chie et rigoureuse en communications, marketing et d\u00e9veloppement de fonds. <\/h2>\t\t\t\t<\/div>\n\t\t\t\t<\/div>\n\t\t\t\t<div class=\"elementor-element elementor-element-3161e60 elementor-invisible elementor-widget elementor-widget-text-editor\" data-id=\"3161e60\" data-element_type=\"widget\" data-settings=\"{&quot;_animation&quot;:&quot;fadeIn&quot;,&quot;_animation_delay&quot;:400}\" data-widget_type=\"text-editor.default\">\n\t\t\t\t<div class=\"elementor-widget-container\">\n\t\t\t\t\t\t\t\t\t<p><span style=\"font-weight: 300;\">Elle aime chaque \u00e9tape du processus, de la vision \u00e0 la mise en \u0153uvre, et met \u00e0 profit une vaste exp\u00e9rience pratique pour r\u00e9aliser des mandats \u00e0 fort impact aupr\u00e8s d\u2019organismes \u00e0 but non lucratif \u0153uvrant dans des domaines aussi vari\u00e9s que la justice, la sant\u00e9, l\u2019\u00e9ducation et les arts. Au cours des trois derni\u00e8res ann\u00e9es, elle a jou\u00e9 un r\u00f4le d\u00e9terminant dans la concr\u00e9tisation de projets avec Phil pour des organisations telles que Canadian Parents for French, Britannia Woods services communautaires, la Definity Foundation, l\u2019Institut Thomas More et le Bishop\u2019s College School, entre autres.<\/span><\/p><p><span style=\"font-weight: 300;\">Qu\u2019il s\u2019agisse de diriger des campagnes \u00e9ducatives, de d\u00e9velopper des outils de communication interactifs, de r\u00e9diger des propositions de subvention percutantes ou de produire des projets multim\u00e9dias num\u00e9riques dynamiques, Emma aborde chaque projet avec pr\u00e9voyance strat\u00e9gique et pr\u00e9cision proactive. Elle excelle dans l\u2019\u00e9laboration de strat\u00e9gies g\u00e9n\u00e9rant des r\u00e9sultats mesurables et \u00e0 fort impact, et se sent particuli\u00e8rement stimul\u00e9e par les projets aux objectifs clairs et tangibles, o\u00f9 elle peut constater des r\u00e9sultats v\u00e9ritablement exceptionnels.<\/span><\/p>\t\t\t\t\t\t\t\t<\/div>\n\t\t\t\t<\/div>\n\t\t\t\t<\/div>\n\t\t<div class=\"elementor-element elementor-element-cc0a3e6 e-con-full e-flex wpr-particle-no wpr-jarallax-no wpr-parallax-no wpr-sticky-section-no e-con e-child\" data-id=\"cc0a3e6\" data-element_type=\"container\">\n\t\t\t\t<div class=\"elementor-element elementor-element-48d89ee elementor-widget-divider--view-line elementor-invisible elementor-widget elementor-widget-divider\" data-id=\"48d89ee\" data-element_type=\"widget\" data-settings=\"{&quot;_animation&quot;:&quot;fadeIn&quot;,&quot;_animation_delay&quot;:400}\" data-widget_type=\"divider.default\">\n\t\t\t\t<div class=\"elementor-widget-container\">\n\t\t\t\t\t\t\t<div class=\"elementor-divider\">\n\t\t\t<span class=\"elementor-divider-separator\">\n\t\t\t\t\t\t<\/span>\n\t\t<\/div>\n\t\t\t\t\t\t<\/div>\n\t\t\t\t<\/div>\n\t\t\t\t<\/div>\n\t\t\t\t\t<\/div>\n\t\t\t\t<\/div>\n\t\t\t\t<\/div>\n\t\t","protected":false},"excerpt":{"rendered":"<p>Emma Chilton elle Communications et d\u00e9veloppement emma@phil.ca rencontrer l&rsquo;\u00e9quipe Emma est une strat\u00e9giste r\u00e9fl\u00e9chie et rigoureuse en communications, marketing et d\u00e9veloppement de fonds. Elle aime chaque \u00e9tape du processus, de la vision \u00e0 la mise en \u0153uvre, et met \u00e0 profit une vaste exp\u00e9rience pratique pour r\u00e9aliser des mandats \u00e0 fort impact aupr\u00e8s d\u2019organismes \u00e0 but non lucratif \u0153uvrant dans des domaines aussi vari\u00e9s que la justice, la sant\u00e9, l\u2019\u00e9ducation et les arts. Au cours des trois derni\u00e8res ann\u00e9es, elle a jou\u00e9 un r\u00f4le d\u00e9terminant dans la concr\u00e9tisation de projets avec Phil pour des organisations telles que Canadian Parents for French, Britannia Woods services communautaires, la Definity Foundation, l\u2019Institut Thomas More et le Bishop\u2019s College School, entre autres. Qu\u2019il s\u2019agisse de diriger des campagnes \u00e9ducatives, de d\u00e9velopper des outils de communication interactifs, de r\u00e9diger des propositions de subvention percutantes ou de produire des projets multim\u00e9dias num\u00e9riques dynamiques, Emma aborde chaque projet avec pr\u00e9voyance strat\u00e9gique et pr\u00e9cision proactive. Elle excelle dans l\u2019\u00e9laboration de strat\u00e9gies g\u00e9n\u00e9rant des r\u00e9sultats mesurables et \u00e0 fort impact, et se sent particuli\u00e8rement stimul\u00e9e par les projets aux objectifs clairs et tangibles, o\u00f9 elle peut constater des r\u00e9sultats v\u00e9ritablement exceptionnels.<\/p>\n","protected":false},"author":12,"featured_media":0,"parent":0,"menu_order":0,"comment_status":"closed","ping_status":"closed","template":"elementor_header_footer","meta":{"_et_pb_use_builder":"","_et_pb_old_content":"","_et_gb_content_width":"","inline_featured_image":false,"footnotes":""},"class_list":["post-62934","page","type-page","status-publish","hentry"],"aioseo_notices":[],"_links":{"self":[{"href":"https:\/\/phil.ca\/fr\/wp-json\/wp\/v2\/pages\/62934","targetHints":{"allow":["GET"]}}],"collection":[{"href":"https:\/\/phil.ca\/fr\/wp-json\/wp\/v2\/pages"}],"about":[{"href":"https:\/\/phil.ca\/fr\/wp-json\/wp\/v2\/types\/page"}],"author":[{"embeddable":true,"href":"https:\/\/phil.ca\/fr\/wp-json\/wp\/v2\/users\/12"}],"replies":[{"embeddable":true,"href":"https:\/\/phil.ca\/fr\/wp-json\/wp\/v2\/comments?post=62934"}],"version-history":[{"count":9,"href":"https:\/\/phil.ca\/fr\/wp-json\/wp\/v2\/pages\/62934\/revisions"}],"predecessor-version":[{"id":63414,"href":"https:\/\/phil.ca\/fr\/wp-json\/wp\/v2\/pages\/62934\/revisions\/63414"}],"wp:attachment":[{"href":"https:\/\/phil.ca\/fr\/wp-json\/wp\/v2\/media?parent=62934"}],"curies":[{"name":"wp","href":"https:\/\/api.w.org\/{rel}","templated":true}]}}